{"id":964,"date":"2021-03-29T19:10:15","date_gmt":"2021-03-29T19:10:15","guid":{"rendered":"https:\/\/narancoseguros.com\/?page_id=964"},"modified":"2021-03-29T19:12:20","modified_gmt":"2021-03-29T19:12:20","slug":"agroseguro","status":"publish","type":"page","link":"https:\/\/narancoseguros.com\/index.php\/agroseguro\/","title":{"rendered":"Agroseguro"},"content":{"rendered":"\n<div class=\"wp-block-cover has-background-dim\" style=\"background-image:url(https:\/\/narancoseguros.com\/wp-content\/uploads\/2021\/03\/orchard-1321557.jpg)\"><div class=\"wp-block-cover__inner-container is-layout-flow wp-block-cover-is-layout-flow\">\n<p class=\"has-text-align-center encabezado has-large-font-size\">AGROSEGURO<\/p>\n<\/div><\/div>\n\n\n\n<h2 class=\"titulo wp-block-heading\"><span class=\"has-inline-color has-pale-cyan-blue-color\">Naranco Seguros<\/span> siempre pensando en tu sector<\/h2>\n\n\n\n<h2 class=\"wp-block-heading\">\u00bfDe qu\u00e9 trata el Seguro agrario?<\/h2>\n\n\n\n<p>El Agroseguro&nbsp;est\u00e1 destinado para todos los negocios de producci\u00f3n agr\u00edcola, agropecuarios, forestales y acu\u00edcolas. Cuenta con el respaldo del Sistema Espa\u00f1ol de Seguros Agrarios, proporcionando una amplia variedad de coberturas ante los diferentes riesgos de la actividad agropecuaria.<\/p>\n\n\n\n<p>El sistema de&nbsp;Agroseguro&nbsp;funciona como una estructura estatal de seguros agrarios para proporcionar la mejor cobertura posible. Las principales instituciones que lo conforman son:<\/p>\n\n\n\n<ul class=\"wp-block-list\"><li>El Estado, a trav\u00e9s de la Entidad Estatal de Seguros Agrarios (ENESA), la Direcci\u00f3n General de Seguros y Fondos de Pensiones (DGSFP) y el Consorcio de Compensaci\u00f3n de Seguros (CCS)<\/li><li>Las Comunidades Aut\u00f3nomas, que complementan las subvenciones de la contrataci\u00f3n de seguros agrarios<\/li><li>Las Organizaciones Profesionales Agrarias que representan a los agricultores y ganaderos<\/li><li>Las Entidades Aseguradoras, las cuales se agrupan en Agroseguro<\/li><\/ul>\n\n\n\n<p>Dirigido a todos los profesionales del sector agrario que deseen contar con protecci\u00f3n ante los da\u00f1os accidentales o por cuestiones meteorol\u00f3gicas que afecten directamente a su explotaci\u00f3n. Se adaptan a cualquier perfil, como grandes explotaciones agropecuarias, peque\u00f1as y medianas empresas, aut\u00f3nomos ganaderos o agricultores y similares.<\/p>\n\n\n\n<h2 class=\"wp-block-heading\">Ventajas de este seguro<\/h2>\n\n\n\n<p>Agroseguro te ofrece soluciones para todo tipo de cultivos y ganader\u00edas y cuenta con numerosas ventajas:<\/p>\n\n\n\n<h3 class=\"wp-block-heading\">\u00b7&nbsp;&nbsp;&nbsp;&nbsp;&nbsp;&nbsp; Tranquilidad con una protecci\u00f3n adaptada a las necesidades de las diferentes actividades.<\/h3>\n\n\n\n<h3 class=\"wp-block-heading\">\u00b7&nbsp;&nbsp;&nbsp;&nbsp;&nbsp;&nbsp; Amplias coberturas: incluye planes espec\u00edficos que se revisan y actualizan cada a\u00f1o.<\/h3>\n\n\n\n<h3 class=\"wp-block-heading\">\u00b7&nbsp;&nbsp;&nbsp;&nbsp;&nbsp;&nbsp; Agilidad: contrataci\u00f3n \u00e1gil y sencilla<\/h3>\n\n\n\n<h3 class=\"wp-block-heading\">\u00b7&nbsp;&nbsp;&nbsp;&nbsp;&nbsp;&nbsp; Subvenciones: importantes subvenciones estatales y auton\u00f3micas.<\/h3>\n\n\n\n<p><span style=\"text-decoration: underline;\">\u00bfQu\u00e9 coberturas tiene Agroseguro?<\/span><\/p>\n\n\n\n<ul class=\"wp-block-list\"><li>Da\u00f1os en cultivos: de producci\u00f3n por las adversidades clim\u00e1ticas; en plantaci\u00f3n: p\u00e9rdida de cosechas; y\/o en instalaciones: cualquier riesgo clim\u00e1tico no controlable.<\/li><li>Protecci\u00f3n para el ganado: enfermedades, complicaciones en partos e intoxicaciones; retirada y destrucci\u00f3n del cad\u00e1ver; muerte o inutilizaci\u00f3n del animal como consecuencia de ataques de otros animales, asfixia y ahogamiento; compensaci\u00f3n por p\u00e9rdida de pasto, etc.<\/li><li>Seguros para explotaciones forestales: regeneraci\u00f3n y repoblaci\u00f3n de producciones forestales por los da\u00f1os provocados por incendio, inundaci\u00f3n por lluvias torrenciales, viento huracanado y\/o nieve.<\/li><li>Seguros para la acuicultura: muerte o p\u00e9rdida por variaciones excepcionales de temperatura o lluvia torrencial; fen\u00f3menos atmosf\u00e9ricos; impactos de embarcaciones; marea negra y contaminaci\u00f3n; etc.<\/li><\/ul>\n\n\n\n<div class=\"iframeContainer\">\n  <div class=\"form\">\n    <div class=\"wpforms-container wpforms-container-full\" id=\"wpforms-967\"><form id=\"wpforms-form-967\" class=\"wpforms-validate wpforms-form wpforms-ajax-form\" data-formid=\"967\" method=\"post\" enctype=\"multipart\/form-data\" action=\"\/index.php\/wp-json\/wp\/v2\/pages\/964\" data-token=\"cd8f22483a7f89b8cd003e9dfc3f9462\" data-token-time=\"1777804438\"><noscript class=\"wpforms-error-noscript\">Por favor, activa JavaScript en tu navegador para completar este formulario.<\/noscript><div class=\"wpforms-field-container\"><div id=\"wpforms-967-field_0-container\" class=\"wpforms-field wpforms-field-name\" data-field-id=\"0\"><label class=\"wpforms-field-label\" for=\"wpforms-967-field_0\">Nombre <span class=\"wpforms-required-label\">*<\/span><\/label><input type=\"text\" id=\"wpforms-967-field_0\" class=\"wpforms-field-medium wpforms-field-required\" name=\"wpforms[fields][0]\" required><\/div><div id=\"wpforms-967-field_3-container\" class=\"wpforms-field wpforms-field-number\" data-field-id=\"3\"><label class=\"wpforms-field-label\" for=\"wpforms-967-field_3\">Tel\u00e9fono<\/label><input type=\"number\" id=\"wpforms-967-field_3\" class=\"wpforms-field-medium\" name=\"wpforms[fields][3]\" step=\"any\" ><div class=\"wpforms-field-description\">Sin espacios ni guiones: ej985113998<\/div><\/div><div id=\"wpforms-967-field_1-container\" class=\"wpforms-field wpforms-field-email\" data-field-id=\"1\"><label class=\"wpforms-field-label\" for=\"wpforms-967-field_1\">Email<\/label><input type=\"email\" id=\"wpforms-967-field_1\" class=\"wpforms-field-medium\" name=\"wpforms[fields][1]\" spellcheck=\"false\" ><\/div><div id=\"wpforms-967-field_18-container\" class=\"wpforms-field wpforms-field-email\" data-field-id=\"18\"><label class=\"wpforms-field-label\" for=\"wpforms-967-field_18\">Empresa<\/label><input type=\"email\" id=\"wpforms-967-field_18\" class=\"wpforms-field-medium\" name=\"wpforms[fields][18]\" spellcheck=\"false\" ><\/div><div id=\"wpforms-967-field_21-container\" class=\"wpforms-field wpforms-field-text\" data-field-id=\"21\"><label class=\"wpforms-field-label\" for=\"wpforms-967-field_21\">Asunto<\/label><input type=\"text\" id=\"wpforms-967-field_21\" class=\"wpforms-field-medium\" name=\"wpforms[fields][21]\" ><\/div><div id=\"wpforms-967-field_22-container\" class=\"wpforms-field wpforms-field-text\" data-field-id=\"22\"><label class=\"wpforms-field-label\" for=\"wpforms-967-field_22\">Motivo de la consulta <span class=\"wpforms-required-label\">*<\/span><\/label><input type=\"text\" id=\"wpforms-967-field_22\" class=\"wpforms-field-medium wpforms-field-required\" name=\"wpforms[fields][22]\" required><\/div><\/div><!-- .wpforms-field-container --><div class=\"wpforms-recaptcha-container wpforms-is-recaptcha wpforms-is-recaptcha-type-v2\" ><div class=\"g-recaptcha\" data-sitekey=\"6LeffNUZAAAAADWBGG1fvM9zMe6KyjyedhvXX1ZU\"><\/div><input type=\"text\" name=\"g-recaptcha-hidden\" class=\"wpforms-recaptcha-hidden\" style=\"position:absolute!important;clip:rect(0,0,0,0)!important;height:1px!important;width:1px!important;border:0!important;overflow:hidden!important;padding:0!important;margin:0!important;\" data-rule-recaptcha=\"1\"><\/div><div class=\"wpforms-submit-container\" ><input type=\"hidden\" name=\"wpforms[id]\" value=\"967\"><input type=\"hidden\" name=\"page_title\" value=\"\"><input type=\"hidden\" name=\"page_url\" value=\"https:\/\/narancoseguros.com\/index.php\/wp-json\/wp\/v2\/pages\/964\"><input type=\"hidden\" name=\"url_referer\" value=\"\"><button type=\"submit\" name=\"wpforms[submit]\" id=\"wpforms-submit-967\" class=\"wpforms-submit btn btn-primary btn-lg\" data-alt-text=\"Enviando...\" data-submit-text=\"Enviar\" aria-live=\"assertive\" value=\"wpforms-submit\">Enviar<\/button><img loading=\"lazy\" decoding=\"async\" src=\"https:\/\/narancoseguros.com\/wp-content\/plugins\/wpforms-lite\/assets\/images\/submit-spin.svg\" class=\"wpforms-submit-spinner\" style=\"display: none;\" width=\"26\" height=\"26\" alt=\"Cargando\"><\/div><\/form><\/div>  <!-- .wpforms-container -->\t\n  <\/div>\n  <div class=\"infoColumn\">\n    <h2 class=\"titulo\">\u00bfTienes alguna duda?<\/h2>\n    <h5><i class=\"fas fa-mobile-alt\"><\/i> 985 11 39 98<\/h5>\n    <h5><i class=\"fas fa-paper-plane\"><\/i> info@narancoseguros.com<\/h5>\n    <h5><i class=\"fas fa-tag\"><\/i> <a href=\"https:\/\/narancoseguros.com\/wp-content\/uploads\/2020\/10\/diccionario.pdf\" target=\"_blank\" rel=\"noopener noreferrer\">Diccionario del seguro<\/a><\/h5>\n    <h4>Datos de inter\u00e9s sobre el seguro<\/h4>\n    <hr>\n\n  <\/div>\n<\/div>\n","protected":false},"excerpt":{"rendered":"<p>Naranco Seguros siempre pensando en tu sector \u00bfDe qu\u00e9 trata el Seguro agrario? El Agroseguro&nbsp;est\u00e1 destinado para todos los negocios de producci\u00f3n agr\u00edcola, agropecuarios, forestales y acu\u00edcolas. Cuenta con el respaldo del Sistema Espa\u00f1ol de Seguros Agrarios, proporcionando una amplia variedad de coberturas ante los diferentes riesgos de la actividad agropecuaria. El sistema de&nbsp;Agroseguro&nbsp;funciona como &#8230; <a title=\"Agroseguro\" class=\"read-more\" href=\"https:\/\/narancoseguros.com\/index.php\/agroseguro\/\" aria-label=\"Leer m\u00e1s sobre Agroseguro\">Leer m\u00e1s<\/a><\/p>\n","protected":false},"author":1,"featured_media":0,"parent":0,"menu_order":0,"comment_status":"closed","ping_status":"closed","template":"","meta":{"footnotes":""},"class_list":["post-964","page","type-page","status-publish"],"_links":{"self":[{"href":"https:\/\/narancoseguros.com\/index.php\/wp-json\/wp\/v2\/pages\/964","targetHints":{"allow":["GET"]}}],"collection":[{"href":"https:\/\/narancoseguros.com\/index.php\/wp-json\/wp\/v2\/pages"}],"about":[{"href":"https:\/\/narancoseguros.com\/index.php\/wp-json\/wp\/v2\/types\/page"}],"author":[{"embeddable":true,"href":"https:\/\/narancoseguros.com\/index.php\/wp-json\/wp\/v2\/users\/1"}],"replies":[{"embeddable":true,"href":"https:\/\/narancoseguros.com\/index.php\/wp-json\/wp\/v2\/comments?post=964"}],"version-history":[{"count":5,"href":"https:\/\/narancoseguros.com\/index.php\/wp-json\/wp\/v2\/pages\/964\/revisions"}],"predecessor-version":[{"id":972,"href":"https:\/\/narancoseguros.com\/index.php\/wp-json\/wp\/v2\/pages\/964\/revisions\/972"}],"wp:attachment":[{"href":"https:\/\/narancoseguros.com\/index.php\/wp-json\/wp\/v2\/media?parent=964"}],"curies":[{"name":"wp","href":"https:\/\/api.w.org\/{rel}","templated":true}]}}