{"id":959,"date":"2021-03-29T19:07:22","date_gmt":"2021-03-29T19:07:22","guid":{"rendered":"https:\/\/narancoseguros.com\/?page_id=959"},"modified":"2021-03-29T19:08:40","modified_gmt":"2021-03-29T19:08:40","slug":"ciber-seguro","status":"publish","type":"page","link":"https:\/\/narancoseguros.com\/index.php\/ciber-seguro\/","title":{"rendered":"Ciber seguro"},"content":{"rendered":"\n<div class=\"wp-block-cover has-background-dim\" style=\"background-image:url(https:\/\/narancoseguros.com\/wp-content\/uploads\/2021\/03\/the-back-side-of-my-external-dvd-rom-1519905.jpg)\"><div class=\"wp-block-cover__inner-container is-layout-flow wp-block-cover-is-layout-flow\">\n<p class=\"has-text-align-center encabezado has-large-font-size\">CIBER SEGURO<\/p>\n<\/div><\/div>\n\n\n\n<h2 class=\"titulo wp-block-heading\">Protege tu negocio ante riesgos cibern\u00e9ticos con <span class=\"has-inline-color has-pale-cyan-blue-color\">Naranco Seguros<\/span><\/h2>\n\n\n\n<p>El&nbsp;Ciber Seguro&nbsp;es una soluci\u00f3n que integra un&nbsp;seguro&nbsp;de da\u00f1os propios y de Responsabilidad Civil frente a terceros en materia de&nbsp;Ciber&nbsp;Seguridad, as\u00ed como Servicios de Prevenci\u00f3n de Seguridad en la Informaci\u00f3n.<\/p>\n\n\n\n<p>En una sociedad conectada como la de hoy en d\u00eda, los problemas inform\u00e1ticos son muy f\u00e1ciles para todos los usuarios de internet; pero en el caso de las empresas, la necesidad de un Ciber Seguro es todav\u00eda mayor. Cada a\u00f1o existen m\u00e1s ciber ataques a empresas con menos de 100 empleados y es una amenaza que afecta al 70% de las pymes o aut\u00f3nomos en Espa\u00f1a.<\/p>\n\n\n\n<p>Dirigido a&nbsp;cualquier entidad que se expone,&nbsp;no importa su tama\u00f1o o actividad, por un lado, a riesgos internos, (un empleado comete un error o realiza un acto malicioso deliberado); y, por otro, a riesgos externos (ser objetivo de un ciberdelincuente). En ambos casos, los datos y sistemas de las compa\u00f1\u00edas pueden quedar al descubierto y el negocio paralizado, con las consecuentes p\u00e9rdidas econ\u00f3micas.<\/p>\n\n\n\n<p><span style=\"text-decoration: underline;\">\u00bfCu\u00e1les son las principales coberturas?<\/span><\/p>\n\n\n\n<p>El ciber seguro protege tu empresa sobre:<\/p>\n\n\n\n<ul class=\"wp-block-list\"><li>Bloqueos del sistema inform\u00e1tico: denegaci\u00f3n del servicio por malware, actos de terceros, errores humanos, etc.<\/li><li>P\u00e9rdidas o robos de datos: si los&nbsp;datos personales de clientes se ven perjudicados en un ataque, el negocio tambi\u00e9n queda protegido ante las reclamaciones de terceros y las multas.<\/li><li>Ofrece asistencia inmediata 24h: una actuaci\u00f3n r\u00e1pida puede contener el peor ciberataque. Este seguro pone a tu servicio el&nbsp;equipo especializado para ayudarte en todo momento con: atenci\u00f3n telef\u00f3nica, pautas para recuperar los dispositivos da\u00f1ados y los datos perdidos y servicio de asesoramiento jur\u00eddico para saber c\u00f3mo responder al ataque.<\/li><\/ul>\n\n\n\n<p><span class=\"has-inline-color has-pale-cyan-blue-color\">Naranco Seguros<\/span> te ayudar\u00e1 a prevenir ataques inform\u00e1ticos y en caso de que se produzcan, a retomar tu actividad minimizando el impacto en el negocio.<\/p>\n\n\n\n<div class=\"iframeContainer\">\n  <div class=\"form\">\n    <div class=\"wpforms-container wpforms-container-full\" id=\"wpforms-962\"><form id=\"wpforms-form-962\" class=\"wpforms-validate wpforms-form wpforms-ajax-form\" data-formid=\"962\" method=\"post\" enctype=\"multipart\/form-data\" action=\"\/index.php\/wp-json\/wp\/v2\/pages\/959\" data-token=\"bff45996190f02f7f8c50bed93d866b6\" data-token-time=\"1777804475\"><noscript class=\"wpforms-error-noscript\">Por favor, activa JavaScript en tu navegador para completar este formulario.<\/noscript><div class=\"wpforms-field-container\"><div id=\"wpforms-962-field_0-container\" class=\"wpforms-field wpforms-field-name\" data-field-id=\"0\"><label class=\"wpforms-field-label\" for=\"wpforms-962-field_0\">Nombre <span class=\"wpforms-required-label\">*<\/span><\/label><input type=\"text\" id=\"wpforms-962-field_0\" class=\"wpforms-field-medium wpforms-field-required\" name=\"wpforms[fields][0]\" required><\/div><div id=\"wpforms-962-field_3-container\" class=\"wpforms-field wpforms-field-number\" data-field-id=\"3\"><label class=\"wpforms-field-label\" for=\"wpforms-962-field_3\">Tel\u00e9fono<\/label><input type=\"number\" id=\"wpforms-962-field_3\" class=\"wpforms-field-medium\" name=\"wpforms[fields][3]\" step=\"any\" ><div class=\"wpforms-field-description\">Sin espacios ni guiones: ej985113998<\/div><\/div><div id=\"wpforms-962-field_1-container\" class=\"wpforms-field wpforms-field-email\" data-field-id=\"1\"><label class=\"wpforms-field-label\" for=\"wpforms-962-field_1\">Email<\/label><input type=\"email\" id=\"wpforms-962-field_1\" class=\"wpforms-field-medium\" name=\"wpforms[fields][1]\" spellcheck=\"false\" ><\/div><div id=\"wpforms-962-field_18-container\" class=\"wpforms-field wpforms-field-email\" data-field-id=\"18\"><label class=\"wpforms-field-label\" for=\"wpforms-962-field_18\">Empresa<\/label><input type=\"email\" id=\"wpforms-962-field_18\" class=\"wpforms-field-medium\" name=\"wpforms[fields][18]\" spellcheck=\"false\" ><\/div><div id=\"wpforms-962-field_21-container\" class=\"wpforms-field wpforms-field-text\" data-field-id=\"21\"><label class=\"wpforms-field-label\" for=\"wpforms-962-field_21\">Asunto<\/label><input type=\"text\" id=\"wpforms-962-field_21\" class=\"wpforms-field-medium\" name=\"wpforms[fields][21]\" ><\/div><div id=\"wpforms-962-field_22-container\" class=\"wpforms-field wpforms-field-text\" data-field-id=\"22\"><label class=\"wpforms-field-label\" for=\"wpforms-962-field_22\">Motivo de la consulta <span class=\"wpforms-required-label\">*<\/span><\/label><input type=\"text\" id=\"wpforms-962-field_22\" class=\"wpforms-field-medium wpforms-field-required\" name=\"wpforms[fields][22]\" required><\/div><\/div><!-- .wpforms-field-container --><div class=\"wpforms-recaptcha-container wpforms-is-recaptcha wpforms-is-recaptcha-type-v2\" ><div class=\"g-recaptcha\" data-sitekey=\"6LeffNUZAAAAADWBGG1fvM9zMe6KyjyedhvXX1ZU\"><\/div><input type=\"text\" name=\"g-recaptcha-hidden\" class=\"wpforms-recaptcha-hidden\" style=\"position:absolute!important;clip:rect(0,0,0,0)!important;height:1px!important;width:1px!important;border:0!important;overflow:hidden!important;padding:0!important;margin:0!important;\" data-rule-recaptcha=\"1\"><\/div><div class=\"wpforms-submit-container\" ><input type=\"hidden\" name=\"wpforms[id]\" value=\"962\"><input type=\"hidden\" name=\"page_title\" value=\"\"><input type=\"hidden\" name=\"page_url\" value=\"https:\/\/narancoseguros.com\/index.php\/wp-json\/wp\/v2\/pages\/959\"><input type=\"hidden\" name=\"url_referer\" value=\"\"><button type=\"submit\" name=\"wpforms[submit]\" id=\"wpforms-submit-962\" class=\"wpforms-submit btn btn-primary btn-lg\" data-alt-text=\"Enviando...\" data-submit-text=\"Enviar\" aria-live=\"assertive\" value=\"wpforms-submit\">Enviar<\/button><img loading=\"lazy\" decoding=\"async\" src=\"https:\/\/narancoseguros.com\/wp-content\/plugins\/wpforms-lite\/assets\/images\/submit-spin.svg\" class=\"wpforms-submit-spinner\" style=\"display: none;\" width=\"26\" height=\"26\" alt=\"Cargando\"><\/div><\/form><\/div>  <!-- .wpforms-container -->\t\n  <\/div>\n  <div class=\"infoColumn\">\n    <h2 class=\"titulo\">\u00bfTienes alguna duda?<\/h2>\n    <h5><i class=\"fas fa-mobile-alt\"><\/i> 985 11 39 98<\/h5>\n    <h5><i class=\"fas fa-paper-plane\"><\/i> info@narancoseguros.com<\/h5>\n    <h5><i class=\"fas fa-tag\"><\/i> <a href=\"https:\/\/narancoseguros.com\/wp-content\/uploads\/2020\/10\/diccionario.pdf\" target=\"_blank\" rel=\"noopener noreferrer\">Diccionario del seguro<\/a><\/h5>\n    <h4>Datos de inter\u00e9s sobre el seguro<\/h4>\n    <hr>\n\n  <\/div>\n<\/div>\n","protected":false},"excerpt":{"rendered":"<p>Protege tu negocio ante riesgos cibern\u00e9ticos con Naranco Seguros El&nbsp;Ciber Seguro&nbsp;es una soluci\u00f3n que integra un&nbsp;seguro&nbsp;de da\u00f1os propios y de Responsabilidad Civil frente a terceros en materia de&nbsp;Ciber&nbsp;Seguridad, as\u00ed como Servicios de Prevenci\u00f3n de Seguridad en la Informaci\u00f3n. En una sociedad conectada como la de hoy en d\u00eda, los problemas inform\u00e1ticos son muy f\u00e1ciles para &#8230; <a title=\"Ciber seguro\" class=\"read-more\" href=\"https:\/\/narancoseguros.com\/index.php\/ciber-seguro\/\" aria-label=\"Leer m\u00e1s sobre Ciber seguro\">Leer m\u00e1s<\/a><\/p>\n","protected":false},"author":1,"featured_media":0,"parent":0,"menu_order":0,"comment_status":"closed","ping_status":"closed","template":"","meta":{"footnotes":""},"class_list":["post-959","page","type-page","status-publish"],"_links":{"self":[{"href":"https:\/\/narancoseguros.com\/index.php\/wp-json\/wp\/v2\/pages\/959","targetHints":{"allow":["GET"]}}],"collection":[{"href":"https:\/\/narancoseguros.com\/index.php\/wp-json\/wp\/v2\/pages"}],"about":[{"href":"https:\/\/narancoseguros.com\/index.php\/wp-json\/wp\/v2\/types\/page"}],"author":[{"embeddable":true,"href":"https:\/\/narancoseguros.com\/index.php\/wp-json\/wp\/v2\/users\/1"}],"replies":[{"embeddable":true,"href":"https:\/\/narancoseguros.com\/index.php\/wp-json\/wp\/v2\/comments?post=959"}],"version-history":[{"count":2,"href":"https:\/\/narancoseguros.com\/index.php\/wp-json\/wp\/v2\/pages\/959\/revisions"}],"predecessor-version":[{"id":963,"href":"https:\/\/narancoseguros.com\/index.php\/wp-json\/wp\/v2\/pages\/959\/revisions\/963"}],"wp:attachment":[{"href":"https:\/\/narancoseguros.com\/index.php\/wp-json\/wp\/v2\/media?parent=959"}],"curies":[{"name":"wp","href":"https:\/\/api.w.org\/{rel}","templated":true}]}}