{"id":948,"date":"2021-03-29T18:43:33","date_gmt":"2021-03-29T18:43:33","guid":{"rendered":"https:\/\/narancoseguros.com\/?page_id=948"},"modified":"2021-05-06T12:00:23","modified_gmt":"2021-05-06T12:00:23","slug":"seguro-de-credito-y-caucion","status":"publish","type":"page","link":"https:\/\/narancoseguros.com\/index.php\/seguro-de-credito-y-caucion\/","title":{"rendered":"Seguro cr\u00e9dito y cauci\u00f3n"},"content":{"rendered":"\n<div class=\"wp-block-cover has-background-dim\" style=\"background-image:url(https:\/\/narancoseguros.com\/wp-content\/uploads\/2021\/03\/to-sign-a-contract-3-1236622-1920x1280-1.jpg)\"><div class=\"wp-block-cover__inner-container is-layout-flow wp-block-cover-is-layout-flow\">\n<p class=\"has-text-align-center encabezado has-large-font-size\">SEGURO CR\u00c9DITO Y CAUCI\u00d3N<\/p>\n<\/div><\/div>\n\n\n\n<h2 class=\"titulo wp-block-heading\">Dale un empuj\u00f3n a tu negocio con la ayuda de <span class=\"has-inline-color has-pale-cyan-blue-color\">Naranco Seguros<\/span><\/h2>\n\n\n\n<p>Los seguros de cr\u00e9dito&nbsp;y cauci\u00f3n&nbsp;son productos totalmente distintos. Puede generar dudas porque suelen ser ofrecidos conjuntamente y ambos se ejercen en caso de incumplimiento de una de las partes.<\/p>\n\n\n\n<p>El <strong>Seguro de Cr\u00e9dito<\/strong> es un producto que permite que el tomador se proteja frente al&nbsp;riesgo de impago&nbsp;de aquellas cuentas que tiene pendientes de cobrar. Se trata de un&nbsp;mecanismo para cubrir el impago del deudor cuando se ha llevado a cabo una transacci\u00f3n con aplazamiento de dicho pago. Tres aspectos o servicios:<\/p>\n\n\n\n<ul class=\"wp-block-list\"><li>La prevenci\u00f3n: an\u00e1lisis de riesgo de impago para que el tomador pueda o no conceder el cr\u00e9dito a sus clientes.<\/li><li>El recobro: mecanismos para lograr que el impago sea saldado por el deudor.<\/li><li>La indemnizaci\u00f3n al tomador:&nbsp;aparece en el momento en que el impago del deudor se vuelve definitivo.<\/li><\/ul>\n\n\n\n<p>Por su parte, el <strong>Seguro de Cauci\u00f3n<\/strong> (conocido como&nbsp;seguro de garant\u00eda)&nbsp;es un producto a trav\u00e9s del cual, el asegurador se obliga a indemnizar al asegurado en aquellos casos en los que, el tomador del seguro, incumpla con sus obligaciones contractuales. Este tipo de seguro tiene lugar cuando una de las partes de un contrato exige a la otra una garant\u00eda para responder del cumplimiento de sus obligaciones. Existen tambi\u00e9n distintas modalidades de seguro de cauci\u00f3n como, por ejemplo:<\/p>\n\n\n\n<ul class=\"wp-block-list\"><li>Garant\u00edas de licitaci\u00f3n o ejecuci\u00f3n a favor de la Administraci\u00f3n.<\/li><li>Garant\u00edas de distinto tipo a favor de un privado.<\/li><li>Afianzamiento de cantidades anticipadas en la construcci\u00f3n y venta de vivienda.<\/li><li>P\u00f3liza en garant\u00eda de las obligaciones contra\u00eddas ante las autoridades aduaneras.<\/li><\/ul>\n\n\n\n<p>La ventaja del seguro de cauci\u00f3n para el tomador del seguro es el hecho de que le permite no consumir su capacidad crediticia; algo que no ser\u00eda posible si tuviera que aportar una fianza o aval, como garant\u00eda de sus obligaciones. En su lugar, tan s\u00f3lo ha de pagar la prima de la p\u00f3liza del seguro.<\/p>\n\n\n\n<p>Por \u00faltimo, cabe se\u00f1alar que, todo pago hecho por el asegurador, deber\u00e1 serle reembolsado por el tomador del seguro en caso de siniestro.<\/p>\n\n\n\n<p><span style=\"text-decoration: underline;\">Diferencias entre los seguros de cr\u00e9dito y cauci\u00f3n<\/span><\/p>\n\n\n\n<p>Existen una serie de diferencias clave para saber cu\u00e1ndo contratar uno u otro:<\/p>\n\n\n\n<ul class=\"wp-block-list\"><li>El seguro de cr\u00e9dito cubre el riesgo de insolvencia definitiva del deudor, mientras que el de cauci\u00f3n est\u00e1 cubriendo el riesgo de incumplimiento.<\/li><li>El seguro de cr\u00e9dito nace de la voluntad del tomador de protegerse frente al impago de sus deudores, mientras que el de cauci\u00f3n de la obligaci\u00f3n de ofrecer una garant\u00eda de cumplimiento de determinadas obligaciones.<\/li><li>En el seguro de cr\u00e9dito, el asegurado es el propio tomador del seguro; mientras que en el de cauci\u00f3n, el asegurado es la contraparte de una relaci\u00f3n contractual.<\/li><\/ul>\n\n\n\n<h2 class=\"wp-block-heading\">&nbsp;<\/h2>\n\n\n\n<h2 class=\"wp-block-heading\">\u00bfCu\u00e1ndo tu empresa debe contratar un seguro de cr\u00e9dito o de cauci\u00f3n?<\/h2>\n\n\n\n<p>El <strong>seguro de cr\u00e9dito<\/strong> es la forma m\u00e1s eficiente de proteger la empresa de la insolvencia e impagos definitivos de las cuentas por cobrar. Con este tipo de seguros, dicho riesgo queda cubierto, disfrutando, adem\u00e1s, de los servicios previos de an\u00e1lisis de riesgo y recobro. Tambi\u00e9n te permite liberar las reservas para cubrir las cuentas por cobrar, pudiendo destinar estos recursos en otros \u00e1mbitos del negocio.<\/p>\n\n\n\n<p><a href=\"https:\/\/www.solunion.es\/seguros-de-credito\/\" target=\"_blank\" rel=\"noreferrer noopener\"><u><br><\/u><\/a>Por otro lado, el <strong>seguro de cauci\u00f3n<\/strong> es la herramienta m\u00e1s \u00fatil que tiene una empresa para cubrir sus necesidades legales o contractuales de afianzamiento. En lugar de aportar un aval bancario, o cualquier otro tipo de garant\u00eda, basta con pagar la prima de la p\u00f3liza del seguro de cauci\u00f3n. De esa forma, se liberan recursos financieros que poder destinar al desarrollo y expansi\u00f3n del negocio.<\/p>\n\n\n\n<p>En resumen, los seguros de cr\u00e9dito y cauci\u00f3n son herramientas distintas para necesidades diferentes. Es muy com\u00fan que una misma empresa contrate ambos seguros para disfrutar de una mayor capacidad financiera y crediticia, estando cubiertas las distintas necesidades de su negocio.<\/p>\n\n\n\n<div class=\"iframeContainer\">\n  <div class=\"form\">\n    <div class=\"wpforms-container wpforms-container-full\" id=\"wpforms-951\"><form id=\"wpforms-form-951\" class=\"wpforms-validate wpforms-form wpforms-ajax-form\" data-formid=\"951\" method=\"post\" enctype=\"multipart\/form-data\" action=\"\/index.php\/wp-json\/wp\/v2\/pages\/948\" data-token=\"eb8d36da2474df932d3382bc1f6aaf3f\" data-token-time=\"1777804434\"><noscript class=\"wpforms-error-noscript\">Por favor, activa JavaScript en tu navegador para completar este formulario.<\/noscript><div class=\"wpforms-field-container\"><div id=\"wpforms-951-field_0-container\" class=\"wpforms-field wpforms-field-name\" data-field-id=\"0\"><label class=\"wpforms-field-label\" for=\"wpforms-951-field_0\">Nombre <span class=\"wpforms-required-label\">*<\/span><\/label><input type=\"text\" id=\"wpforms-951-field_0\" class=\"wpforms-field-medium wpforms-field-required\" name=\"wpforms[fields][0]\" required><\/div><div id=\"wpforms-951-field_1-container\" class=\"wpforms-field wpforms-field-email\" data-field-id=\"1\"><label class=\"wpforms-field-label\" for=\"wpforms-951-field_1\">Email<\/label><input type=\"email\" id=\"wpforms-951-field_1\" class=\"wpforms-field-medium\" name=\"wpforms[fields][1]\" spellcheck=\"false\" ><\/div><div id=\"wpforms-951-field_3-container\" class=\"wpforms-field wpforms-field-number\" data-field-id=\"3\"><label class=\"wpforms-field-label\" for=\"wpforms-951-field_3\">Tel\u00e9fono<\/label><input type=\"number\" id=\"wpforms-951-field_3\" class=\"wpforms-field-medium\" name=\"wpforms[fields][3]\" step=\"any\" ><div class=\"wpforms-field-description\">Sin espacios ni guiones: ej985113998<\/div><\/div><div id=\"wpforms-951-field_18-container\" class=\"wpforms-field wpforms-field-email\" data-field-id=\"18\"><label class=\"wpforms-field-label\" for=\"wpforms-951-field_18\">Empresa<\/label><input type=\"email\" id=\"wpforms-951-field_18\" class=\"wpforms-field-medium\" name=\"wpforms[fields][18]\" spellcheck=\"false\" ><\/div><div id=\"wpforms-951-field_21-container\" class=\"wpforms-field wpforms-field-text\" data-field-id=\"21\"><label class=\"wpforms-field-label\" for=\"wpforms-951-field_21\">Asunto<\/label><input type=\"text\" id=\"wpforms-951-field_21\" class=\"wpforms-field-medium\" name=\"wpforms[fields][21]\" ><\/div><div id=\"wpforms-951-field_22-container\" class=\"wpforms-field wpforms-field-text\" data-field-id=\"22\"><label class=\"wpforms-field-label\" for=\"wpforms-951-field_22\">Motivo de la consulta <span class=\"wpforms-required-label\">*<\/span><\/label><input type=\"text\" id=\"wpforms-951-field_22\" class=\"wpforms-field-medium wpforms-field-required\" name=\"wpforms[fields][22]\" required><\/div><\/div><!-- .wpforms-field-container --><div class=\"wpforms-recaptcha-container wpforms-is-recaptcha wpforms-is-recaptcha-type-v2\" ><div class=\"g-recaptcha\" data-sitekey=\"6LeffNUZAAAAADWBGG1fvM9zMe6KyjyedhvXX1ZU\"><\/div><input type=\"text\" name=\"g-recaptcha-hidden\" class=\"wpforms-recaptcha-hidden\" style=\"position:absolute!important;clip:rect(0,0,0,0)!important;height:1px!important;width:1px!important;border:0!important;overflow:hidden!important;padding:0!important;margin:0!important;\" data-rule-recaptcha=\"1\"><\/div><div class=\"wpforms-submit-container\" ><input type=\"hidden\" name=\"wpforms[id]\" value=\"951\"><input type=\"hidden\" name=\"page_title\" value=\"\"><input type=\"hidden\" name=\"page_url\" value=\"https:\/\/narancoseguros.com\/index.php\/wp-json\/wp\/v2\/pages\/948\"><input type=\"hidden\" name=\"url_referer\" value=\"\"><button type=\"submit\" name=\"wpforms[submit]\" id=\"wpforms-submit-951\" class=\"wpforms-submit btn btn-primary btn-lg\" data-alt-text=\"Enviando...\" data-submit-text=\"Enviar\" aria-live=\"assertive\" value=\"wpforms-submit\">Enviar<\/button><img loading=\"lazy\" decoding=\"async\" src=\"https:\/\/narancoseguros.com\/wp-content\/plugins\/wpforms-lite\/assets\/images\/submit-spin.svg\" class=\"wpforms-submit-spinner\" style=\"display: none;\" width=\"26\" height=\"26\" alt=\"Cargando\"><\/div><\/form><\/div>  <!-- .wpforms-container -->\t\n  <\/div>\n  <div class=\"infoColumn\">\n    <h2 class=\"titulo\">\u00bfTienes alguna duda?<\/h2>\n    <h5><i class=\"fas fa-mobile-alt\"><\/i> 985 11 39 98<\/h5>\n    <h5><i class=\"fas fa-paper-plane\"><\/i> info@narancoseguros.com<\/h5>\n    <h5><i class=\"fas fa-tag\"><\/i> <a href=\"https:\/\/narancoseguros.com\/wp-content\/uploads\/2020\/10\/diccionario.pdf\" target=\"_blank\" rel=\"noopener noreferrer\">Diccionario del seguro<\/a><\/h5>\n    <h4>Datos de inter\u00e9s sobre el seguro<\/h4>\n    <hr>\n\n  <\/div>\n<\/div>\n","protected":false},"excerpt":{"rendered":"<p>Dale un empuj\u00f3n a tu negocio con la ayuda de Naranco Seguros Los seguros de cr\u00e9dito&nbsp;y cauci\u00f3n&nbsp;son productos totalmente distintos. Puede generar dudas porque suelen ser ofrecidos conjuntamente y ambos se ejercen en caso de incumplimiento de una de las partes. El Seguro de Cr\u00e9dito es un producto que permite que el tomador se proteja &#8230; <a title=\"Seguro cr\u00e9dito y cauci\u00f3n\" class=\"read-more\" href=\"https:\/\/narancoseguros.com\/index.php\/seguro-de-credito-y-caucion\/\" aria-label=\"Leer m\u00e1s sobre Seguro cr\u00e9dito y cauci\u00f3n\">Leer m\u00e1s<\/a><\/p>\n","protected":false},"author":1,"featured_media":0,"parent":0,"menu_order":0,"comment_status":"closed","ping_status":"closed","template":"","meta":{"footnotes":""},"class_list":["post-948","page","type-page","status-publish"],"_links":{"self":[{"href":"https:\/\/narancoseguros.com\/index.php\/wp-json\/wp\/v2\/pages\/948","targetHints":{"allow":["GET"]}}],"collection":[{"href":"https:\/\/narancoseguros.com\/index.php\/wp-json\/wp\/v2\/pages"}],"about":[{"href":"https:\/\/narancoseguros.com\/index.php\/wp-json\/wp\/v2\/types\/page"}],"author":[{"embeddable":true,"href":"https:\/\/narancoseguros.com\/index.php\/wp-json\/wp\/v2\/users\/1"}],"replies":[{"embeddable":true,"href":"https:\/\/narancoseguros.com\/index.php\/wp-json\/wp\/v2\/comments?post=948"}],"version-history":[{"count":3,"href":"https:\/\/narancoseguros.com\/index.php\/wp-json\/wp\/v2\/pages\/948\/revisions"}],"predecessor-version":[{"id":992,"href":"https:\/\/narancoseguros.com\/index.php\/wp-json\/wp\/v2\/pages\/948\/revisions\/992"}],"wp:attachment":[{"href":"https:\/\/narancoseguros.com\/index.php\/wp-json\/wp\/v2\/media?parent=948"}],"curies":[{"name":"wp","href":"https:\/\/api.w.org\/{rel}","templated":true}]}}