{"id":938,"date":"2021-03-23T14:47:55","date_gmt":"2021-03-23T14:47:55","guid":{"rendered":"https:\/\/narancoseguros.com\/?page_id=938"},"modified":"2021-05-06T11:59:40","modified_gmt":"2021-05-06T11:59:40","slug":"seguro-de-caballos","status":"publish","type":"page","link":"https:\/\/narancoseguros.com\/index.php\/seguro-de-caballos\/","title":{"rendered":"Seguro caballos"},"content":{"rendered":"\n<div class=\"wp-block-cover has-background-dim\" style=\"background-image:url(https:\/\/narancoseguros.com\/wp-content\/uploads\/2021\/03\/horse-1370300-1919x1238-1.jpg)\"><div class=\"wp-block-cover__inner-container is-layout-flow wp-block-cover-is-layout-flow\">\n<p class=\"has-text-align-center encabezado has-large-font-size\">SEGURO CABALLOS<\/p>\n<\/div><\/div>\n\n\n\n<h2 class=\"titulo wp-block-heading\">El seguro h\u00edpico con mayores prestaciones en <span class=\"has-inline-color has-pale-cyan-blue-color\">Naranco Seguros<\/span><\/h2>\n\n\n\n<p>Los seguros para caballos son una garant\u00eda recomendable para aquellos propietarios que no quieran sufrir una p\u00e9rdida econ\u00f3mica importante con su animal ante cualquier tipo de enfermedad, robo\/p\u00e9rdida, situaciones en las que cause da\u00f1os a terceras personas, etc.<\/p>\n\n\n\n<p>Se puede asegurar todo tipo de caballos, aunque ser\u00e1 imprescindible que sean identificables a trav\u00e9s de un microchip y, recuerda, la edad m\u00ednima y m\u00e1xima del animal s\u00ed es un factor determinante y restrictivo.<\/p>\n\n\n\n<p>Existen diferentes tipos de p\u00f3lizas en el mercado teniendo en cuenta tanto las necesidades del due\u00f1o como las del animal, sea cual sea la actividad, destinadas a su protecci\u00f3n. Llama para poder asesorarte de cu\u00e1l es la que m\u00e1s concuerda con tus dudas.<\/p>\n\n\n\n<p><span style=\"text-decoration: underline;\">Obligatoriedad de los seguros para caballos<\/span><\/p>\n\n\n\n<p>No es obligatorio contratar un seguro para caballos, pero el due\u00f1o est\u00e1 obligado a responder ante los perjuicios que provoque a terceras personas, pudiendo suponer un gran desembolso econ\u00f3mico.<\/p>\n\n\n\n<p><span style=\"text-decoration: underline;\">Pasos a seguir para contratar un seguro para caballos<\/span><\/p>\n\n\n\n<p>Los propietarios de caballos deben tener en cuenta una serie de aspectos para poder beneficiarse de las mejores condiciones.<\/p>\n\n\n\n<ul class=\"wp-block-list\"><li>En primer lugar, es importante especificar las caracter\u00edsticas de su caballo, su valor y su actividad, en el caso de que a\u00fan no est\u00e9n definidas.<\/li><li>Conocer los seguros para caballos para saber a qu\u00e9 garant\u00edas, ventajas y beneficios tiene derecho, y los l\u00edmites y restricciones establecidos.<\/li><li>Por otro lado, los seguros para caballos pueden incluir franquicias que el propietario del animal deber\u00e1 abonar seg\u00fan lo pactado con la compa\u00f1\u00eda.<\/li><\/ul>\n\n\n\n<p><span style=\"text-decoration: underline;\">Coberturas b\u00e1sicas de los seguros para caballos<\/span><\/p>\n\n\n\n<p>Normalmente, las p\u00f3lizas destinadas a la protecci\u00f3n de estos animales suelen incluir las siguientes:<\/p>\n\n\n\n<ul class=\"wp-block-list\"><li>Responsabilidad civil.<\/li><li>Muerte del animal por enfermedad o accidente:&nbsp;indemnizaci\u00f3n en caso de fallecimiento del animal, as\u00ed como, en algunas p\u00f3lizas, los gastos de retirada de restos.<\/li><li>Asistencia veterinaria:&nbsp;puede cubrir hospitalizaci\u00f3n del animal, cirug\u00eda, fracturas graves o infecciones, entre otras.<\/li><li>Robo, hurto o p\u00e9rdida:&nbsp;garantiza una indemnizaci\u00f3n al propietario del caballo cuya cuant\u00eda ascender\u00e1 a un porcentaje establecido previamente sobre la suma asegurada.<\/li><li>Sacrificio:&nbsp;protege al asegurado frente a los costes ocasionados por el sacrificio del animal por enfermedad o accidente, o incluso por motivos econ\u00f3micos, cuando el caballo no puede, seg\u00fan un veterinario, realizar ninguna actividad.<\/li><li>Peste equina.<\/li><\/ul>\n\n\n\n<p><span style=\"text-decoration: underline;\">Coberturas opcionales<\/span><\/p>\n\n\n\n<ul class=\"wp-block-list\"><li>Asistencia veterinaria avanzada.<\/li><li>Para yeguas reproductoras: Aborto y parto dist\u00f3cico, muerte de la yegua por aborto o parto o muerte del potro.<\/li><li>Para animales reproductores: cubre la p\u00e9rdida de la funci\u00f3n reproductora en yeguas como consecuencia de un accidente o de una enfermedad no epizo\u00f3tica. En el caso de los sementales, cubre los da\u00f1os derivados de la impotencia o incapacidad total y permanente para cubrir yeguas por un accidente o enfermedad no epizo\u00f3tica.<\/li><\/ul>\n\n\n\n<div class=\"iframeContainer\">\n  <div class=\"form\">\n    <div class=\"wpforms-container wpforms-container-full\" id=\"wpforms-941\"><form id=\"wpforms-form-941\" class=\"wpforms-validate wpforms-form wpforms-ajax-form\" data-formid=\"941\" method=\"post\" enctype=\"multipart\/form-data\" action=\"\/index.php\/wp-json\/wp\/v2\/pages\/938\" data-token=\"ce7cd163adafa0ae5855e7e3b7b2ef88\" data-token-time=\"1776328919\"><noscript class=\"wpforms-error-noscript\">Por favor, activa JavaScript en tu navegador para completar este formulario.<\/noscript><div class=\"wpforms-field-container\"><div id=\"wpforms-941-field_0-container\" class=\"wpforms-field wpforms-field-name wpforms-one-half\" data-field-id=\"0\"><label class=\"wpforms-field-label\" for=\"wpforms-941-field_0\">Nombre <span class=\"wpforms-required-label\">*<\/span><\/label><input type=\"text\" id=\"wpforms-941-field_0\" class=\"wpforms-field-medium wpforms-field-required\" name=\"wpforms[fields][0]\" required><\/div><div id=\"wpforms-941-field_18-container\" class=\"wpforms-field wpforms-field-email\" data-field-id=\"18\"><label class=\"wpforms-field-label\" for=\"wpforms-941-field_18\">Empresa<\/label><input type=\"email\" id=\"wpforms-941-field_18\" class=\"wpforms-field-medium\" name=\"wpforms[fields][18]\" spellcheck=\"false\" ><\/div><div id=\"wpforms-941-field_3-container\" class=\"wpforms-field wpforms-field-number\" data-field-id=\"3\"><label class=\"wpforms-field-label\" for=\"wpforms-941-field_3\">Tel\u00e9fono<\/label><input type=\"number\" id=\"wpforms-941-field_3\" class=\"wpforms-field-medium\" name=\"wpforms[fields][3]\" step=\"any\" ><div class=\"wpforms-field-description\">Sin espacios ni guiones: ej985113998<\/div><\/div><div id=\"wpforms-941-field_1-container\" class=\"wpforms-field wpforms-field-email\" data-field-id=\"1\"><label class=\"wpforms-field-label\" for=\"wpforms-941-field_1\">Email<\/label><input type=\"email\" id=\"wpforms-941-field_1\" class=\"wpforms-field-medium\" name=\"wpforms[fields][1]\" spellcheck=\"false\" ><\/div><div id=\"wpforms-941-field_21-container\" class=\"wpforms-field wpforms-field-text\" data-field-id=\"21\"><label class=\"wpforms-field-label\" for=\"wpforms-941-field_21\">Asunto<\/label><input type=\"text\" id=\"wpforms-941-field_21\" class=\"wpforms-field-medium\" name=\"wpforms[fields][21]\" ><\/div><div id=\"wpforms-941-field_22-container\" class=\"wpforms-field wpforms-field-text\" data-field-id=\"22\"><label class=\"wpforms-field-label\" for=\"wpforms-941-field_22\">Motivo de la consulta <span class=\"wpforms-required-label\">*<\/span><\/label><input type=\"text\" id=\"wpforms-941-field_22\" class=\"wpforms-field-medium wpforms-field-required\" name=\"wpforms[fields][22]\" required><\/div><\/div><!-- .wpforms-field-container --><div class=\"wpforms-recaptcha-container wpforms-is-recaptcha wpforms-is-recaptcha-type-v2\" ><div class=\"g-recaptcha\" data-sitekey=\"6LeffNUZAAAAADWBGG1fvM9zMe6KyjyedhvXX1ZU\"><\/div><input type=\"text\" name=\"g-recaptcha-hidden\" class=\"wpforms-recaptcha-hidden\" style=\"position:absolute!important;clip:rect(0,0,0,0)!important;height:1px!important;width:1px!important;border:0!important;overflow:hidden!important;padding:0!important;margin:0!important;\" data-rule-recaptcha=\"1\"><\/div><div class=\"wpforms-submit-container\" ><input type=\"hidden\" name=\"wpforms[id]\" value=\"941\"><input type=\"hidden\" name=\"page_title\" value=\"\"><input type=\"hidden\" name=\"page_url\" value=\"https:\/\/narancoseguros.com\/index.php\/wp-json\/wp\/v2\/pages\/938\"><input type=\"hidden\" name=\"url_referer\" value=\"\"><button type=\"submit\" name=\"wpforms[submit]\" id=\"wpforms-submit-941\" class=\"wpforms-submit btn btn-primary btn-lg\" data-alt-text=\"Enviando...\" data-submit-text=\"Enviar\" aria-live=\"assertive\" value=\"wpforms-submit\">Enviar<\/button><img loading=\"lazy\" decoding=\"async\" src=\"https:\/\/narancoseguros.com\/wp-content\/plugins\/wpforms-lite\/assets\/images\/submit-spin.svg\" class=\"wpforms-submit-spinner\" style=\"display: none;\" width=\"26\" height=\"26\" alt=\"Cargando\"><\/div><\/form><\/div>  <!-- .wpforms-container -->\t\n  <\/div>\n  <div class=\"infoColumn\">\n    <h2 class=\"titulo\">\u00bfTienes alguna duda?<\/h2>\n    <h5><i class=\"fas fa-mobile-alt\"><\/i> 985 11 39 98<\/h5>\n    <h5><i class=\"fas fa-paper-plane\"><\/i> info@narancoseguros.com<\/h5>\n    <h5><i class=\"fas fa-tag\"><\/i> <a href=\"https:\/\/narancoseguros.com\/wp-content\/uploads\/2020\/10\/diccionario.pdf\" target=\"_blank\" rel=\"noopener noreferrer\">Diccionario del seguro<\/a><\/h5>\n    <h4>Datos de inter\u00e9s sobre el seguro<\/h4>\n    <hr>\n\n  <\/div>\n<\/div>\n","protected":false},"excerpt":{"rendered":"<p>El seguro h\u00edpico con mayores prestaciones en Naranco Seguros Los seguros para caballos son una garant\u00eda recomendable para aquellos propietarios que no quieran sufrir una p\u00e9rdida econ\u00f3mica importante con su animal ante cualquier tipo de enfermedad, robo\/p\u00e9rdida, situaciones en las que cause da\u00f1os a terceras personas, etc. Se puede asegurar todo tipo de caballos, aunque &#8230; <a title=\"Seguro caballos\" class=\"read-more\" href=\"https:\/\/narancoseguros.com\/index.php\/seguro-de-caballos\/\" aria-label=\"Leer m\u00e1s sobre Seguro caballos\">Leer m\u00e1s<\/a><\/p>\n","protected":false},"author":1,"featured_media":0,"parent":0,"menu_order":0,"comment_status":"closed","ping_status":"closed","template":"","meta":{"footnotes":""},"class_list":["post-938","page","type-page","status-publish"],"_links":{"self":[{"href":"https:\/\/narancoseguros.com\/index.php\/wp-json\/wp\/v2\/pages\/938","targetHints":{"allow":["GET"]}}],"collection":[{"href":"https:\/\/narancoseguros.com\/index.php\/wp-json\/wp\/v2\/pages"}],"about":[{"href":"https:\/\/narancoseguros.com\/index.php\/wp-json\/wp\/v2\/types\/page"}],"author":[{"embeddable":true,"href":"https:\/\/narancoseguros.com\/index.php\/wp-json\/wp\/v2\/users\/1"}],"replies":[{"embeddable":true,"href":"https:\/\/narancoseguros.com\/index.php\/wp-json\/wp\/v2\/comments?post=938"}],"version-history":[{"count":4,"href":"https:\/\/narancoseguros.com\/index.php\/wp-json\/wp\/v2\/pages\/938\/revisions"}],"predecessor-version":[{"id":989,"href":"https:\/\/narancoseguros.com\/index.php\/wp-json\/wp\/v2\/pages\/938\/revisions\/989"}],"wp:attachment":[{"href":"https:\/\/narancoseguros.com\/index.php\/wp-json\/wp\/v2\/media?parent=938"}],"curies":[{"name":"wp","href":"https:\/\/api.w.org\/{rel}","templated":true}]}}