{"id":931,"date":"2021-03-23T14:44:29","date_gmt":"2021-03-23T14:44:29","guid":{"rendered":"https:\/\/narancoseguros.com\/?page_id=931"},"modified":"2021-05-06T12:03:14","modified_gmt":"2021-05-06T12:03:14","slug":"seguro-de-quad","status":"publish","type":"page","link":"https:\/\/narancoseguros.com\/index.php\/seguro-de-quad\/","title":{"rendered":"Seguro quad"},"content":{"rendered":"\n<div class=\"wp-block-cover has-background-dim\" style=\"background-image:url(https:\/\/narancoseguros.com\/wp-content\/uploads\/2021\/03\/new-year-dunes-1430958-1920x1440-1.jpg)\"><div class=\"wp-block-cover__inner-container is-layout-flow wp-block-cover-is-layout-flow\">\n<p class=\"has-text-align-center encabezado has-large-font-size\">SEGURO QUAD<\/p>\n<\/div><\/div>\n\n\n\n<h2 class=\"titulo wp-block-heading\">Asegura tu quad a trav\u00e9s de la experiencia de <span class=\"has-inline-color has-pale-cyan-blue-color\">Naranco Seguros<\/span><\/h2>\n\n\n\n<p>Configura tu p\u00f3liza a medida y protege el veh\u00edculo con nosotros. Como en todos los riesgos de autom\u00f3vil, puedes contratar desde lo m\u00e1s b\u00e1sico hasta el todo riesgo. Especifica y elige las coberturas que te hacen falta y no pagues de m\u00e1s.<\/p>\n\n\n\n<p>Frente a las motos, por ejemplo, un quad suele ser m\u00e1s complicado de asegurar debido a su tendencia a ser considerados como veh\u00edculos propensos a sufrir accidentes. Por este motivo, las aseguradoras los consideran, dada su naturaleza, como un grupo diferente respecto a las motos.<\/p>\n\n\n\n<p>Aunque los quads son menos habituales entre los conductores, desde <span class=\"has-inline-color has-pale-cyan-blue-color\">Naranco Seguros<\/span> no nos olvidamos de este tipo de veh\u00edculo y te ofrecemos un seguro exclusivo. Recuerda que todo propietario de un veh\u00edculo de motor tiene obligaci\u00f3n de suscribir un seguro de responsabilidad civil de suscripci\u00f3n obligatoria para cada veh\u00edculo del que sea titular.<\/p>\n\n\n\n<p>Los quads son veh\u00edculos de cuatro o m\u00e1s ruedas que no tienen carrocer\u00eda, cuyo sistema de direcci\u00f3n es un manillar, est\u00e1n dotados de sill\u00edn donde el conductor va sentado a horcajadas. Pueden ser ligeros (&lt;350kg, &lt;50cc, &lt;45km\/h), no ligeros (400kg aprox.), o especiales.<\/p>\n\n\n\n<p>Los&nbsp;quad&nbsp;se caracterizan por tener un uso principalmente off road y de recreo. Sus caracter\u00edsticas como un motor muy potente, una caja de cambios autom\u00e1tica o un peso muy reducido, le dan una agilidad y rapidez de respuesta que los hace aptos para terrenos de conducci\u00f3n dificultosa. Si s\u00f3lo quieres la responsabilidad civil que cubra a terceros, si te preocupa quedarte tirado, si acabas de comprarlo o si quieres despreocuparte del todo, <span class=\"has-inline-color has-pale-cyan-blue-color\">Naranco Seguros<\/span> te personaliza el seguro de quad con s\u00f3lo una llamada.<\/p>\n\n\n\n<div class=\"iframeContainer\">\n  <div class=\"form\">\n    <div class=\"wpforms-container wpforms-container-full\" id=\"wpforms-936\"><form id=\"wpforms-form-936\" class=\"wpforms-validate wpforms-form wpforms-ajax-form\" data-formid=\"936\" method=\"post\" enctype=\"multipart\/form-data\" action=\"\/index.php\/wp-json\/wp\/v2\/pages\/931\" data-token=\"edb148920645c444c406c73762524872\" data-token-time=\"1778074227\"><noscript class=\"wpforms-error-noscript\">Por favor, activa JavaScript en tu navegador para completar este formulario.<\/noscript><div class=\"wpforms-field-container\"><div id=\"wpforms-936-field_0-container\" class=\"wpforms-field wpforms-field-name\" data-field-id=\"0\"><label class=\"wpforms-field-label\" for=\"wpforms-936-field_0\">Nombre <span class=\"wpforms-required-label\">*<\/span><\/label><input type=\"text\" id=\"wpforms-936-field_0\" class=\"wpforms-field-medium wpforms-field-required\" name=\"wpforms[fields][0]\" required><\/div><div id=\"wpforms-936-field_18-container\" class=\"wpforms-field wpforms-field-email\" data-field-id=\"18\"><label class=\"wpforms-field-label\" for=\"wpforms-936-field_18\">Empresa<\/label><input type=\"email\" id=\"wpforms-936-field_18\" class=\"wpforms-field-medium\" name=\"wpforms[fields][18]\" spellcheck=\"false\" ><\/div><div id=\"wpforms-936-field_1-container\" class=\"wpforms-field wpforms-field-email\" data-field-id=\"1\"><label class=\"wpforms-field-label\" for=\"wpforms-936-field_1\">Email<\/label><input type=\"email\" id=\"wpforms-936-field_1\" class=\"wpforms-field-medium\" name=\"wpforms[fields][1]\" spellcheck=\"false\" ><\/div><div id=\"wpforms-936-field_3-container\" class=\"wpforms-field wpforms-field-number\" data-field-id=\"3\"><label class=\"wpforms-field-label\" for=\"wpforms-936-field_3\">Tel\u00e9fono<\/label><input type=\"number\" id=\"wpforms-936-field_3\" class=\"wpforms-field-medium\" name=\"wpforms[fields][3]\" step=\"any\" ><div class=\"wpforms-field-description\">Sin espacios ni guiones: ej985113998<\/div><\/div><div id=\"wpforms-936-field_21-container\" class=\"wpforms-field wpforms-field-text\" data-field-id=\"21\"><label class=\"wpforms-field-label\" for=\"wpforms-936-field_21\">Asunto<\/label><input type=\"text\" id=\"wpforms-936-field_21\" class=\"wpforms-field-medium\" name=\"wpforms[fields][21]\" ><\/div><div id=\"wpforms-936-field_22-container\" class=\"wpforms-field wpforms-field-text\" data-field-id=\"22\"><label class=\"wpforms-field-label\" for=\"wpforms-936-field_22\">Motivo de la consulta <span class=\"wpforms-required-label\">*<\/span><\/label><input type=\"text\" id=\"wpforms-936-field_22\" class=\"wpforms-field-medium wpforms-field-required\" name=\"wpforms[fields][22]\" required><\/div><\/div><!-- .wpforms-field-container --><div class=\"wpforms-recaptcha-container wpforms-is-recaptcha wpforms-is-recaptcha-type-v2\" ><div class=\"g-recaptcha\" data-sitekey=\"6LeffNUZAAAAADWBGG1fvM9zMe6KyjyedhvXX1ZU\"><\/div><input type=\"text\" name=\"g-recaptcha-hidden\" class=\"wpforms-recaptcha-hidden\" style=\"position:absolute!important;clip:rect(0,0,0,0)!important;height:1px!important;width:1px!important;border:0!important;overflow:hidden!important;padding:0!important;margin:0!important;\" data-rule-recaptcha=\"1\"><\/div><div class=\"wpforms-submit-container\" ><input type=\"hidden\" name=\"wpforms[id]\" value=\"936\"><input type=\"hidden\" name=\"page_title\" value=\"\"><input type=\"hidden\" name=\"page_url\" value=\"https:\/\/narancoseguros.com\/index.php\/wp-json\/wp\/v2\/pages\/931\"><input type=\"hidden\" name=\"url_referer\" value=\"\"><button type=\"submit\" name=\"wpforms[submit]\" id=\"wpforms-submit-936\" class=\"wpforms-submit btn btn-primary btn-lg\" data-alt-text=\"Enviando...\" data-submit-text=\"Enviar\" aria-live=\"assertive\" value=\"wpforms-submit\">Enviar<\/button><img loading=\"lazy\" decoding=\"async\" src=\"https:\/\/narancoseguros.com\/wp-content\/plugins\/wpforms-lite\/assets\/images\/submit-spin.svg\" class=\"wpforms-submit-spinner\" style=\"display: none;\" width=\"26\" height=\"26\" alt=\"Cargando\"><\/div><\/form><\/div>  <!-- .wpforms-container -->\t\n  <\/div>\n  <div class=\"infoColumn\">\n    <h2 class=\"titulo\">\u00bfTienes alguna duda?<\/h2>\n    <h5><i class=\"fas fa-mobile-alt\"><\/i> 985 11 39 98<\/h5>\n    <h5><i class=\"fas fa-paper-plane\"><\/i> info@narancoseguros.com<\/h5>\n    <h5><i class=\"fas fa-tag\"><\/i> <a href=\"https:\/\/narancoseguros.com\/wp-content\/uploads\/2020\/10\/diccionario.pdf\" target=\"_blank\" rel=\"noopener noreferrer\">Diccionario del seguro<\/a><\/h5>\n    <h4>Datos de inter\u00e9s sobre el seguro<\/h4>\n    <hr>\n\n  <\/div>\n<\/div>\n","protected":false},"excerpt":{"rendered":"<p>Asegura tu quad a trav\u00e9s de la experiencia de Naranco Seguros Configura tu p\u00f3liza a medida y protege el veh\u00edculo con nosotros. Como en todos los riesgos de autom\u00f3vil, puedes contratar desde lo m\u00e1s b\u00e1sico hasta el todo riesgo. Especifica y elige las coberturas que te hacen falta y no pagues de m\u00e1s. Frente a &#8230; <a title=\"Seguro quad\" class=\"read-more\" href=\"https:\/\/narancoseguros.com\/index.php\/seguro-de-quad\/\" aria-label=\"Leer m\u00e1s sobre Seguro quad\">Leer m\u00e1s<\/a><\/p>\n","protected":false},"author":1,"featured_media":0,"parent":0,"menu_order":0,"comment_status":"closed","ping_status":"closed","template":"","meta":{"footnotes":""},"class_list":["post-931","page","type-page","status-publish"],"_links":{"self":[{"href":"https:\/\/narancoseguros.com\/index.php\/wp-json\/wp\/v2\/pages\/931","targetHints":{"allow":["GET"]}}],"collection":[{"href":"https:\/\/narancoseguros.com\/index.php\/wp-json\/wp\/v2\/pages"}],"about":[{"href":"https:\/\/narancoseguros.com\/index.php\/wp-json\/wp\/v2\/types\/page"}],"author":[{"embeddable":true,"href":"https:\/\/narancoseguros.com\/index.php\/wp-json\/wp\/v2\/users\/1"}],"replies":[{"embeddable":true,"href":"https:\/\/narancoseguros.com\/index.php\/wp-json\/wp\/v2\/comments?post=931"}],"version-history":[{"count":3,"href":"https:\/\/narancoseguros.com\/index.php\/wp-json\/wp\/v2\/pages\/931\/revisions"}],"predecessor-version":[{"id":1001,"href":"https:\/\/narancoseguros.com\/index.php\/wp-json\/wp\/v2\/pages\/931\/revisions\/1001"}],"wp:attachment":[{"href":"https:\/\/narancoseguros.com\/index.php\/wp-json\/wp\/v2\/media?parent=931"}],"curies":[{"name":"wp","href":"https:\/\/api.w.org\/{rel}","templated":true}]}}