{"id":919,"date":"2021-03-16T08:51:35","date_gmt":"2021-03-16T08:51:35","guid":{"rendered":"https:\/\/narancoseguros.com\/?page_id=919"},"modified":"2021-05-06T12:03:29","modified_gmt":"2021-05-06T12:03:29","slug":"seguro-de-retirada-de-carnet","status":"publish","type":"page","link":"https:\/\/narancoseguros.com\/index.php\/seguro-de-retirada-de-carnet\/","title":{"rendered":"Seguro retirada de carnet"},"content":{"rendered":"\n<div class=\"wp-block-cover has-background-dim\" style=\"background-image:url(https:\/\/narancoseguros.com\/wp-content\/uploads\/2021\/03\/retirada-carnet.jpeg)\"><div class=\"wp-block-cover__inner-container is-layout-flow wp-block-cover-is-layout-flow\">\n<p class=\"has-text-align-center encabezado has-large-font-size\">SEGURO RETIRADA DE CARNET<\/p>\n<\/div><\/div>\n\n\n\n<h2 class=\"titulo wp-block-heading\">Hasta los mejores conductores pueden perder puntos. Ante estos contratiempos, <span class=\"has-inline-color has-pale-cyan-blue-color\">Naranco Seguros<\/span> es la mejor opci\u00f3n.<\/h2>\n\n\n\n<p>El Seguro de retirada de carnet puede contratarse como una cobertura adicional del seguro del coche o de forma independiente. S\u00f3lo cubren la p\u00e9rdida de puntos derivada de una sanci\u00f3n administrativa, no por consecuencia de infracciones penales debidas a conducir&nbsp;ebrio o drogado, uso del coche para delinquir, etc.<\/p>\n\n\n\n<p>Cada carnet puede tener, como norma general, 12 puntos. Pero la normativa contempla la posibilidad de aumentar los puntos del carnet hasta los 15. El conductor deber\u00e1 contratar una p\u00f3liza por coche, ya que el seguro cubre al veh\u00edculo.<\/p>\n\n\n\n<p>\u00bfQu\u00e9 ocurre si pierdo todos los puntos del carnet?<\/p>\n\n\n\n<p>La p\u00e9rdida de la totalidad de los puntos del carnet de conducir conlleva la p\u00e9rdida de la vigencia de tu permiso por lo que no podr\u00e1s conducir ning\u00fan veh\u00edculo.<\/p>\n\n\n\n<p>Por lo tanto, el seguro va dirigido a todos los conductores, <strong>sea cual sea su veh\u00edculo<\/strong>, que te protege en caso de p\u00e9rdida total o parcial de puntos. Un seguro que cuenta con:<\/p>\n\n\n\n<ul class=\"wp-block-list\"><li>Ayuda econ\u00f3mica&nbsp;mensual en caso de retirada del permiso de conducir<\/li><li>Servicio de&nbsp;alerta de multas&nbsp;de tr\u00e1fico<\/li><li>Traslado del veh\u00edculo&nbsp;y gastos del transporte<\/li><li>Gastos de curso&nbsp;de recuperaci\u00f3n de puntos del carnet<\/li><\/ul>\n\n\n\n<p>A la hora de contratar un seguro para retirada del carnet no te la juegues. Bl\u00edndate con la profesionalidad que solo puede aportarte Naranco Seguros.<\/p>\n\n\n\n<div class=\"iframeContainer\">\n  <div class=\"form\">\n    <div class=\"wpforms-container wpforms-container-full\" id=\"wpforms-922\"><form id=\"wpforms-form-922\" class=\"wpforms-validate wpforms-form wpforms-ajax-form\" data-formid=\"922\" method=\"post\" enctype=\"multipart\/form-data\" action=\"\/index.php\/wp-json\/wp\/v2\/pages\/919\" data-token=\"c94673d518b58c756e2932f4e348e604\" data-token-time=\"1777978119\"><noscript class=\"wpforms-error-noscript\">Por favor, activa JavaScript en tu navegador para completar este formulario.<\/noscript><div class=\"wpforms-field-container\"><div id=\"wpforms-922-field_0-container\" class=\"wpforms-field wpforms-field-name\" data-field-id=\"0\"><label class=\"wpforms-field-label\" for=\"wpforms-922-field_0\">Nombre <span class=\"wpforms-required-label\">*<\/span><\/label><input type=\"text\" id=\"wpforms-922-field_0\" class=\"wpforms-field-medium wpforms-field-required\" name=\"wpforms[fields][0]\" required><\/div><div id=\"wpforms-922-field_1-container\" class=\"wpforms-field wpforms-field-email\" data-field-id=\"1\"><label class=\"wpforms-field-label\" for=\"wpforms-922-field_1\">Email<\/label><input type=\"email\" id=\"wpforms-922-field_1\" class=\"wpforms-field-medium\" name=\"wpforms[fields][1]\" spellcheck=\"false\" ><\/div><div id=\"wpforms-922-field_3-container\" class=\"wpforms-field wpforms-field-number\" data-field-id=\"3\"><label class=\"wpforms-field-label\" for=\"wpforms-922-field_3\">Tel\u00e9fono<\/label><input type=\"number\" id=\"wpforms-922-field_3\" class=\"wpforms-field-medium\" name=\"wpforms[fields][3]\" step=\"any\" ><div class=\"wpforms-field-description\">Sin espacios ni guiones: ej985113998<\/div><\/div><div id=\"wpforms-922-field_18-container\" class=\"wpforms-field wpforms-field-email\" data-field-id=\"18\"><label class=\"wpforms-field-label\" for=\"wpforms-922-field_18\">Empresa<\/label><input type=\"email\" id=\"wpforms-922-field_18\" class=\"wpforms-field-medium\" name=\"wpforms[fields][18]\" spellcheck=\"false\" ><\/div><div id=\"wpforms-922-field_21-container\" class=\"wpforms-field wpforms-field-text\" data-field-id=\"21\"><label class=\"wpforms-field-label\" for=\"wpforms-922-field_21\">Asunto<\/label><input type=\"text\" id=\"wpforms-922-field_21\" class=\"wpforms-field-medium\" name=\"wpforms[fields][21]\" ><\/div><div id=\"wpforms-922-field_22-container\" class=\"wpforms-field wpforms-field-text\" data-field-id=\"22\"><label class=\"wpforms-field-label\" for=\"wpforms-922-field_22\">Motivo de la consulta <span class=\"wpforms-required-label\">*<\/span><\/label><input type=\"text\" id=\"wpforms-922-field_22\" class=\"wpforms-field-medium wpforms-field-required\" name=\"wpforms[fields][22]\" required><\/div><\/div><!-- .wpforms-field-container --><div class=\"wpforms-recaptcha-container wpforms-is-recaptcha wpforms-is-recaptcha-type-v2\" ><div class=\"g-recaptcha\" data-sitekey=\"6LeffNUZAAAAADWBGG1fvM9zMe6KyjyedhvXX1ZU\"><\/div><input type=\"text\" name=\"g-recaptcha-hidden\" class=\"wpforms-recaptcha-hidden\" style=\"position:absolute!important;clip:rect(0,0,0,0)!important;height:1px!important;width:1px!important;border:0!important;overflow:hidden!important;padding:0!important;margin:0!important;\" data-rule-recaptcha=\"1\"><\/div><div class=\"wpforms-submit-container\" ><input type=\"hidden\" name=\"wpforms[id]\" value=\"922\"><input type=\"hidden\" name=\"page_title\" value=\"\"><input type=\"hidden\" name=\"page_url\" value=\"https:\/\/narancoseguros.com\/index.php\/wp-json\/wp\/v2\/pages\/919\"><input type=\"hidden\" name=\"url_referer\" value=\"\"><button type=\"submit\" name=\"wpforms[submit]\" id=\"wpforms-submit-922\" class=\"wpforms-submit btn btn-primary btn-lg\" data-alt-text=\"Enviando...\" data-submit-text=\"Enviar\" aria-live=\"assertive\" value=\"wpforms-submit\">Enviar<\/button><img loading=\"lazy\" decoding=\"async\" src=\"https:\/\/narancoseguros.com\/wp-content\/plugins\/wpforms-lite\/assets\/images\/submit-spin.svg\" class=\"wpforms-submit-spinner\" style=\"display: none;\" width=\"26\" height=\"26\" alt=\"Cargando\"><\/div><\/form><\/div>  <!-- .wpforms-container -->\t\n  <\/div>\n  <div class=\"infoColumn\">\n    <h2 class=\"titulo\">\u00bfTienes alguna duda?<\/h2>\n    <h5><i class=\"fas fa-mobile-alt\"><\/i> 985 11 39 98<\/h5>\n    <h5><i class=\"fas fa-paper-plane\"><\/i> info@narancoseguros.com<\/h5>\n    <h5><i class=\"fas fa-tag\"><\/i> <a href=\"https:\/\/narancoseguros.com\/wp-content\/uploads\/2020\/10\/diccionario.pdf\" target=\"_blank\" rel=\"noopener noreferrer\">Diccionario del seguro<\/a><\/h5>\n    <h4>Datos de inter\u00e9s sobre el seguro<\/h4>\n    <hr>\n\n  <\/div>\n<\/div>\n","protected":false},"excerpt":{"rendered":"<p>Hasta los mejores conductores pueden perder puntos. Ante estos contratiempos, Naranco Seguros es la mejor opci\u00f3n. El Seguro de retirada de carnet puede contratarse como una cobertura adicional del seguro del coche o de forma independiente. S\u00f3lo cubren la p\u00e9rdida de puntos derivada de una sanci\u00f3n administrativa, no por consecuencia de infracciones penales debidas a &#8230; <a title=\"Seguro retirada de carnet\" class=\"read-more\" href=\"https:\/\/narancoseguros.com\/index.php\/seguro-de-retirada-de-carnet\/\" aria-label=\"Leer m\u00e1s sobre Seguro retirada de carnet\">Leer m\u00e1s<\/a><\/p>\n","protected":false},"author":1,"featured_media":0,"parent":0,"menu_order":0,"comment_status":"closed","ping_status":"closed","template":"","meta":{"footnotes":""},"class_list":["post-919","page","type-page","status-publish"],"_links":{"self":[{"href":"https:\/\/narancoseguros.com\/index.php\/wp-json\/wp\/v2\/pages\/919","targetHints":{"allow":["GET"]}}],"collection":[{"href":"https:\/\/narancoseguros.com\/index.php\/wp-json\/wp\/v2\/pages"}],"about":[{"href":"https:\/\/narancoseguros.com\/index.php\/wp-json\/wp\/v2\/types\/page"}],"author":[{"embeddable":true,"href":"https:\/\/narancoseguros.com\/index.php\/wp-json\/wp\/v2\/users\/1"}],"replies":[{"embeddable":true,"href":"https:\/\/narancoseguros.com\/index.php\/wp-json\/wp\/v2\/comments?post=919"}],"version-history":[{"count":3,"href":"https:\/\/narancoseguros.com\/index.php\/wp-json\/wp\/v2\/pages\/919\/revisions"}],"predecessor-version":[{"id":1002,"href":"https:\/\/narancoseguros.com\/index.php\/wp-json\/wp\/v2\/pages\/919\/revisions\/1002"}],"wp:attachment":[{"href":"https:\/\/narancoseguros.com\/index.php\/wp-json\/wp\/v2\/media?parent=919"}],"curies":[{"name":"wp","href":"https:\/\/api.w.org\/{rel}","templated":true}]}}