{"id":898,"date":"2021-03-16T08:33:26","date_gmt":"2021-03-16T08:33:26","guid":{"rendered":"https:\/\/narancoseguros.com\/?page_id=898"},"modified":"2021-05-06T12:01:06","modified_gmt":"2021-05-06T12:01:06","slug":"seguro-de-embarcaciones","status":"publish","type":"page","link":"https:\/\/narancoseguros.com\/index.php\/seguro-de-embarcaciones\/","title":{"rendered":"Seguro embarcaciones"},"content":{"rendered":"\n<div class=\"wp-block-cover has-background-dim\" style=\"background-image:url(https:\/\/narancoseguros.com\/wp-content\/uploads\/2021\/03\/boats-and-dock-1502801.jpg)\"><div class=\"wp-block-cover__inner-container is-layout-flow wp-block-cover-is-layout-flow\">\n<p class=\"has-text-align-center encabezado has-large-font-size\">SEGURO EMBARCACIONES<\/p>\n<\/div><\/div>\n\n\n\n<h2 class=\"titulo wp-block-heading\">Navega con tranquilidad con las coberturas m\u00e1s amplias en <span class=\"has-inline-color has-pale-cyan-blue-color\">Naranco Seguros<\/span><\/h2>\n\n\n\n<p>Tienen la consideraci\u00f3n de embarcaciones deportivas, los objetos flotantes de navegaci\u00f3n de recreo y deportiva propulsados a motor, as\u00ed como aqu\u00e9llos que carezcan de motor y tengan una eslora superior a 6 metros e inferior a 24 metros.<\/p>\n\n\n\n<p>Porque cada embarcaci\u00f3n es diferente, existen varias modalidades disponibles para escoger entre la m\u00e1s adecuada. Ll\u00e1manos para poder salir a navegar con total tranquilidad y poder hacer frente a cualquier acontecimiento que pueda surgir durante la marcha.<\/p>\n\n\n\n<p>\u00bfCon qu\u00e9 ventajas cuenta el Seguro de embarcaciones?<\/p>\n\n\n\n<ul class=\"wp-block-list\"><li>Cubre todo tipo de embarcaciones deportivas que se utilicen con finalidades de recreo<\/li><li>\u00c1mbito de navegaci\u00f3n amplio<\/li><li>Protecci\u00f3n para los ocupantes<\/li><li>Coberturas opcionales seg\u00fan tus demandas<\/li><li>Varias modalidades de contrataci\u00f3n<\/li><\/ul>\n\n\n\n<p>\u00bfQu\u00e9 puede contratarse en el seguro?<\/p>\n\n\n\n<ul class=\"wp-block-list\"><li>Responsabilidad civil: incluye los da\u00f1os a terceros, pudiendo ser ampliada<\/li><li>Asistencia mar\u00edtima: remolcaje en el caso de que fuera necesario<\/li><li>Accidente de ocupantes: cobertura de los gastos sanitarios<\/li><li>Robo y aver\u00edas: tanto del barco como del mobiliario del interior<\/li><li>P\u00e9rdida total: el seguro cubre el valor correspondiente<\/li><\/ul>\n\n\n\n<div class=\"iframeContainer\">\n  <div class=\"form\">\n    <div class=\"wpforms-container wpforms-container-full\" id=\"wpforms-901\"><form id=\"wpforms-form-901\" class=\"wpforms-validate wpforms-form wpforms-ajax-form\" data-formid=\"901\" method=\"post\" enctype=\"multipart\/form-data\" action=\"\/index.php\/wp-json\/wp\/v2\/pages\/898\" data-token=\"7260534c88461ce4f0e60916c10e4c69\" data-token-time=\"1777992659\"><noscript class=\"wpforms-error-noscript\">Por favor, activa JavaScript en tu navegador para completar este formulario.<\/noscript><div class=\"wpforms-field-container\"><div id=\"wpforms-901-field_0-container\" class=\"wpforms-field wpforms-field-name\" data-field-id=\"0\"><label class=\"wpforms-field-label\" for=\"wpforms-901-field_0\">Nombre <span class=\"wpforms-required-label\">*<\/span><\/label><input type=\"text\" id=\"wpforms-901-field_0\" class=\"wpforms-field-medium wpforms-field-required\" name=\"wpforms[fields][0]\" required><\/div><div id=\"wpforms-901-field_1-container\" class=\"wpforms-field wpforms-field-email\" data-field-id=\"1\"><label class=\"wpforms-field-label\" for=\"wpforms-901-field_1\">Email<\/label><input type=\"email\" id=\"wpforms-901-field_1\" class=\"wpforms-field-medium\" name=\"wpforms[fields][1]\" spellcheck=\"false\" ><\/div><div id=\"wpforms-901-field_3-container\" class=\"wpforms-field wpforms-field-number\" data-field-id=\"3\"><label class=\"wpforms-field-label\" for=\"wpforms-901-field_3\">Tel\u00e9fono<\/label><input type=\"number\" id=\"wpforms-901-field_3\" class=\"wpforms-field-medium\" name=\"wpforms[fields][3]\" step=\"any\" ><div class=\"wpforms-field-description\">Sin espacios ni guiones: ej985113998<\/div><\/div><div id=\"wpforms-901-field_18-container\" class=\"wpforms-field wpforms-field-email\" data-field-id=\"18\"><label class=\"wpforms-field-label\" for=\"wpforms-901-field_18\">Empresa<\/label><input type=\"email\" id=\"wpforms-901-field_18\" class=\"wpforms-field-medium\" name=\"wpforms[fields][18]\" spellcheck=\"false\" ><\/div><div id=\"wpforms-901-field_21-container\" class=\"wpforms-field wpforms-field-text\" data-field-id=\"21\"><label class=\"wpforms-field-label\" for=\"wpforms-901-field_21\">Asunto<\/label><input type=\"text\" id=\"wpforms-901-field_21\" class=\"wpforms-field-medium\" name=\"wpforms[fields][21]\" ><\/div><div id=\"wpforms-901-field_22-container\" class=\"wpforms-field wpforms-field-text\" data-field-id=\"22\"><label class=\"wpforms-field-label\" for=\"wpforms-901-field_22\">Motivo de la consulta <span class=\"wpforms-required-label\">*<\/span><\/label><input type=\"text\" id=\"wpforms-901-field_22\" class=\"wpforms-field-medium wpforms-field-required\" name=\"wpforms[fields][22]\" required><\/div><\/div><!-- .wpforms-field-container --><div class=\"wpforms-recaptcha-container wpforms-is-recaptcha wpforms-is-recaptcha-type-v2\" ><div class=\"g-recaptcha\" data-sitekey=\"6LeffNUZAAAAADWBGG1fvM9zMe6KyjyedhvXX1ZU\"><\/div><input type=\"text\" name=\"g-recaptcha-hidden\" class=\"wpforms-recaptcha-hidden\" style=\"position:absolute!important;clip:rect(0,0,0,0)!important;height:1px!important;width:1px!important;border:0!important;overflow:hidden!important;padding:0!important;margin:0!important;\" data-rule-recaptcha=\"1\"><\/div><div class=\"wpforms-submit-container\" ><input type=\"hidden\" name=\"wpforms[id]\" value=\"901\"><input type=\"hidden\" name=\"page_title\" value=\"\"><input type=\"hidden\" name=\"page_url\" value=\"https:\/\/narancoseguros.com\/index.php\/wp-json\/wp\/v2\/pages\/898\"><input type=\"hidden\" name=\"url_referer\" value=\"\"><button type=\"submit\" name=\"wpforms[submit]\" id=\"wpforms-submit-901\" class=\"wpforms-submit btn btn-primary btn-lg\" data-alt-text=\"Enviando...\" data-submit-text=\"Enviar\" aria-live=\"assertive\" value=\"wpforms-submit\">Enviar<\/button><img loading=\"lazy\" decoding=\"async\" src=\"https:\/\/narancoseguros.com\/wp-content\/plugins\/wpforms-lite\/assets\/images\/submit-spin.svg\" class=\"wpforms-submit-spinner\" style=\"display: none;\" width=\"26\" height=\"26\" alt=\"Cargando\"><\/div><\/form><\/div>  <!-- .wpforms-container -->\t\n  <\/div>\n  <div class=\"infoColumn\">\n    <h2 class=\"titulo\">\u00bfTienes alguna duda?<\/h2>\n    <h5><i class=\"fas fa-mobile-alt\"><\/i> 985 11 39 98<\/h5>\n    <h5><i class=\"fas fa-paper-plane\"><\/i> info@narancoseguros.com<\/h5>\n    <h5><i class=\"fas fa-tag\"><\/i> <a href=\"https:\/\/narancoseguros.com\/wp-content\/uploads\/2020\/10\/diccionario.pdf\" target=\"_blank\" rel=\"noopener noreferrer\">Diccionario del seguro<\/a><\/h5>\n    <h4>Datos de inter\u00e9s sobre el seguro<\/h4>\n    <hr>\n\n  <\/div>\n<\/div>\n","protected":false},"excerpt":{"rendered":"<p>Navega con tranquilidad con las coberturas m\u00e1s amplias en Naranco Seguros Tienen la consideraci\u00f3n de embarcaciones deportivas, los objetos flotantes de navegaci\u00f3n de recreo y deportiva propulsados a motor, as\u00ed como aqu\u00e9llos que carezcan de motor y tengan una eslora superior a 6 metros e inferior a 24 metros. Porque cada embarcaci\u00f3n es diferente, existen &#8230; <a title=\"Seguro embarcaciones\" class=\"read-more\" href=\"https:\/\/narancoseguros.com\/index.php\/seguro-de-embarcaciones\/\" aria-label=\"Leer m\u00e1s sobre Seguro embarcaciones\">Leer m\u00e1s<\/a><\/p>\n","protected":false},"author":1,"featured_media":0,"parent":0,"menu_order":0,"comment_status":"closed","ping_status":"closed","template":"","meta":{"footnotes":""},"class_list":["post-898","page","type-page","status-publish"],"_links":{"self":[{"href":"https:\/\/narancoseguros.com\/index.php\/wp-json\/wp\/v2\/pages\/898","targetHints":{"allow":["GET"]}}],"collection":[{"href":"https:\/\/narancoseguros.com\/index.php\/wp-json\/wp\/v2\/pages"}],"about":[{"href":"https:\/\/narancoseguros.com\/index.php\/wp-json\/wp\/v2\/types\/page"}],"author":[{"embeddable":true,"href":"https:\/\/narancoseguros.com\/index.php\/wp-json\/wp\/v2\/users\/1"}],"replies":[{"embeddable":true,"href":"https:\/\/narancoseguros.com\/index.php\/wp-json\/wp\/v2\/comments?post=898"}],"version-history":[{"count":3,"href":"https:\/\/narancoseguros.com\/index.php\/wp-json\/wp\/v2\/pages\/898\/revisions"}],"predecessor-version":[{"id":994,"href":"https:\/\/narancoseguros.com\/index.php\/wp-json\/wp\/v2\/pages\/898\/revisions\/994"}],"wp:attachment":[{"href":"https:\/\/narancoseguros.com\/index.php\/wp-json\/wp\/v2\/media?parent=898"}],"curies":[{"name":"wp","href":"https:\/\/api.w.org\/{rel}","templated":true}]}}