{"id":872,"date":"2021-03-01T12:13:20","date_gmt":"2021-03-01T12:13:20","guid":{"rendered":"https:\/\/narancoseguros.com\/?page_id=872"},"modified":"2021-05-06T12:01:20","modified_gmt":"2021-05-06T12:01:20","slug":"seguro-de-esqui","status":"publish","type":"page","link":"https:\/\/narancoseguros.com\/index.php\/seguro-de-esqui\/","title":{"rendered":"Seguro esqu\u00ed"},"content":{"rendered":"\n<div class=\"wp-block-cover has-background-dim\" style=\"background-image:url(https:\/\/narancoseguros.com\/wp-content\/uploads\/2021\/03\/ski-1434043.jpg)\"><div class=\"wp-block-cover__inner-container is-layout-flow wp-block-cover-is-layout-flow\">\n<p class=\"has-text-align-center encabezado has-large-font-size\">SEGURO ESQU\u00cd<\/p>\n<\/div><\/div>\n\n\n\n<h2 class=\"titulo wp-block-heading\">El seguro m\u00e1s completo de los&nbsp;seguros de esqu\u00ed y deportes de invierno. V\u00e1lido en todo el mundo. Calc\u00falalo en <span class=\"has-inline-color has-pale-cyan-blue-color\">Naranco Seguros<\/span>.<\/h2>\n\n\n\n<p>Las ventajas m\u00e1s destacadas de contratar un seguro de esqu\u00ed:<\/p>\n\n\n\n<ul class=\"wp-block-list\"><li>Diferentes modalidades de contrataci\u00f3n: posibilidad de elegir entre varias opciones, dependiendo de la frecuencia con la que vayas a esquiar: dos d\u00edas, semanal, anual o de temporada. Tambi\u00e9n se puede escoger entre una modalidad de individual o con un ahorro importante si se va a esquiar en familia.<\/li><li>Asistencia m\u00e9dica, rescate en pistas y repatriaci\u00f3n: ante accidentes esquiando, y con necesidad de asistencia m\u00e9dica, las compa\u00f1\u00edas se hacen cargo de todos los gastos correspondientes.<\/li><li>P\u00e9rdida de forfaits y clases de esqu\u00ed: gracias al seguro que te ofrece Naranco Seguros, existe la tranquilidad de recibir un reembolso con el importe correspondiente a las clases o forfait no disfrutado.<\/li><li>P\u00e9rdida de equipajes y asistencia legal en viaje: este <strong>seguro de esqu\u00ed<\/strong> ofrece una indemnizaci\u00f3n por p\u00e9rdida de equipaje o material facturado y adem\u00e1s pone a tu disposici\u00f3n un servicio de asistencia legal durante el viaje.<\/li><li>Responsabilidad civil privada en pistas de esqu\u00ed: en caso de provocar da\u00f1os a terceras personas durante la pr\u00e1ctica de esqu\u00ed, este seguro responde ante los perjuicios de los que seas responsable. Se trata de una cobertura que aporta gran tranquilidad mientras disfrutas de tu deporte favorito.<\/li><\/ul>\n\n\n\n<h2 class=\"wp-block-heading\">\u00bfQu\u00e9 cubre el seguro de esqu\u00ed?&nbsp;<\/h2>\n\n\n\n<ul class=\"wp-block-list\"><li>Rescate en pistas<\/li><li>Asistencia sanitaria<\/li><li>Transporte y repatriaci\u00f3n: incluye el traslado de enfermos y heridos desde cualquier pa\u00eds. La repatriaci\u00f3n en caso de fallecimiento tambi\u00e9n est\u00e1 incluida en el seguro.&nbsp;<\/li><li>P\u00e9rdida de forfait y clases de esqu\u00ed: el seguro abona la cantidad p\u00e9rdida.<\/li><li>P\u00e9rdida de equipaje y de material facturado: la p\u00f3liza se hace cargo de los gastos ocasionados en caso de perder el equipaje y el equipamiento.<\/li><\/ul>\n\n\n\n<p>Responsabilidad civil privada en pistas de esqu\u00ed: esquiar con la tranquilidad de un seguro que responde por t\u00ed en caso de que perjuicio a terceras personas.<\/p>\n\n\n\n<div class=\"iframeContainer\">\n  <div class=\"form\">\n    <div class=\"wpforms-container wpforms-container-full\" id=\"wpforms-895\"><form id=\"wpforms-form-895\" class=\"wpforms-validate wpforms-form wpforms-ajax-form\" data-formid=\"895\" method=\"post\" enctype=\"multipart\/form-data\" action=\"\/index.php\/wp-json\/wp\/v2\/pages\/872\" data-token=\"d0722d7a8fb0f7f5b1ea0983dd43bd07\" data-token-time=\"1777804499\"><noscript class=\"wpforms-error-noscript\">Por favor, activa JavaScript en tu navegador para completar este formulario.<\/noscript><div class=\"wpforms-field-container\"><div id=\"wpforms-895-field_0-container\" class=\"wpforms-field wpforms-field-name\" data-field-id=\"0\"><label class=\"wpforms-field-label\" for=\"wpforms-895-field_0\">Nombre <span class=\"wpforms-required-label\">*<\/span><\/label><input type=\"text\" id=\"wpforms-895-field_0\" class=\"wpforms-field-medium wpforms-field-required\" name=\"wpforms[fields][0]\" required><\/div><div id=\"wpforms-895-field_1-container\" class=\"wpforms-field wpforms-field-email\" data-field-id=\"1\"><label class=\"wpforms-field-label\" for=\"wpforms-895-field_1\">Email<\/label><input type=\"email\" id=\"wpforms-895-field_1\" class=\"wpforms-field-medium\" name=\"wpforms[fields][1]\" spellcheck=\"false\" ><\/div><div id=\"wpforms-895-field_3-container\" class=\"wpforms-field wpforms-field-number\" data-field-id=\"3\"><label class=\"wpforms-field-label\" for=\"wpforms-895-field_3\">Tel\u00e9fono<\/label><input type=\"number\" id=\"wpforms-895-field_3\" class=\"wpforms-field-medium\" name=\"wpforms[fields][3]\" step=\"any\" ><div class=\"wpforms-field-description\">Sin espacios ni guiones: ej985113998<\/div><\/div><div id=\"wpforms-895-field_18-container\" class=\"wpforms-field wpforms-field-email\" data-field-id=\"18\"><label class=\"wpforms-field-label\" for=\"wpforms-895-field_18\">Empresa<\/label><input type=\"email\" id=\"wpforms-895-field_18\" class=\"wpforms-field-medium\" name=\"wpforms[fields][18]\" spellcheck=\"false\" ><\/div><div id=\"wpforms-895-field_21-container\" class=\"wpforms-field wpforms-field-text\" data-field-id=\"21\"><label class=\"wpforms-field-label\" for=\"wpforms-895-field_21\">Asunto<\/label><input type=\"text\" id=\"wpforms-895-field_21\" class=\"wpforms-field-medium\" name=\"wpforms[fields][21]\" ><\/div><div id=\"wpforms-895-field_22-container\" class=\"wpforms-field wpforms-field-text\" data-field-id=\"22\"><label class=\"wpforms-field-label\" for=\"wpforms-895-field_22\">Motivo de la consulta <span class=\"wpforms-required-label\">*<\/span><\/label><input type=\"text\" id=\"wpforms-895-field_22\" class=\"wpforms-field-medium wpforms-field-required\" name=\"wpforms[fields][22]\" required><\/div><\/div><!-- .wpforms-field-container --><div class=\"wpforms-recaptcha-container wpforms-is-recaptcha wpforms-is-recaptcha-type-v2\" ><div class=\"g-recaptcha\" data-sitekey=\"6LeffNUZAAAAADWBGG1fvM9zMe6KyjyedhvXX1ZU\"><\/div><input type=\"text\" name=\"g-recaptcha-hidden\" class=\"wpforms-recaptcha-hidden\" style=\"position:absolute!important;clip:rect(0,0,0,0)!important;height:1px!important;width:1px!important;border:0!important;overflow:hidden!important;padding:0!important;margin:0!important;\" data-rule-recaptcha=\"1\"><\/div><div class=\"wpforms-submit-container\" ><input type=\"hidden\" name=\"wpforms[id]\" value=\"895\"><input type=\"hidden\" name=\"page_title\" value=\"\"><input type=\"hidden\" name=\"page_url\" value=\"https:\/\/narancoseguros.com\/index.php\/wp-json\/wp\/v2\/pages\/872\"><input type=\"hidden\" name=\"url_referer\" value=\"\"><button type=\"submit\" name=\"wpforms[submit]\" id=\"wpforms-submit-895\" class=\"wpforms-submit btn btn-primary btn-lg\" data-alt-text=\"Enviando...\" data-submit-text=\"Enviar\" aria-live=\"assertive\" value=\"wpforms-submit\">Enviar<\/button><img loading=\"lazy\" decoding=\"async\" src=\"https:\/\/narancoseguros.com\/wp-content\/plugins\/wpforms-lite\/assets\/images\/submit-spin.svg\" class=\"wpforms-submit-spinner\" style=\"display: none;\" width=\"26\" height=\"26\" alt=\"Cargando\"><\/div><\/form><\/div>  <!-- .wpforms-container -->\t\n  <\/div>\n  <div class=\"infoColumn\">\n    <h2 class=\"titulo\">\u00bfTienes alguna duda?<\/h2>\n    <h5><i class=\"fas fa-mobile-alt\"><\/i> 985 11 39 98<\/h5>\n    <h5><i class=\"fas fa-paper-plane\"><\/i> info@narancoseguros.com<\/h5>\n    <h5><i class=\"fas fa-tag\"><\/i> <a href=\"https:\/\/narancoseguros.com\/wp-content\/uploads\/2020\/10\/diccionario.pdf\" target=\"_blank\" rel=\"noopener noreferrer\">Diccionario del seguro<\/a><\/h5>\n    <h4>Datos de inter\u00e9s sobre el seguro<\/h4>\n    <hr>\n\n  <\/div>\n<\/div>\n","protected":false},"excerpt":{"rendered":"<p>El seguro m\u00e1s completo de los&nbsp;seguros de esqu\u00ed y deportes de invierno. V\u00e1lido en todo el mundo. Calc\u00falalo en Naranco Seguros. Las ventajas m\u00e1s destacadas de contratar un seguro de esqu\u00ed: Diferentes modalidades de contrataci\u00f3n: posibilidad de elegir entre varias opciones, dependiendo de la frecuencia con la que vayas a esquiar: dos d\u00edas, semanal, anual &#8230; <a title=\"Seguro esqu\u00ed\" class=\"read-more\" href=\"https:\/\/narancoseguros.com\/index.php\/seguro-de-esqui\/\" aria-label=\"Leer m\u00e1s sobre Seguro esqu\u00ed\">Leer m\u00e1s<\/a><\/p>\n","protected":false},"author":1,"featured_media":0,"parent":0,"menu_order":0,"comment_status":"closed","ping_status":"closed","template":"","meta":{"footnotes":""},"class_list":["post-872","page","type-page","status-publish"],"_links":{"self":[{"href":"https:\/\/narancoseguros.com\/index.php\/wp-json\/wp\/v2\/pages\/872","targetHints":{"allow":["GET"]}}],"collection":[{"href":"https:\/\/narancoseguros.com\/index.php\/wp-json\/wp\/v2\/pages"}],"about":[{"href":"https:\/\/narancoseguros.com\/index.php\/wp-json\/wp\/v2\/types\/page"}],"author":[{"embeddable":true,"href":"https:\/\/narancoseguros.com\/index.php\/wp-json\/wp\/v2\/users\/1"}],"replies":[{"embeddable":true,"href":"https:\/\/narancoseguros.com\/index.php\/wp-json\/wp\/v2\/comments?post=872"}],"version-history":[{"count":3,"href":"https:\/\/narancoseguros.com\/index.php\/wp-json\/wp\/v2\/pages\/872\/revisions"}],"predecessor-version":[{"id":995,"href":"https:\/\/narancoseguros.com\/index.php\/wp-json\/wp\/v2\/pages\/872\/revisions\/995"}],"wp:attachment":[{"href":"https:\/\/narancoseguros.com\/index.php\/wp-json\/wp\/v2\/media?parent=872"}],"curies":[{"name":"wp","href":"https:\/\/api.w.org\/{rel}","templated":true}]}}