{"id":868,"date":"2021-03-01T12:07:42","date_gmt":"2021-03-01T12:07:42","guid":{"rendered":"https:\/\/narancoseguros.com\/?page_id=868"},"modified":"2021-05-06T12:02:58","modified_gmt":"2021-05-06T12:02:58","slug":"seguro-de-moviles-y-portatiles","status":"publish","type":"page","link":"https:\/\/narancoseguros.com\/index.php\/seguro-de-moviles-y-portatiles\/","title":{"rendered":"Seguro m\u00f3viles y port\u00e1tiles"},"content":{"rendered":"\n<div class=\"wp-block-cover has-background-dim\" style=\"background-image:url(https:\/\/narancoseguros.com\/wp-content\/uploads\/2021\/03\/laptop-1509845.jpg)\"><div class=\"wp-block-cover__inner-container is-layout-flow wp-block-cover-is-layout-flow\">\n<p class=\"has-text-align-center encabezado has-large-font-size\">SEGURO M\u00d3VILES Y PORT\u00c1TILES<\/p>\n<\/div><\/div>\n\n\n\n<h2 class=\"titulo wp-block-heading\">Asegura los equipos electr\u00f3nicos con <span class=\"has-inline-color has-pale-cyan-blue-color\">Naranco Seguros<\/span><\/h2>\n\n\n\n<p>Este tipo de equipos deben tener una garant\u00eda legal de dos a\u00f1os seg\u00fan la Ley para la&nbsp;reparaci\u00f3n o sustituci\u00f3n del producto&nbsp;en caso de sufrir un fallo t\u00e9cnico, pero en esta norma tambi\u00e9n existen multitud de exclusiones. Proteger nuestros dispositivos al m\u00e1ximo con la cobertura de todo riesgo tecnol\u00f3gico se presenta como una de las mejores alternativas.&nbsp;<\/p>\n\n\n\n<p>Este seguro, permite estar tranquilo ante los imprevistos que puedan surgir a una de las principales inversiones econ\u00f3micas, laborales o vitales en nuestra casa o empresa. Contr\u00e1talo con una sola llamada o un solo mensaje y <span class=\"has-inline-color has-pale-cyan-blue-color\">Naranco Seguros <\/span>te lo activa lo m\u00e1s r\u00e1pido posible.<\/p>\n\n\n\n<p>Ventajas de asegurar los equipos electr\u00f3nicos<\/p>\n\n\n\n<ul class=\"wp-block-list\"><li>Cualquier tipo de equipo: fijos, m\u00f3viles, port\u00e1tiles, tabletas, etc.<\/li><li>Puedes protegerlos tambi\u00e9n de da\u00f1os externos.<\/li><li>Es flexible porque est\u00e1 pensado para el propietario<\/li><\/ul>\n\n\n\n<p>Tipos de seguros<\/p>\n\n\n\n<ul class=\"wp-block-list\"><li>Coberturas b\u00e1sicas: errores humanos, funcionamiento extra\u00f1o, fen\u00f3menos el\u00e9ctricos por causas externas o el impacto.<\/li><\/ul>\n\n\n\n<p>Con los avances en tecnolog\u00eda, cada vez es m\u00e1s habitual que las compa\u00f1\u00edas aseguradoras dispongan de coberturas todo riesgo tecnol\u00f3gico para cubrir la rotura accidental de tel\u00e9fonos m\u00f3viles, dispositivos inform\u00e1ticos y aparatos de imagen y sonido. Inf\u00f3rmate en <span class=\"has-inline-color has-pale-cyan-blue-color\">Naranco Seguros<\/span>.<\/p>\n\n\n\n<div class=\"iframeContainer\">\n  <div class=\"form\">\n    <div class=\"wpforms-container wpforms-container-full\" id=\"wpforms-891\"><form id=\"wpforms-form-891\" class=\"wpforms-validate wpforms-form wpforms-ajax-form\" data-formid=\"891\" method=\"post\" enctype=\"multipart\/form-data\" action=\"\/index.php\/wp-json\/wp\/v2\/pages\/868\" data-token=\"1e0f6c0171d6c0a459dcfd8115fbf54a\" data-token-time=\"1777804438\"><noscript class=\"wpforms-error-noscript\">Por favor, activa JavaScript en tu navegador para completar este formulario.<\/noscript><div class=\"wpforms-field-container\"><div id=\"wpforms-891-field_0-container\" class=\"wpforms-field wpforms-field-name\" data-field-id=\"0\"><label class=\"wpforms-field-label\" for=\"wpforms-891-field_0\">Nombre <span class=\"wpforms-required-label\">*<\/span><\/label><input type=\"text\" id=\"wpforms-891-field_0\" class=\"wpforms-field-medium wpforms-field-required\" name=\"wpforms[fields][0]\" required><\/div><div id=\"wpforms-891-field_1-container\" class=\"wpforms-field wpforms-field-email\" data-field-id=\"1\"><label class=\"wpforms-field-label\" for=\"wpforms-891-field_1\">Email<\/label><input type=\"email\" id=\"wpforms-891-field_1\" class=\"wpforms-field-medium\" name=\"wpforms[fields][1]\" spellcheck=\"false\" ><\/div><div id=\"wpforms-891-field_3-container\" class=\"wpforms-field wpforms-field-number\" data-field-id=\"3\"><label class=\"wpforms-field-label\" for=\"wpforms-891-field_3\">Tel\u00e9fono<\/label><input type=\"number\" id=\"wpforms-891-field_3\" class=\"wpforms-field-medium\" name=\"wpforms[fields][3]\" step=\"any\" ><div class=\"wpforms-field-description\">Sin espacios ni guiones: ej985113998<\/div><\/div><div id=\"wpforms-891-field_18-container\" class=\"wpforms-field wpforms-field-email\" data-field-id=\"18\"><label class=\"wpforms-field-label\" for=\"wpforms-891-field_18\">Empresa<\/label><input type=\"email\" id=\"wpforms-891-field_18\" class=\"wpforms-field-medium\" name=\"wpforms[fields][18]\" spellcheck=\"false\" ><\/div><div id=\"wpforms-891-field_21-container\" class=\"wpforms-field wpforms-field-text\" data-field-id=\"21\"><label class=\"wpforms-field-label\" for=\"wpforms-891-field_21\">Asunto<\/label><input type=\"text\" id=\"wpforms-891-field_21\" class=\"wpforms-field-medium\" name=\"wpforms[fields][21]\" ><\/div><div id=\"wpforms-891-field_22-container\" class=\"wpforms-field wpforms-field-text\" data-field-id=\"22\"><label class=\"wpforms-field-label\" for=\"wpforms-891-field_22\">Motivo de la consulta <span class=\"wpforms-required-label\">*<\/span><\/label><input type=\"text\" id=\"wpforms-891-field_22\" class=\"wpforms-field-medium wpforms-field-required\" name=\"wpforms[fields][22]\" required><\/div><\/div><!-- .wpforms-field-container --><div class=\"wpforms-recaptcha-container wpforms-is-recaptcha wpforms-is-recaptcha-type-v2\" ><div class=\"g-recaptcha\" data-sitekey=\"6LeffNUZAAAAADWBGG1fvM9zMe6KyjyedhvXX1ZU\"><\/div><input type=\"text\" name=\"g-recaptcha-hidden\" class=\"wpforms-recaptcha-hidden\" style=\"position:absolute!important;clip:rect(0,0,0,0)!important;height:1px!important;width:1px!important;border:0!important;overflow:hidden!important;padding:0!important;margin:0!important;\" data-rule-recaptcha=\"1\"><\/div><div class=\"wpforms-submit-container\" ><input type=\"hidden\" name=\"wpforms[id]\" value=\"891\"><input type=\"hidden\" name=\"page_title\" value=\"\"><input type=\"hidden\" name=\"page_url\" value=\"https:\/\/narancoseguros.com\/index.php\/wp-json\/wp\/v2\/pages\/868\"><input type=\"hidden\" name=\"url_referer\" value=\"\"><button type=\"submit\" name=\"wpforms[submit]\" id=\"wpforms-submit-891\" class=\"wpforms-submit btn btn-primary btn-lg\" data-alt-text=\"Enviando...\" data-submit-text=\"Enviar\" aria-live=\"assertive\" value=\"wpforms-submit\">Enviar<\/button><img loading=\"lazy\" decoding=\"async\" src=\"https:\/\/narancoseguros.com\/wp-content\/plugins\/wpforms-lite\/assets\/images\/submit-spin.svg\" class=\"wpforms-submit-spinner\" style=\"display: none;\" width=\"26\" height=\"26\" alt=\"Cargando\"><\/div><\/form><\/div>  <!-- .wpforms-container -->\t\n  <\/div>\n  <div class=\"infoColumn\">\n    <h2 class=\"titulo\">\u00bfTienes alguna duda?<\/h2>\n    <h5><i class=\"fas fa-mobile-alt\"><\/i> 985 11 39 98<\/h5>\n    <h5><i class=\"fas fa-paper-plane\"><\/i> info@narancoseguros.com<\/h5>\n    <h5><i class=\"fas fa-tag\"><\/i> <a href=\"https:\/\/narancoseguros.com\/wp-content\/uploads\/2020\/10\/diccionario.pdf\" target=\"_blank\" rel=\"noopener noreferrer\">Diccionario del seguro<\/a><\/h5>\n    <h4>Datos de inter\u00e9s sobre el seguro<\/h4>\n    <hr>\n\n  <\/div>\n<\/div>\n","protected":false},"excerpt":{"rendered":"<p>Asegura los equipos electr\u00f3nicos con Naranco Seguros Este tipo de equipos deben tener una garant\u00eda legal de dos a\u00f1os seg\u00fan la Ley para la&nbsp;reparaci\u00f3n o sustituci\u00f3n del producto&nbsp;en caso de sufrir un fallo t\u00e9cnico, pero en esta norma tambi\u00e9n existen multitud de exclusiones. Proteger nuestros dispositivos al m\u00e1ximo con la cobertura de todo riesgo tecnol\u00f3gico &#8230; <a title=\"Seguro m\u00f3viles y port\u00e1tiles\" class=\"read-more\" href=\"https:\/\/narancoseguros.com\/index.php\/seguro-de-moviles-y-portatiles\/\" aria-label=\"Leer m\u00e1s sobre Seguro m\u00f3viles y port\u00e1tiles\">Leer m\u00e1s<\/a><\/p>\n","protected":false},"author":1,"featured_media":0,"parent":0,"menu_order":0,"comment_status":"closed","ping_status":"closed","template":"","meta":{"footnotes":""},"class_list":["post-868","page","type-page","status-publish"],"_links":{"self":[{"href":"https:\/\/narancoseguros.com\/index.php\/wp-json\/wp\/v2\/pages\/868","targetHints":{"allow":["GET"]}}],"collection":[{"href":"https:\/\/narancoseguros.com\/index.php\/wp-json\/wp\/v2\/pages"}],"about":[{"href":"https:\/\/narancoseguros.com\/index.php\/wp-json\/wp\/v2\/types\/page"}],"author":[{"embeddable":true,"href":"https:\/\/narancoseguros.com\/index.php\/wp-json\/wp\/v2\/users\/1"}],"replies":[{"embeddable":true,"href":"https:\/\/narancoseguros.com\/index.php\/wp-json\/wp\/v2\/comments?post=868"}],"version-history":[{"count":3,"href":"https:\/\/narancoseguros.com\/index.php\/wp-json\/wp\/v2\/pages\/868\/revisions"}],"predecessor-version":[{"id":1000,"href":"https:\/\/narancoseguros.com\/index.php\/wp-json\/wp\/v2\/pages\/868\/revisions\/1000"}],"wp:attachment":[{"href":"https:\/\/narancoseguros.com\/index.php\/wp-json\/wp\/v2\/media?parent=868"}],"curies":[{"name":"wp","href":"https:\/\/api.w.org\/{rel}","templated":true}]}}