{"id":854,"date":"2021-02-26T20:03:36","date_gmt":"2021-02-26T20:03:36","guid":{"rendered":"https:\/\/narancoseguros.com\/?page_id=854"},"modified":"2021-05-06T11:58:54","modified_gmt":"2021-05-06T11:58:54","slug":"seguro-de-autocaravanas","status":"publish","type":"page","link":"https:\/\/narancoseguros.com\/index.php\/seguro-de-autocaravanas\/","title":{"rendered":"Seguro autocaravanas"},"content":{"rendered":"\n<div class=\"wp-block-cover has-background-dim\" style=\"background-image:url(https:\/\/narancoseguros.com\/wp-content\/uploads\/2021\/02\/furgo-1531838-scaled.jpg)\"><div class=\"wp-block-cover__inner-container is-layout-flow wp-block-cover-is-layout-flow\">\n<p class=\"has-text-align-center encabezado has-large-font-size\">SEGURO AUTOCARAVANAS<\/p>\n<\/div><\/div>\n\n\n\n<h2 class=\"titulo wp-block-heading\"><span class=\"has-inline-color has-pale-cyan-blue-color\">Naranco Seguros<\/span> gestiona las coberturas con compa\u00f1\u00edas expertas para caravanas y autocaravanas<\/h2>\n\n\n\n<p>Es obligatorio, por ley, tener un seguro para cualquier autocaravana. Hacerlo puede parecer sencillo, pero tiene sus peculiaridades. Desde <span class=\"has-inline-color has-pale-cyan-blue-color\">Naranco Seguros<\/span>, podemos orientarte respecto a imprescindibles a la hora de mirar y elegir uno u otro seguro:<\/p>\n\n\n\n<ul class=\"wp-block-list\"><li>Que cubra todas las necesidades a un precio razonable.<\/li><li>Que la empresa conozca las necesidades que tienen los usuarios de caravanas y furgonetas.<\/li><li>Asistencia en carretera ilimitada, imprescindible ante cualquier problema.<\/li><\/ul>\n\n\n\n<p>\u00bfCu\u00e1les son los tipos de seguro disponibles para una autocaravana?<\/p>\n\n\n\n<ul class=\"wp-block-list\"><li>Terceros<\/li><li>Terceros ampliado<\/li><li>Todo riesgo<\/li><li>Todo riesgo con franquicia<\/li><\/ul>\n\n\n\n<p>Puedes ampliar tu seguro. A veces, es necesario declarar los extras y en otras ocasiones no es necesario, fij\u00e1ndose un l\u00edmite a la cantidad asegurada. Adem\u00e1s, cada compa\u00f1\u00eda tiene sus propias normas a la hora de asegurar los extras de la autocaravana. Normalmente las garant\u00edas de da\u00f1os propios cubren las pertenencias personales hasta un l\u00edmite pactado en la p\u00f3liza: ropa, equipaje, art\u00edculos de cosm\u00e9tica, etc. El seguro no incluye el contenido, habr\u00eda que asegurar estos elementos por separado: muebles, televisi\u00f3n, ordenadores, etc.<\/p>\n\n\n\n<div class=\"iframeContainer\">\n  <div class=\"form\">\n    <div class=\"wpforms-container wpforms-container-full\" id=\"wpforms-884\"><form id=\"wpforms-form-884\" class=\"wpforms-validate wpforms-form wpforms-ajax-form\" data-formid=\"884\" method=\"post\" enctype=\"multipart\/form-data\" action=\"\/index.php\/wp-json\/wp\/v2\/pages\/854\" data-token=\"175674c7517fb671878e8902a3bdf3c1\" data-token-time=\"1777992685\"><noscript class=\"wpforms-error-noscript\">Por favor, activa JavaScript en tu navegador para completar este formulario.<\/noscript><div class=\"wpforms-field-container\"><div id=\"wpforms-884-field_0-container\" class=\"wpforms-field wpforms-field-name\" data-field-id=\"0\"><label class=\"wpforms-field-label\" for=\"wpforms-884-field_0\">Nombre <span class=\"wpforms-required-label\">*<\/span><\/label><input type=\"text\" id=\"wpforms-884-field_0\" class=\"wpforms-field-medium wpforms-field-required\" name=\"wpforms[fields][0]\" required><\/div><div id=\"wpforms-884-field_1-container\" class=\"wpforms-field wpforms-field-email\" data-field-id=\"1\"><label class=\"wpforms-field-label\" for=\"wpforms-884-field_1\">Email<\/label><input type=\"email\" id=\"wpforms-884-field_1\" class=\"wpforms-field-medium\" name=\"wpforms[fields][1]\" spellcheck=\"false\" ><\/div><div id=\"wpforms-884-field_3-container\" class=\"wpforms-field wpforms-field-number\" data-field-id=\"3\"><label class=\"wpforms-field-label\" for=\"wpforms-884-field_3\">Tel\u00e9fono<\/label><input type=\"number\" id=\"wpforms-884-field_3\" class=\"wpforms-field-medium\" name=\"wpforms[fields][3]\" step=\"any\" ><div class=\"wpforms-field-description\">Sin espacios ni guiones: ej985113998<\/div><\/div><div id=\"wpforms-884-field_18-container\" class=\"wpforms-field wpforms-field-email\" data-field-id=\"18\"><label class=\"wpforms-field-label\" for=\"wpforms-884-field_18\">Empresa<\/label><input type=\"email\" id=\"wpforms-884-field_18\" class=\"wpforms-field-medium\" name=\"wpforms[fields][18]\" spellcheck=\"false\" ><\/div><div id=\"wpforms-884-field_21-container\" class=\"wpforms-field wpforms-field-text\" data-field-id=\"21\"><label class=\"wpforms-field-label\" for=\"wpforms-884-field_21\">Asunto<\/label><input type=\"text\" id=\"wpforms-884-field_21\" class=\"wpforms-field-medium\" name=\"wpforms[fields][21]\" ><\/div><div id=\"wpforms-884-field_22-container\" class=\"wpforms-field wpforms-field-text\" data-field-id=\"22\"><label class=\"wpforms-field-label\" for=\"wpforms-884-field_22\">Motivo de la consulta <span class=\"wpforms-required-label\">*<\/span><\/label><input type=\"text\" id=\"wpforms-884-field_22\" class=\"wpforms-field-medium wpforms-field-required\" name=\"wpforms[fields][22]\" required><\/div><\/div><!-- .wpforms-field-container --><div class=\"wpforms-recaptcha-container wpforms-is-recaptcha wpforms-is-recaptcha-type-v2\" ><div class=\"g-recaptcha\" data-sitekey=\"6LeffNUZAAAAADWBGG1fvM9zMe6KyjyedhvXX1ZU\"><\/div><input type=\"text\" name=\"g-recaptcha-hidden\" class=\"wpforms-recaptcha-hidden\" style=\"position:absolute!important;clip:rect(0,0,0,0)!important;height:1px!important;width:1px!important;border:0!important;overflow:hidden!important;padding:0!important;margin:0!important;\" data-rule-recaptcha=\"1\"><\/div><div class=\"wpforms-submit-container\" ><input type=\"hidden\" name=\"wpforms[id]\" value=\"884\"><input type=\"hidden\" name=\"page_title\" value=\"\"><input type=\"hidden\" name=\"page_url\" value=\"https:\/\/narancoseguros.com\/index.php\/wp-json\/wp\/v2\/pages\/854\"><input type=\"hidden\" name=\"url_referer\" value=\"\"><button type=\"submit\" name=\"wpforms[submit]\" id=\"wpforms-submit-884\" class=\"wpforms-submit btn btn-primary btn-lg\" data-alt-text=\"Enviando...\" data-submit-text=\"Enviar\" aria-live=\"assertive\" value=\"wpforms-submit\">Enviar<\/button><img loading=\"lazy\" decoding=\"async\" src=\"https:\/\/narancoseguros.com\/wp-content\/plugins\/wpforms-lite\/assets\/images\/submit-spin.svg\" class=\"wpforms-submit-spinner\" style=\"display: none;\" width=\"26\" height=\"26\" alt=\"Cargando\"><\/div><\/form><\/div>  <!-- .wpforms-container -->\t\n  <\/div>\n  <div class=\"infoColumn\">\n    <h2 class=\"titulo\">\u00bfTienes alguna duda?<\/h2>\n    <h5><i class=\"fas fa-mobile-alt\"><\/i> 985 11 39 98<\/h5>\n    <h5><i class=\"fas fa-paper-plane\"><\/i> info@narancoseguros.com<\/h5>\n    <h5><i class=\"fas fa-tag\"><\/i> <a href=\"https:\/\/narancoseguros.com\/wp-content\/uploads\/2020\/10\/diccionario.pdf\" target=\"_blank\" rel=\"noopener noreferrer\">Diccionario del seguro<\/a><\/h5>\n    <h4>Datos de inter\u00e9s sobre el seguro<\/h4>\n    <hr>\n\n  <\/div>\n<\/div>\n","protected":false},"excerpt":{"rendered":"<p>Naranco Seguros gestiona las coberturas con compa\u00f1\u00edas expertas para caravanas y autocaravanas Es obligatorio, por ley, tener un seguro para cualquier autocaravana. Hacerlo puede parecer sencillo, pero tiene sus peculiaridades. Desde Naranco Seguros, podemos orientarte respecto a imprescindibles a la hora de mirar y elegir uno u otro seguro: Que cubra todas las necesidades a &#8230; <a title=\"Seguro autocaravanas\" class=\"read-more\" href=\"https:\/\/narancoseguros.com\/index.php\/seguro-de-autocaravanas\/\" aria-label=\"Leer m\u00e1s sobre Seguro autocaravanas\">Leer m\u00e1s<\/a><\/p>\n","protected":false},"author":1,"featured_media":0,"parent":0,"menu_order":0,"comment_status":"closed","ping_status":"closed","template":"","meta":{"footnotes":""},"class_list":["post-854","page","type-page","status-publish"],"_links":{"self":[{"href":"https:\/\/narancoseguros.com\/index.php\/wp-json\/wp\/v2\/pages\/854","targetHints":{"allow":["GET"]}}],"collection":[{"href":"https:\/\/narancoseguros.com\/index.php\/wp-json\/wp\/v2\/pages"}],"about":[{"href":"https:\/\/narancoseguros.com\/index.php\/wp-json\/wp\/v2\/types\/page"}],"author":[{"embeddable":true,"href":"https:\/\/narancoseguros.com\/index.php\/wp-json\/wp\/v2\/users\/1"}],"replies":[{"embeddable":true,"href":"https:\/\/narancoseguros.com\/index.php\/wp-json\/wp\/v2\/comments?post=854"}],"version-history":[{"count":5,"href":"https:\/\/narancoseguros.com\/index.php\/wp-json\/wp\/v2\/pages\/854\/revisions"}],"predecessor-version":[{"id":986,"href":"https:\/\/narancoseguros.com\/index.php\/wp-json\/wp\/v2\/pages\/854\/revisions\/986"}],"wp:attachment":[{"href":"https:\/\/narancoseguros.com\/index.php\/wp-json\/wp\/v2\/media?parent=854"}],"curies":[{"name":"wp","href":"https:\/\/api.w.org\/{rel}","templated":true}]}}