{"id":517,"date":"2020-10-16T09:11:35","date_gmt":"2020-10-16T09:11:35","guid":{"rendered":"https:\/\/narancoseguros.com\/?page_id=517"},"modified":"2020-10-16T09:11:35","modified_gmt":"2020-10-16T09:11:35","slug":"politica-de-cookies","status":"publish","type":"page","link":"https:\/\/narancoseguros.com\/index.php\/politica-de-cookies\/","title":{"rendered":"Pol\u00edtica de Cookies"},"content":{"rendered":"\n<p class=\"paragrafo\">Se advierte al usuario que la web narancoseguros.com (en adelante \\\u00bbSitio Web\\\u00bb) utiliza cookies. Las cookies son peque\u00f1os ficheros de datos que se generan en el ordenador del Usuario y que permiten que sea el propio Usuario el que almacene la informaci\u00f3n que genera su actividad en la red.<\/p>\n\n\n\n<p class=\"paragrafo\">Las cookies permiten a un sitio web, entre otras cuestiones, almacenar y recuperar informaci\u00f3n sobre los h\u00e1bitos de navegaci\u00f3n del Usuario o de su equipo y, dependiendo de la informaci\u00f3n que contengan y de la forma en que utilice su equipo, pueden utilizarse para reconocer al Usuario.<\/p>\n\n\n\n<p class=\"paragrafo\">Este sitio web puede utilizar las siguientes cookies:<\/p>\n\n\n\n<h3 class=\"titulo wp-block-heading\">1. Cookies de sesi\u00f3n<\/h3>\n\n\n\n<p class=\"paragrafo\">Las cookies de sesi\u00f3n son memorizadas y \u00fanicamente tienen validez temporal, es decir, hasta que el usuario finaliza la navegaci\u00f3n por el sitio web. Estas cookies no graban de forma permanente ninguna informaci\u00f3n en el disco duro de su ordenador.<\/p>\n\n\n\n<h3 class=\"titulo wp-block-heading\">2. Cookies de navegaci\u00f3n<\/h3>\n\n\n\n<p class=\"paragrafo\">El objetivo principal de las cookies de navegaci\u00f3n es evitar ofrecerles recomendaciones no afines a sus intereses y ofrecerles propuestas comerciales dirigidas y personalizadas.<\/p>\n\n\n\n<p class=\"paragrafo\">Estas cookies de navegaci\u00f3n basan su utilidad en el seguimiento temporal de la navegaci\u00f3n por Internet. El Usuario tiene la posibilidad de eliminar este tipo de cookies antes de iniciar la navegaci\u00f3n por otras p\u00e1ginas del sitio web.<\/p>\n\n\n\n<h3 class=\"titulo wp-block-heading\">3. Cookies estad\u00edsticas<\/h3>\n\n\n\n<p class=\"paragrafo\">Las cookies estad\u00edsticas permiten conocer la fecha y la hora de la \u00faltima vez que el Usuario visit\u00f3 nuestro sitio web y el acceso a los contenidos que el Usuario escogi\u00f3 en su \u00faltima visita a nuestro sitio web.<\/p>\n\n\n\n<p class=\"paragrafo\">Para realizar las estad\u00edsticas de uso de nuestro sitio web utilizamos herramientas estad\u00edsticas con un alcance limitado a las funciones descritas en el p\u00e1rrafo anterior y con la finalidad de conocer el nivel de recurrencia de nuestros visitantes y los contenidos que resultan m\u00e1s interesantes. De este modo, podemos concentrar nuestros esfuerzos en mejorar las \u00e1reas m\u00e1s visitadas y hacer que el Usuario encuentre m\u00e1s f\u00e1cilmente lo que busca.<\/p>\n\n\n\n<p class=\"paragrafo\">El Sitio Web puede utilizar la informaci\u00f3n de tu visita para realizar evaluaciones y c\u00e1lculos estad\u00edsticos sobre datos an\u00f3nimos, as\u00ed como para garantizar la continuidad del servicio o para realizar mejoras en el propio portal web. Dicha informaci\u00f3n no ser\u00e1 utilizada para ninguna otra finalidad.<\/p>\n\n\n\n<h3 class=\"titulo wp-block-heading\">4. Cookies de terceros<\/h3>\n\n\n\n<p class=\"paragrafo\">Este Sitio Web utiliza la funci\u00f3n de remarketing por la que recabaremos informaci\u00f3n sobre tu navegaci\u00f3n para poder ofrecerte publicidad sobre nuestros productos y\/o servicios por los que pudieras haberte interesado.<\/p>\n\n\n\n<p class=\"paragrafo\">Asimismo, podremos hacerte llegar publicidad sobre nuestros productos y\/o servicios cuando visites otros sitios web. Te informamos que estos \u00faltimos pueden instalar cookies que se escapan de nuestro control.<\/p>\n\n\n\n<h3 class=\"titulo wp-block-heading\">Cookies utilizadas en narancoseguros.com<\/h3>\n\n\n\n<figure class=\"wp-block-table\"><table><tbody><tr><td>Cookie<\/td><td>Informaci\u00f3n<\/td><td>Finalidad<\/td><\/tr><tr><td>Cookies Propias<\/td><\/tr><tr><td>Estrictamente necesarios<\/td><td>Sesi\u00f3n y registro<\/td><td>Gesti\u00f3n del registro y de la sesi\u00f3n.<\/td><\/tr><tr><td>Cookies de Terceros<\/td><\/tr><tr><td>Anal\u00edticas<\/td><td>Google Analytics<\/td><td>Informes estad\u00edsticos sobre el tr\u00e1fico del sitio web, su audiencia total y la audiencia en una determinada campa\u00f1a publicitaria.<\/td><\/tr><tr><td>Social<\/td><td>Facebook Connect<\/td><td>Permitir la interactuaci\u00f3n del usuario entre la web y la red social.<\/td><\/tr><tr><td>Google Plus<\/td><\/tr><tr><td>Twitter<\/td><\/tr><tr><td>Linkedin<\/td><\/tr><\/tbody><\/table><\/figure>\n\n\n\n<h3 class=\"titulo wp-block-heading\">Gesti\u00f3n de las cookies<\/h3>\n\n\n\n<p class=\"paragrafo\">Sin perjuicio de lo anterior, el Usuario tiene la posibilidad de configurar su navegador para ser avisado de la recepci\u00f3n de cookies y para impedir su instalaci\u00f3n en su equipo. No obstante, la desactivaci\u00f3n de las cookies puede afectar al correcto funcionamiento de determinadas secciones de nuestro Sitio Web.<\/p>\n\n\n\n<p class=\"paragrafo\">Por favor, consulta las instrucciones y manuales de tu navegador para ampliar esta informaci\u00f3n:<\/p>\n\n\n\n<ul class=\"paragrafo wp-block-list\"><li><strong>Chrome<\/strong>, desde&nbsp;<a target=\"_blank\" href=\"https:\/\/support.google.com\/chrome\/answer\/95647?hl=es\" rel=\"noreferrer noopener\">https:\/\/support.google.com\/chrome\/answer\/95647?hl=es<\/a><\/li><li><strong>Internet Explorer<\/strong>, desde&nbsp;<a target=\"_blank\" href=\"https:\/\/support.microsoft.com\/es-es\/products\/windows?os=windows-10\" rel=\"noreferrer noopener\">https:\/\/support.microsoft.com\/es-es\/products\/windows?os=windows-10<\/a><\/li><li><strong>Firefox<\/strong>, desde&nbsp;<a target=\"_blank\" href=\"https:\/\/support.mozilla.org\/es\/kb\/habilitar-y-deshabilitar-cookies-sitios-web-rastrear-preferencias\" rel=\"noreferrer noopener\">https:\/\/support.mozilla.org\/es\/kb\/habilitar-y-deshabilitar-cookies-sitios-web-rastrear-preferencias<\/a><\/li><li><strong>Safari<\/strong>, desde&nbsp;<a target=\"_blank\" href=\"https:\/\/support.apple.com\/kb\/ph5042?locale=es_ES\" rel=\"noreferrer noopener\">https:\/\/support.apple.com\/kb\/ph5042?locale=es_ES<\/a><\/li><\/ul>\n\n\n\n<p class=\"paragrafo\">La informaci\u00f3n obtenida a trav\u00e9s de las cookies es utilizada por Mar\u00eda Luc\u00eda Fern\u00e1ndez Gonz\u00e1lez y por terceros recomendadores a los que Mar\u00eda Luc\u00eda Fern\u00e1ndez Gonz\u00e1lez ha contratado con la finalidad de mostrarle publicidad relacionada con tus preferencias.<\/p>\n\n\n\n<p class=\"paragrafo\">Finalmente, te informamos que tienes la posibilidad de revocar en cualquier momento el consentimiento prestado para la utilizaci\u00f3n de cookies por parte de Mar\u00eda Luc\u00eda Fern\u00e1ndez Gonz\u00e1lez , configurando para ello tu navegador en los t\u00e9rminos previstos en el punto anterior.<\/p>\n","protected":false},"excerpt":{"rendered":"<p>Se advierte al usuario que la web narancoseguros.com (en adelante \\\u00bbSitio Web\\\u00bb) utiliza cookies. Las cookies son peque\u00f1os ficheros de datos que se generan en el ordenador del Usuario y que permiten que sea el propio Usuario el que almacene la informaci\u00f3n que genera su actividad en la red. Las cookies permiten a un sitio &#8230; <a title=\"Pol\u00edtica de Cookies\" class=\"read-more\" href=\"https:\/\/narancoseguros.com\/index.php\/politica-de-cookies\/\" aria-label=\"Leer m\u00e1s sobre Pol\u00edtica de Cookies\">Leer m\u00e1s<\/a><\/p>\n","protected":false},"author":1,"featured_media":0,"parent":0,"menu_order":0,"comment_status":"closed","ping_status":"closed","template":"","meta":{"footnotes":""},"class_list":["post-517","page","type-page","status-publish"],"_links":{"self":[{"href":"https:\/\/narancoseguros.com\/index.php\/wp-json\/wp\/v2\/pages\/517","targetHints":{"allow":["GET"]}}],"collection":[{"href":"https:\/\/narancoseguros.com\/index.php\/wp-json\/wp\/v2\/pages"}],"about":[{"href":"https:\/\/narancoseguros.com\/index.php\/wp-json\/wp\/v2\/types\/page"}],"author":[{"embeddable":true,"href":"https:\/\/narancoseguros.com\/index.php\/wp-json\/wp\/v2\/users\/1"}],"replies":[{"embeddable":true,"href":"https:\/\/narancoseguros.com\/index.php\/wp-json\/wp\/v2\/comments?post=517"}],"version-history":[{"count":1,"href":"https:\/\/narancoseguros.com\/index.php\/wp-json\/wp\/v2\/pages\/517\/revisions"}],"predecessor-version":[{"id":518,"href":"https:\/\/narancoseguros.com\/index.php\/wp-json\/wp\/v2\/pages\/517\/revisions\/518"}],"wp:attachment":[{"href":"https:\/\/narancoseguros.com\/index.php\/wp-json\/wp\/v2\/media?parent=517"}],"curies":[{"name":"wp","href":"https:\/\/api.w.org\/{rel}","templated":true}]}}