{"id":515,"date":"2020-10-16T09:03:14","date_gmt":"2020-10-16T09:03:14","guid":{"rendered":"https:\/\/narancoseguros.com\/?page_id=515"},"modified":"2020-10-16T09:16:21","modified_gmt":"2020-10-16T09:16:21","slug":"aviso-legal","status":"publish","type":"page","link":"https:\/\/narancoseguros.com\/index.php\/aviso-legal\/","title":{"rendered":"Aviso Legal"},"content":{"rendered":"\n<p class=\"paragrafo\">Informaci\u00f3n general para dar cumplimiento a la Ley 34\/2002<\/p>\n\n\n\n<p class=\"paragrafo\">Titular: Mar\u00eda Luc\u00eda Fern\u00e1ndez Gonz\u00e1lez<br>Direcci\u00f3n: C\/Goz\u00f3n, N\u00ba8 &#8211; 33012 Oviedo (Asturias) &#8211; Espa\u00f1a<br>Contacto: info@narancoseguros.com<br>Tel\u00e9fono: 985 11 39 98<br>NIF: 71663459J<\/p>\n\n\n\n<p class=\"paragrafo\">narancoseguros.com no puede asumir ninguna responsabilidad derivada del uso incorrecto, inapropiado o il\u00edcito de la informaci\u00f3n aparecida en las p\u00e1ginas de Internet de narancoseguros.com. Con los l\u00edmites establecidos en la Ley, narancoseguros.com no asume ninguna responsabilidad derivada de la falta de veracidad, integridad, actualizaci\u00f3n y precisi\u00f3n de los datos o informaciones que se contienen en sus p\u00e1ginas de Internet.<\/p>\n\n\n\n<p class=\"paragrafo\">Las p\u00e1ginas de Internet de narancoseguros.com pueden contener enlaces (links) a otras p\u00e1ginas de terceros que narancoseguros.com no puede controlar. Por lo tanto, narancoseguros.com no puede asumir responsabilidades por el contenido que pueda aparecer en p\u00e1ginas de terceros.<\/p>\n\n\n\n<p class=\"paragrafo\">Con car\u00e1cter enunciativo y no limitativo, los textos, im\u00e1genes, sonidos, animaciones, software y el resto de contenidos incluidos en este sitio web son propiedad exclusiva de narancoseguros.com o sus licenciantes. Cualquier acto de transmisi\u00f3n, distribuci\u00f3n, cesi\u00f3n, reproducci\u00f3n, almacenamiento o comunicaci\u00f3n p\u00fablica, total o parcial, debe contar con el consentimiento expreso de narancoseguros.com.<\/p>\n\n\n\n<p class=\"paragrafo\">Asimismo, para acceder a algunos de los servicios y\/o productos que narancoseguros.com ofrece a trav\u00e9s del sitio web, deber\u00e1 proporcionar algunos datos de car\u00e1cter personal.<\/p>\n\n\n\n<p class=\"paragrafo\">En cumplimiento de lo establecido en la Ley Org\u00e1nica 15\/1999, de 13 de Diciembre, de Protecci\u00f3n de Datos de Car\u00e1cter Personal, se le informa que sus datos personales quedar\u00e1n incorporados y ser\u00e1n tratados en los ficheros de Mar\u00eda Luc\u00eda Fern\u00e1ndez Gonz\u00e1lez con el fin de poderle prestar y ofrecer los servicios y\/o productos,&nbsp;as\u00ed como para informarle de las mejoras del sitio web. Asimismo, se le informa de la posibilidad de ejercer los derechos de acceso, rectificaci\u00f3n, cancelaci\u00f3n y oposici\u00f3n de sus datos de car\u00e1cter personal, en la siguiente direcci\u00f3n de correo electr\u00f3nico info@narancoseguros.com, o por escrito a la direcci\u00f3n C\/Goz\u00f3n, N\u00ba8 &#8211; 33012 Oviedo (Asturias) &#8211; Espa\u00f1a.<\/p>\n\n\n\n<p class=\"paragrafo\">En cumplimiento de la Ley 34\/2002, de 11 de Julio, de Servicios de la Sociedad de la Informaci\u00f3n y del Comercio Electr\u00f3nico (LSSI), le informamos de las\u00a0<a href=\"https:\/\/narancoseguros.com\/index.php\/condiciones-generales-de-uso\/\" target=\"_blank\" rel=\"noreferrer noopener\">Condiciones Generales<\/a>, que deber\u00e1 aceptar cuando contrate cualesquiera de los productos y\/o servicios.<\/p>\n","protected":false},"excerpt":{"rendered":"<p>Informaci\u00f3n general para dar cumplimiento a la Ley 34\/2002 Titular: Mar\u00eda Luc\u00eda Fern\u00e1ndez Gonz\u00e1lezDirecci\u00f3n: C\/Goz\u00f3n, N\u00ba8 &#8211; 33012 Oviedo (Asturias) &#8211; Espa\u00f1aContacto: info@narancoseguros.comTel\u00e9fono: 985 11 39 98NIF: 71663459J narancoseguros.com no puede asumir ninguna responsabilidad derivada del uso incorrecto, inapropiado o il\u00edcito de la informaci\u00f3n aparecida en las p\u00e1ginas de Internet de narancoseguros.com. Con los l\u00edmites &#8230; <a title=\"Aviso Legal\" class=\"read-more\" href=\"https:\/\/narancoseguros.com\/index.php\/aviso-legal\/\" aria-label=\"Leer m\u00e1s sobre Aviso Legal\">Leer m\u00e1s<\/a><\/p>\n","protected":false},"author":1,"featured_media":0,"parent":0,"menu_order":0,"comment_status":"closed","ping_status":"closed","template":"","meta":{"footnotes":""},"class_list":["post-515","page","type-page","status-publish"],"_links":{"self":[{"href":"https:\/\/narancoseguros.com\/index.php\/wp-json\/wp\/v2\/pages\/515","targetHints":{"allow":["GET"]}}],"collection":[{"href":"https:\/\/narancoseguros.com\/index.php\/wp-json\/wp\/v2\/pages"}],"about":[{"href":"https:\/\/narancoseguros.com\/index.php\/wp-json\/wp\/v2\/types\/page"}],"author":[{"embeddable":true,"href":"https:\/\/narancoseguros.com\/index.php\/wp-json\/wp\/v2\/users\/1"}],"replies":[{"embeddable":true,"href":"https:\/\/narancoseguros.com\/index.php\/wp-json\/wp\/v2\/comments?post=515"}],"version-history":[{"count":2,"href":"https:\/\/narancoseguros.com\/index.php\/wp-json\/wp\/v2\/pages\/515\/revisions"}],"predecessor-version":[{"id":527,"href":"https:\/\/narancoseguros.com\/index.php\/wp-json\/wp\/v2\/pages\/515\/revisions\/527"}],"wp:attachment":[{"href":"https:\/\/narancoseguros.com\/index.php\/wp-json\/wp\/v2\/media?parent=515"}],"curies":[{"name":"wp","href":"https:\/\/api.w.org\/{rel}","templated":true}]}}