{"id":513,"date":"2020-10-16T09:01:59","date_gmt":"2020-10-16T09:01:59","guid":{"rendered":"https:\/\/narancoseguros.com\/?page_id=513"},"modified":"2023-02-22T09:27:46","modified_gmt":"2023-02-22T09:27:46","slug":"politica-de-privacidad","status":"publish","type":"page","link":"https:\/\/narancoseguros.com\/index.php\/politica-de-privacidad\/","title":{"rendered":"Pol\u00edtica de privacidad"},"content":{"rendered":"<p>De conformidad con lo dispuesto en la normativa aplicable de protecci\u00f3n de datos de car\u00e1cter personal, el usuario queda informado de lo siguiente:<\/p>\n<ol>\n<li><strong> RESPONSABLE DE TRATAMIENTO<\/strong><\/li>\n<\/ol>\n<p>Mar\u00eda Lucia Fern\u00e1ndez Gonz\u00e1lez (Corredur\u00eda).<\/p>\n<p>NIF: 71663459J<\/p>\n<p>Domicilio Social: CALLE \u00a0 Goz\u00f3n, \u00a0 8 \u00a0 &#8211; 33012 Oviedo (Espa\u00f1a).<\/p>\n<p>Contacto de Protecci\u00f3n de Datos: Mar\u00eda Lucia Fern\u00e1ndez Gonz\u00e1lez &#8211; info@narancoseguros.com<\/p>\n<ol start=\"2\">\n<li><strong> FINALIDAD DEL TRATAMIENTO DE LOS DATOS PERSONALES.<\/strong><\/li>\n<\/ol>\n<p>Los datos personales aportados a trav\u00e9s de la p\u00e1gina web ser\u00e1n incorporados a registros de tratamiento titularidad de Mar\u00eda Lucia Fern\u00e1ndez Gonz\u00e1lez (Corredur\u00eda) con las siguientes finalidades:<\/p>\n<ul>\n<li>Gestionar los usuarios del sitio web y, en su caso, la activaci\u00f3n y administraci\u00f3n del alta como usuario.<\/li>\n<li>Prestar los servicios incluidos en el sitio web y\/o facilitar la informaci\u00f3n solicitada, ya sea v\u00eda web, por correo electr\u00f3nico o telef\u00f3nicamente. Las llamadas telef\u00f3nicas podr\u00e1n ser grabadas con la finalidad de garantizar la calidad del servicio. Los correos electr\u00f3nicos podr\u00e1n reportar una confirmaci\u00f3n de su recepci\u00f3n y lectura.<\/li>\n<li>Gestionar la relaci\u00f3n contractual o comercial establecida entre Mar\u00eda Lucia Fern\u00e1ndez Gonz\u00e1lez (Corredur\u00eda) y sus clientes y sus usuarios.<\/li>\n<li>En aquellos casos en que el usuario expresamente lo consienta, remitir comunicaciones publicitarias e informaci\u00f3n comercial, por diferentes medios (correos electr\u00f3nicos, SMS\u2026), acerca de Mar\u00eda Lucia Fern\u00e1ndez Gonz\u00e1lez (Corredur\u00eda) o de terceros (siempre a trav\u00e9s de Mar\u00eda Lucia Fern\u00e1ndez Gonz\u00e1lez (Corredur\u00eda), como consecuencia de sus convenios de colaboraci\u00f3n con los mismos), sobre sus actividades, productos, servicios, ofertas, concursos, promociones especiales, as\u00ed como documentaci\u00f3n de diversa naturaleza que pueda resultar de inter\u00e9s o utilidad al usuario, relacionados con los sectores de actividad de la empresa.<\/li>\n<\/ul>\n<p>Igualmente, en cada proceso donde el usuario facilite sus datos personales ser\u00e1 informado del car\u00e1cter obligatorio o facultativo de su cumplimentaci\u00f3n, y de las consecuencias de no suministrarlos.<\/p>\n<ol start=\"3\">\n<li><strong> DATOS PERSONALES<\/strong><\/li>\n<\/ol>\n<p>Con ocasi\u00f3n de su relaci\u00f3n con nosotros se pueden tratar las siguientes categor\u00edas de datos personales:<\/p>\n<ul>\n<li>Datos identificativos (incluida firma, imagen, DNI, correo electr\u00f3nico\u2026)<\/li>\n<li>Caracter\u00edsticas personale y circunstancias sociales<\/li>\n<li>Datos transaccionales (pagos, ingresos, transferencias, adeudos)<\/li>\n<\/ul>\n<p>Los datos pueden provenir del propio interesado o en su caso, de su representante legal.<\/p>\n<p>En el caso de que los datos personales aportados pertenecieran a un tercero, el usuario garantiza que ha informado a dicho tercero de esta Pol\u00edtica de Privacidad y ha obtenido su autorizaci\u00f3n para facilitar sus datos a Mar\u00eda Lucia Fern\u00e1ndez Gonz\u00e1lez (Corredur\u00eda) con las finalidades se\u00f1aladas. Igualmente garantiza que los datos aportados son exactos y actualizados, siendo responsable de cualquier da\u00f1o o perjuicio, directo o indirecto, que pudiera ocasionarse como consecuencia del incumplimiento de tal obligaci\u00f3n.<\/p>\n<ol start=\"4\">\n<li><strong> PLAZO DE CONSERVACI\u00d3N DE LOS DATOS PERSONALES<\/strong><\/li>\n<\/ol>\n<p>Los datos personales proporcionados se conservar\u00e1n mientras que se mantenga la relaci\u00f3n contractual, no se solicite su supresi\u00f3n por el interesado y no deban eliminarse por ser necesarios para el cumplimiento de una obligaci\u00f3n legal o para la formulaci\u00f3n, ejercicio y defensa de reclamaciones.<\/p>\n<p>Si el usuario revoca su consentimiento o ejercita los derechos de cancelaci\u00f3n o supresi\u00f3n, sus datos personales se conservar\u00e1n bloqueados a disposici\u00f3n de la Administraci\u00f3n de Justicia durante los plazos establecidos legalmente para atender a las posibles responsabilidades nacidas del tratamiento de los mismos.<\/p>\n<ol start=\"5\">\n<li><strong> LEGITIMACI\u00d3N PARA EL TRATAMIENTO DE LOS DATOS PERSONALES<\/strong><\/li>\n<\/ol>\n<p>Mar\u00eda Lucia Fern\u00e1ndez Gonz\u00e1lez (Corredur\u00eda) se encuentra legitimada para llevar a cabo el tratamiento de los datos personales en base a que:<\/p>\n<ul>\n<li>El usuario ha aportado sus datos personales para relaciones precontractuales o contractuales.<\/li>\n<li>El usuario ha prestado su consentimiento informado para el env\u00edo de comunicaciones comerciales, para la instalaci\u00f3n de sistemas de seguimiento que informan sobre h\u00e1bitos de navegaci\u00f3n seg\u00fan la Pol\u00edtica de Cookies, o para el env\u00edo de informaci\u00f3n requerida a trav\u00e9s de formularios de contacto.<\/li>\n<li>Existen obligaciones legales que requieren del tratamiento de los datos personales, de acuerdo con los servicios prestados.<\/li>\n<\/ul>\n<ol start=\"6\">\n<li><strong> CESIONES Y DESTINATARIOS DE LOS DATOS PERSONALES<\/strong><\/li>\n<\/ol>\n<p>Todas las cesiones que a continuaci\u00f3n se indican resultan necesarias para el cumplimiento de las finalidades anteriormente se\u00f1aladas, o bien se llevan a cabo en cumplimiento de una obligaci\u00f3n legal. Los datos personales podr\u00e1n ser cedidos a:<\/p>\n<ul>\n<li>Las Administraciones P\u00fablicas y la Administraci\u00f3n de Justicia.<\/li>\n<li>Los proveedores de servicios inform\u00e1ticos, incluso servicios de \u00abcomputaci\u00f3n en la nube\u00bb.<\/li>\n<\/ul>\n<ol start=\"7\">\n<li><strong> DERECHOS DE LOS INTERESADOS<\/strong><\/li>\n<\/ol>\n<p>Los usuarios pueden ejercitar ante Mar\u00eda Lucia Fern\u00e1ndez Gonz\u00e1lez (Corredur\u00eda) los derechos de acceso, rectificaci\u00f3n o supresi\u00f3n, limitaci\u00f3n de su tratamiento, oposici\u00f3n, portabilidad, y a no tomar decisiones individuales automatizadas. Asimismo, podr\u00e1n revocar su consentimiento en caso de que lo hayan otorgado para alguna finalidad espec\u00edfica, pudiendo modificar sus preferencias en todo momento.<\/p>\n<p>Podr\u00e1n ejercitarse a la siguiente direcci\u00f3n: (Ref.: Mar\u00eda Lucia Fern\u00e1ndez Gonz\u00e1lez (Corredur\u00eda) &#8211; Departamento LOPD), \u00a0 CALLE \u00a0 Goz\u00f3n, \u00a0 8 \u00a0 &#8211; 33012 Oviedo (Espa\u00f1a).<\/p>\n<p>Se informa al Usuario que puede dirigir cualquier tipo de reclamaci\u00f3n en materia de protecci\u00f3n de datos personales a la Agencia Espa\u00f1ola de Protecci\u00f3n de Datos www.agpd.es, Autoridad de Control del Estado espa\u00f1ol.<\/p>\n<p>En Oviedo, a 26-01-2021<\/p>\n","protected":false},"excerpt":{"rendered":"<p>De conformidad con lo dispuesto en la normativa aplicable de protecci\u00f3n de datos de car\u00e1cter personal, el usuario queda informado de lo siguiente: RESPONSABLE DE TRATAMIENTO Mar\u00eda Lucia Fern\u00e1ndez Gonz\u00e1lez (Corredur\u00eda). NIF: 71663459J Domicilio Social: CALLE \u00a0 Goz\u00f3n, \u00a0 8 \u00a0 &#8211; 33012 Oviedo (Espa\u00f1a). Contacto de Protecci\u00f3n de Datos: Mar\u00eda Lucia Fern\u00e1ndez Gonz\u00e1lez &#8211; &#8230; <a title=\"Pol\u00edtica de privacidad\" class=\"read-more\" href=\"https:\/\/narancoseguros.com\/index.php\/politica-de-privacidad\/\" aria-label=\"Leer m\u00e1s sobre Pol\u00edtica de privacidad\">Leer m\u00e1s<\/a><\/p>\n","protected":false},"author":1,"featured_media":0,"parent":0,"menu_order":0,"comment_status":"closed","ping_status":"closed","template":"","meta":{"footnotes":""},"class_list":["post-513","page","type-page","status-publish"],"_links":{"self":[{"href":"https:\/\/narancoseguros.com\/index.php\/wp-json\/wp\/v2\/pages\/513","targetHints":{"allow":["GET"]}}],"collection":[{"href":"https:\/\/narancoseguros.com\/index.php\/wp-json\/wp\/v2\/pages"}],"about":[{"href":"https:\/\/narancoseguros.com\/index.php\/wp-json\/wp\/v2\/types\/page"}],"author":[{"embeddable":true,"href":"https:\/\/narancoseguros.com\/index.php\/wp-json\/wp\/v2\/users\/1"}],"replies":[{"embeddable":true,"href":"https:\/\/narancoseguros.com\/index.php\/wp-json\/wp\/v2\/comments?post=513"}],"version-history":[{"count":5,"href":"https:\/\/narancoseguros.com\/index.php\/wp-json\/wp\/v2\/pages\/513\/revisions"}],"predecessor-version":[{"id":1988,"href":"https:\/\/narancoseguros.com\/index.php\/wp-json\/wp\/v2\/pages\/513\/revisions\/1988"}],"wp:attachment":[{"href":"https:\/\/narancoseguros.com\/index.php\/wp-json\/wp\/v2\/media?parent=513"}],"curies":[{"name":"wp","href":"https:\/\/api.w.org\/{rel}","templated":true}]}}