{"id":511,"date":"2020-10-16T09:00:30","date_gmt":"2020-10-16T09:00:30","guid":{"rendered":"https:\/\/narancoseguros.com\/?page_id=511"},"modified":"2020-10-16T09:15:37","modified_gmt":"2020-10-16T09:15:37","slug":"condiciones-generales-de-uso","status":"publish","type":"page","link":"https:\/\/narancoseguros.com\/index.php\/condiciones-generales-de-uso\/","title":{"rendered":"Condiciones Generales de Uso"},"content":{"rendered":"\n<p class=\"paragrafo\">narancoseguros.com es un sitio web cuya titularidad pertenece a Mar\u00eda Luc\u00eda Fern\u00e1ndez Gonz\u00e1lez<\/p>\n\n\n\n<p class=\"paragrafo\">En un principio la utilizaci\u00f3n del sitio web es de car\u00e1cter gratuito, y en alg\u00fan caso, dicha utilizaci\u00f3n podr\u00eda estar sujeta a Condiciones Generales y Condiciones Particulares de utilizaci\u00f3n. Por ello, el acceso y utilizaci\u00f3n de los servicios del sitio web significar\u00e1 la aceptaci\u00f3n de dichas Condiciones.<\/p>\n\n\n\n<h3 class=\"titulo wp-block-heading\">1. Contenido, t\u00e9rminos legales y responsabilidades<\/h3>\n\n\n\n<p class=\"paragrafo\">El sitio web incluye contenidos elaborados por el titular del mismo y sus colaboradores, los cuales tienen fines meramente informativos, ya que en alguna ocasi\u00f3n, \u00e9stos podr\u00edan no reflejar la actualidad m\u00e1s reciente, por lo que en cualquier momento dichos contenidos podr\u00e1n ser modificados y\/o sustituidos por unos nuevos, sin notificaci\u00f3n previa, ni responsabilidad alguna.<\/p>\n\n\n\n<p class=\"paragrafo\">Los Contenidos del sitio web no pueden ser considerados, en ning\u00fan caso, como sustitutivos de cualquier tipo de asesoramiento. No existir\u00e1 ning\u00fan tipo de relaci\u00f3n comercial, profesional, ni ning\u00fan tipo de relaci\u00f3n de otra \u00edndole con los profesionales que integran el sitio web por el mero hecho del acceso a ella por parte de los usuarios.<\/p>\n\n\n\n<p class=\"paragrafo\">Para el caso de existir enlaces con distintos sitios web, narancoseguros.com, no se har\u00e1 responsable de su contenido al carecer de control sobre los mismos.<\/p>\n\n\n\n<p class=\"paragrafo\">El usuario cuando accede al sitio web, lo hace por su propia cuenta y riesgo. narancoseguros.com no garantiza ni la rapidez, ni la ininterrupci\u00f3n, ni la ausencia de virus en el sitio web. Asimismo, el titular del sitio web, los colaboradores, sus socios, empleados y representantes tampoco podr\u00e1n ser considerados responsables por cualesquiera da\u00f1os derivados de la utilizaci\u00f3n de este sitio web, ni por cualquier actuaci\u00f3n realizada sobre la base de la informaci\u00f3n que en \u00e9l se facilita.<\/p>\n\n\n\n<p class=\"paragrafo\">No se garantiza la ausencia de virus u otros elementos lesivos que pudieran causar da\u00f1os o alteraciones en el sistema inform\u00e1tico, en los documentos electr\u00f3nicos o en los ficheros del usuario de este sitio web. En consecuencia, no se responde por los da\u00f1os y perjuicios que tales elementos pudieran ocasionar al usuario o a terceros.<\/p>\n\n\n\n<h3 class=\"titulo wp-block-heading\">2. Propiedad intelectual e industrial<\/h3>\n\n\n\n<p class=\"paragrafo\">La totalidad de los contenidos de este sitio web, como son, con car\u00e1cter enunciativo y no limitativo, textos, im\u00e1genes, sonido, ficheros, marcas, logotipos, combinaciones de colores, o cualquier otro elemento, su estructura y dise\u00f1o, la selecci\u00f3n y forma de presentaci\u00f3n de los contenidos incluidos en el mismo, y los programas de ordenador necesarios para su funcionamiento, acceso y utilizaci\u00f3n, son propiedad del titular del sitio web.<\/p>\n\n\n\n<p class=\"paragrafo\">Se autoriza el almacenamiento y reproducci\u00f3n temporal de alguno o algunos de los Contenidos del sitio web, con el prop\u00f3sito de ser utilizados con un fin personal y no comercial. La reproducci\u00f3n, el almacenamiento permanente y la difusi\u00f3n de los Contenidos del sitio web o cualquier uso que tenga fines p\u00fablicos o comerciales queda terminantemente prohibido sin el previo consentimiento por escrito del titular del sitio web, y siempre que se haga referencia expl\u00edcita a narancoseguros.com y a su titularidad.<\/p>\n\n\n\n<h3 class=\"titulo wp-block-heading\">3. Protecci\u00f3n de datos de car\u00e1cter personal<\/h3>\n\n\n\n<p class=\"paragrafo\">En cumplimiento de lo estipulado en la Ley Org\u00e1nica 15\/1999, de 13 de diciembre, de Protecci\u00f3n de Datos de Car\u00e1cter Personal (LOPD), y dem\u00e1s legislaci\u00f3n que sea de aplicaci\u00f3n y\/o sustituya aqu\u00e9lla, toda aquella informaci\u00f3n recibida en el sitio web, a trav\u00e9s de consultas, env\u00edo de datos, o cualquier otro medio, ser\u00e1 tratada con la m\u00e1s estricta y absoluta confidencialidad.<\/p>\n\n\n\n<p class=\"paragrafo\">Todos aquellos usuarios que faciliten sus datos a trav\u00e9s del sitio web tendr\u00e1n los derechos de acceso, rectificaci\u00f3n, cancelaci\u00f3n u oposici\u00f3n de sus datos tal y como reconoce la LOPD, sin oposici\u00f3n alguna, as\u00ed como el derecho a revocar el consentimiento prestado para la cesi\u00f3n de sus datos.<\/p>\n\n\n\n<p class=\"paragrafo\">Los datos de car\u00e1cter personal que se hayan obtenido a trav\u00e9s del sitio web, tendr\u00e1n la protecci\u00f3n necesaria a fin de evitar su alteraci\u00f3n, p\u00e9rdida, tratamiento o acceso no autorizados.<\/p>\n\n\n\n<p class=\"paragrafo\">Puede consultar las condiciones de la protecci\u00f3n de datos y la forma de revocar el consentimiento de la cesi\u00f3n de datos en la\u00a0<a href=\"https:\/\/narancoseguros.com\/index.php\/politica-de-privacidad\/\" target=\"_blank\" rel=\"noreferrer noopener\">Pol\u00edtica de Protecci\u00f3n de Datos.<\/a><\/p>\n\n\n\n<h3 class=\"titulo wp-block-heading\">4. Jurisdicci\u00f3n y Ley aplicable<\/h3>\n\n\n\n<p class=\"paragrafo\">Las presentes condiciones de uso se rigen por la legislaci\u00f3n espa\u00f1ola, siendo competentes los Juzgados y Tribunales de la ciudad de para conocer de cuantas cuestiones se susciten sobre la interpretaci\u00f3n, aplicaci\u00f3n y cumplimiento de las mismas. Los usuarios, por virtud de su aceptaci\u00f3n a las condiciones generales recogidas en este aviso legal, renuncian expresamente a cualquier fuero que, por aplicaci\u00f3n de la Ley de Enjuiciamiento Civil vigente, pudiera corresponderles.<\/p>\n","protected":false},"excerpt":{"rendered":"<p>narancoseguros.com es un sitio web cuya titularidad pertenece a Mar\u00eda Luc\u00eda Fern\u00e1ndez Gonz\u00e1lez En un principio la utilizaci\u00f3n del sitio web es de car\u00e1cter gratuito, y en alg\u00fan caso, dicha utilizaci\u00f3n podr\u00eda estar sujeta a Condiciones Generales y Condiciones Particulares de utilizaci\u00f3n. Por ello, el acceso y utilizaci\u00f3n de los servicios del sitio web significar\u00e1 &#8230; <a title=\"Condiciones Generales de Uso\" class=\"read-more\" href=\"https:\/\/narancoseguros.com\/index.php\/condiciones-generales-de-uso\/\" aria-label=\"Leer m\u00e1s sobre Condiciones Generales de Uso\">Leer m\u00e1s<\/a><\/p>\n","protected":false},"author":1,"featured_media":0,"parent":0,"menu_order":0,"comment_status":"closed","ping_status":"closed","template":"","meta":{"footnotes":""},"class_list":["post-511","page","type-page","status-publish"],"_links":{"self":[{"href":"https:\/\/narancoseguros.com\/index.php\/wp-json\/wp\/v2\/pages\/511","targetHints":{"allow":["GET"]}}],"collection":[{"href":"https:\/\/narancoseguros.com\/index.php\/wp-json\/wp\/v2\/pages"}],"about":[{"href":"https:\/\/narancoseguros.com\/index.php\/wp-json\/wp\/v2\/types\/page"}],"author":[{"embeddable":true,"href":"https:\/\/narancoseguros.com\/index.php\/wp-json\/wp\/v2\/users\/1"}],"replies":[{"embeddable":true,"href":"https:\/\/narancoseguros.com\/index.php\/wp-json\/wp\/v2\/comments?post=511"}],"version-history":[{"count":3,"href":"https:\/\/narancoseguros.com\/index.php\/wp-json\/wp\/v2\/pages\/511\/revisions"}],"predecessor-version":[{"id":526,"href":"https:\/\/narancoseguros.com\/index.php\/wp-json\/wp\/v2\/pages\/511\/revisions\/526"}],"wp:attachment":[{"href":"https:\/\/narancoseguros.com\/index.php\/wp-json\/wp\/v2\/media?parent=511"}],"curies":[{"name":"wp","href":"https:\/\/api.w.org\/{rel}","templated":true}]}}