{"id":5,"date":"2020-10-08T06:09:33","date_gmt":"2020-10-08T06:09:33","guid":{"rendered":"https:\/\/narancoseguros.com\/?page_id=5"},"modified":"2022-08-29T08:39:31","modified_gmt":"2022-08-29T08:39:31","slug":"home","status":"publish","type":"page","link":"https:\/\/narancoseguros.com\/","title":{"rendered":"Inicio"},"content":{"rendered":"\n\n\n<div class=\"carrousel-gallery\">\n  <div class=\"view-container\">\n    <div class=\"full-container\">\n      <div class=\"gallery-item\"><img decoding=\"async\" src=\"https:\/\/narancoseguros.com\/wp-content\/uploads\/2020\/10\/aegon.png\" alt=\"Compa\u00f1ia Seguros\"><\/div>\n      <div class=\"gallery-item\"><img decoding=\"async\" src=\"https:\/\/narancoseguros.com\/wp-content\/uploads\/2020\/10\/allianz.png\" alt=\"Compa\u00f1ia Seguros\"><\/div>\n      <div class=\"gallery-item\"><img decoding=\"async\" src=\"https:\/\/narancoseguros.com\/wp-content\/uploads\/2020\/10\/axa.png\" alt=\"Compa\u00f1ia Seguros\"><\/div>\n      <div class=\"gallery-item\"><img decoding=\"async\" src=\"https:\/\/narancoseguros.com\/wp-content\/uploads\/2020\/10\/dkv.png\" alt=\"Compa\u00f1ia Seguros\"><\/div>\n      <div class=\"gallery-item\"><img decoding=\"async\" src=\"https:\/\/narancoseguros.com\/wp-content\/uploads\/2020\/10\/arag.png\" alt=\"Compa\u00f1ia Seguros\"><\/div>\n      <div class=\"gallery-item\"><img decoding=\"async\" src=\"https:\/\/narancoseguros.com\/wp-content\/uploads\/2020\/10\/caser.png\" alt=\"Compa\u00f1ia Seguros\"><\/div>\n      <div class=\"gallery-item\"><img decoding=\"async\" src=\"https:\/\/narancoseguros.com\/wp-content\/uploads\/2020\/10\/catalana.png\" alt=\"Compa\u00f1ia Seguros\"><\/div>\n      <div class=\"gallery-item\"><img decoding=\"async\" src=\"https:\/\/narancoseguros.com\/wp-content\/uploads\/2020\/10\/fiat.png\" alt=\"Compa\u00f1ia Seguros\"><\/div>\n      <div class=\"gallery-item\"><img decoding=\"async\" src=\"https:\/\/narancoseguros.com\/wp-content\/uploads\/2020\/10\/groupama.png\" alt=\"Compa\u00f1ia Seguros\"><\/div>\n      <div class=\"gallery-item\"><img decoding=\"async\" src=\"https:\/\/narancoseguros.com\/wp-content\/uploads\/2020\/10\/helvetia.png\" alt=\"Compa\u00f1ia Seguros\"><\/div>\n      <div class=\"gallery-item\"><img decoding=\"async\" src=\"https:\/\/narancoseguros.com\/wp-content\/uploads\/2020\/10\/mutua-de-propietarios.png\" alt=\"Compa\u00f1ia Seguros\"><\/div>\n      <div class=\"gallery-item\"><img decoding=\"async\" src=\"https:\/\/narancoseguros.com\/wp-content\/uploads\/2020\/10\/ocaso.png\" alt=\"Compa\u00f1ia Seguros\"><\/div>\n      <div class=\"gallery-item\"><img decoding=\"async\" src=\"https:\/\/narancoseguros.com\/wp-content\/uploads\/2020\/10\/patria-hispana.png\" alt=\"Compa\u00f1ia Seguros\"><\/div>\n      <div class=\"gallery-item\"><img decoding=\"async\" src=\"https:\/\/narancoseguros.com\/wp-content\/uploads\/2020\/10\/pelayo.png\" alt=\"Compa\u00f1ia Seguros\"><\/div>\n      <div class=\"gallery-item\"><img decoding=\"async\" src=\"https:\/\/narancoseguros.com\/wp-content\/uploads\/2020\/10\/preventiva.png\" alt=\"Compa\u00f1ia Seguros\"><\/div>\n      <div class=\"gallery-item\"><img decoding=\"async\" src=\"https:\/\/narancoseguros.com\/wp-content\/uploads\/2020\/10\/mapfree.png\" alt=\"Compa\u00f1ia Seguros\"><\/div>\n      <div class=\"gallery-item\"><img decoding=\"async\" src=\"https:\/\/narancoseguros.com\/wp-content\/uploads\/2020\/10\/reale.png\" alt=\"Compa\u00f1ia Seguros\"><\/div>\n      <div class=\"gallery-item\"><img decoding=\"async\" src=\"https:\/\/narancoseguros.com\/wp-content\/uploads\/2020\/10\/generali.png\" alt=\"Compa\u00f1ia Seguros\"><\/div>\n    <\/div>\n  <\/div>\n<\/div>\n\n\n\n<p><mark style=\"background-color:rgba(0, 0, 0, 0);color:#008ebd\" class=\"has-inline-color\">D\u00e9janos tus datos de contacto y recibir\u00e1s una llamada de unos de nuestros agentes.<\/mark><\/p>\n\n\n<div class=\"wpforms-container wpforms-container-full\" id=\"wpforms-29\"><form id=\"wpforms-form-29\" class=\"wpforms-validate wpforms-form\" data-formid=\"29\" method=\"post\" enctype=\"multipart\/form-data\" action=\"\/index.php\/wp-json\/wp\/v2\/pages\/5\" data-token=\"f19553aaf31dd37dd5856f574420a254\" data-token-time=\"1778156089\"><noscript class=\"wpforms-error-noscript\">Por favor, activa JavaScript en tu navegador para completar este formulario.<\/noscript><div class=\"wpforms-field-container\"><div id=\"wpforms-29-field_0-container\" class=\"wpforms-field wpforms-field-name wpforms-one-half wpforms-first\" data-field-id=\"0\"><label class=\"wpforms-field-label\" for=\"wpforms-29-field_0\">Nombre <span class=\"wpforms-required-label\">*<\/span><\/label><input type=\"text\" id=\"wpforms-29-field_0\" class=\"wpforms-field-medium wpforms-field-required\" name=\"wpforms[fields][0]\" required><\/div><div id=\"wpforms-29-field_1-container\" class=\"wpforms-field wpforms-field-email wpforms-one-half\" data-field-id=\"1\"><label class=\"wpforms-field-label\" for=\"wpforms-29-field_1\">Email<\/label><input type=\"email\" id=\"wpforms-29-field_1\" class=\"wpforms-field-medium\" name=\"wpforms[fields][1]\" spellcheck=\"false\" ><\/div><div id=\"wpforms-29-field_3-container\" class=\"wpforms-field wpforms-field-number wpforms-one-half wpforms-first\" data-field-id=\"3\"><label class=\"wpforms-field-label\" for=\"wpforms-29-field_3\">Tel\u00e9fono <span class=\"wpforms-required-label\">*<\/span><\/label><input type=\"number\" id=\"wpforms-29-field_3\" class=\"wpforms-field-medium wpforms-field-required\" name=\"wpforms[fields][3]\" step=\"any\" required><div class=\"wpforms-field-description\">Sin espacios ni guiones: ej985113998<\/div><\/div><\/div><!-- .wpforms-field-container --><div class=\"wpforms-recaptcha-container wpforms-is-recaptcha wpforms-is-recaptcha-type-v2\" ><div class=\"g-recaptcha\" data-sitekey=\"6LeffNUZAAAAADWBGG1fvM9zMe6KyjyedhvXX1ZU\"><\/div><input type=\"text\" name=\"g-recaptcha-hidden\" class=\"wpforms-recaptcha-hidden\" style=\"position:absolute!important;clip:rect(0,0,0,0)!important;height:1px!important;width:1px!important;border:0!important;overflow:hidden!important;padding:0!important;margin:0!important;\" data-rule-recaptcha=\"1\"><\/div><div class=\"wpforms-submit-container\" ><input type=\"hidden\" name=\"wpforms[id]\" value=\"29\"><input type=\"hidden\" name=\"page_title\" value=\"\"><input type=\"hidden\" name=\"page_url\" value=\"https:\/\/narancoseguros.com\/index.php\/wp-json\/wp\/v2\/pages\/5\"><input type=\"hidden\" name=\"url_referer\" value=\"\"><button type=\"submit\" name=\"wpforms[submit]\" id=\"wpforms-submit-29\" class=\"wpforms-submit btn btn-primary btn-lg\" data-alt-text=\"Enviando...\" data-submit-text=\"Consultar\" aria-live=\"assertive\" value=\"wpforms-submit\">Consultar<\/button><\/div><\/form><\/div>  <!-- .wpforms-container -->\n\n\n\n<p><mark style=\"background-color:rgba(0, 0, 0, 0);color:#008ebd\" class=\"has-inline-color\">Seguros de veh\u00edculos<\/mark><\/p>\n\n\n\n<figure class=\"wp-block-gallery has-nested-images columns-4 is-cropped wp-block-gallery-1 is-layout-flex wp-block-gallery-is-layout-flex\">\n<figure class=\"wp-block-image size-large\"><a href=\"https:\/\/narancoseguros.com\/index.php\/home\/homebici\/#main\"><img loading=\"lazy\" decoding=\"async\" width=\"261\" height=\"243\" data-id=\"41\" src=\"https:\/\/narancoseguros.com\/wp-content\/uploads\/2020\/10\/homebici.jpg\" alt=\"\" class=\"wp-image-41\"\/><\/a><figcaption>Turismos<a href=\"https:\/\/narancoseguros.com\/index.php\/seguro-turismo\/\">https:\/\/narancoseguros.com\/index.php\/seguro-turismo\/<\/a><\/figcaption><\/figure>\n\n\n\n<figure class=\"wp-block-image size-large\"><a href=\"https:\/\/narancoseguros.com\/index.php\/home\/homemoto\/#main\"><img loading=\"lazy\" decoding=\"async\" width=\"261\" height=\"243\" data-id=\"42\" src=\"https:\/\/narancoseguros.com\/wp-content\/uploads\/2020\/10\/homemoto.jpg\" alt=\"\" class=\"wp-image-42\"\/><\/a><figcaption>Cami\u00f3n-autob\u00fas<\/figcaption><\/figure>\n\n\n\n<figure class=\"wp-block-image size-large\"><a href=\"https:\/\/narancoseguros.com\/index.php\/home\/homecamion\/#main\"><img loading=\"lazy\" decoding=\"async\" width=\"261\" height=\"243\" data-id=\"43\" src=\"https:\/\/narancoseguros.com\/wp-content\/uploads\/2020\/10\/homecamion.jpg\" alt=\"\" class=\"wp-image-43\"\/><\/a><figcaption>Motocicleta-Ciclomotor<\/figcaption><\/figure>\n\n\n\n<figure class=\"wp-block-image size-large\"><a href=\"https:\/\/narancoseguros.com\/index.php\/home\/hometurismos\/#main\"><img loading=\"lazy\" decoding=\"async\" width=\"261\" height=\"243\" data-id=\"44\" src=\"https:\/\/narancoseguros.com\/wp-content\/uploads\/2020\/10\/hometurismos.jpg\" alt=\"\" class=\"wp-image-44\"\/><\/a><figcaption>Bicicleta<\/figcaption><\/figure>\n<\/figure>\n\n\n\n<p><mark style=\"background-color:rgba(0, 0, 0, 0);color:#008ebd\" class=\"has-inline-color\">Seguros Particulares<\/mark><\/p>\n\n\n\n<figure class=\"wp-block-gallery has-nested-images columns-4 is-cropped wp-block-gallery-2 is-layout-flex wp-block-gallery-is-layout-flex\">\n<figure class=\"wp-block-image size-large\"><a href=\"https:\/\/narancoseguros.com\/index.php\/home\/homehogar\/#main\"><img loading=\"lazy\" decoding=\"async\" width=\"261\" height=\"243\" data-id=\"47\" src=\"https:\/\/narancoseguros.com\/wp-content\/uploads\/2020\/10\/homehogar.jpg\" alt=\"\" class=\"wp-image-47\"\/><\/a><figcaption>Seguro de hogar<\/figcaption><\/figure>\n\n\n\n<figure class=\"wp-block-image size-large\"><a href=\"https:\/\/narancoseguros.com\/index.php\/home\/homevida\/#main\"><img loading=\"lazy\" decoding=\"async\" width=\"261\" height=\"243\" data-id=\"48\" src=\"https:\/\/narancoseguros.com\/wp-content\/uploads\/2020\/10\/homevida.jpg\" alt=\"\" class=\"wp-image-48\"\/><\/a><figcaption>Seguro de vida<\/figcaption><\/figure>\n\n\n\n<figure class=\"wp-block-image size-large\"><a href=\"https:\/\/narancoseguros.com\/index.php\/home\/homedental\/#main\"><img loading=\"lazy\" decoding=\"async\" width=\"261\" height=\"243\" data-id=\"49\" src=\"https:\/\/narancoseguros.com\/wp-content\/uploads\/2020\/10\/homedental.jpg\" alt=\"\" class=\"wp-image-49\"\/><\/a><figcaption>Seguro dental<\/figcaption><\/figure>\n\n\n\n<figure class=\"wp-block-image size-large\"><a href=\"https:\/\/narancoseguros.com\/index.php\/home\/homecancer\/#main\"><img loading=\"lazy\" decoding=\"async\" width=\"261\" height=\"243\" data-id=\"50\" src=\"https:\/\/narancoseguros.com\/wp-content\/uploads\/2020\/10\/homecancer.jpg\" alt=\"\" class=\"wp-image-50\"\/><\/a><figcaption>Seguro de c\u00e1ncer de mama<\/figcaption><\/figure>\n<\/figure>\n\n\n\n<p><mark style=\"background-color:rgba(0, 0, 0, 0);color:#008ebd\" class=\"has-inline-color\">Otros seguros<\/mark><\/p>\n\n\n\n<figure class=\"wp-block-gallery has-nested-images columns-4 is-cropped wp-block-gallery-3 is-layout-flex wp-block-gallery-is-layout-flex\">\n<figure class=\"wp-block-image size-large\"><a href=\"https:\/\/narancoseguros.com\/index.php\/home\/homeviajes\/#main\"><img loading=\"lazy\" decoding=\"async\" width=\"261\" height=\"243\" data-id=\"51\" src=\"https:\/\/narancoseguros.com\/wp-content\/uploads\/2020\/10\/homeviajes.jpg\" alt=\"\" class=\"wp-image-51\"\/><\/a><figcaption>Seguro de viajes<\/figcaption><\/figure>\n\n\n\n<figure class=\"wp-block-image size-large\"><a href=\"https:\/\/narancoseguros.com\/index.php\/home\/homegasolineras\/#main\"><img loading=\"lazy\" decoding=\"async\" width=\"261\" height=\"243\" data-id=\"52\" src=\"https:\/\/narancoseguros.com\/wp-content\/uploads\/2020\/10\/homegasolineras.jpg\" alt=\"\" class=\"wp-image-52\"\/><\/a><figcaption>Seguro de gasolineras<\/figcaption><\/figure>\n\n\n\n<figure class=\"wp-block-image size-large\"><a href=\"https:\/\/narancoseguros.com\/index.php\/home\/homebodegas\/#main\"><img loading=\"lazy\" decoding=\"async\" width=\"261\" height=\"243\" data-id=\"53\" src=\"https:\/\/narancoseguros.com\/wp-content\/uploads\/2020\/10\/homebodegas.jpg\" alt=\"\" class=\"wp-image-53\"\/><\/a><figcaption>Seguro de bodegas<\/figcaption><\/figure>\n\n\n\n<figure class=\"wp-block-image size-large\"><a href=\"https:\/\/narancoseguros.com\/index.php\/home\/homehoteles\/#main\"><img loading=\"lazy\" decoding=\"async\" width=\"261\" height=\"243\" data-id=\"54\" src=\"https:\/\/narancoseguros.com\/wp-content\/uploads\/2020\/10\/homehoteles.jpg\" alt=\"\" class=\"wp-image-54\"\/><\/a><figcaption>Seguro de hoteles<\/figcaption><\/figure>\n<\/figure>\n\n\n\n<div>\n  <div class=\"bloqueContacto\">\n    <div class=\"textoContacto\">\u00bfTienes alguna duda?<\/div>\n  <\/div>\n  <div class=\"bloqueBoton\">\n    <div class=\"textoBtnContacto\">\n      <a href=\"https:\/\/narancoseguros.com\/index.php\/contacto\/\" target=\"_blank\" rel=\"noopener noreferrer\">\u00a1Nosotros te llamamos!<\/a>\n    <\/div>\n  <\/div>\n<\/div>\n\n\n\n<p><\/p>\n","protected":false},"excerpt":{"rendered":"<p>D\u00e9janos tus datos de contacto y recibir\u00e1s una llamada de unos de nuestros agentes. Seguros de veh\u00edculos Seguros Particulares Otros seguros \u00bfTienes alguna duda? \u00a1Nosotros te llamamos!<\/p>\n","protected":false},"author":1,"featured_media":0,"parent":0,"menu_order":0,"comment_status":"closed","ping_status":"open","template":"","meta":{"footnotes":""},"class_list":["post-5","page","type-page","status-publish"],"_links":{"self":[{"href":"https:\/\/narancoseguros.com\/index.php\/wp-json\/wp\/v2\/pages\/5","targetHints":{"allow":["GET"]}}],"collection":[{"href":"https:\/\/narancoseguros.com\/index.php\/wp-json\/wp\/v2\/pages"}],"about":[{"href":"https:\/\/narancoseguros.com\/index.php\/wp-json\/wp\/v2\/types\/page"}],"author":[{"embeddable":true,"href":"https:\/\/narancoseguros.com\/index.php\/wp-json\/wp\/v2\/users\/1"}],"replies":[{"embeddable":true,"href":"https:\/\/narancoseguros.com\/index.php\/wp-json\/wp\/v2\/comments?post=5"}],"version-history":[{"count":29,"href":"https:\/\/narancoseguros.com\/index.php\/wp-json\/wp\/v2\/pages\/5\/revisions"}],"predecessor-version":[{"id":1967,"href":"https:\/\/narancoseguros.com\/index.php\/wp-json\/wp\/v2\/pages\/5\/revisions\/1967"}],"wp:attachment":[{"href":"https:\/\/narancoseguros.com\/index.php\/wp-json\/wp\/v2\/media?parent=5"}],"curies":[{"name":"wp","href":"https:\/\/api.w.org\/{rel}","templated":true}]}}