{"id":394,"date":"2020-10-14T11:25:41","date_gmt":"2020-10-14T11:25:41","guid":{"rendered":"https:\/\/narancoseguros.com\/?page_id=394"},"modified":"2021-05-06T12:04:36","modified_gmt":"2021-05-06T12:04:36","slug":"seguro-de-viajes","status":"publish","type":"page","link":"https:\/\/narancoseguros.com\/index.php\/seguro-de-viajes\/","title":{"rendered":"Seguro viajes"},"content":{"rendered":"\n<div class=\"wp-block-cover has-background-dim\" style=\"background-image:url(https:\/\/narancoseguros.com\/wp-content\/uploads\/2020\/10\/viajes.jpg)\"><div class=\"wp-block-cover__inner-container is-layout-flow wp-block-cover-is-layout-flow\">\n<p class=\"has-text-align-center encabezado has-large-font-size\">SEGURO VIAJES<\/p>\n<\/div><\/div>\n\n\n\n<p class=\"paragrafo\">\u00bfPensando en viajar? En&nbsp;<span style=\"color:#0092b7\" class=\"has-inline-color\">Naranco Seguros<\/span>&nbsp;sabemos que viajar, hoy en d\u00eda, es una cosa inevitable.<\/p>\n\n\n\n<p class=\"paragrafo\">Es por ello que&nbsp;queremos que en tus viajes te sientas seguro y protegido ante cualquier tipo de percance que pueda tener lugar, ya sea relacionado con alg\u00fan tipo de problema de salud, accidente personal, relacionado con el equipaje, etc.<\/p>\n\n\n\n<p class=\"paragrafo\">Cada viaje es \u00fanico e irrepetible, y por ello te animamos a que nos consultes cual es el seguro que mejor se adapta a ti y a tus necesidades, porque en&nbsp;<span style=\"color:#0092b7\" class=\"has-inline-color\">Naranco Seguros<\/span>&nbsp;trabajamos con las mejores compa\u00f1\u00edas para asegurar tu bienestar.<\/p>\n\n\n\n<h2 class=\"titulo wp-block-heading\">\u00bfQu\u00e9 seguro de viaje se adapta mejor a tus necesidades?<\/h2>\n\n\n\n<p class=\"paragrafo\">Existe un&nbsp;<strong>seguro de viaje<\/strong>&nbsp;pensado para cada viaje o viajes en particular. En&nbsp;<span style=\"color:#0092b7\" class=\"has-inline-color\">Naranco Seguros&nbsp;<\/span>no queremos perder la oportunidad de darte a conocer algunas de las posibilidades que existen a la hora de<strong>&nbsp;contratar tu seguro de viaje<\/strong>:<\/p>\n\n\n\n<ul class=\"paragrafo wp-block-list\"><li><strong>Seguro de viaje de vacaciones:<\/strong>&nbsp;Este&nbsp;<strong>tipo de seguro<\/strong>&nbsp;est\u00e1 pensado para que te sientas seguro en todo momento durante tus vacaciones, y solo te tengas que preocupar de relajarte y disfrutar. El&nbsp;<strong>seguro de viaje de vacaciones<\/strong>&nbsp;puede contratarse para un \u00fanico viaje, o con un car\u00e1cter anual si viajas m\u00e1s de una vez al a\u00f1o.<\/li><li><strong>Seguro de viaje de negocios:<\/strong>&nbsp;Si por razones laborales te ves obligado a viajar, el&nbsp;<strong>seguro de viaje de negocios<\/strong>&nbsp;es lo que necesitas. Con las coberturas b\u00e1sicas y opci\u00f3n a ampliar coberturas adicionales, este tipo de seguro tambi\u00e9n puede ser de car\u00e1cter \u00fanico (cubriendo un \u00fanico viaje), o de car\u00e1cter anual.<\/li><li><strong>Seguro de viaje de estudios (Erasmus):<\/strong>&nbsp; Un seguro de viaje flexible que se adapta a tus necesidades, y pensado para viajes de estudios, de idiomas, veranos en el extranjero, viajes de formaci\u00f3n\u2026 El&nbsp;<strong>seguro de viaje de estudios<\/strong>&nbsp;se adapta a la duraci\u00f3n de tu estancia, y que est\u00e1 pensado tanto para grupos como para personas a t\u00edtulo individual.<\/li><li><strong>Seguro de viaje esqu\u00ed y snow:<\/strong>&nbsp;el&nbsp;<strong>seguro de viaje esqu\u00ed y snow<\/strong>&nbsp;est\u00e1 pensado para todos los amantes de los deportes de nieve y que lo practiquen ya sea de forma recreativa o amateur, para que sentirse protegidos y seguros&nbsp; no sea una preocupaci\u00f3n para ellos en caso de accidente. El&nbsp;<strong>seguro de esqu\u00ed<\/strong>&nbsp;se puede contratar con car\u00e1cter de temporada (para toda una temporada de esqu\u00ed), o para cubrir una \u00fanica estancia.<\/li><\/ul>\n\n\n\n<p class=\"paragrafo\">Estos son algunos de los seguros que desde&nbsp;<span style=\"color:#0092b7\" class=\"has-inline-color\">Naranco Seguros&nbsp;<\/span>podemos ofrecerte, pero no dudes en consultarnos tu caso particular.<\/p>\n\n\n\n<h2 class=\"titulo wp-block-heading\">\u00bfCu\u00e1les son las principales coberturas de este tipo de seguros?<\/h2>\n\n\n\n<p class=\"paragrafo\">Cada viaje es diferente, y por eso en&nbsp;Naranco Seguros&nbsp;trabajamos con las mejores compa\u00f1\u00edas para ofrecerte lo mejor. Cada caso particular tiene unas caracter\u00edsticas, al igual que cada producto, pero aqu\u00ed te mostramos cuales son las principales coberturas que suelen tener este tipo de seguros:<\/p>\n\n\n\n<ul class=\"paragrafo wp-block-list\"><li><strong>Gastos m\u00e9dicos quir\u00fargicos, farmac\u00e9uticos y de hospitalizaci\u00f3n.<\/strong><\/li><li><strong>Seguro de equipaje.<\/strong><\/li><li><strong>Gastos odontol\u00f3gicos de urgencia en el extranjero.<\/strong><\/li><li><strong>Transporte o repatriaci\u00f3n sanitaria.<\/strong><\/li><li><strong>Billete de ida y vuelta para un familiar, en caso de hospitalizaci\u00f3n.<\/strong><\/li><li><strong>Adelanto de fondos en caso de robo de medios de pago en el extranjero.<\/strong><\/li><li><strong>Responsabilidad Civil Privada.<\/strong><\/li><\/ul>\n\n\n\n<p class=\"paragrafo\">Siempre existe la posibilidad de a\u00f1adir coberturas adicionales, as\u00ed que ponte en contacto con nosotros, y t\u00fa preoc\u00fapate solo de viajar.<\/p>\n\n\n\n<div class=\"iframeContainer\">\n  <div class=\"form\">\n    <div class=\"wpforms-container wpforms-container-full\" id=\"wpforms-395\"><form id=\"wpforms-form-395\" class=\"wpforms-validate wpforms-form wpforms-ajax-form\" data-formid=\"395\" method=\"post\" enctype=\"multipart\/form-data\" action=\"\/index.php\/wp-json\/wp\/v2\/pages\/394\" data-token=\"9431e79fe913598f11b3ac91bec9032b\" data-token-time=\"1778001172\"><noscript class=\"wpforms-error-noscript\">Por favor, activa JavaScript en tu navegador para completar este formulario.<\/noscript><div class=\"wpforms-field-container\"><div id=\"wpforms-395-field_29-container\" class=\"wpforms-field wpforms-field-text wpforms-one-half wpforms-first\" data-field-id=\"29\"><label class=\"wpforms-field-label\" for=\"wpforms-395-field_29\">Fecha de salida<\/label><input type=\"text\" id=\"wpforms-395-field_29\" class=\"wpforms-field-medium\" name=\"wpforms[fields][29]\" ><\/div><div id=\"wpforms-395-field_30-container\" class=\"wpforms-field wpforms-field-text wpforms-one-half\" data-field-id=\"30\"><label class=\"wpforms-field-label\" for=\"wpforms-395-field_30\">Fecha de llegada<\/label><input type=\"text\" id=\"wpforms-395-field_30\" class=\"wpforms-field-medium\" name=\"wpforms[fields][30]\" ><\/div><div id=\"wpforms-395-field_31-container\" class=\"wpforms-field wpforms-field-select wpforms-field-select-style-classic\" data-field-id=\"31\"><label class=\"wpforms-field-label\" for=\"wpforms-395-field_31\">Destino<\/label><select id=\"wpforms-395-field_31\" class=\"wpforms-field-medium\" name=\"wpforms[fields][31]\"><option value=\"Espa\u00f1a y Gibraltar\"  class=\"choice-1 depth-1\"  >Espa\u00f1a y Gibraltar<\/option><option value=\"Europa y Pa\u00edses del Mediterr\u00e1neo\"  class=\"choice-2 depth-1\"  >Europa y Pa\u00edses del Mediterr\u00e1neo<\/option><option value=\"Resto del Mundo\"  class=\"choice-3 depth-1\"  >Resto del Mundo<\/option><\/select><\/div><div id=\"wpforms-395-field_0-container\" class=\"wpforms-field wpforms-field-name wpforms-one-half wpforms-first\" data-field-id=\"0\"><label class=\"wpforms-field-label\" for=\"wpforms-395-field_0\">Nombre <span class=\"wpforms-required-label\">*<\/span><\/label><input type=\"text\" id=\"wpforms-395-field_0\" class=\"wpforms-field-medium wpforms-field-required\" name=\"wpforms[fields][0]\" required><\/div><div id=\"wpforms-395-field_1-container\" class=\"wpforms-field wpforms-field-email wpforms-one-half\" data-field-id=\"1\"><label class=\"wpforms-field-label\" for=\"wpforms-395-field_1\">Email<\/label><input type=\"email\" id=\"wpforms-395-field_1\" class=\"wpforms-field-medium\" name=\"wpforms[fields][1]\" spellcheck=\"false\" ><\/div><div id=\"wpforms-395-field_3-container\" class=\"wpforms-field wpforms-field-number wpforms-one-half wpforms-first\" data-field-id=\"3\"><label class=\"wpforms-field-label\" for=\"wpforms-395-field_3\">Tel\u00e9fono <span class=\"wpforms-required-label\">*<\/span><\/label><input type=\"number\" id=\"wpforms-395-field_3\" class=\"wpforms-field-medium wpforms-field-required\" name=\"wpforms[fields][3]\" step=\"any\" required><div class=\"wpforms-field-description\">Sin espacios ni guiones: ej985113998<\/div><\/div><\/div><!-- .wpforms-field-container --><div class=\"wpforms-recaptcha-container wpforms-is-recaptcha wpforms-is-recaptcha-type-v2\" ><div class=\"g-recaptcha\" data-sitekey=\"6LeffNUZAAAAADWBGG1fvM9zMe6KyjyedhvXX1ZU\"><\/div><input type=\"text\" name=\"g-recaptcha-hidden\" class=\"wpforms-recaptcha-hidden\" style=\"position:absolute!important;clip:rect(0,0,0,0)!important;height:1px!important;width:1px!important;border:0!important;overflow:hidden!important;padding:0!important;margin:0!important;\" data-rule-recaptcha=\"1\"><\/div><div class=\"wpforms-submit-container\" ><input type=\"hidden\" name=\"wpforms[id]\" value=\"395\"><input type=\"hidden\" name=\"page_title\" value=\"\"><input type=\"hidden\" name=\"page_url\" value=\"https:\/\/narancoseguros.com\/index.php\/wp-json\/wp\/v2\/pages\/394\"><input type=\"hidden\" name=\"url_referer\" value=\"\"><button type=\"submit\" name=\"wpforms[submit]\" id=\"wpforms-submit-395\" class=\"wpforms-submit btn btn-primary btn-lg\" data-alt-text=\"Enviando...\" data-submit-text=\"Consultar\" aria-live=\"assertive\" value=\"wpforms-submit\">Consultar<\/button><img loading=\"lazy\" decoding=\"async\" src=\"https:\/\/narancoseguros.com\/wp-content\/plugins\/wpforms-lite\/assets\/images\/submit-spin.svg\" class=\"wpforms-submit-spinner\" style=\"display: none;\" width=\"26\" height=\"26\" alt=\"Cargando\"><\/div><\/form><\/div>  <!-- .wpforms-container -->\t\n  <\/div>\n  <div class=\"infoColumn\">\n    <h2 class=\"titulo\">\u00bfTienes alguna duda?<\/h2>\n    <h5><i class=\"fas fa-mobile-alt\"><\/i> 985 11 39 98<\/h5>\n    <h5><i class=\"fas fa-paper-plane\"><\/i> info@narancoseguros.com<\/h5>\n    <h5><i class=\"fas fa-tag\"><\/i> <a href=\"https:\/\/narancoseguros.com\/wp-content\/uploads\/2020\/10\/diccionario.pdf\" target=\"_blank\" rel=\"noopener noreferrer\">Diccionario del seguro<\/a><\/h5>\n    <h4>Datos de inter\u00e9s sobre el seguro<\/h4>\n    <hr>\n\n  <\/div>\n<\/div>\n","protected":false},"excerpt":{"rendered":"<p>\u00bfPensando en viajar? En&nbsp;Naranco Seguros&nbsp;sabemos que viajar, hoy en d\u00eda, es una cosa inevitable. Es por ello que&nbsp;queremos que en tus viajes te sientas seguro y protegido ante cualquier tipo de percance que pueda tener lugar, ya sea relacionado con alg\u00fan tipo de problema de salud, accidente personal, relacionado con el equipaje, etc. Cada viaje &#8230; <a title=\"Seguro viajes\" class=\"read-more\" href=\"https:\/\/narancoseguros.com\/index.php\/seguro-de-viajes\/\" aria-label=\"Leer m\u00e1s sobre Seguro viajes\">Leer m\u00e1s<\/a><\/p>\n","protected":false},"author":1,"featured_media":0,"parent":0,"menu_order":0,"comment_status":"closed","ping_status":"closed","template":"","meta":{"footnotes":""},"class_list":["post-394","page","type-page","status-publish"],"_links":{"self":[{"href":"https:\/\/narancoseguros.com\/index.php\/wp-json\/wp\/v2\/pages\/394","targetHints":{"allow":["GET"]}}],"collection":[{"href":"https:\/\/narancoseguros.com\/index.php\/wp-json\/wp\/v2\/pages"}],"about":[{"href":"https:\/\/narancoseguros.com\/index.php\/wp-json\/wp\/v2\/types\/page"}],"author":[{"embeddable":true,"href":"https:\/\/narancoseguros.com\/index.php\/wp-json\/wp\/v2\/users\/1"}],"replies":[{"embeddable":true,"href":"https:\/\/narancoseguros.com\/index.php\/wp-json\/wp\/v2\/comments?post=394"}],"version-history":[{"count":3,"href":"https:\/\/narancoseguros.com\/index.php\/wp-json\/wp\/v2\/pages\/394\/revisions"}],"predecessor-version":[{"id":1006,"href":"https:\/\/narancoseguros.com\/index.php\/wp-json\/wp\/v2\/pages\/394\/revisions\/1006"}],"wp:attachment":[{"href":"https:\/\/narancoseguros.com\/index.php\/wp-json\/wp\/v2\/media?parent=394"}],"curies":[{"name":"wp","href":"https:\/\/api.w.org\/{rel}","templated":true}]}}