{"id":376,"date":"2020-10-14T11:04:33","date_gmt":"2020-10-14T11:04:33","guid":{"rendered":"https:\/\/narancoseguros.com\/?page_id=376"},"modified":"2020-10-19T08:06:05","modified_gmt":"2020-10-19T08:06:05","slug":"seguro-accidente-convenio","status":"publish","type":"page","link":"https:\/\/narancoseguros.com\/index.php\/seguro-accidente-convenio\/","title":{"rendered":"Seguro accidente convenio"},"content":{"rendered":"\n<div class=\"wp-block-cover has-background-dim\" style=\"background-image:url(https:\/\/narancoseguros.com\/wp-content\/uploads\/2020\/10\/accidentes.jpg)\"><div class=\"wp-block-cover__inner-container is-layout-flow wp-block-cover-is-layout-flow\">\n<p class=\"has-text-align-center encabezado has-large-font-size\">SEGURO ACCIDENTES CONVENIO<\/p>\n<\/div><\/div>\n\n\n\n<p class=\"paragrafo\">El&nbsp;<strong>seguro de accidentes de convenio<\/strong>&nbsp;est\u00e1 pensado para los empresarios, para evitar cualquier tipo de percance que pueda surgir ante un siniestro en el que se vea implicado cualquier empleado suyo.<\/p>\n\n\n\n<p class=\"paragrafo\">El&nbsp;<strong>seguro de accidentes de convenio<\/strong>, viene marcada o no como obligatorio en funci\u00f3n del convenio en el que se encuentre adscrita la actividad profesional que se desempe\u00f1e.<\/p>\n\n\n\n<p class=\"paragrafo\"><strong>No hay que confundir este tipo de seguro con la contrataci\u00f3n de una mutua.<\/strong>&nbsp;La mutua proporciona asistencia sanitaria a los trabajadores en caso de un siniestro mientras que el&nbsp;<strong>seguro de accidentes de convenio<\/strong>&nbsp;proporciona una indemnizaci\u00f3n al trabajador o a sus familiares en caso de accidente.<\/p>\n\n\n\n<p class=\"paragrafo\">Por eso, desde&nbsp;<span style=\"color:#0092b7\" class=\"has-inline-color\">Naranco Seguros&nbsp;<\/span>no queremos dejar de recordarte la importancia de contar con el&nbsp;<strong>seguro de accidentes de convenio<\/strong>, para tener la seguridad y confianza de que en tu empresa todos tus trabajadores podr\u00e1n desempe\u00f1ar su labor sin ning\u00fan problema surja el imprevisto que surja.<\/p>\n\n\n\n<h2 class=\"titulo wp-block-heading\">\u00bfCu\u00e1les son las coberturas m\u00ednimas obligatorias?<\/h2>\n\n\n\n<p class=\"paragrafo\">El&nbsp;<strong>seguro de convenio por accidente<\/strong>&nbsp;suele cubrir los siguientes supuestos:<\/p>\n\n\n\n<ul class=\"paragrafo wp-block-list\"><li>Fallecimiento por accidente laboral.<\/li><li>Invalidez permanente absoluta por accidente laboral.<\/li><li>Invalidez permanente parcial por accidente laboral.<\/li><\/ul>\n\n\n\n<h2 class=\"titulo wp-block-heading\">Otras coberturas que se pueden incluir en este tipo de seguros son:<\/h2>\n\n\n\n<ul class=\"paragrafo wp-block-list\"><li>fallecimiento por enfermedad profesional.&nbsp;<\/li><li>fallecimiento por causas naturales.<\/li><li>hospitalizaci\u00f3n por accidente.<\/li><li>gastos de asistencia por accidente.<\/li><\/ul>\n\n\n\n<h2 class=\"titulo wp-block-heading\">\u00c1mbito temporal de la cobertura<\/h2>\n\n\n\n<p class=\"paragrafo\">Es importante tener tambi\u00e9n en cuenta a la hora de&nbsp;<strong>contratar el seguro de accidentes de convenio<\/strong>, el \u00e1mbito temporal de cobertura en caso de accidente. De esta forma podemos diferenciar dos modalidades:<\/p>\n\n\n\n<ul class=\"paragrafo wp-block-list\"><li>\u00c1mbito laboral, cuando el accidente se produce durante el ejercicio laboral del trabajador.<\/li><li>24 horas, cuando la garant\u00eda de la seguridad del trabajador incluye tanto su estancia en el trabajo, as\u00ed como su vida privada (si el accidente tiene lugar fuera de las horas de trabajo o en un accidente que sea calificado como no laboral).&nbsp;<\/li><\/ul>\n\n\n\n<div class=\"iframeContainer\">\n  <div class=\"form\">\n    <div class=\"wpforms-container wpforms-container-full\" id=\"wpforms-380\"><form id=\"wpforms-form-380\" class=\"wpforms-validate wpforms-form wpforms-ajax-form\" data-formid=\"380\" method=\"post\" enctype=\"multipart\/form-data\" action=\"\/index.php\/wp-json\/wp\/v2\/pages\/376\" data-token=\"df8dbb19dd96fe9f97de99184ee740b0\" data-token-time=\"1777986859\"><noscript class=\"wpforms-error-noscript\">Por favor, activa JavaScript en tu navegador para completar este formulario.<\/noscript><div class=\"wpforms-field-container\"><div id=\"wpforms-380-field_24-container\" class=\"wpforms-field wpforms-field-text wpforms-one-half wpforms-first\" data-field-id=\"24\"><label class=\"wpforms-field-label\" for=\"wpforms-380-field_24\">N\u00ba de asegurados<\/label><input type=\"text\" id=\"wpforms-380-field_24\" class=\"wpforms-field-medium\" name=\"wpforms[fields][24]\" ><\/div><div id=\"wpforms-380-field_18-container\" class=\"wpforms-field wpforms-field-text wpforms-one-half\" data-field-id=\"18\"><label class=\"wpforms-field-label\" for=\"wpforms-380-field_18\">Convenio oficial<\/label><input type=\"text\" id=\"wpforms-380-field_18\" class=\"wpforms-field-medium\" name=\"wpforms[fields][18]\" ><\/div><div id=\"wpforms-380-field_28-container\" class=\"wpforms-field wpforms-field-select wpforms-one-half wpforms-first wpforms-field-select-style-classic\" data-field-id=\"28\"><label class=\"wpforms-field-label\" for=\"wpforms-380-field_28\">Provincias<\/label><select id=\"wpforms-380-field_28\" class=\"wpforms-field-medium\" name=\"wpforms[fields][28]\"><option value=\"Albacete\"  class=\"choice-4 depth-1\"  >Albacete<\/option><option value=\"Alicante\/Alacant\"  class=\"choice-5 depth-1\"  >Alicante\/Alacant<\/option><option value=\"Almer\u00eda\"  class=\"choice-6 depth-1\"  >Almer\u00eda<\/option><option value=\"Araba\/\u00c1lava\"  class=\"choice-7 depth-1\"  >Araba\/\u00c1lava<\/option><option value=\"Asturias\"  class=\"choice-8 depth-1\"  >Asturias<\/option><option value=\"\u00c1vila\"  class=\"choice-9 depth-1\"  >\u00c1vila<\/option><option value=\"Badajoz\"  class=\"choice-10 depth-1\"  >Badajoz<\/option><option value=\"Balears, Illes\"  class=\"choice-11 depth-1\"  >Balears, Illes<\/option><option value=\"Barcelona\"  class=\"choice-12 depth-1\"  >Barcelona<\/option><option value=\"Bizkaia\"  class=\"choice-13 depth-1\"  >Bizkaia<\/option><option value=\"Burgos\"  class=\"choice-14 depth-1\"  >Burgos<\/option><option value=\"C\u00e1ceres\"  class=\"choice-15 depth-1\"  >C\u00e1ceres<\/option><option value=\"C\u00e1diz\"  class=\"choice-16 depth-1\"  >C\u00e1diz<\/option><option value=\"Cantabria\"  class=\"choice-17 depth-1\"  >Cantabria<\/option><option value=\"Castell\u00f3n\/Castell\u00f3\"  class=\"choice-18 depth-1\"  >Castell\u00f3n\/Castell\u00f3<\/option><option value=\"Ciudad Real\"  class=\"choice-19 depth-1\"  >Ciudad Real<\/option><option value=\"C\u00f3rdoba\"  class=\"choice-20 depth-1\"  >C\u00f3rdoba<\/option><option value=\"Coru\u00f1a, A\"  class=\"choice-21 depth-1\"  >Coru\u00f1a, A<\/option><option value=\"Cuenca\"  class=\"choice-22 depth-1\"  >Cuenca<\/option><option value=\"Gipuzkoa\"  class=\"choice-23 depth-1\"  >Gipuzkoa<\/option><option value=\"Girona\"  class=\"choice-24 depth-1\"  >Girona<\/option><option value=\"Granada\"  class=\"choice-25 depth-1\"  >Granada<\/option><option value=\"Guadalajara\"  class=\"choice-26 depth-1\"  >Guadalajara<\/option><option value=\"Huelva\"  class=\"choice-27 depth-1\"  >Huelva<\/option><option value=\"Huesca\"  class=\"choice-28 depth-1\"  >Huesca<\/option><option value=\"Ja\u00e9n\"  class=\"choice-29 depth-1\"  >Ja\u00e9n<\/option><option value=\"Le\u00f3n\"  class=\"choice-30 depth-1\"  >Le\u00f3n<\/option><option value=\"Lleida\"  class=\"choice-31 depth-1\"  >Lleida<\/option><option value=\"Lugo\"  class=\"choice-32 depth-1\"  >Lugo<\/option><option value=\"Madrid\"  class=\"choice-33 depth-1\"  >Madrid<\/option><option value=\"M\u00e1laga\"  class=\"choice-34 depth-1\"  >M\u00e1laga<\/option><option value=\"Murcia\"  class=\"choice-35 depth-1\"  >Murcia<\/option><option value=\"Navarra\"  class=\"choice-36 depth-1\"  >Navarra<\/option><option value=\"Ourense\"  class=\"choice-37 depth-1\"  >Ourense<\/option><option value=\"Palencia\"  class=\"choice-38 depth-1\"  >Palencia<\/option><option value=\"Palmas, Las\"  class=\"choice-39 depth-1\"  >Palmas, Las<\/option><option value=\"Pontevedra\"  class=\"choice-40 depth-1\"  >Pontevedra<\/option><option value=\"Rioja, La\"  class=\"choice-41 depth-1\"  >Rioja, La<\/option><option value=\"Salamanca\"  class=\"choice-42 depth-1\"  >Salamanca<\/option><option value=\"Santa Cruz de Tenerife\"  class=\"choice-43 depth-1\"  >Santa Cruz de Tenerife<\/option><option value=\"Segovia\"  class=\"choice-44 depth-1\"  >Segovia<\/option><option value=\"Sevilla\"  class=\"choice-45 depth-1\"  >Sevilla<\/option><option value=\"Soria\"  class=\"choice-46 depth-1\"  >Soria<\/option><option value=\"Tarragona\"  class=\"choice-47 depth-1\"  >Tarragona<\/option><option value=\"Teruel\"  class=\"choice-48 depth-1\"  >Teruel<\/option><option value=\"Toledo\"  class=\"choice-49 depth-1\"  >Toledo<\/option><option value=\"Valencia\/Val\u00e8ncia\"  class=\"choice-50 depth-1\"  >Valencia\/Val\u00e8ncia<\/option><option value=\"Valladolid\"  class=\"choice-51 depth-1\"  >Valladolid<\/option><option value=\"Zamora\"  class=\"choice-52 depth-1\"  >Zamora<\/option><option value=\"Zaragoza\"  class=\"choice-53 depth-1\"  >Zaragoza<\/option><option value=\"Ceuta\"  class=\"choice-54 depth-1\"  >Ceuta<\/option><option value=\"Melilla\"  class=\"choice-55 depth-1\"  >Melilla<\/option><\/select><\/div><div id=\"wpforms-380-field_0-container\" class=\"wpforms-field wpforms-field-name wpforms-one-half wpforms-first\" data-field-id=\"0\"><label class=\"wpforms-field-label\" for=\"wpforms-380-field_0\">Nombre <span class=\"wpforms-required-label\">*<\/span><\/label><input type=\"text\" id=\"wpforms-380-field_0\" class=\"wpforms-field-medium wpforms-field-required\" name=\"wpforms[fields][0]\" required><\/div><div id=\"wpforms-380-field_1-container\" class=\"wpforms-field wpforms-field-email wpforms-one-half\" data-field-id=\"1\"><label class=\"wpforms-field-label\" for=\"wpforms-380-field_1\">Email<\/label><input type=\"email\" id=\"wpforms-380-field_1\" class=\"wpforms-field-medium\" name=\"wpforms[fields][1]\" spellcheck=\"false\" ><\/div><div id=\"wpforms-380-field_3-container\" class=\"wpforms-field wpforms-field-number wpforms-one-half wpforms-first\" data-field-id=\"3\"><label class=\"wpforms-field-label\" for=\"wpforms-380-field_3\">Tel\u00e9fono <span class=\"wpforms-required-label\">*<\/span><\/label><input type=\"number\" id=\"wpforms-380-field_3\" class=\"wpforms-field-medium wpforms-field-required\" name=\"wpforms[fields][3]\" step=\"any\" required><div class=\"wpforms-field-description\">Sin espacios ni guiones: ej985113998<\/div><\/div><\/div><!-- .wpforms-field-container --><div class=\"wpforms-recaptcha-container wpforms-is-recaptcha wpforms-is-recaptcha-type-v2\" ><div class=\"g-recaptcha\" data-sitekey=\"6LeffNUZAAAAADWBGG1fvM9zMe6KyjyedhvXX1ZU\"><\/div><input type=\"text\" name=\"g-recaptcha-hidden\" class=\"wpforms-recaptcha-hidden\" style=\"position:absolute!important;clip:rect(0,0,0,0)!important;height:1px!important;width:1px!important;border:0!important;overflow:hidden!important;padding:0!important;margin:0!important;\" data-rule-recaptcha=\"1\"><\/div><div class=\"wpforms-submit-container\" ><input type=\"hidden\" name=\"wpforms[id]\" value=\"380\"><input type=\"hidden\" name=\"page_title\" value=\"\"><input type=\"hidden\" name=\"page_url\" value=\"https:\/\/narancoseguros.com\/index.php\/wp-json\/wp\/v2\/pages\/376\"><input type=\"hidden\" name=\"url_referer\" value=\"\"><button type=\"submit\" name=\"wpforms[submit]\" id=\"wpforms-submit-380\" class=\"wpforms-submit btn btn-primary btn-lg\" data-alt-text=\"Enviando...\" data-submit-text=\"Consultar\" aria-live=\"assertive\" value=\"wpforms-submit\">Consultar<\/button><img loading=\"lazy\" decoding=\"async\" src=\"https:\/\/narancoseguros.com\/wp-content\/plugins\/wpforms-lite\/assets\/images\/submit-spin.svg\" class=\"wpforms-submit-spinner\" style=\"display: none;\" width=\"26\" height=\"26\" alt=\"Cargando\"><\/div><\/form><\/div>  <!-- .wpforms-container -->\t\n  <\/div>\n  <div class=\"infoColumn\">\n    <h2 class=\"titulo\">\u00bfTienes alguna duda?<\/h2>\n    <h5><i class=\"fas fa-mobile-alt\"><\/i> 985 11 39 98<\/h5>\n    <h5><i class=\"fas fa-paper-plane\"><\/i> info@narancoseguros.com<\/h5>\n    <h5><i class=\"fas fa-tag\"><\/i> <a href=\"https:\/\/narancoseguros.com\/wp-content\/uploads\/2020\/10\/diccionario.pdf\" target=\"_blank\" rel=\"noopener noreferrer\">Diccionario del seguro<\/a><\/h5>\n    <h4>Datos de inter\u00e9s sobre el seguro<\/h4>\n    <hr>\n\n  <\/div>\n<\/div>\n","protected":false},"excerpt":{"rendered":"<p>El&nbsp;seguro de accidentes de convenio&nbsp;est\u00e1 pensado para los empresarios, para evitar cualquier tipo de percance que pueda surgir ante un siniestro en el que se vea implicado cualquier empleado suyo. El&nbsp;seguro de accidentes de convenio, viene marcada o no como obligatorio en funci\u00f3n del convenio en el que se encuentre adscrita la actividad profesional que &#8230; <a title=\"Seguro accidente convenio\" class=\"read-more\" href=\"https:\/\/narancoseguros.com\/index.php\/seguro-accidente-convenio\/\" aria-label=\"Leer m\u00e1s sobre Seguro accidente convenio\">Leer m\u00e1s<\/a><\/p>\n","protected":false},"author":1,"featured_media":0,"parent":0,"menu_order":0,"comment_status":"closed","ping_status":"closed","template":"","meta":{"footnotes":""},"class_list":["post-376","page","type-page","status-publish"],"_links":{"self":[{"href":"https:\/\/narancoseguros.com\/index.php\/wp-json\/wp\/v2\/pages\/376","targetHints":{"allow":["GET"]}}],"collection":[{"href":"https:\/\/narancoseguros.com\/index.php\/wp-json\/wp\/v2\/pages"}],"about":[{"href":"https:\/\/narancoseguros.com\/index.php\/wp-json\/wp\/v2\/types\/page"}],"author":[{"embeddable":true,"href":"https:\/\/narancoseguros.com\/index.php\/wp-json\/wp\/v2\/users\/1"}],"replies":[{"embeddable":true,"href":"https:\/\/narancoseguros.com\/index.php\/wp-json\/wp\/v2\/comments?post=376"}],"version-history":[{"count":2,"href":"https:\/\/narancoseguros.com\/index.php\/wp-json\/wp\/v2\/pages\/376\/revisions"}],"predecessor-version":[{"id":666,"href":"https:\/\/narancoseguros.com\/index.php\/wp-json\/wp\/v2\/pages\/376\/revisions\/666"}],"wp:attachment":[{"href":"https:\/\/narancoseguros.com\/index.php\/wp-json\/wp\/v2\/media?parent=376"}],"curies":[{"name":"wp","href":"https:\/\/api.w.org\/{rel}","templated":true}]}}