{"id":375,"date":"2020-10-14T10:57:45","date_gmt":"2020-10-14T10:57:45","guid":{"rendered":"https:\/\/narancoseguros.com\/?page_id=375"},"modified":"2020-10-19T08:05:08","modified_gmt":"2020-10-19T08:05:08","slug":"seguro-comercio","status":"publish","type":"page","link":"https:\/\/narancoseguros.com\/index.php\/seguro-comercio\/","title":{"rendered":"Seguro comercio"},"content":{"rendered":"\n<div class=\"wp-block-cover has-background-dim\" style=\"background-image:url(https:\/\/narancoseguros.com\/wp-content\/uploads\/2020\/10\/comercio.jpg)\"><div class=\"wp-block-cover__inner-container is-layout-flow wp-block-cover-is-layout-flow\">\n<p class=\"has-text-align-center encabezado has-large-font-size\">SEGURO COMERCIO<\/p>\n<\/div><\/div>\n\n\n\n<p class=\"paragrafo\">Tu negocio, tu actividad, tus clientes\u2026 tu vida. En&nbsp;<span style=\"color:#0092b7\" class=\"has-inline-color\">Naranco Seguros<\/span>&nbsp;sabemos de la importancia que tiene para los minoristas su negocio, y por eso sabemos de la importancia de estar asegurados ante cualquier imprevisto que pueda surgir.<\/p>\n\n\n\n<h2 class=\"titulo wp-block-heading\">\u00bfQu\u00e9 coberturas ofrece?<\/h2>\n\n\n\n<p class=\"paragrafo\">En&nbsp;<span style=\"color:#0092b7\" class=\"has-inline-color\">Naranco Seguros&nbsp;<\/span>trabajamos con las empresas&nbsp; de mayor confianza y asistencia, los mejores para que nuestros clientes se sientan protegidos en todo momento.&nbsp; Las&nbsp;<strong>coberturas de el seguro de comercio<\/strong>, var\u00edan en ocasiones dependiendo de la compa\u00f1\u00eda aseguradora y de la p\u00f3liza.<\/p>\n\n\n\n<h2 class=\"titulo wp-block-heading\">Coberturas generales que suele presentar el seguro de comercio:&nbsp;<\/h2>\n\n\n\n<ul class=\"paragrafo wp-block-list\"><li>Da\u00f1os materiales (incendios, da\u00f1os causados por el agua, reparaci\u00f3n de tuber\u00edas, roturas de cristales, lunas, espejos o vidrieras, etc.).<\/li><li>Robo.<\/li><li>Responsabilidad Civil.<\/li><li>Defensa jur\u00eddica.<\/li><li>Da\u00f1os en la maquinaria.<\/li><li>Prestaciones asistenciales.<\/li><\/ul>\n\n\n\n<p class=\"paragrafo\">Cada comercio es \u00fanico y personal, por eso existen diferentes coberturas opcionales para poder&nbsp;<strong>crear un seguro a tu media<\/strong>&nbsp;que se adapte a tus necesidades.<\/p>\n\n\n\n<h2 class=\"titulo wp-block-heading\">\u00bfCu\u00e1l es la diferencia entre un seguro de comercio y un seguro de PYMES?<\/h2>\n\n\n\n<p class=\"paragrafo\">Es frecuente confundir comercio con empresa, pero estos no son sin\u00f3nimos. Un comercio es una transacci\u00f3n o actividad con fines de lucro, es decir, una forma de obtener dinero a cambio de ofrecer beneficios a los dem\u00e1s.&nbsp; Cuando esta actividad se estabiliza y formaliza, cuando ya se genera como una entidad independiente (desde el punto de vista de la producci\u00f3n), es cuando ya nos encontramos frente a una pyme, frente a una empresa.<\/p>\n\n\n\n<p class=\"paragrafo\">Un ejemplo para entender mejor la diferencia entre estos conceptos, es el de un negocio que consiste en comprar limones para luego ganar dinero al hacer limonada y venderla a un mayor precio, y una empresa que se dedique a comprar fruta para luego exportarla o importarla, y venderlas a un mayor precio.<\/p>\n\n\n\n<p class=\"paragrafo\">En el primero caso, el negocio de comprar limones para luego vender limonada, es un m\u00e9todo o forma de ganar dinero a cambio de ofrecer un beneficio a otras personas; mientras que la empresa dedicada a comprar frutas para luego importarlas o exportarlas, es una entidad constituida para realizar este tipo de negocios (empresa de bienes ra\u00edces).<\/p>\n\n\n\n<p class=\"paragrafo\">Puede confundirse estos conceptos, pensando que un negocio es una empresa peque\u00f1a, sin embargo, ello no es correcto, pues en el ejemplo, el negocio consiste en un m\u00e9todo, mientras que la empresa consiste en una entidad que realiza dichos m\u00e9todos.<\/p>\n\n\n\n<div class=\"iframeContainer\">\n  <div class=\"form\">\n    <div class=\"wpforms-container wpforms-container-full\" id=\"wpforms-377\"><form id=\"wpforms-form-377\" class=\"wpforms-validate wpforms-form wpforms-ajax-form\" data-formid=\"377\" method=\"post\" enctype=\"multipart\/form-data\" action=\"\/index.php\/wp-json\/wp\/v2\/pages\/375\" data-token=\"159fdb00ec598892e1b8f3400ed0da9c\" data-token-time=\"1777804389\"><noscript class=\"wpforms-error-noscript\">Por favor, activa JavaScript en tu navegador para completar este formulario.<\/noscript><div class=\"wpforms-field-container\"><div id=\"wpforms-377-field_24-container\" class=\"wpforms-field wpforms-field-text wpforms-one-half wpforms-first\" data-field-id=\"24\"><label class=\"wpforms-field-label\" for=\"wpforms-377-field_24\">NIF\/CIF<\/label><input type=\"text\" id=\"wpforms-377-field_24\" class=\"wpforms-field-medium\" name=\"wpforms[fields][24]\" ><\/div><div id=\"wpforms-377-field_18-container\" class=\"wpforms-field wpforms-field-text wpforms-one-half\" data-field-id=\"18\"><label class=\"wpforms-field-label\" for=\"wpforms-377-field_18\">Actividad<\/label><input type=\"text\" id=\"wpforms-377-field_18\" class=\"wpforms-field-medium\" name=\"wpforms[fields][18]\" ><\/div><div id=\"wpforms-377-field_6-container\" class=\"wpforms-field wpforms-field-text wpforms-one-half wpforms-first\" data-field-id=\"6\"><label class=\"wpforms-field-label\" for=\"wpforms-377-field_6\">CP<\/label><input type=\"text\" id=\"wpforms-377-field_6\" class=\"wpforms-field-medium\" name=\"wpforms[fields][6]\" ><\/div><div id=\"wpforms-377-field_26-container\" class=\"wpforms-field wpforms-field-text wpforms-one-half\" data-field-id=\"26\"><label class=\"wpforms-field-label\" for=\"wpforms-377-field_26\">Superf\u00edcie (m2)<\/label><input type=\"text\" id=\"wpforms-377-field_26\" class=\"wpforms-field-medium\" name=\"wpforms[fields][26]\" ><\/div><div id=\"wpforms-377-field_27-container\" class=\"wpforms-field wpforms-field-select wpforms-one-half wpforms-first wpforms-field-select-style-classic\" data-field-id=\"27\"><label class=\"wpforms-field-label\" for=\"wpforms-377-field_27\">Edificaci\u00f3n<\/label><select id=\"wpforms-377-field_27\" class=\"wpforms-field-medium\" name=\"wpforms[fields][27]\"><option value=\"Alquiler\"  class=\"choice-1 depth-1\"  >Alquiler<\/option><option value=\"Propiedad\"  class=\"choice-2 depth-1\"  >Propiedad<\/option><\/select><\/div><div id=\"wpforms-377-field_29-container\" class=\"wpforms-field wpforms-field-select wpforms-one-half wpforms-field-select-style-classic\" data-field-id=\"29\"><label class=\"wpforms-field-label\" for=\"wpforms-377-field_29\">Tipo de planta<\/label><select id=\"wpforms-377-field_29\" class=\"wpforms-field-medium\" name=\"wpforms[fields][29]\"><option value=\"Piso en alto\"  class=\"choice-1 depth-1\"  >Piso en alto<\/option><option value=\"Bajo en edificio\"  class=\"choice-2 depth-1\"  >Bajo en edificio<\/option><option value=\"Bajo aislado\"  class=\"choice-4 depth-1\"  >Bajo aislado<\/option><\/select><\/div><div id=\"wpforms-377-field_31-container\" class=\"wpforms-field wpforms-field-select wpforms-one-half wpforms-first wpforms-field-select-style-classic\" data-field-id=\"31\"><label class=\"wpforms-field-label\" for=\"wpforms-377-field_31\">Ubicaci\u00f3n<\/label><select id=\"wpforms-377-field_31\" class=\"wpforms-field-medium\" name=\"wpforms[fields][31]\"><option value=\"Casco urbano\"  class=\"choice-1 depth-1\"  >Casco urbano<\/option><option value=\"Centro comercial\"  class=\"choice-2 depth-1\"  >Centro comercial<\/option><option value=\"Pol\u00edgono\"  class=\"choice-4 depth-1\"  >Pol\u00edgono<\/option><option value=\"Despoblado\"  class=\"choice-5 depth-1\"  >Despoblado<\/option><\/select><\/div><div id=\"wpforms-377-field_32-container\" class=\"wpforms-field wpforms-field-text wpforms-one-half\" data-field-id=\"32\"><label class=\"wpforms-field-label\" for=\"wpforms-377-field_32\">A\u00f1o de construcci\u00f3n<\/label><input type=\"text\" id=\"wpforms-377-field_32\" class=\"wpforms-field-medium\" name=\"wpforms[fields][32]\" ><\/div><div id=\"wpforms-377-field_33-container\" class=\"wpforms-field wpforms-field-text wpforms-one-half wpforms-first\" data-field-id=\"33\"><label class=\"wpforms-field-label\" for=\"wpforms-377-field_33\">A\u00f1o de reforma (Si la hubiera)<\/label><input type=\"text\" id=\"wpforms-377-field_33\" class=\"wpforms-field-medium\" name=\"wpforms[fields][33]\" ><\/div><div id=\"wpforms-377-field_30-container\" class=\"wpforms-field wpforms-field-select wpforms-one-half wpforms-field-select-style-classic\" data-field-id=\"30\"><label class=\"wpforms-field-label\" for=\"wpforms-377-field_30\">Incencio<\/label><select id=\"wpforms-377-field_30\" class=\"wpforms-field-medium\" name=\"wpforms[fields][30]\"><option value=\"Si\"  class=\"choice-1 depth-1\"  >Si<\/option><option value=\"No\"  class=\"choice-2 depth-1\"  >No<\/option><\/select><\/div><div id=\"wpforms-377-field_34-container\" class=\"wpforms-field wpforms-field-text wpforms-one-half wpforms-first\" data-field-id=\"34\"><label class=\"wpforms-field-label\" for=\"wpforms-377-field_34\">Facturaci\u00f3n estimada<\/label><input type=\"text\" id=\"wpforms-377-field_34\" class=\"wpforms-field-medium\" name=\"wpforms[fields][34]\" ><\/div><div id=\"wpforms-377-field_35-container\" class=\"wpforms-field wpforms-field-text wpforms-one-half\" data-field-id=\"35\"><label class=\"wpforms-field-label\" for=\"wpforms-377-field_35\">N\u00famero de empleados<\/label><input type=\"text\" id=\"wpforms-377-field_35\" class=\"wpforms-field-medium\" name=\"wpforms[fields][35]\" ><\/div><div id=\"wpforms-377-field_0-container\" class=\"wpforms-field wpforms-field-name wpforms-one-half wpforms-first\" data-field-id=\"0\"><label class=\"wpforms-field-label\" for=\"wpforms-377-field_0\">Nombre <span class=\"wpforms-required-label\">*<\/span><\/label><input type=\"text\" id=\"wpforms-377-field_0\" class=\"wpforms-field-medium wpforms-field-required\" name=\"wpforms[fields][0]\" required><\/div><div id=\"wpforms-377-field_1-container\" class=\"wpforms-field wpforms-field-email wpforms-one-half\" data-field-id=\"1\"><label class=\"wpforms-field-label\" for=\"wpforms-377-field_1\">Email<\/label><input type=\"email\" id=\"wpforms-377-field_1\" class=\"wpforms-field-medium\" name=\"wpforms[fields][1]\" spellcheck=\"false\" ><\/div><div id=\"wpforms-377-field_3-container\" class=\"wpforms-field wpforms-field-number wpforms-one-half wpforms-first\" data-field-id=\"3\"><label class=\"wpforms-field-label\" for=\"wpforms-377-field_3\">Tel\u00e9fono <span class=\"wpforms-required-label\">*<\/span><\/label><input type=\"number\" id=\"wpforms-377-field_3\" class=\"wpforms-field-medium wpforms-field-required\" name=\"wpforms[fields][3]\" step=\"any\" required><div class=\"wpforms-field-description\">Sin espacios ni guiones: ej985113998<\/div><\/div><\/div><!-- .wpforms-field-container --><div class=\"wpforms-recaptcha-container wpforms-is-recaptcha wpforms-is-recaptcha-type-v2\" ><div class=\"g-recaptcha\" data-sitekey=\"6LeffNUZAAAAADWBGG1fvM9zMe6KyjyedhvXX1ZU\"><\/div><input type=\"text\" name=\"g-recaptcha-hidden\" class=\"wpforms-recaptcha-hidden\" style=\"position:absolute!important;clip:rect(0,0,0,0)!important;height:1px!important;width:1px!important;border:0!important;overflow:hidden!important;padding:0!important;margin:0!important;\" data-rule-recaptcha=\"1\"><\/div><div class=\"wpforms-submit-container\" ><input type=\"hidden\" name=\"wpforms[id]\" value=\"377\"><input type=\"hidden\" name=\"page_title\" value=\"\"><input type=\"hidden\" name=\"page_url\" value=\"https:\/\/narancoseguros.com\/index.php\/wp-json\/wp\/v2\/pages\/375\"><input type=\"hidden\" name=\"url_referer\" value=\"\"><button type=\"submit\" name=\"wpforms[submit]\" id=\"wpforms-submit-377\" class=\"wpforms-submit btn btn-primary btn-lg\" data-alt-text=\"Enviando...\" data-submit-text=\"Consultar\" aria-live=\"assertive\" value=\"wpforms-submit\">Consultar<\/button><img loading=\"lazy\" decoding=\"async\" src=\"https:\/\/narancoseguros.com\/wp-content\/plugins\/wpforms-lite\/assets\/images\/submit-spin.svg\" class=\"wpforms-submit-spinner\" style=\"display: none;\" width=\"26\" height=\"26\" alt=\"Cargando\"><\/div><\/form><\/div>  <!-- .wpforms-container -->\t\n  <\/div>\n  <div class=\"infoColumn\">\n    <h2 class=\"titulo\">\u00bfTienes alguna duda?<\/h2>\n    <h5><i class=\"fas fa-mobile-alt\"><\/i> 985 11 39 98<\/h5>\n    <h5><i class=\"fas fa-paper-plane\"><\/i> info@narancoseguros.com<\/h5>\n    <h5><i class=\"fas fa-tag\"><\/i> <a href=\"https:\/\/narancoseguros.com\/wp-content\/uploads\/2020\/10\/diccionario.pdf\" target=\"_blank\" rel=\"noopener noreferrer\">Diccionario del seguro<\/a><\/h5>\n    <h4>Datos de inter\u00e9s sobre el seguro<\/h4>\n    <hr>\n\n  <\/div>\n<\/div>\n","protected":false},"excerpt":{"rendered":"<p>Tu negocio, tu actividad, tus clientes\u2026 tu vida. En&nbsp;Naranco Seguros&nbsp;sabemos de la importancia que tiene para los minoristas su negocio, y por eso sabemos de la importancia de estar asegurados ante cualquier imprevisto que pueda surgir. \u00bfQu\u00e9 coberturas ofrece? En&nbsp;Naranco Seguros&nbsp;trabajamos con las empresas&nbsp; de mayor confianza y asistencia, los mejores para que nuestros clientes &#8230; <a title=\"Seguro comercio\" class=\"read-more\" href=\"https:\/\/narancoseguros.com\/index.php\/seguro-comercio\/\" aria-label=\"Leer m\u00e1s sobre Seguro comercio\">Leer m\u00e1s<\/a><\/p>\n","protected":false},"author":1,"featured_media":0,"parent":0,"menu_order":0,"comment_status":"closed","ping_status":"closed","template":"","meta":{"footnotes":""},"class_list":["post-375","page","type-page","status-publish"],"_links":{"self":[{"href":"https:\/\/narancoseguros.com\/index.php\/wp-json\/wp\/v2\/pages\/375","targetHints":{"allow":["GET"]}}],"collection":[{"href":"https:\/\/narancoseguros.com\/index.php\/wp-json\/wp\/v2\/pages"}],"about":[{"href":"https:\/\/narancoseguros.com\/index.php\/wp-json\/wp\/v2\/types\/page"}],"author":[{"embeddable":true,"href":"https:\/\/narancoseguros.com\/index.php\/wp-json\/wp\/v2\/users\/1"}],"replies":[{"embeddable":true,"href":"https:\/\/narancoseguros.com\/index.php\/wp-json\/wp\/v2\/comments?post=375"}],"version-history":[{"count":2,"href":"https:\/\/narancoseguros.com\/index.php\/wp-json\/wp\/v2\/pages\/375\/revisions"}],"predecessor-version":[{"id":665,"href":"https:\/\/narancoseguros.com\/index.php\/wp-json\/wp\/v2\/pages\/375\/revisions\/665"}],"wp:attachment":[{"href":"https:\/\/narancoseguros.com\/index.php\/wp-json\/wp\/v2\/media?parent=375"}],"curies":[{"name":"wp","href":"https:\/\/api.w.org\/{rel}","templated":true}]}}