{"id":371,"date":"2020-10-14T10:49:01","date_gmt":"2020-10-14T10:49:01","guid":{"rendered":"https:\/\/narancoseguros.com\/?page_id=371"},"modified":"2020-10-19T08:04:32","modified_gmt":"2020-10-19T08:04:32","slug":"seguro-rc-pyme","status":"publish","type":"page","link":"https:\/\/narancoseguros.com\/index.php\/seguro-rc-pyme\/","title":{"rendered":"Seguro RC PYME"},"content":{"rendered":"\n<div class=\"wp-block-cover has-background-dim\" style=\"background-image:url(https:\/\/narancoseguros.com\/wp-content\/uploads\/2020\/10\/comercio.jpg)\"><div class=\"wp-block-cover__inner-container is-layout-flow wp-block-cover-is-layout-flow\">\n<p class=\"has-text-align-center encabezado has-large-font-size\">SEGURO RC PYME<\/p>\n<\/div><\/div>\n\n\n\n<p class=\"paragrafo\">En Espa\u00f1a hay m\u00e1s de 3 millones de pymes&nbsp;que generan cerca del 66% del empleo, por lo que es indiscutible que las pymes son una parte importante del tejido empresarial espa\u00f1ol.<\/p>\n\n\n\n<p class=\"paragrafo\">Por eso desde&nbsp;<span style=\"color:#0092b7\" class=\"has-inline-color\">Naranco Seguros<\/span>&nbsp;no queremos que un incidente se interponga en el desempe\u00f1o de tu trabajo, porque sabemos lo importante que es.<\/p>\n\n\n\n<p class=\"paragrafo\">El s<strong>eguro de responsabilidad civil para PYMES<\/strong>&nbsp;puede ser en ocasiones un \u201csalvavidas\u201d, una forma de no tener que responder con el patrimonio personal ante un reclamaci\u00f3n o demanda, es decir, consiste b\u00e1sicamente en una transferencia de responsabilidades.<\/p>\n\n\n\n<p class=\"paragrafo\">En&nbsp;<span style=\"color:#0092b7\" class=\"has-inline-color\">Naranco Seguros<\/span>&nbsp;queremos que te sientas protegido, por eso trabajamos con las mejores compa\u00f1\u00edas para que contratar el&nbsp;<strong>seguro de responsabilidad civil<\/strong>&nbsp;para tu empresa no sea una complicaci\u00f3n, sino un tr\u00e1mite sencillo y f\u00e1cil.<\/p>\n\n\n\n<p class=\"paragrafo\">Adem\u00e1s este tipo de&nbsp;<strong>seguro<\/strong>&nbsp;presenta la ventaja de una gran facilidad de adaptarse a tus necesidades, porque sabemos que cada pyme importa, y que no hay dos iguales.<\/p>\n\n\n\n<h2 class=\"titulo wp-block-heading\">\u00bfCu\u00e1les son las caracter\u00edsticas y garant\u00edas del Seguro de Responsabilidad Civil para PYMES?<\/h2>\n\n\n\n<ul class=\"paragrafo wp-block-list\"><li>Defensa jur\u00eddica b\u00e1sica.<\/li><li>Asistencia 24 horas.<\/li><li>Compensaci\u00f3n de capitales.<\/li><li>Incendio, explosi\u00f3n o ca\u00edda de rayo.<\/li><li>Bienes desaparecidos.<\/li><\/ul>\n\n\n\n<h2 class=\"titulo wp-block-heading\">El Seguro de Responsabilidad Civil&nbsp;es posible ampliarlo con coberturas adicionales&nbsp;que se adapten a las necesidades de tu empresa:<\/h2>\n\n\n\n<ul class=\"paragrafo wp-block-list\"><li>Defensa jur\u00eddica ampliada.<\/li><li>Actos de vandalismo o malintencionados.<\/li><li>Aver\u00eda en ordenadores, equipos electr\u00f3nicos o maquinaria.<\/li><li>Derrame de l\u00edquidos.<\/li><li>Deterioro de mercanc\u00edas en c\u00e1maras frigor\u00edficas.<\/li><li>Infidelidad de empleados.<\/li><li>Etc.\u2026<\/li><\/ul>\n\n\n\n<p class=\"paragrafo\">No dudes en consultarnos el&nbsp;<strong>precio de tu seguro<\/strong>, y descubrir las coberturas que podemos ofrecer a tu empresa, para que te sientas protegido porque en&nbsp;<span style=\"color:#0092b7\" class=\"has-inline-color\">Naranco Seguros<\/span>&nbsp;nos&nbsp;importas.<\/p>\n\n\n\n<h2 class=\"titulo wp-block-heading\">\u00bfCu\u00e1l es la diferencia entre un seguro de comercio y un seguro de PYMES?<\/h2>\n\n\n\n<p class=\"paragrafo\">Es frecuente confundir comercio con empresa, pero estos no son sin\u00f3nimos.<\/p>\n\n\n\n<p class=\"paragrafo\">Un comercio es una transacci\u00f3n o actividad con fines de lucro, es decir, una forma de obtener dinero a cambio de ofrecer beneficios a los dem\u00e1s.&nbsp;Cuando esta actividad se estabiliza y formaliza,&nbsp;ya se genera como una entidad independiente (desde el punto de vista de la producci\u00f3n) y&nbsp;es cuando ya nos encontramos frente a una pyme, frente a una empresa.<\/p>\n\n\n\n<p class=\"paragrafo\">Un ejemplo para entender mejor la diferencia entre estos conceptos, es el de un negocio que consiste en comprar limones para luego ganar dinero al hacer limonada y venderla a un mayor precio, y una empresa que se dedique a comprar fruta para luego exportarla o importarla, y venderlas a un mayor precio.<\/p>\n\n\n\n<p class=\"paragrafo\">En el primero caso, el negocio de comprar limones para luego vender limonada, es un m\u00e9todo o forma de ganar dinero a cambio de ofrecer un beneficio a otras personas; mientras que la empresa dedicada a comprar frutas para luego importarlas o exportarlas, es una entidad constituida para realizar este tipo de negocios (empresa de bienes ra\u00edces).<\/p>\n\n\n\n<p class=\"paragrafo\">Pueden confundirse estos conceptos, pensando que un negocio es una empresa peque\u00f1a, sin embargo, esto&nbsp;no es correcto, pues en el ejemplo, el negocio consiste en un m\u00e9todo, mientras que la empresa consiste en una entidad que realiza dichos m\u00e9todos.<\/p>\n\n\n\n<div class=\"iframeContainer\">\n  <div class=\"form\">\n    <div class=\"wpforms-container wpforms-container-full\" id=\"wpforms-372\"><form id=\"wpforms-form-372\" class=\"wpforms-validate wpforms-form wpforms-ajax-form\" data-formid=\"372\" method=\"post\" enctype=\"multipart\/form-data\" action=\"\/index.php\/wp-json\/wp\/v2\/pages\/371\" data-token=\"0010de5f67b3702304af98ba52b67df1\" data-token-time=\"1777804394\"><noscript class=\"wpforms-error-noscript\">Por favor, activa JavaScript en tu navegador para completar este formulario.<\/noscript><div class=\"wpforms-field-container\"><div id=\"wpforms-372-field_24-container\" class=\"wpforms-field wpforms-field-text wpforms-one-half wpforms-first\" data-field-id=\"24\"><label class=\"wpforms-field-label\" for=\"wpforms-372-field_24\">NIF\/CIF<\/label><input type=\"text\" id=\"wpforms-372-field_24\" class=\"wpforms-field-medium\" name=\"wpforms[fields][24]\" ><\/div><div id=\"wpforms-372-field_18-container\" class=\"wpforms-field wpforms-field-text wpforms-one-half\" data-field-id=\"18\"><label class=\"wpforms-field-label\" for=\"wpforms-372-field_18\">Sector y actividad<\/label><input type=\"text\" id=\"wpforms-372-field_18\" class=\"wpforms-field-medium\" name=\"wpforms[fields][18]\" ><\/div><div id=\"wpforms-372-field_6-container\" class=\"wpforms-field wpforms-field-text wpforms-one-half wpforms-first\" data-field-id=\"6\"><label class=\"wpforms-field-label\" for=\"wpforms-372-field_6\">Facturaci\u00f3n anual<\/label><input type=\"text\" id=\"wpforms-372-field_6\" class=\"wpforms-field-medium\" name=\"wpforms[fields][6]\" ><\/div><div id=\"wpforms-372-field_26-container\" class=\"wpforms-field wpforms-field-text wpforms-one-half\" data-field-id=\"26\"><label class=\"wpforms-field-label\" for=\"wpforms-372-field_26\">N\u00ba de empleados<\/label><input type=\"text\" id=\"wpforms-372-field_26\" class=\"wpforms-field-medium\" name=\"wpforms[fields][26]\" ><\/div><div id=\"wpforms-372-field_0-container\" class=\"wpforms-field wpforms-field-name wpforms-one-half wpforms-first\" data-field-id=\"0\"><label class=\"wpforms-field-label\" for=\"wpforms-372-field_0\">Nombre <span class=\"wpforms-required-label\">*<\/span><\/label><input type=\"text\" id=\"wpforms-372-field_0\" class=\"wpforms-field-medium wpforms-field-required\" name=\"wpforms[fields][0]\" required><\/div><div id=\"wpforms-372-field_1-container\" class=\"wpforms-field wpforms-field-email wpforms-one-half\" data-field-id=\"1\"><label class=\"wpforms-field-label\" for=\"wpforms-372-field_1\">Email<\/label><input type=\"email\" id=\"wpforms-372-field_1\" class=\"wpforms-field-medium\" name=\"wpforms[fields][1]\" spellcheck=\"false\" ><\/div><div id=\"wpforms-372-field_3-container\" class=\"wpforms-field wpforms-field-number wpforms-one-half wpforms-first\" data-field-id=\"3\"><label class=\"wpforms-field-label\" for=\"wpforms-372-field_3\">Tel\u00e9fono <span class=\"wpforms-required-label\">*<\/span><\/label><input type=\"number\" id=\"wpforms-372-field_3\" class=\"wpforms-field-medium wpforms-field-required\" name=\"wpforms[fields][3]\" step=\"any\" required><div class=\"wpforms-field-description\">Sin espacios ni guiones: ej985113998<\/div><\/div><\/div><!-- .wpforms-field-container --><div class=\"wpforms-recaptcha-container wpforms-is-recaptcha wpforms-is-recaptcha-type-v2\" ><div class=\"g-recaptcha\" data-sitekey=\"6LeffNUZAAAAADWBGG1fvM9zMe6KyjyedhvXX1ZU\"><\/div><input type=\"text\" name=\"g-recaptcha-hidden\" class=\"wpforms-recaptcha-hidden\" style=\"position:absolute!important;clip:rect(0,0,0,0)!important;height:1px!important;width:1px!important;border:0!important;overflow:hidden!important;padding:0!important;margin:0!important;\" data-rule-recaptcha=\"1\"><\/div><div class=\"wpforms-submit-container\" ><input type=\"hidden\" name=\"wpforms[id]\" value=\"372\"><input type=\"hidden\" name=\"page_title\" value=\"\"><input type=\"hidden\" name=\"page_url\" value=\"https:\/\/narancoseguros.com\/index.php\/wp-json\/wp\/v2\/pages\/371\"><input type=\"hidden\" name=\"url_referer\" value=\"\"><button type=\"submit\" name=\"wpforms[submit]\" id=\"wpforms-submit-372\" class=\"wpforms-submit btn btn-primary btn-lg\" data-alt-text=\"Enviando...\" data-submit-text=\"Consultar\" aria-live=\"assertive\" value=\"wpforms-submit\">Consultar<\/button><img loading=\"lazy\" decoding=\"async\" src=\"https:\/\/narancoseguros.com\/wp-content\/plugins\/wpforms-lite\/assets\/images\/submit-spin.svg\" class=\"wpforms-submit-spinner\" style=\"display: none;\" width=\"26\" height=\"26\" alt=\"Cargando\"><\/div><\/form><\/div>  <!-- .wpforms-container -->\t\n  <\/div>\n  <div class=\"infoColumn\">\n    <h2 class=\"titulo\">\u00bfTienes alguna duda?<\/h2>\n    <h5><i class=\"fas fa-mobile-alt\"><\/i> 985 11 39 98<\/h5>\n    <h5><i class=\"fas fa-paper-plane\"><\/i> info@narancoseguros.com<\/h5>\n    <h5><i class=\"fas fa-tag\"><\/i> <a href=\"https:\/\/narancoseguros.com\/wp-content\/uploads\/2020\/10\/diccionario.pdf\" target=\"_blank\" rel=\"noopener noreferrer\">Diccionario del seguro<\/a><\/h5>\n    <h4>Datos de inter\u00e9s sobre el seguro<\/h4>\n    <hr>\n\n  <\/div>\n<\/div>\n","protected":false},"excerpt":{"rendered":"<p>En Espa\u00f1a hay m\u00e1s de 3 millones de pymes&nbsp;que generan cerca del 66% del empleo, por lo que es indiscutible que las pymes son una parte importante del tejido empresarial espa\u00f1ol. Por eso desde&nbsp;Naranco Seguros&nbsp;no queremos que un incidente se interponga en el desempe\u00f1o de tu trabajo, porque sabemos lo importante que es. El seguro &#8230; <a title=\"Seguro RC PYME\" class=\"read-more\" href=\"https:\/\/narancoseguros.com\/index.php\/seguro-rc-pyme\/\" aria-label=\"Leer m\u00e1s sobre Seguro RC PYME\">Leer m\u00e1s<\/a><\/p>\n","protected":false},"author":1,"featured_media":0,"parent":0,"menu_order":0,"comment_status":"closed","ping_status":"closed","template":"","meta":{"footnotes":""},"class_list":["post-371","page","type-page","status-publish"],"_links":{"self":[{"href":"https:\/\/narancoseguros.com\/index.php\/wp-json\/wp\/v2\/pages\/371","targetHints":{"allow":["GET"]}}],"collection":[{"href":"https:\/\/narancoseguros.com\/index.php\/wp-json\/wp\/v2\/pages"}],"about":[{"href":"https:\/\/narancoseguros.com\/index.php\/wp-json\/wp\/v2\/types\/page"}],"author":[{"embeddable":true,"href":"https:\/\/narancoseguros.com\/index.php\/wp-json\/wp\/v2\/users\/1"}],"replies":[{"embeddable":true,"href":"https:\/\/narancoseguros.com\/index.php\/wp-json\/wp\/v2\/comments?post=371"}],"version-history":[{"count":2,"href":"https:\/\/narancoseguros.com\/index.php\/wp-json\/wp\/v2\/pages\/371\/revisions"}],"predecessor-version":[{"id":664,"href":"https:\/\/narancoseguros.com\/index.php\/wp-json\/wp\/v2\/pages\/371\/revisions\/664"}],"wp:attachment":[{"href":"https:\/\/narancoseguros.com\/index.php\/wp-json\/wp\/v2\/media?parent=371"}],"curies":[{"name":"wp","href":"https:\/\/api.w.org\/{rel}","templated":true}]}}