{"id":367,"date":"2020-10-14T10:42:51","date_gmt":"2020-10-14T10:42:51","guid":{"rendered":"https:\/\/narancoseguros.com\/?page_id=367"},"modified":"2020-10-19T08:02:49","modified_gmt":"2020-10-19T08:02:49","slug":"seguro-rc-profesional","status":"publish","type":"page","link":"https:\/\/narancoseguros.com\/index.php\/seguro-rc-profesional\/","title":{"rendered":"Seguro RC profesional"},"content":{"rendered":"\n<div class=\"wp-block-cover has-background-dim\" style=\"background-image:url(https:\/\/narancoseguros.com\/wp-content\/uploads\/2020\/10\/profesional.jpg)\"><div class=\"wp-block-cover__inner-container is-layout-flow wp-block-cover-is-layout-flow\">\n<p class=\"has-text-align-center encabezado has-large-font-size\">SEGURO RC PROFESIONAL<\/p>\n<\/div><\/div>\n\n\n\n<p class=\"paragrafo\">En&nbsp;<span style=\"color:#0092b7\" class=\"has-inline-color\">Naranco Seguros<\/span>&nbsp;no queremos dejar de recordarte la importancia de poseer un&nbsp;<strong>seguro de Responsabilidad Civil Profesional<\/strong>, para evitar mayores contratiempos ante una reclamaci\u00f3n, aunque ya sea por el mero hecho de desempe\u00f1ar tu trabajo.<\/p>\n\n\n\n<p class=\"paragrafo\">El&nbsp;<strong>seguro de Responsabilidad Civil Profesional<\/strong>&nbsp;est\u00e1 pensado principalmente para empresas y profesionales liberales, para evitar que ante una reclamaci\u00f3n o demanda econ\u00f3mica tengan que responder con su patrimonio personal o el de la empresa.<\/p>\n\n\n\n<p class=\"paragrafo\">Abogados, graduados sociales, profesionales sanitarios (en el \u00e1mbito de la asistencia privada), administradores de fincas, procuradores, arquitectos, ingenieros, son ejemplos de algunos profesionales que, en el ejercicio de su profesi\u00f3n, podr\u00edan llegar a causar perjuicios a terceras personas.<\/p>\n\n\n\n<h2 class=\"titulo wp-block-heading\">Objetivo de los seguros de Responsabilidad Civil Profesional<\/h2>\n\n\n\n<p class=\"paragrafo\">El objetivo de los&nbsp;<strong>seguros de Responsabilidad Civil Profesional<\/strong>&nbsp;es precisamente hacer frente a los da\u00f1os personales y materiales que, involuntariamente, por sus errores u omisiones, el profesional haya podido causar a sus clientes, as\u00ed como los perjuicios que de ellos se pudieran derivar. Estos&nbsp;<strong>seguros<\/strong>&nbsp;no s\u00f3lo son una garant\u00eda para los profesionales, sino tambi\u00e9n para quienes contratan sus servicios.<\/p>\n\n\n\n<h2 class=\"titulo wp-block-heading\">\u00bfEn qu\u00e9 consiste el seguro de Responsabilidad Civil Profesional?<\/h2>\n\n\n\n<p class=\"paragrafo\">Este&nbsp;<strong>tipo de seguro<\/strong>&nbsp;consiste b\u00e1sicamente en una transferencia de responsabilidades, de tal forma que es un tercero (el asegurador), el que asume las consecuencias econ\u00f3micas de dicha demanda, siempre ajust\u00e1ndose dentro de los par\u00e1metros establecidos en la p\u00f3liza. El&nbsp;<strong>seguro de Responsabilidad Civil Profesional&nbsp;<\/strong>&nbsp;tambi\u00e9n suele incluir p\u00e9rdida o da\u00f1os en la documentaci\u00f3n.&nbsp;<\/p>\n\n\n\n<div class=\"iframeContainer\">\n  <div class=\"form\">\n    <div class=\"wpforms-container wpforms-container-full\" id=\"wpforms-368\"><form id=\"wpforms-form-368\" class=\"wpforms-validate wpforms-form wpforms-ajax-form\" data-formid=\"368\" method=\"post\" enctype=\"multipart\/form-data\" action=\"\/index.php\/wp-json\/wp\/v2\/pages\/367\" data-token=\"1b3f76179f6125755a477b5251c2aca8\" data-token-time=\"1777971503\"><noscript class=\"wpforms-error-noscript\">Por favor, activa JavaScript en tu navegador para completar este formulario.<\/noscript><div class=\"wpforms-field-container\"><div id=\"wpforms-368-field_24-container\" class=\"wpforms-field wpforms-field-text wpforms-one-half wpforms-first\" data-field-id=\"24\"><label class=\"wpforms-field-label\" for=\"wpforms-368-field_24\">NIF\/CIF<\/label><input type=\"text\" id=\"wpforms-368-field_24\" class=\"wpforms-field-medium\" name=\"wpforms[fields][24]\" ><\/div><div id=\"wpforms-368-field_18-container\" class=\"wpforms-field wpforms-field-text wpforms-one-half\" data-field-id=\"18\"><label class=\"wpforms-field-label\" for=\"wpforms-368-field_18\">Sector y actividad<\/label><input type=\"text\" id=\"wpforms-368-field_18\" class=\"wpforms-field-medium\" name=\"wpforms[fields][18]\" ><\/div><div id=\"wpforms-368-field_6-container\" class=\"wpforms-field wpforms-field-text wpforms-one-half wpforms-first\" data-field-id=\"6\"><label class=\"wpforms-field-label\" for=\"wpforms-368-field_6\">Facturaci\u00f3n anual<\/label><input type=\"text\" id=\"wpforms-368-field_6\" class=\"wpforms-field-medium\" name=\"wpforms[fields][6]\" ><\/div><div id=\"wpforms-368-field_0-container\" class=\"wpforms-field wpforms-field-name wpforms-one-half wpforms-first\" data-field-id=\"0\"><label class=\"wpforms-field-label\" for=\"wpforms-368-field_0\">Nombre <span class=\"wpforms-required-label\">*<\/span><\/label><input type=\"text\" id=\"wpforms-368-field_0\" class=\"wpforms-field-medium wpforms-field-required\" name=\"wpforms[fields][0]\" required><\/div><div id=\"wpforms-368-field_1-container\" class=\"wpforms-field wpforms-field-email wpforms-one-half\" data-field-id=\"1\"><label class=\"wpforms-field-label\" for=\"wpforms-368-field_1\">Email<\/label><input type=\"email\" id=\"wpforms-368-field_1\" class=\"wpforms-field-medium\" name=\"wpforms[fields][1]\" spellcheck=\"false\" ><\/div><div id=\"wpforms-368-field_3-container\" class=\"wpforms-field wpforms-field-number wpforms-one-half wpforms-first\" data-field-id=\"3\"><label class=\"wpforms-field-label\" for=\"wpforms-368-field_3\">Tel\u00e9fono <span class=\"wpforms-required-label\">*<\/span><\/label><input type=\"number\" id=\"wpforms-368-field_3\" class=\"wpforms-field-medium wpforms-field-required\" name=\"wpforms[fields][3]\" step=\"any\" required><div class=\"wpforms-field-description\">Sin espacios ni guiones: ej985113998<\/div><\/div><\/div><!-- .wpforms-field-container --><div class=\"wpforms-recaptcha-container wpforms-is-recaptcha wpforms-is-recaptcha-type-v2\" ><div class=\"g-recaptcha\" data-sitekey=\"6LeffNUZAAAAADWBGG1fvM9zMe6KyjyedhvXX1ZU\"><\/div><input type=\"text\" name=\"g-recaptcha-hidden\" class=\"wpforms-recaptcha-hidden\" style=\"position:absolute!important;clip:rect(0,0,0,0)!important;height:1px!important;width:1px!important;border:0!important;overflow:hidden!important;padding:0!important;margin:0!important;\" data-rule-recaptcha=\"1\"><\/div><div class=\"wpforms-submit-container\" ><input type=\"hidden\" name=\"wpforms[id]\" value=\"368\"><input type=\"hidden\" name=\"page_title\" value=\"\"><input type=\"hidden\" name=\"page_url\" value=\"https:\/\/narancoseguros.com\/index.php\/wp-json\/wp\/v2\/pages\/367\"><input type=\"hidden\" name=\"url_referer\" value=\"\"><button type=\"submit\" name=\"wpforms[submit]\" id=\"wpforms-submit-368\" class=\"wpforms-submit btn btn-primary btn-lg\" data-alt-text=\"Enviando...\" data-submit-text=\"Consultar\" aria-live=\"assertive\" value=\"wpforms-submit\">Consultar<\/button><img loading=\"lazy\" decoding=\"async\" src=\"https:\/\/narancoseguros.com\/wp-content\/plugins\/wpforms-lite\/assets\/images\/submit-spin.svg\" class=\"wpforms-submit-spinner\" style=\"display: none;\" width=\"26\" height=\"26\" alt=\"Cargando\"><\/div><\/form><\/div>  <!-- .wpforms-container -->\t\n  <\/div>\n  <div class=\"infoColumn\">\n    <h2 class=\"titulo\">\u00bfTienes alguna duda?<\/h2>\n    <h5><i class=\"fas fa-mobile-alt\"><\/i> 985 11 39 98<\/h5>\n    <h5><i class=\"fas fa-paper-plane\"><\/i> info@narancoseguros.com<\/h5>\n    <h5><i class=\"fas fa-tag\"><\/i> <a href=\"https:\/\/narancoseguros.com\/wp-content\/uploads\/2020\/10\/diccionario.pdf\" target=\"_blank\" rel=\"noopener noreferrer\">Diccionario del seguro<\/a><\/h5>\n    <h4>Datos de inter\u00e9s sobre el seguro<\/h4>\n    <hr>\n\n  <\/div>\n<\/div>\n","protected":false},"excerpt":{"rendered":"<p>En&nbsp;Naranco Seguros&nbsp;no queremos dejar de recordarte la importancia de poseer un&nbsp;seguro de Responsabilidad Civil Profesional, para evitar mayores contratiempos ante una reclamaci\u00f3n, aunque ya sea por el mero hecho de desempe\u00f1ar tu trabajo. El&nbsp;seguro de Responsabilidad Civil Profesional&nbsp;est\u00e1 pensado principalmente para empresas y profesionales liberales, para evitar que ante una reclamaci\u00f3n o demanda econ\u00f3mica tengan &#8230; <a title=\"Seguro RC profesional\" class=\"read-more\" href=\"https:\/\/narancoseguros.com\/index.php\/seguro-rc-profesional\/\" aria-label=\"Leer m\u00e1s sobre Seguro RC profesional\">Leer m\u00e1s<\/a><\/p>\n","protected":false},"author":1,"featured_media":0,"parent":0,"menu_order":0,"comment_status":"closed","ping_status":"closed","template":"","meta":{"footnotes":""},"class_list":["post-367","page","type-page","status-publish"],"_links":{"self":[{"href":"https:\/\/narancoseguros.com\/index.php\/wp-json\/wp\/v2\/pages\/367","targetHints":{"allow":["GET"]}}],"collection":[{"href":"https:\/\/narancoseguros.com\/index.php\/wp-json\/wp\/v2\/pages"}],"about":[{"href":"https:\/\/narancoseguros.com\/index.php\/wp-json\/wp\/v2\/types\/page"}],"author":[{"embeddable":true,"href":"https:\/\/narancoseguros.com\/index.php\/wp-json\/wp\/v2\/users\/1"}],"replies":[{"embeddable":true,"href":"https:\/\/narancoseguros.com\/index.php\/wp-json\/wp\/v2\/comments?post=367"}],"version-history":[{"count":2,"href":"https:\/\/narancoseguros.com\/index.php\/wp-json\/wp\/v2\/pages\/367\/revisions"}],"predecessor-version":[{"id":661,"href":"https:\/\/narancoseguros.com\/index.php\/wp-json\/wp\/v2\/pages\/367\/revisions\/661"}],"wp:attachment":[{"href":"https:\/\/narancoseguros.com\/index.php\/wp-json\/wp\/v2\/media?parent=367"}],"curies":[{"name":"wp","href":"https:\/\/api.w.org\/{rel}","templated":true}]}}