{"id":363,"date":"2020-10-14T10:39:59","date_gmt":"2020-10-14T10:39:59","guid":{"rendered":"https:\/\/narancoseguros.com\/?page_id=363"},"modified":"2020-10-19T08:01:52","modified_gmt":"2020-10-19T08:01:52","slug":"seguro-rc-directivos","status":"publish","type":"page","link":"https:\/\/narancoseguros.com\/index.php\/seguro-rc-directivos\/","title":{"rendered":"Seguro RC directivos"},"content":{"rendered":"\n<div class=\"wp-block-cover has-background-dim\" style=\"background-image:url(https:\/\/narancoseguros.com\/wp-content\/uploads\/2020\/10\/directivo.jpg)\"><div class=\"wp-block-cover__inner-container is-layout-flow wp-block-cover-is-layout-flow\">\n<p class=\"has-text-align-center encabezado has-large-font-size\">SEGURO RC DIRECTIVOS<\/p>\n<\/div><\/div>\n\n\n\n<h2 class=\"titulo wp-block-heading\"><strong>Calcula tu seguro de directivos en tan solo 1 minuto.<\/strong><\/h2>\n\n\n\n<p class=\"paragrafo\">Si tienes un empresa, desde&nbsp;<span style=\"color:#0092b7\" class=\"has-inline-color\">Naranco Seguros<\/span>&nbsp;queremos cuidarte y que tengas tu patrimonio y el de los tuyos a salvo.<\/p>\n\n\n\n<p class=\"paragrafo\">En el \u00faltimo a\u00f1os las reclamaciones a directivos han crecido un 60% sobre todo por parte del sector de la construcci\u00f3n, industrial, energ\u00e9tico e inmobiliario.<\/p>\n\n\n\n<p class=\"paragrafo\">Un directivo toma decisiones que determinan el rumbo de la empresa lo que implica un riesgo que a veces no se puede controlar o remediar. La Responsabilidad Civil de la empresa no cubre tus decisiones o gestiones, lo que hace que tengas que responder ante un siniestro con tu patrimonio aun estando jubilado.<\/p>\n\n\n\n<p class=\"paragrafo\">La legislaci\u00f3n es cada vez m\u00e1s exigente. Desde&nbsp;<span style=\"color:#0092b7\" class=\"has-inline-color\">Naranco Seguros<\/span>&nbsp;queremos que puedas trabajar y tomar decisiones sin preocuparte del d\u00eda de ma\u00f1ana, contratando un&nbsp;<strong>seguro de RC Directivos<\/strong>&nbsp;y as\u00ed poder dormir tranquilo.<\/p>\n\n\n\n<p class=\"paragrafo\">Este&nbsp;<strong>seguro<\/strong>&nbsp;puede ser contratado \u00fanicamente por empresas (persona jur\u00eddica) y cubriendo sus directivos (personas f\u00edsicas).<\/p>\n\n\n\n<h2 class=\"titulo wp-block-heading\">Las principales coberturas que ofrece un Seguro de Responsabilidad Civil Directivos:<\/h2>\n\n\n\n<ul class=\"paragrafo wp-block-list\"><li>Responsabilidad Civil por faltas, errores o negligencias por parte de los directivos a la hora de constituir la empresa o en gestiones empresariales.<\/li><li>Responsabilidad Civil por actos en filiales, entidades externas o sociedades participadas.<\/li><li>Reclamaciones contra el c\u00f3nyuge, la pareja de hecho, herederos, etc.<\/li><li>Gastos derivados por reclamaciones por contaminaci\u00f3n o responsabilidad medioambiental.<\/li><li>Gastos derivados de reclamaciones por responsabilidad tributaria subsidiaria.<\/li><li>Gastos de defensa derivados de homicidio imprudente o violaci\u00f3n involuntaria de la Ley de Prevenci\u00f3n de Riesgos Laborales.<\/li><li>Gastos de representaci\u00f3n legal por investigaci\u00f3n.<\/li><li>Gastos de restituci\u00f3n de imagen.<\/li><li>Gastos de defensa responsabilidad penal de la sociedad.<\/li><li>Gastos de asistencia psicol\u00f3gica.<\/li><li>Gastos de emergencia.<\/li><li>Gastos de gesti\u00f3n de crisis.<\/li><li>Gastos de extradici\u00f3n<\/li><li>Fianza y gastos de aval concursal.<\/li><li>Multas administrativas.<\/li><li>Reembolso a la sociedad.<\/li><\/ul>\n\n\n\n<h2 class=\"titulo wp-block-heading\">Las ventajas que ofrece el seguro de directivos son:<\/h2>\n\n\n\n<ul class=\"paragrafo wp-block-list\"><li>Tendr\u00e1s un equipo de abogados especializados para defender tu patrimonio y el de tu familia, tu reputaci\u00f3n y tus intereses.<\/li><li>La compa\u00f1\u00eda responde a siniestros ocurridos antes de la firma del contrato siempre y cuando no haya sentencia, durante el contrato y las reclamaciones hasta dos a\u00f1os despu\u00e9s de la cancelaci\u00f3n del contrato.<\/li><li>El&nbsp;<strong>seguro de directivos<\/strong>&nbsp;cubre en cualquier parte del mundo.<\/li><\/ul>\n\n\n\n<div class=\"iframeContainer\">\n  <div class=\"form\">\n    <div class=\"wpforms-container wpforms-container-full\" id=\"wpforms-364\"><form id=\"wpforms-form-364\" class=\"wpforms-validate wpforms-form wpforms-ajax-form\" data-formid=\"364\" method=\"post\" enctype=\"multipart\/form-data\" action=\"\/index.php\/wp-json\/wp\/v2\/pages\/363\" data-token=\"f1ba13a0bea05895eff6a4b65e5135cf\" data-token-time=\"1776320375\"><noscript class=\"wpforms-error-noscript\">Por favor, activa JavaScript en tu navegador para completar este formulario.<\/noscript><div class=\"wpforms-field-container\"><div id=\"wpforms-364-field_24-container\" class=\"wpforms-field wpforms-field-text wpforms-one-half wpforms-first\" data-field-id=\"24\"><label class=\"wpforms-field-label\" for=\"wpforms-364-field_24\">NIF\/CIF<\/label><input type=\"text\" id=\"wpforms-364-field_24\" class=\"wpforms-field-medium\" name=\"wpforms[fields][24]\" ><\/div><div id=\"wpforms-364-field_18-container\" class=\"wpforms-field wpforms-field-text wpforms-one-half\" data-field-id=\"18\"><label class=\"wpforms-field-label\" for=\"wpforms-364-field_18\">Sector y actividad<\/label><input type=\"text\" id=\"wpforms-364-field_18\" class=\"wpforms-field-medium\" name=\"wpforms[fields][18]\" ><\/div><div id=\"wpforms-364-field_6-container\" class=\"wpforms-field wpforms-field-text wpforms-one-half wpforms-first\" data-field-id=\"6\"><label class=\"wpforms-field-label\" for=\"wpforms-364-field_6\">Facturaci\u00f3n anual<\/label><input type=\"text\" id=\"wpforms-364-field_6\" class=\"wpforms-field-medium\" name=\"wpforms[fields][6]\" ><\/div><div id=\"wpforms-364-field_0-container\" class=\"wpforms-field wpforms-field-name wpforms-one-half wpforms-first\" data-field-id=\"0\"><label class=\"wpforms-field-label\" for=\"wpforms-364-field_0\">Nombre <span class=\"wpforms-required-label\">*<\/span><\/label><input type=\"text\" id=\"wpforms-364-field_0\" class=\"wpforms-field-medium wpforms-field-required\" name=\"wpforms[fields][0]\" required><\/div><div id=\"wpforms-364-field_1-container\" class=\"wpforms-field wpforms-field-email wpforms-one-half\" data-field-id=\"1\"><label class=\"wpforms-field-label\" for=\"wpforms-364-field_1\">Email<\/label><input type=\"email\" id=\"wpforms-364-field_1\" class=\"wpforms-field-medium\" name=\"wpforms[fields][1]\" spellcheck=\"false\" ><\/div><div id=\"wpforms-364-field_3-container\" class=\"wpforms-field wpforms-field-number wpforms-one-half wpforms-first\" data-field-id=\"3\"><label class=\"wpforms-field-label\" for=\"wpforms-364-field_3\">Tel\u00e9fono <span class=\"wpforms-required-label\">*<\/span><\/label><input type=\"number\" id=\"wpforms-364-field_3\" class=\"wpforms-field-medium wpforms-field-required\" name=\"wpforms[fields][3]\" step=\"any\" required><div class=\"wpforms-field-description\">Sin espacios ni guiones: ej985113998<\/div><\/div><\/div><!-- .wpforms-field-container --><div class=\"wpforms-recaptcha-container wpforms-is-recaptcha wpforms-is-recaptcha-type-v2\" ><div class=\"g-recaptcha\" data-sitekey=\"6LeffNUZAAAAADWBGG1fvM9zMe6KyjyedhvXX1ZU\"><\/div><input type=\"text\" name=\"g-recaptcha-hidden\" class=\"wpforms-recaptcha-hidden\" style=\"position:absolute!important;clip:rect(0,0,0,0)!important;height:1px!important;width:1px!important;border:0!important;overflow:hidden!important;padding:0!important;margin:0!important;\" data-rule-recaptcha=\"1\"><\/div><div class=\"wpforms-submit-container\" ><input type=\"hidden\" name=\"wpforms[id]\" value=\"364\"><input type=\"hidden\" name=\"page_title\" value=\"\"><input type=\"hidden\" name=\"page_url\" value=\"https:\/\/narancoseguros.com\/index.php\/wp-json\/wp\/v2\/pages\/363\"><input type=\"hidden\" name=\"url_referer\" value=\"\"><button type=\"submit\" name=\"wpforms[submit]\" id=\"wpforms-submit-364\" class=\"wpforms-submit btn btn-primary btn-lg\" data-alt-text=\"Enviando...\" data-submit-text=\"Consultar\" aria-live=\"assertive\" value=\"wpforms-submit\">Consultar<\/button><img loading=\"lazy\" decoding=\"async\" src=\"https:\/\/narancoseguros.com\/wp-content\/plugins\/wpforms-lite\/assets\/images\/submit-spin.svg\" class=\"wpforms-submit-spinner\" style=\"display: none;\" width=\"26\" height=\"26\" alt=\"Cargando\"><\/div><\/form><\/div>  <!-- .wpforms-container -->\t\n  <\/div>\n  <div class=\"infoColumn\">\n    <h2 class=\"titulo\">\u00bfTienes alguna duda?<\/h2>\n    <h5><i class=\"fas fa-mobile-alt\"><\/i> 985 11 39 98<\/h5>\n    <h5><i class=\"fas fa-paper-plane\"><\/i> info@narancoseguros.com<\/h5>\n    <h5><i class=\"fas fa-tag\"><\/i> <a href=\"https:\/\/narancoseguros.com\/wp-content\/uploads\/2020\/10\/diccionario.pdf\" target=\"_blank\" rel=\"noopener noreferrer\">Diccionario del seguro<\/a><\/h5>\n    <h4>Datos de inter\u00e9s sobre el seguro<\/h4>\n    <hr>\n\n  <\/div>\n<\/div>\n","protected":false},"excerpt":{"rendered":"<p>Calcula tu seguro de directivos en tan solo 1 minuto. Si tienes un empresa, desde&nbsp;Naranco Seguros&nbsp;queremos cuidarte y que tengas tu patrimonio y el de los tuyos a salvo. En el \u00faltimo a\u00f1os las reclamaciones a directivos han crecido un 60% sobre todo por parte del sector de la construcci\u00f3n, industrial, energ\u00e9tico e inmobiliario. Un &#8230; <a title=\"Seguro RC directivos\" class=\"read-more\" href=\"https:\/\/narancoseguros.com\/index.php\/seguro-rc-directivos\/\" aria-label=\"Leer m\u00e1s sobre Seguro RC directivos\">Leer m\u00e1s<\/a><\/p>\n","protected":false},"author":1,"featured_media":0,"parent":0,"menu_order":0,"comment_status":"closed","ping_status":"closed","template":"","meta":{"footnotes":""},"class_list":["post-363","page","type-page","status-publish"],"_links":{"self":[{"href":"https:\/\/narancoseguros.com\/index.php\/wp-json\/wp\/v2\/pages\/363","targetHints":{"allow":["GET"]}}],"collection":[{"href":"https:\/\/narancoseguros.com\/index.php\/wp-json\/wp\/v2\/pages"}],"about":[{"href":"https:\/\/narancoseguros.com\/index.php\/wp-json\/wp\/v2\/types\/page"}],"author":[{"embeddable":true,"href":"https:\/\/narancoseguros.com\/index.php\/wp-json\/wp\/v2\/users\/1"}],"replies":[{"embeddable":true,"href":"https:\/\/narancoseguros.com\/index.php\/wp-json\/wp\/v2\/comments?post=363"}],"version-history":[{"count":2,"href":"https:\/\/narancoseguros.com\/index.php\/wp-json\/wp\/v2\/pages\/363\/revisions"}],"predecessor-version":[{"id":659,"href":"https:\/\/narancoseguros.com\/index.php\/wp-json\/wp\/v2\/pages\/363\/revisions\/659"}],"wp:attachment":[{"href":"https:\/\/narancoseguros.com\/index.php\/wp-json\/wp\/v2\/media?parent=363"}],"curies":[{"name":"wp","href":"https:\/\/api.w.org\/{rel}","templated":true}]}}