{"id":354,"date":"2020-10-14T10:24:18","date_gmt":"2020-10-14T10:24:18","guid":{"rendered":"https:\/\/narancoseguros.com\/?page_id=354"},"modified":"2021-05-06T11:59:26","modified_gmt":"2021-05-06T11:59:26","slug":"seguro-de-bodegas","status":"publish","type":"page","link":"https:\/\/narancoseguros.com\/index.php\/seguro-de-bodegas\/","title":{"rendered":"Seguro bodegas"},"content":{"rendered":"\n<div class=\"wp-block-cover has-background-dim\" style=\"background-image:url(https:\/\/narancoseguros.com\/wp-content\/uploads\/2020\/10\/bodegas.jpg)\"><div class=\"wp-block-cover__inner-container is-layout-flow wp-block-cover-is-layout-flow\">\n<p class=\"has-text-align-center encabezado has-large-font-size\">SEGURO BODEGAS<\/p>\n<\/div><\/div>\n\n\n\n<p class=\"paragrafo\">En&nbsp;<span style=\"color:#0092b7\" class=\"has-inline-color\">Naranco Seguros<\/span>&nbsp;sabemos que el sector vitivin\u00edcola est\u00e1 en constante evoluci\u00f3n, por lo que queremos hacerte un&nbsp;<strong>seguro a medida<\/strong>&nbsp;que se pueda ir adapt\u00e1ndo&nbsp;a las necesidades que vayan apareciendo.<\/p>\n\n\n\n<p class=\"paragrafo\">Para el&nbsp;<strong>seguro de bodegas<\/strong>&nbsp;te ofrecemos unas primas muy competitivas, unas coberturas espec\u00edficas para que tengas tranquilidad absoluta y sencillez a la hora de&nbsp;<strong>contratar el seguro<\/strong>.<\/p>\n\n\n\n<h2 class=\"titulo wp-block-heading\">Las coberturas innovadoras del seguro de bodegas que ofrecemos:<\/h2>\n\n\n\n<ul class=\"paragrafo wp-block-list\"><li>P\u00e9rdida de L\u00edquidos, incluido por la rotura de dep\u00f3sitos y envases y durante las operaciones de llenado, trasvase o vaciado de silos o dep\u00f3sitos, as\u00ed como la apertura de trampillas, grifos y v\u00e1lvulas.<\/li><li>Da\u00f1os accidentales al producto.<\/li><li>Da\u00f1os a veh\u00edculos en reposo dentro del recinto.<\/li><li>Cobertura de robo de etiquetas de denominaci\u00f3n de origen (DO).<\/li><li>Rotura de envases y dep\u00f3sitos (tanto fijos como m\u00f3viles).<\/li><li>Rotura de botellas.<\/li><li>Salubridad del vino.<\/li><li>Aver\u00eda o rotura de maquinaria y ordenadores a primer riesgo.<\/li><li>RC (Responsabilidad Civil) mundial incluida USA y Canad\u00e1, para cubrir tus exportaciones. Dando cobertura incluso al vendedor extranjero.<\/li><li>RC por contaminaci\u00f3n accidental originada en la bodega.<\/li><li>RC de enoturismo (visitas a las instalaciones).<\/li><li>RC explotaci\u00f3n de tus propios vi\u00f1edos.<\/li><li>Rotura de paneles solares.<\/li><li>Cobertura de objetos art\u00edsticos.<\/li><\/ul>\n\n\n\n<div class=\"iframeContainer\">\n  <div class=\"form\">\n    <div class=\"wpforms-container wpforms-container-full\" id=\"wpforms-355\"><form id=\"wpforms-form-355\" class=\"wpforms-validate wpforms-form wpforms-ajax-form\" data-formid=\"355\" method=\"post\" enctype=\"multipart\/form-data\" action=\"\/index.php\/wp-json\/wp\/v2\/pages\/354\" data-token=\"de2b7eae2ef337122bafd386961cabe3\" data-token-time=\"1777804476\"><noscript class=\"wpforms-error-noscript\">Por favor, activa JavaScript en tu navegador para completar este formulario.<\/noscript><div class=\"wpforms-field-container\"><div id=\"wpforms-355-field_24-container\" class=\"wpforms-field wpforms-field-text wpforms-one-half wpforms-first\" data-field-id=\"24\"><label class=\"wpforms-field-label\" for=\"wpforms-355-field_24\">Mercanc\u00edas<\/label><input type=\"text\" id=\"wpforms-355-field_24\" class=\"wpforms-field-medium\" name=\"wpforms[fields][24]\" ><\/div><div id=\"wpforms-355-field_18-container\" class=\"wpforms-field wpforms-field-text wpforms-one-half\" data-field-id=\"18\"><label class=\"wpforms-field-label\" for=\"wpforms-355-field_18\">C.P.<\/label><input type=\"text\" id=\"wpforms-355-field_18\" class=\"wpforms-field-medium\" name=\"wpforms[fields][18]\" ><\/div><div id=\"wpforms-355-field_6-container\" class=\"wpforms-field wpforms-field-text wpforms-one-half wpforms-first\" data-field-id=\"6\"><label class=\"wpforms-field-label\" for=\"wpforms-355-field_6\">Edificaci\u00f3n<\/label><input type=\"text\" id=\"wpforms-355-field_6\" class=\"wpforms-field-medium\" name=\"wpforms[fields][6]\" ><\/div><div id=\"wpforms-355-field_21-container\" class=\"wpforms-field wpforms-field-text wpforms-one-half\" data-field-id=\"21\"><label class=\"wpforms-field-label\" for=\"wpforms-355-field_21\">Ajuar<\/label><input type=\"text\" id=\"wpforms-355-field_21\" class=\"wpforms-field-medium\" name=\"wpforms[fields][21]\" ><\/div><div id=\"wpforms-355-field_23-container\" class=\"wpforms-field wpforms-field-text wpforms-one-half wpforms-first popup-description\" data-field-id=\"23\"><label class=\"wpforms-field-label\" for=\"wpforms-355-field_23\">Lucro cesante<\/label><input type=\"text\" id=\"wpforms-355-field_23\" class=\"wpforms-field-medium\" name=\"wpforms[fields][23]\" ><div class=\"wpforms-field-description\">?<\/div><\/div><div id=\"wpforms-355-field_22-container\" class=\"wpforms-field wpforms-field-text wpforms-one-half\" data-field-id=\"22\"><label class=\"wpforms-field-label\" for=\"wpforms-355-field_22\">RC Facturaci\u00f3n<\/label><input type=\"text\" id=\"wpforms-355-field_22\" class=\"wpforms-field-medium\" name=\"wpforms[fields][22]\" ><\/div><div id=\"wpforms-355-field_25-container\" class=\"wpforms-field wpforms-field-text wpforms-one-half wpforms-first\" data-field-id=\"25\"><label class=\"wpforms-field-label\" for=\"wpforms-355-field_25\">Veh\u00edculos<\/label><input type=\"text\" id=\"wpforms-355-field_25\" class=\"wpforms-field-medium\" name=\"wpforms[fields][25]\" ><\/div><div id=\"wpforms-355-field_0-container\" class=\"wpforms-field wpforms-field-name wpforms-one-half wpforms-first\" data-field-id=\"0\"><label class=\"wpforms-field-label\" for=\"wpforms-355-field_0\">Nombre <span class=\"wpforms-required-label\">*<\/span><\/label><input type=\"text\" id=\"wpforms-355-field_0\" class=\"wpforms-field-medium wpforms-field-required\" name=\"wpforms[fields][0]\" required><\/div><div id=\"wpforms-355-field_1-container\" class=\"wpforms-field wpforms-field-email wpforms-one-half\" data-field-id=\"1\"><label class=\"wpforms-field-label\" for=\"wpforms-355-field_1\">Email<\/label><input type=\"email\" id=\"wpforms-355-field_1\" class=\"wpforms-field-medium\" name=\"wpforms[fields][1]\" spellcheck=\"false\" ><\/div><div id=\"wpforms-355-field_3-container\" class=\"wpforms-field wpforms-field-number wpforms-one-half wpforms-first\" data-field-id=\"3\"><label class=\"wpforms-field-label\" for=\"wpforms-355-field_3\">Tel\u00e9fono <span class=\"wpforms-required-label\">*<\/span><\/label><input type=\"number\" id=\"wpforms-355-field_3\" class=\"wpforms-field-medium wpforms-field-required\" name=\"wpforms[fields][3]\" step=\"any\" required><div class=\"wpforms-field-description\">Sin espacios ni guiones: ej985113998<\/div><\/div><\/div><!-- .wpforms-field-container --><div class=\"wpforms-recaptcha-container wpforms-is-recaptcha wpforms-is-recaptcha-type-v2\" ><div class=\"g-recaptcha\" data-sitekey=\"6LeffNUZAAAAADWBGG1fvM9zMe6KyjyedhvXX1ZU\"><\/div><input type=\"text\" name=\"g-recaptcha-hidden\" class=\"wpforms-recaptcha-hidden\" style=\"position:absolute!important;clip:rect(0,0,0,0)!important;height:1px!important;width:1px!important;border:0!important;overflow:hidden!important;padding:0!important;margin:0!important;\" data-rule-recaptcha=\"1\"><\/div><div class=\"wpforms-submit-container\" ><input type=\"hidden\" name=\"wpforms[id]\" value=\"355\"><input type=\"hidden\" name=\"page_title\" value=\"\"><input type=\"hidden\" name=\"page_url\" value=\"https:\/\/narancoseguros.com\/index.php\/wp-json\/wp\/v2\/pages\/354\"><input type=\"hidden\" name=\"url_referer\" value=\"\"><button type=\"submit\" name=\"wpforms[submit]\" id=\"wpforms-submit-355\" class=\"wpforms-submit btn btn-primary btn-lg\" data-alt-text=\"Enviando...\" data-submit-text=\"Consultar\" aria-live=\"assertive\" value=\"wpforms-submit\">Consultar<\/button><img loading=\"lazy\" decoding=\"async\" src=\"https:\/\/narancoseguros.com\/wp-content\/plugins\/wpforms-lite\/assets\/images\/submit-spin.svg\" class=\"wpforms-submit-spinner\" style=\"display: none;\" width=\"26\" height=\"26\" alt=\"Cargando\"><\/div><\/form><\/div>  <!-- .wpforms-container -->\t\n  <\/div>\n  <div class=\"infoColumn\">\n    <h2 class=\"titulo\">\u00bfTienes alguna duda?<\/h2>\n    <h5><i class=\"fas fa-mobile-alt\"><\/i> 985 11 39 98<\/h5>\n    <h5><i class=\"fas fa-paper-plane\"><\/i> info@narancoseguros.com<\/h5>\n    <h5><i class=\"fas fa-tag\"><\/i> <a href=\"https:\/\/narancoseguros.com\/wp-content\/uploads\/2020\/10\/diccionario.pdf\" target=\"_blank\" rel=\"noopener noreferrer\">Diccionario del seguro<\/a><\/h5>\n    <h4>Datos de inter\u00e9s sobre el seguro<\/h4>\n    <hr>\n\n  <\/div>\n<\/div>\n","protected":false},"excerpt":{"rendered":"<p>En&nbsp;Naranco Seguros&nbsp;sabemos que el sector vitivin\u00edcola est\u00e1 en constante evoluci\u00f3n, por lo que queremos hacerte un&nbsp;seguro a medida&nbsp;que se pueda ir adapt\u00e1ndo&nbsp;a las necesidades que vayan apareciendo. Para el&nbsp;seguro de bodegas&nbsp;te ofrecemos unas primas muy competitivas, unas coberturas espec\u00edficas para que tengas tranquilidad absoluta y sencillez a la hora de&nbsp;contratar el seguro. Las coberturas innovadoras &#8230; <a title=\"Seguro bodegas\" class=\"read-more\" href=\"https:\/\/narancoseguros.com\/index.php\/seguro-de-bodegas\/\" aria-label=\"Leer m\u00e1s sobre Seguro bodegas\">Leer m\u00e1s<\/a><\/p>\n","protected":false},"author":1,"featured_media":0,"parent":0,"menu_order":0,"comment_status":"closed","ping_status":"closed","template":"","meta":{"footnotes":""},"class_list":["post-354","page","type-page","status-publish"],"_links":{"self":[{"href":"https:\/\/narancoseguros.com\/index.php\/wp-json\/wp\/v2\/pages\/354","targetHints":{"allow":["GET"]}}],"collection":[{"href":"https:\/\/narancoseguros.com\/index.php\/wp-json\/wp\/v2\/pages"}],"about":[{"href":"https:\/\/narancoseguros.com\/index.php\/wp-json\/wp\/v2\/types\/page"}],"author":[{"embeddable":true,"href":"https:\/\/narancoseguros.com\/index.php\/wp-json\/wp\/v2\/users\/1"}],"replies":[{"embeddable":true,"href":"https:\/\/narancoseguros.com\/index.php\/wp-json\/wp\/v2\/comments?post=354"}],"version-history":[{"count":5,"href":"https:\/\/narancoseguros.com\/index.php\/wp-json\/wp\/v2\/pages\/354\/revisions"}],"predecessor-version":[{"id":988,"href":"https:\/\/narancoseguros.com\/index.php\/wp-json\/wp\/v2\/pages\/354\/revisions\/988"}],"wp:attachment":[{"href":"https:\/\/narancoseguros.com\/index.php\/wp-json\/wp\/v2\/media?parent=354"}],"curies":[{"name":"wp","href":"https:\/\/api.w.org\/{rel}","templated":true}]}}