{"id":346,"date":"2020-10-14T10:18:23","date_gmt":"2020-10-14T10:18:23","guid":{"rendered":"https:\/\/narancoseguros.com\/?page_id=346"},"modified":"2021-05-06T12:01:54","modified_gmt":"2021-05-06T12:01:54","slug":"seguro-de-hoteles","status":"publish","type":"page","link":"https:\/\/narancoseguros.com\/index.php\/seguro-de-hoteles\/","title":{"rendered":"Seguro hoteles"},"content":{"rendered":"\n<div class=\"wp-block-cover has-background-dim\" style=\"background-image:url(https:\/\/narancoseguros.com\/wp-content\/uploads\/2020\/10\/hotel.jpg)\"><div class=\"wp-block-cover__inner-container is-layout-flow wp-block-cover-is-layout-flow\">\n<p class=\"has-text-align-center encabezado has-large-font-size\">SEGURO HOTELES<\/p>\n<\/div><\/div>\n\n\n\n<p class=\"paragrafo\">En&nbsp;<span style=\"color:#0092b7\" class=\"has-inline-color\">Naranco Seguros<\/span>&nbsp;queremos que tengas t\u00fa negocio y vivas tranquilo sabiendo que &nbsp;est\u00e1s cubierto ante cualquier posible imprevisto.<\/p>\n\n\n\n<p class=\"paragrafo\">Ofrecemos un&nbsp;<strong>seguro de hoteles&nbsp; y casas rurales<\/strong>&nbsp;para que tus&nbsp;trabajadores y tus&nbsp;hu\u00e9spedes est\u00e9n tranquilos en caso de robo, incendio, inundaci\u00f3n\u2026etc.<\/p>\n\n\n\n<p class=\"paragrafo\">El&nbsp;<strong>seguro de hoteles<\/strong>&nbsp;est\u00e1 dise\u00f1ado para que cada hotel o casa rural tenga cubierto todos los servicios que ofrece. No todos tienen las mismas caracter\u00edsticas, por lo que demandan coberturas diferentes.<\/p>\n\n\n\n<p class=\"paragrafo\">En&nbsp;<span style=\"color:#0092b7\" class=\"has-inline-color\">Naranco Seguros<\/span>&nbsp;hacemos un seguro a medida y personalizado para t\u00fa negocio.<\/p>\n\n\n\n<h2 class=\"titulo wp-block-heading\">Este seguro de hoteles cubre a:<\/h2>\n\n\n\n<ul class=\"paragrafo wp-block-list\"><li>Fondas.<\/li><li>Pensiones.<\/li><li>Complejos Tur\u00edsticos.<\/li><li>Casas Rurales.<\/li><li>Hoteles.<\/li><\/ul>\n\n\n\n<div class=\"iframeContainer\">\n  <div class=\"form\">\n    <div class=\"wpforms-container wpforms-container-full\" id=\"wpforms-347\"><form id=\"wpforms-form-347\" class=\"wpforms-validate wpforms-form wpforms-ajax-form\" data-formid=\"347\" method=\"post\" enctype=\"multipart\/form-data\" action=\"\/index.php\/wp-json\/wp\/v2\/pages\/346\" data-token=\"e10b09a7447f259facb46238e0a9ddd0\" data-token-time=\"1777991212\"><noscript class=\"wpforms-error-noscript\">Por favor, activa JavaScript en tu navegador para completar este formulario.<\/noscript><div class=\"wpforms-field-container\"><div id=\"wpforms-347-field_9-container\" class=\"wpforms-field wpforms-field-select wpforms-one-half wpforms-first popup-description wpforms-field-select-style-classic\" data-field-id=\"9\"><label class=\"wpforms-field-label\" for=\"wpforms-347-field_9\">Estrellas<\/label><select id=\"wpforms-347-field_9\" class=\"wpforms-field-medium\" name=\"wpforms[fields][9]\"><option value=\"1*\"  class=\"choice-5 depth-1\"  >1*<\/option><option value=\"2*\"  class=\"choice-10 depth-1\"  >2*<\/option><option value=\"3*\"  class=\"choice-9 depth-1\"  >3*<\/option><option value=\"4*\"  class=\"choice-8 depth-1\"  >4*<\/option><option value=\"5*\"  class=\"choice-7 depth-1\"  >5*<\/option><\/select><\/div><div id=\"wpforms-347-field_18-container\" class=\"wpforms-field wpforms-field-text wpforms-one-half\" data-field-id=\"18\"><label class=\"wpforms-field-label\" for=\"wpforms-347-field_18\">C.P.<\/label><input type=\"text\" id=\"wpforms-347-field_18\" class=\"wpforms-field-medium\" name=\"wpforms[fields][18]\" ><\/div><div id=\"wpforms-347-field_6-container\" class=\"wpforms-field wpforms-field-text wpforms-one-half wpforms-first\" data-field-id=\"6\"><label class=\"wpforms-field-label\" for=\"wpforms-347-field_6\">Edificaci\u00f3n<\/label><input type=\"text\" id=\"wpforms-347-field_6\" class=\"wpforms-field-medium\" name=\"wpforms[fields][6]\" ><\/div><div id=\"wpforms-347-field_21-container\" class=\"wpforms-field wpforms-field-text wpforms-one-half\" data-field-id=\"21\"><label class=\"wpforms-field-label\" for=\"wpforms-347-field_21\">Ajuar<\/label><input type=\"text\" id=\"wpforms-347-field_21\" class=\"wpforms-field-medium\" name=\"wpforms[fields][21]\" ><\/div><div id=\"wpforms-347-field_23-container\" class=\"wpforms-field wpforms-field-text wpforms-one-half wpforms-first popup-description popup-hoteles\" data-field-id=\"23\"><label class=\"wpforms-field-label\" for=\"wpforms-347-field_23\">Lucro cesante<\/label><input type=\"text\" id=\"wpforms-347-field_23\" class=\"wpforms-field-medium\" name=\"wpforms[fields][23]\" ><div class=\"wpforms-field-description\">?<\/div><\/div><div id=\"wpforms-347-field_22-container\" class=\"wpforms-field wpforms-field-text wpforms-one-half\" data-field-id=\"22\"><label class=\"wpforms-field-label\" for=\"wpforms-347-field_22\">RC Facturaci\u00f3n<\/label><input type=\"text\" id=\"wpforms-347-field_22\" class=\"wpforms-field-medium\" name=\"wpforms[fields][22]\" ><\/div><div id=\"wpforms-347-field_0-container\" class=\"wpforms-field wpforms-field-name wpforms-one-half wpforms-first\" data-field-id=\"0\"><label class=\"wpforms-field-label\" for=\"wpforms-347-field_0\">Nombre <span class=\"wpforms-required-label\">*<\/span><\/label><input type=\"text\" id=\"wpforms-347-field_0\" class=\"wpforms-field-medium wpforms-field-required\" name=\"wpforms[fields][0]\" required><\/div><div id=\"wpforms-347-field_1-container\" class=\"wpforms-field wpforms-field-email wpforms-one-half\" data-field-id=\"1\"><label class=\"wpforms-field-label\" for=\"wpforms-347-field_1\">Email<\/label><input type=\"email\" id=\"wpforms-347-field_1\" class=\"wpforms-field-medium\" name=\"wpforms[fields][1]\" spellcheck=\"false\" ><\/div><div id=\"wpforms-347-field_3-container\" class=\"wpforms-field wpforms-field-number wpforms-one-half wpforms-first\" data-field-id=\"3\"><label class=\"wpforms-field-label\" for=\"wpforms-347-field_3\">Tel\u00e9fono <span class=\"wpforms-required-label\">*<\/span><\/label><input type=\"number\" id=\"wpforms-347-field_3\" class=\"wpforms-field-medium wpforms-field-required\" name=\"wpforms[fields][3]\" step=\"any\" required><div class=\"wpforms-field-description\">Sin espacios ni guiones: ej985113998<\/div><\/div><\/div><!-- .wpforms-field-container --><div class=\"wpforms-recaptcha-container wpforms-is-recaptcha wpforms-is-recaptcha-type-v2\" ><div class=\"g-recaptcha\" data-sitekey=\"6LeffNUZAAAAADWBGG1fvM9zMe6KyjyedhvXX1ZU\"><\/div><input type=\"text\" name=\"g-recaptcha-hidden\" class=\"wpforms-recaptcha-hidden\" style=\"position:absolute!important;clip:rect(0,0,0,0)!important;height:1px!important;width:1px!important;border:0!important;overflow:hidden!important;padding:0!important;margin:0!important;\" data-rule-recaptcha=\"1\"><\/div><div class=\"wpforms-submit-container\" ><input type=\"hidden\" name=\"wpforms[id]\" value=\"347\"><input type=\"hidden\" name=\"page_title\" value=\"\"><input type=\"hidden\" name=\"page_url\" value=\"https:\/\/narancoseguros.com\/index.php\/wp-json\/wp\/v2\/pages\/346\"><input type=\"hidden\" name=\"url_referer\" value=\"\"><button type=\"submit\" name=\"wpforms[submit]\" id=\"wpforms-submit-347\" class=\"wpforms-submit btn btn-primary btn-lg\" data-alt-text=\"Enviando...\" data-submit-text=\"Consultar\" aria-live=\"assertive\" value=\"wpforms-submit\">Consultar<\/button><img loading=\"lazy\" decoding=\"async\" src=\"https:\/\/narancoseguros.com\/wp-content\/plugins\/wpforms-lite\/assets\/images\/submit-spin.svg\" class=\"wpforms-submit-spinner\" style=\"display: none;\" width=\"26\" height=\"26\" alt=\"Cargando\"><\/div><\/form><\/div>  <!-- .wpforms-container -->\t\n  <\/div>\n  <div class=\"infoColumn\">\n    <h2 class=\"titulo\">\u00bfTienes alguna duda?<\/h2>\n    <h5><i class=\"fas fa-mobile-alt\"><\/i> 985 11 39 98<\/h5>\n    <h5><i class=\"fas fa-paper-plane\"><\/i> info@narancoseguros.com<\/h5>\n    <h5><i class=\"fas fa-tag\"><\/i> <a href=\"https:\/\/narancoseguros.com\/wp-content\/uploads\/2020\/10\/diccionario.pdf\" target=\"_blank\" rel=\"noopener noreferrer\">Diccionario del seguro<\/a><\/h5>\n    <h4>Datos de inter\u00e9s sobre el seguro<\/h4>\n    <hr>\n\n  <\/div>\n<\/div>\n","protected":false},"excerpt":{"rendered":"<p>En&nbsp;Naranco Seguros&nbsp;queremos que tengas t\u00fa negocio y vivas tranquilo sabiendo que &nbsp;est\u00e1s cubierto ante cualquier posible imprevisto. Ofrecemos un&nbsp;seguro de hoteles&nbsp; y casas rurales&nbsp;para que tus&nbsp;trabajadores y tus&nbsp;hu\u00e9spedes est\u00e9n tranquilos en caso de robo, incendio, inundaci\u00f3n\u2026etc. El&nbsp;seguro de hoteles&nbsp;est\u00e1 dise\u00f1ado para que cada hotel o casa rural tenga cubierto todos los servicios que ofrece. No &#8230; <a title=\"Seguro hoteles\" class=\"read-more\" href=\"https:\/\/narancoseguros.com\/index.php\/seguro-de-hoteles\/\" aria-label=\"Leer m\u00e1s sobre Seguro hoteles\">Leer m\u00e1s<\/a><\/p>\n","protected":false},"author":1,"featured_media":0,"parent":0,"menu_order":0,"comment_status":"closed","ping_status":"closed","template":"","meta":{"footnotes":""},"class_list":["post-346","page","type-page","status-publish"],"_links":{"self":[{"href":"https:\/\/narancoseguros.com\/index.php\/wp-json\/wp\/v2\/pages\/346","targetHints":{"allow":["GET"]}}],"collection":[{"href":"https:\/\/narancoseguros.com\/index.php\/wp-json\/wp\/v2\/pages"}],"about":[{"href":"https:\/\/narancoseguros.com\/index.php\/wp-json\/wp\/v2\/types\/page"}],"author":[{"embeddable":true,"href":"https:\/\/narancoseguros.com\/index.php\/wp-json\/wp\/v2\/users\/1"}],"replies":[{"embeddable":true,"href":"https:\/\/narancoseguros.com\/index.php\/wp-json\/wp\/v2\/comments?post=346"}],"version-history":[{"count":3,"href":"https:\/\/narancoseguros.com\/index.php\/wp-json\/wp\/v2\/pages\/346\/revisions"}],"predecessor-version":[{"id":998,"href":"https:\/\/narancoseguros.com\/index.php\/wp-json\/wp\/v2\/pages\/346\/revisions\/998"}],"wp:attachment":[{"href":"https:\/\/narancoseguros.com\/index.php\/wp-json\/wp\/v2\/media?parent=346"}],"curies":[{"name":"wp","href":"https:\/\/api.w.org\/{rel}","templated":true}]}}