{"id":340,"date":"2020-10-14T10:09:58","date_gmt":"2020-10-14T10:09:58","guid":{"rendered":"https:\/\/narancoseguros.com\/?page_id=340"},"modified":"2020-10-19T07:17:16","modified_gmt":"2020-10-19T07:17:16","slug":"seguro-decesos","status":"publish","type":"page","link":"https:\/\/narancoseguros.com\/index.php\/seguro-decesos\/","title":{"rendered":"Seguro decesos"},"content":{"rendered":"\n<div class=\"wp-block-cover has-background-dim\" style=\"background-image:url(https:\/\/narancoseguros.com\/wp-content\/uploads\/2020\/10\/decesos.jpg)\"><div class=\"wp-block-cover__inner-container is-layout-flow wp-block-cover-is-layout-flow\">\n<p class=\"has-text-align-center encabezado has-large-font-size\">SEGURO DECESOS<\/p>\n<\/div><\/div>\n\n\n\n<h2 class=\"titulo wp-block-heading\">Calcula tu seguro de decesos en menos de 3 minutos.<\/h2>\n\n\n\n<p class=\"paragrafo\"><span style=\"color:#0092b7\" class=\"has-inline-color\">Naranco Seguros<\/span>&nbsp;te da la oportunidad de protegerte a ti y a los tuyos frente al coste que tiene un funeral y a agilizar el duro tr\u00e1mite de papeles en una situaci\u00f3n terrible para los familiares.<\/p>\n\n\n\n<p class=\"paragrafo\">El&nbsp;<strong>seguro de decesos<\/strong>&nbsp;cubre todo los gastos de sepelio, garantiza los gastos de funeral, flores, f\u00e9retro, entierro o incineraci\u00f3n, coche f\u00fanebre&nbsp;y otros tipos de gastos relacionados con este tipo de situaciones, as\u00ed como ayuda a las familias tanto psicol\u00f3gica como burocr\u00e1tica, algo muy importante en esas situaciones.<\/p>\n\n\n\n<p class=\"paragrafo\">El&nbsp;<strong>seguro de decesos<\/strong>&nbsp;es el seguro voluntario m\u00e1s demandado en nuestro pa\u00eds, m\u00e1s del 52% de la poblaci\u00f3n lo tiene.<\/p>\n\n\n\n<h2 class=\"titulo wp-block-heading\">La gran mentira sobre los Seguros de Decesos<\/h2>\n\n\n\n<p class=\"paragrafo\">Hay compa\u00f1\u00edas que juegan con&nbsp;<strong>\u201cla antig\u00fcedad en las p\u00f3lizas de decesos\u201d<\/strong>&nbsp;para producir miedos ante un cambio de aseguradora, pero los propios asegurados pueden comprobar que \u201cesa antig\u00fcedad\u201d no les facilita ninguna ventaja.<\/p>\n\n\n\n<p class=\"paragrafo\">En los&nbsp;<strong>seguros de decesos<\/strong>, la prima va determinada seg\u00fan la edad del asegurado y las garant\u00edas que quiere incluir en su seguro. Seguro que en la compa\u00f1\u00eda que les dicen que tiene antig\u00fcedad, le siguen subiendo la prima a\u00f1o tras a\u00f1o seg\u00fan va cumpliendo a\u00f1os. Si \u201cla antig\u00fcedad\u201d no les vale para para que no les suban el precio \u00bfpara qu\u00e9 les sirve entonces?<\/p>\n\n\n\n<p class=\"paragrafo\">Los&nbsp;<strong>seguros de decesos<\/strong>&nbsp;no tienen carencia, por lo que tendr\u00e1 los servicios que necesite desde el momento que se formalice la p\u00f3liza, sin perder ni ganar ninguna garant\u00eda respecto a la compa\u00f1\u00eda anterior, dejando a un lado el precio que es donde en realidad s\u00ed puede ahorrar, y mucho, en comparaci\u00f3n con otras compa\u00f1\u00edas. Que no les enga\u00f1en, en un&nbsp;<strong>seguro de decesos<\/strong>&nbsp;paga por un servicio que se garantiza desde el primer d\u00eda.<\/p>\n\n\n\n<p class=\"paragrafo\"><strong>Compare precios como con los dem\u00e1s seguros y no se deje enga\u00f1ar,<\/strong>&nbsp;el dinero no se acumula ni se pierde, simplemente paga por un servicio como puede ser un seguro dehogar, el servicio se prestar\u00e1 una vez que fallezca el asegurado ya sea un d\u00eda despu\u00e9s de contratar el seguro de decesos como a\u00f1os despu\u00e9s.<\/p>\n\n\n\n<h2 class=\"titulo wp-block-heading\">\u00bfQu\u00e9 debe contratar en los seguros de decesos?<\/h2>\n\n\n\n<p class=\"paragrafo\">En los&nbsp;<strong>seguros de decesos<\/strong>&nbsp;s\u00ed debe de mirar que modalidad contrata.<\/p>\n\n\n\n<ul class=\"paragrafo wp-block-list\"><li>Prima nivelada: La prima sube cada a\u00f1o \u201cun porcentaje constante\u201d que se suma al importe inicial de la contrataci\u00f3n. Durante los primeros a\u00f1os paga m\u00e1s para que cuando tenga una edad avanzada no note tanto la subida.&nbsp;Lo recomendado es contratar esta modalidad cuando se tiene una corta edad, ya que cuanto m\u00e1s joven menos es el importe y menos notar\u00e1 la subida.<\/li><li>Prima Natural o Seminatural: La cuota crece cada a\u00f1o en funci\u00f3n de la edad.&nbsp;Es la modalidad recomendada por casi todas las compa\u00f1\u00edas, es m\u00e1s ventajoso porque aunque al principio parece que pagues m\u00e1s, la realidad no es esa, ya que cuando seas mayor pagar\u00e1s menos, y a esa edad puede que lo agradezca no tener una subida importante.<\/li><\/ul>\n\n\n\n<div class=\"iframeContainer\">\n  <div class=\"form\">\n    <div class=\"wpforms-container wpforms-container-full\" id=\"wpforms-341\"><form id=\"wpforms-form-341\" class=\"wpforms-validate wpforms-form wpforms-ajax-form\" data-formid=\"341\" method=\"post\" enctype=\"multipart\/form-data\" action=\"\/index.php\/wp-json\/wp\/v2\/pages\/340\" data-token=\"fb029d86dbf3fb5525174a254efed393\" data-token-time=\"1778334690\"><noscript class=\"wpforms-error-noscript\">Por favor, activa JavaScript en tu navegador para completar este formulario.<\/noscript><div class=\"wpforms-field-container\"><div id=\"wpforms-341-field_20-container\" class=\"wpforms-field wpforms-field-text wpforms-one-half wpforms-first\" data-field-id=\"20\"><label class=\"wpforms-field-label\" for=\"wpforms-341-field_20\">CP<\/label><input type=\"text\" id=\"wpforms-341-field_20\" class=\"wpforms-field-medium\" name=\"wpforms[fields][20]\" ><\/div><div id=\"wpforms-341-field_21-container\" class=\"wpforms-field wpforms-field-text wpforms-one-half\" data-field-id=\"21\"><label class=\"wpforms-field-label\" for=\"wpforms-341-field_21\">N\u00ba miembros a asegurar<\/label><input type=\"text\" id=\"wpforms-341-field_21\" class=\"wpforms-field-medium\" name=\"wpforms[fields][21]\" ><\/div><div id=\"wpforms-341-field_22-container\" class=\"wpforms-field wpforms-field-text wpforms-one-half wpforms-first\" data-field-id=\"22\"><label class=\"wpforms-field-label\" for=\"wpforms-341-field_22\">Fecha de nacimiento<\/label><input type=\"text\" id=\"wpforms-341-field_22\" class=\"wpforms-field-medium\" name=\"wpforms[fields][22]\" ><\/div><div id=\"wpforms-341-field_0-container\" class=\"wpforms-field wpforms-field-name wpforms-one-half wpforms-first\" data-field-id=\"0\"><label class=\"wpforms-field-label\" for=\"wpforms-341-field_0\">Nombre <span class=\"wpforms-required-label\">*<\/span><\/label><input type=\"text\" id=\"wpforms-341-field_0\" class=\"wpforms-field-medium wpforms-field-required\" name=\"wpforms[fields][0]\" required><\/div><div id=\"wpforms-341-field_1-container\" class=\"wpforms-field wpforms-field-email wpforms-one-half\" data-field-id=\"1\"><label class=\"wpforms-field-label\" for=\"wpforms-341-field_1\">Email<\/label><input type=\"email\" id=\"wpforms-341-field_1\" class=\"wpforms-field-medium\" name=\"wpforms[fields][1]\" spellcheck=\"false\" ><\/div><div id=\"wpforms-341-field_3-container\" class=\"wpforms-field wpforms-field-number wpforms-one-half wpforms-first\" data-field-id=\"3\"><label class=\"wpforms-field-label\" for=\"wpforms-341-field_3\">Tel\u00e9fono <span class=\"wpforms-required-label\">*<\/span><\/label><input type=\"number\" id=\"wpforms-341-field_3\" class=\"wpforms-field-medium wpforms-field-required\" name=\"wpforms[fields][3]\" step=\"any\" required><div class=\"wpforms-field-description\">Sin espacios ni guiones: ej985113998<\/div><\/div><\/div><!-- .wpforms-field-container --><div class=\"wpforms-recaptcha-container wpforms-is-recaptcha wpforms-is-recaptcha-type-v2\" ><div class=\"g-recaptcha\" data-sitekey=\"6LeffNUZAAAAADWBGG1fvM9zMe6KyjyedhvXX1ZU\"><\/div><input type=\"text\" name=\"g-recaptcha-hidden\" class=\"wpforms-recaptcha-hidden\" style=\"position:absolute!important;clip:rect(0,0,0,0)!important;height:1px!important;width:1px!important;border:0!important;overflow:hidden!important;padding:0!important;margin:0!important;\" data-rule-recaptcha=\"1\"><\/div><div class=\"wpforms-submit-container\" ><input type=\"hidden\" name=\"wpforms[id]\" value=\"341\"><input type=\"hidden\" name=\"page_title\" value=\"\"><input type=\"hidden\" name=\"page_url\" value=\"https:\/\/narancoseguros.com\/index.php\/wp-json\/wp\/v2\/pages\/340\"><input type=\"hidden\" name=\"url_referer\" value=\"\"><button type=\"submit\" name=\"wpforms[submit]\" id=\"wpforms-submit-341\" class=\"wpforms-submit btn btn-primary btn-lg\" data-alt-text=\"Enviando...\" data-submit-text=\"Consultar\" aria-live=\"assertive\" value=\"wpforms-submit\">Consultar<\/button><img loading=\"lazy\" decoding=\"async\" src=\"https:\/\/narancoseguros.com\/wp-content\/plugins\/wpforms-lite\/assets\/images\/submit-spin.svg\" class=\"wpforms-submit-spinner\" style=\"display: none;\" width=\"26\" height=\"26\" alt=\"Cargando\"><\/div><\/form><\/div>  <!-- .wpforms-container -->\t\n  <\/div>\n  <div class=\"infoColumn\">\n    <h2 class=\"titulo\">\u00bfTienes alguna duda?<\/h2>\n    <h5><i class=\"fas fa-mobile-alt\"><\/i> 985 11 39 98<\/h5>\n    <h5><i class=\"fas fa-paper-plane\"><\/i> info@narancoseguros.com<\/h5>\n    <h5><i class=\"fas fa-tag\"><\/i> <a href=\"https:\/\/narancoseguros.com\/wp-content\/uploads\/2020\/10\/diccionario.pdf\" target=\"_blank\" rel=\"noopener noreferrer\">Diccionario del seguro<\/a><\/h5>\n    <h4>Datos de inter\u00e9s sobre el seguro<\/h4>\n    <hr>\n    <div class=\"descargar\">\n    <\/div>\n  <\/div>\n<\/div>\n","protected":false},"excerpt":{"rendered":"<p>Calcula tu seguro de decesos en menos de 3 minutos. Naranco Seguros&nbsp;te da la oportunidad de protegerte a ti y a los tuyos frente al coste que tiene un funeral y a agilizar el duro tr\u00e1mite de papeles en una situaci\u00f3n terrible para los familiares. El&nbsp;seguro de decesos&nbsp;cubre todo los gastos de sepelio, garantiza los &#8230; <a title=\"Seguro decesos\" class=\"read-more\" href=\"https:\/\/narancoseguros.com\/index.php\/seguro-decesos\/\" aria-label=\"Leer m\u00e1s sobre Seguro decesos\">Leer m\u00e1s<\/a><\/p>\n","protected":false},"author":1,"featured_media":0,"parent":0,"menu_order":0,"comment_status":"closed","ping_status":"closed","template":"","meta":{"footnotes":""},"class_list":["post-340","page","type-page","status-publish"],"_links":{"self":[{"href":"https:\/\/narancoseguros.com\/index.php\/wp-json\/wp\/v2\/pages\/340","targetHints":{"allow":["GET"]}}],"collection":[{"href":"https:\/\/narancoseguros.com\/index.php\/wp-json\/wp\/v2\/pages"}],"about":[{"href":"https:\/\/narancoseguros.com\/index.php\/wp-json\/wp\/v2\/types\/page"}],"author":[{"embeddable":true,"href":"https:\/\/narancoseguros.com\/index.php\/wp-json\/wp\/v2\/users\/1"}],"replies":[{"embeddable":true,"href":"https:\/\/narancoseguros.com\/index.php\/wp-json\/wp\/v2\/comments?post=340"}],"version-history":[{"count":3,"href":"https:\/\/narancoseguros.com\/index.php\/wp-json\/wp\/v2\/pages\/340\/revisions"}],"predecessor-version":[{"id":650,"href":"https:\/\/narancoseguros.com\/index.php\/wp-json\/wp\/v2\/pages\/340\/revisions\/650"}],"wp:attachment":[{"href":"https:\/\/narancoseguros.com\/index.php\/wp-json\/wp\/v2\/media?parent=340"}],"curies":[{"name":"wp","href":"https:\/\/api.w.org\/{rel}","templated":true}]}}