{"id":276,"date":"2020-10-13T11:41:54","date_gmt":"2020-10-13T11:41:54","guid":{"rendered":"https:\/\/narancoseguros.com\/?page_id=276"},"modified":"2020-10-19T07:15:23","modified_gmt":"2020-10-19T07:15:23","slug":"seguro-cancer-mama","status":"publish","type":"page","link":"https:\/\/narancoseguros.com\/index.php\/seguro-cancer-mama\/","title":{"rendered":"Seguro c\u00e1ncer mama"},"content":{"rendered":"\n<div class=\"wp-block-cover has-background-dim\" style=\"background-image:url(https:\/\/narancoseguros.com\/wp-content\/uploads\/2020\/10\/cancer.jpg)\"><div class=\"wp-block-cover__inner-container is-layout-flow wp-block-cover-is-layout-flow\">\n<p class=\"has-text-align-center encabezado has-large-font-size\">SEGURO C\u00c1NCER MAMA<\/p>\n<\/div><\/div>\n\n\n\n<p class=\"paragrafo\">En&nbsp;Naranco Seguros&nbsp;queremos que todas las mujeres se sientan protegidas ante una enfermedad que por desgracia afecta a un alto porcentaje de la poblaci\u00f3n.<\/p>\n\n\n\n<p class=\"paragrafo\">En Espa\u00f1a se diagnostican cada a\u00f1o 22.000 casos y, actualmente,&nbsp;ya se manejan cifras que afirman que una de cada 16\/18 espa\u00f1olas tendr\u00e1 un c\u00e1ncer de mama a lo largo de su vida.<\/p>\n\n\n\n<p class=\"paragrafo\">El c\u00e1ncer de mama es la primera causa de muerte en mujeres que se encuentran en la franja de edad de entre 45 a 55 a\u00f1os, por delante de otras causas como, por ejemplo, el c\u00e1ncer de pulm\u00f3n.<\/p>\n\n\n\n<p class=\"paragrafo\">El&nbsp;<strong>seguro de c\u00e1ncer de mama<\/strong>&nbsp;consta de cubrir un capital que se abonar\u00e1 a la asegurada en caso de detectarle un c\u00e1ncer de mama con un diagn\u00f3stico m\u00e9dico, desde el nivel inicial o b\u00e1sico (carcinoma in situ).<\/p>\n\n\n\n<p class=\"paragrafo\">El capital que se paga a la asegurada en caso de detectarle un c\u00e1ncer de mama ser\u00e1 de 30.000\u20ac. Solamente se pagar\u00e1 dicho capital una vez, en caso de que se reproduzca o se detecte un nuevo tumor no se pagar\u00e1 una nueva prestaci\u00f3n.<\/p>\n\n\n\n<p class=\"paragrafo\">El&nbsp;<strong>seguro de c\u00e1ncer de mama<\/strong>&nbsp;tiene una carencia de 90 d\u00edas desde la contrataci\u00f3n, a partir de esos 90 d\u00edas si a la asegurada se le detecta un c\u00e1ncer de mama ser\u00e1 indemnizada.<\/p>\n\n\n\n<h2 class=\"titulo wp-block-heading\">\u00bfQu\u00e9 no cubre el Seguro de C\u00e1ncer de Mama?<\/h2>\n\n\n\n<ul class=\"paragrafo wp-block-list\"><li>Cuando el c\u00e1ncer se origine en otro \u00f3rgano que no sea la mama.<\/li><li>Los tumores que est\u00e1n clasificados como benignos, premalignos o no invasivos, excepto el \u201ccarcinoma de mama in situ\u201d.<\/li><li>Cuando es producido como consecuencia directa o indirecta de la reacci\u00f3n, radiaci\u00f3n nuclear o contaminaci\u00f3n radioactiva siempre que no tenga car\u00e1cter individual.<\/li><li>Si usted al contratar la p\u00f3liza no declar\u00f3 que conoc\u00eda su existencia antes de la contrataci\u00f3n, si ya padec\u00eda alg\u00fan bulto, c\u00e1ncer o tumor en el pecho no valorado como benigno o si estaba pendiente de recibir alguna prueba m\u00e9dica en relaci\u00f3n a las mamas.<\/li><\/ul>\n\n\n\n<h2 class=\"titulo wp-block-heading\">Los factores de riesgo del c\u00e1ncer de mama:<\/h2>\n\n\n\n<ul class=\"paragrafo wp-block-list\"><li>Edad: el mayor \u00edndice est\u00e1 en mujeres mayores de 50 a\u00f1os.<\/li><li>Sexo femenino: Las mujeres tienen 100 veces m\u00e1s riesgo de c\u00e1ncer de mama que los hombres.<\/li><li>La edad de la primera menstruaci\u00f3n y de su primer embarazo.<\/li><li>Antecedentes familiares: El 5% de las mujeres con c\u00e1ncer de mama es por mutaci\u00f3n gen\u00e9tica.<\/li><li>Antecedentes personales: Una mujer que tenga c\u00e1ncer de mama es m\u00e1s propensa a padecer otro c\u00e1ncer, ya sea en la otra mama o en otro \u00f3rgano de su cuerpo.<\/li><li>Dieta: las mujeres que no cuidan su salud y h\u00e1bitos alimenticios tienen tambi\u00e9n un mayor riesgo de padecer un c\u00e1ncer de mama.<\/li><\/ul>\n\n\n\n<p class=\"paragrafo\">Prevenci\u00f3n:<\/p>\n\n\n\n<p class=\"paragrafo\">Hoy en d\u00eda es posible detectar un c\u00e1ncer de mama desde el estado inicial con programas de cribado o mamograf\u00edas, si se detecta pronto hay muchas m\u00e1s posibilidades de curaci\u00f3n.<\/p>\n\n\n\n<p class=\"paragrafo\">Se recomienda realizar mamograf\u00edas peri\u00f3dicamente a partir de los 45-50 a\u00f1os.<\/p>\n\n\n\n<p class=\"paragrafo\">Garant\u00edas:<\/p>\n\n\n\n<ul class=\"paragrafo wp-block-list\"><li>Te indemnizaremos con 30.000\u20ac si te diagnostican un c\u00e1ncer de mama incluso en su fase inicial.<\/li><li>5 sesiones de apoyo psicol\u00f3gico<\/li><li>50horas de asistencia domiciliaria, para ayudarte en t\u00fa d\u00eda a d\u00eda.<\/li><li>Servicio telef\u00f3nico de asesoramiento y segunda opini\u00f3n m\u00e9dica.<\/li><\/ul>\n\n\n\n<p><\/p>\n\n\n\n<div class=\"iframeContainer\">\n  <div class=\"form\">\n    <div class=\"wpforms-container wpforms-container-full\" id=\"wpforms-277\"><form id=\"wpforms-form-277\" class=\"wpforms-validate wpforms-form wpforms-ajax-form\" data-formid=\"277\" method=\"post\" enctype=\"multipart\/form-data\" action=\"\/index.php\/wp-json\/wp\/v2\/pages\/276\" data-token=\"82fd5e4aa4ad9cd9aace6a4b21339273\" data-token-time=\"1778159706\"><noscript class=\"wpforms-error-noscript\">Por favor, activa JavaScript en tu navegador para completar este formulario.<\/noscript><div class=\"wpforms-field-container\"><div id=\"wpforms-277-field_19-container\" class=\"wpforms-field wpforms-field-select wpforms-one-half wpforms-first edad wpforms-field-select-style-classic\" data-field-id=\"19\"><label class=\"wpforms-field-label\" for=\"wpforms-277-field_19\">\u00bfTienes antecedentes?<\/label><select id=\"wpforms-277-field_19\" class=\"wpforms-field-medium\" name=\"wpforms[fields][19]\"><option value=\"Si\"  class=\"choice-2 depth-1\"  >Si<\/option><option value=\"No\"  class=\"choice-8 depth-1\"  >No<\/option><\/select><\/div><div id=\"wpforms-277-field_9-container\" class=\"wpforms-field wpforms-field-select wpforms-one-half wpforms-first edad wpforms-field-select-style-classic\" data-field-id=\"9\"><label class=\"wpforms-field-label\" for=\"wpforms-277-field_9\">Ind\u00edcanos tu edad<\/label><select id=\"wpforms-277-field_9\" class=\"wpforms-field-medium\" name=\"wpforms[fields][9]\"><option value=\"Hasta 35 a\u00f1os\"  selected='selected' class=\"choice-1 depth-1\"  >Hasta 35 a\u00f1os<\/option><option value=\"De 36 a 40 a\u00f1os\"  class=\"choice-2 depth-1\"  >De 36 a 40 a\u00f1os<\/option><option value=\"De 41 a 51 a\u00f1os\"  class=\"choice-6 depth-1\"  >De 41 a 51 a\u00f1os<\/option><option value=\"De 51 a 55 a\u00f1os\"  class=\"choice-5 depth-1\"  >De 51 a 55 a\u00f1os<\/option><option value=\"De 56 a 60 a\u00f1os\"  class=\"choice-7 depth-1\"  >De 56 a 60 a\u00f1os<\/option><option value=\"De 61 a 64 a\u00f1os\"  class=\"choice-8 depth-1\"  >De 61 a 64 a\u00f1os<\/option><\/select><div class=\"wpforms-field-description\">Importe mensual: 5\u20ac Importe Anual 56.6\u20ac<\/div><\/div><div id=\"wpforms-277-field_0-container\" class=\"wpforms-field wpforms-field-name wpforms-one-half wpforms-first\" data-field-id=\"0\"><label class=\"wpforms-field-label\" for=\"wpforms-277-field_0\">Nombre <span class=\"wpforms-required-label\">*<\/span><\/label><input type=\"text\" id=\"wpforms-277-field_0\" class=\"wpforms-field-medium wpforms-field-required\" name=\"wpforms[fields][0]\" required><\/div><div id=\"wpforms-277-field_1-container\" class=\"wpforms-field wpforms-field-email wpforms-one-half\" data-field-id=\"1\"><label class=\"wpforms-field-label\" for=\"wpforms-277-field_1\">Email<\/label><input type=\"email\" id=\"wpforms-277-field_1\" class=\"wpforms-field-medium\" name=\"wpforms[fields][1]\" spellcheck=\"false\" ><\/div><div id=\"wpforms-277-field_3-container\" class=\"wpforms-field wpforms-field-number wpforms-one-half wpforms-first\" data-field-id=\"3\"><label class=\"wpforms-field-label\" for=\"wpforms-277-field_3\">Tel\u00e9fono <span class=\"wpforms-required-label\">*<\/span><\/label><input type=\"number\" id=\"wpforms-277-field_3\" class=\"wpforms-field-medium wpforms-field-required\" name=\"wpforms[fields][3]\" step=\"any\" required><div class=\"wpforms-field-description\">Sin espacios ni guiones: ej985113998<\/div><\/div><\/div><!-- .wpforms-field-container --><div class=\"wpforms-recaptcha-container wpforms-is-recaptcha wpforms-is-recaptcha-type-v2\" ><div class=\"g-recaptcha\" data-sitekey=\"6LeffNUZAAAAADWBGG1fvM9zMe6KyjyedhvXX1ZU\"><\/div><input type=\"text\" name=\"g-recaptcha-hidden\" class=\"wpforms-recaptcha-hidden\" style=\"position:absolute!important;clip:rect(0,0,0,0)!important;height:1px!important;width:1px!important;border:0!important;overflow:hidden!important;padding:0!important;margin:0!important;\" data-rule-recaptcha=\"1\"><\/div><div class=\"wpforms-submit-container\" ><input type=\"hidden\" name=\"wpforms[id]\" value=\"277\"><input type=\"hidden\" name=\"page_title\" value=\"\"><input type=\"hidden\" name=\"page_url\" value=\"https:\/\/narancoseguros.com\/index.php\/wp-json\/wp\/v2\/pages\/276\"><input type=\"hidden\" name=\"url_referer\" value=\"\"><button type=\"submit\" name=\"wpforms[submit]\" id=\"wpforms-submit-277\" class=\"wpforms-submit btn btn-primary btn-lg\" data-alt-text=\"Enviando...\" data-submit-text=\"Consultar\" aria-live=\"assertive\" value=\"wpforms-submit\">Consultar<\/button><img loading=\"lazy\" decoding=\"async\" src=\"https:\/\/narancoseguros.com\/wp-content\/plugins\/wpforms-lite\/assets\/images\/submit-spin.svg\" class=\"wpforms-submit-spinner\" style=\"display: none;\" width=\"26\" height=\"26\" alt=\"Cargando\"><\/div><\/form><\/div>  <!-- .wpforms-container -->\n  <\/div>\n  <div class=\"infoColumn\">\n    <h2 class=\"titulo\">\u00bfTienes alguna duda?<\/h2>\n    <h5><i class=\"fas fa-mobile-alt\"><\/i> 985 11 39 98<\/h5>\n    <h5><i class=\"fas fa-paper-plane\"><\/i> info@narancoseguros.com<\/h5>\n    <h5><i class=\"fas fa-tag\"><\/i> <a href=\"https:\/\/narancoseguros.com\/wp-content\/uploads\/2020\/10\/diccionario.pdf\" target=\"_blank\" rel=\"noopener noreferrer\">Diccionario del seguro<\/a><\/h5>\n    <h4>Datos de inter\u00e9s sobre el seguro<\/h4>\n    <hr>\n    <div class=\"descargar\">\n       <img decoding=\"async\" src=\"https:\/\/narancoseguros.com\/wp-content\/uploads\/2020\/10\/pdflogo.png\" style=\"padding-right:10px\"><a href=\"https:\/\/narancoseguros.com\/wp-content\/uploads\/2020\/10\/cancermama.pdf\">Condiciones del seguro<\/a>\n    <\/div>\n\n  <\/div>\n<\/div>\n","protected":false},"excerpt":{"rendered":"<p>En&nbsp;Naranco Seguros&nbsp;queremos que todas las mujeres se sientan protegidas ante una enfermedad que por desgracia afecta a un alto porcentaje de la poblaci\u00f3n. En Espa\u00f1a se diagnostican cada a\u00f1o 22.000 casos y, actualmente,&nbsp;ya se manejan cifras que afirman que una de cada 16\/18 espa\u00f1olas tendr\u00e1 un c\u00e1ncer de mama a lo largo de su vida. &#8230; <a title=\"Seguro c\u00e1ncer mama\" class=\"read-more\" href=\"https:\/\/narancoseguros.com\/index.php\/seguro-cancer-mama\/\" aria-label=\"Leer m\u00e1s sobre Seguro c\u00e1ncer mama\">Leer m\u00e1s<\/a><\/p>\n","protected":false},"author":1,"featured_media":0,"parent":0,"menu_order":0,"comment_status":"closed","ping_status":"closed","template":"","meta":{"footnotes":""},"class_list":["post-276","page","type-page","status-publish"],"_links":{"self":[{"href":"https:\/\/narancoseguros.com\/index.php\/wp-json\/wp\/v2\/pages\/276","targetHints":{"allow":["GET"]}}],"collection":[{"href":"https:\/\/narancoseguros.com\/index.php\/wp-json\/wp\/v2\/pages"}],"about":[{"href":"https:\/\/narancoseguros.com\/index.php\/wp-json\/wp\/v2\/types\/page"}],"author":[{"embeddable":true,"href":"https:\/\/narancoseguros.com\/index.php\/wp-json\/wp\/v2\/users\/1"}],"replies":[{"embeddable":true,"href":"https:\/\/narancoseguros.com\/index.php\/wp-json\/wp\/v2\/comments?post=276"}],"version-history":[{"count":3,"href":"https:\/\/narancoseguros.com\/index.php\/wp-json\/wp\/v2\/pages\/276\/revisions"}],"predecessor-version":[{"id":646,"href":"https:\/\/narancoseguros.com\/index.php\/wp-json\/wp\/v2\/pages\/276\/revisions\/646"}],"wp:attachment":[{"href":"https:\/\/narancoseguros.com\/index.php\/wp-json\/wp\/v2\/media?parent=276"}],"curies":[{"name":"wp","href":"https:\/\/api.w.org\/{rel}","templated":true}]}}