{"id":252,"date":"2020-10-13T10:28:41","date_gmt":"2020-10-13T10:28:41","guid":{"rendered":"https:\/\/narancoseguros.com\/?page_id=252"},"modified":"2021-05-06T12:02:08","modified_gmt":"2021-05-06T12:02:08","slug":"seguro-de-mascotas","status":"publish","type":"page","link":"https:\/\/narancoseguros.com\/index.php\/seguro-de-mascotas\/","title":{"rendered":"Seguro mascotas"},"content":{"rendered":"\n<div class=\"wp-block-cover has-background-dim\" style=\"background-image:url(https:\/\/narancoseguros.com\/wp-content\/uploads\/2020\/10\/mascotas.jpg)\"><div class=\"wp-block-cover__inner-container is-layout-flow wp-block-cover-is-layout-flow\">\n<p class=\"has-text-align-center encabezado has-large-font-size\">SEGURO MASCOTA<\/p>\n<\/div><\/div>\n\n\n\n<h2 class=\"titulo wp-block-heading\">\u00bfDeseas asegurar a tu mascota? Calcula tu<strong>&nbsp;seguro de mascotas<\/strong>&nbsp;en menos de 1 minuto.<\/h2>\n\n\n\n<p class=\"paragrafo\">En&nbsp;Naranco Seguros&nbsp;entendemos que tu mascota es un miembro m\u00e1s de tu familia, y por eso queremos ofrecere la oportunidad de asegurar a tus mascotas ante posibles p\u00e9rdidas o accidentes.<\/p>\n\n\n\n<p class=\"paragrafo\">Los&nbsp;<strong>seguros para animales<\/strong>&nbsp;que ofrecemos son tanto para perros como para gatos y protegen a sus propietarios frente a posibles p\u00e9rdidas de sus mascotas originadas por fallecimiento, as\u00ed como por los costes derivados de la asistencia veterinaria.<\/p>\n\n\n\n<p class=\"paragrafo\">Este tipo de&nbsp;<strong>seguro<\/strong>&nbsp;tambi\u00e9n puede incluir da\u00f1os que sus animales causen a terceras personas, que es la garant\u00eda contratada m\u00e1s com\u00fan por parte de los propietarios.<\/p>\n\n\n\n<p class=\"paragrafo\">Es una p\u00f3liza flexible que permite contratar da\u00f1os al animal o una garant\u00eda de asistencia veterinaria, y en ambos casos permite a\u00f1adir la garant\u00eda de Responsabilidad Civil.<\/p>\n\n\n\n<p class=\"paragrafo\">El&nbsp;<strong>seguro de mascotas<\/strong>&nbsp;tambi\u00e9n cubre al propietario frente a un posible robo, accidente o extrav\u00edo de su mascota. Si es tu mascota la que causa da\u00f1os a un tercero, este seguro cubre frente a la Responsabilidad Civil, gastos judiciales y fianzas, direcci\u00f3n jur\u00eddica, asesoramiento y consulta telef\u00f3nica, sacrificio del animal, gastos de localizaci\u00f3n\u2026etc.<\/p>\n\n\n\n<p class=\"paragrafo\">Tu mejor amigo se merece la mejor cobertura y nosotros contamos con varias compa\u00f1\u00edas de primer orden que nos permiten ofrecerte a ti y a tu mascota el mejor&nbsp;<strong>seguro<\/strong>&nbsp;para que est\u00e9is cubiertos y no os teng\u00e1is que preocupar de nada m\u00e1s.<\/p>\n\n\n\n<p><\/p>\n\n\n\n<div class=\"iframeContainer\">\n  <div class=\"form\">\n    <div class=\"wpforms-container wpforms-container-full\" id=\"wpforms-264\"><form id=\"wpforms-form-264\" class=\"wpforms-validate wpforms-form wpforms-ajax-form\" data-formid=\"264\" method=\"post\" enctype=\"multipart\/form-data\" action=\"\/index.php\/wp-json\/wp\/v2\/pages\/252\" data-token=\"b3b455987a48fef0a0a5b1f8868fdb1d\" data-token-time=\"1777992659\"><noscript class=\"wpforms-error-noscript\">Por favor, activa JavaScript en tu navegador para completar este formulario.<\/noscript><div class=\"wpforms-field-container\"><div id=\"wpforms-264-field_9-container\" class=\"wpforms-field wpforms-field-select wpforms-one-half wpforms-first price wpforms-field-select-style-classic\" data-field-id=\"9\"><label class=\"wpforms-field-label\" for=\"wpforms-264-field_9\">Mascota<\/label><select id=\"wpforms-264-field_9\" class=\"wpforms-field-medium\" name=\"wpforms[fields][9]\"><option value=\"Perro menos de 20 kg\"  selected='selected' class=\"choice-1 depth-1\"  >Perro menos de 20 kg<\/option><option value=\"Perro m\u00e1s de 20 kg\"  class=\"choice-2 depth-1\"  >Perro m\u00e1s de 20 kg<\/option><option value=\"Caballo\"  class=\"choice-6 depth-1\"  >Caballo<\/option><option value=\"Otro animal\"  class=\"choice-5 depth-1\"  >Otro animal<\/option><\/select><div class=\"wpforms-field-description\">Precio: 35,53\u20ac <\/div><\/div><div id=\"wpforms-264-field_0-container\" class=\"wpforms-field wpforms-field-name wpforms-one-half wpforms-first\" data-field-id=\"0\"><label class=\"wpforms-field-label\" for=\"wpforms-264-field_0\">Nombre <span class=\"wpforms-required-label\">*<\/span><\/label><input type=\"text\" id=\"wpforms-264-field_0\" class=\"wpforms-field-medium wpforms-field-required\" name=\"wpforms[fields][0]\" required><\/div><div id=\"wpforms-264-field_1-container\" class=\"wpforms-field wpforms-field-email wpforms-one-half\" data-field-id=\"1\"><label class=\"wpforms-field-label\" for=\"wpforms-264-field_1\">Email<\/label><input type=\"email\" id=\"wpforms-264-field_1\" class=\"wpforms-field-medium\" name=\"wpforms[fields][1]\" spellcheck=\"false\" ><\/div><div id=\"wpforms-264-field_3-container\" class=\"wpforms-field wpforms-field-number wpforms-one-half wpforms-first\" data-field-id=\"3\"><label class=\"wpforms-field-label\" for=\"wpforms-264-field_3\">Tel\u00e9fono <span class=\"wpforms-required-label\">*<\/span><\/label><input type=\"number\" id=\"wpforms-264-field_3\" class=\"wpforms-field-medium wpforms-field-required\" name=\"wpforms[fields][3]\" step=\"any\" required><div class=\"wpforms-field-description\">Sin espacios ni guiones: ej985113998<\/div><\/div><\/div><!-- .wpforms-field-container --><div class=\"wpforms-recaptcha-container wpforms-is-recaptcha wpforms-is-recaptcha-type-v2\" ><div class=\"g-recaptcha\" data-sitekey=\"6LeffNUZAAAAADWBGG1fvM9zMe6KyjyedhvXX1ZU\"><\/div><input type=\"text\" name=\"g-recaptcha-hidden\" class=\"wpforms-recaptcha-hidden\" style=\"position:absolute!important;clip:rect(0,0,0,0)!important;height:1px!important;width:1px!important;border:0!important;overflow:hidden!important;padding:0!important;margin:0!important;\" data-rule-recaptcha=\"1\"><\/div><div class=\"wpforms-submit-container\" ><input type=\"hidden\" name=\"wpforms[id]\" value=\"264\"><input type=\"hidden\" name=\"page_title\" value=\"\"><input type=\"hidden\" name=\"page_url\" value=\"https:\/\/narancoseguros.com\/index.php\/wp-json\/wp\/v2\/pages\/252\"><input type=\"hidden\" name=\"url_referer\" value=\"\"><button type=\"submit\" name=\"wpforms[submit]\" id=\"wpforms-submit-264\" class=\"wpforms-submit btn btn-primary btn-lg\" data-alt-text=\"Enviando...\" data-submit-text=\"Consultar\" aria-live=\"assertive\" value=\"wpforms-submit\">Consultar<\/button><img loading=\"lazy\" decoding=\"async\" src=\"https:\/\/narancoseguros.com\/wp-content\/plugins\/wpforms-lite\/assets\/images\/submit-spin.svg\" class=\"wpforms-submit-spinner\" style=\"display: none;\" width=\"26\" height=\"26\" alt=\"Cargando\"><\/div><\/form><\/div>  <!-- .wpforms-container -->\n  <\/div>\n  <div class=\"infoColumn\">\n    <h2 class=\"titulo\">\u00bfTienes alguna duda?<\/h2>\n    <h5><i class=\"fas fa-mobile-alt\"><\/i> 985 11 39 98<\/h5>\n    <h5><i class=\"fas fa-paper-plane\"><\/i> info@narancoseguros.com<\/h5>\n    <h5><i class=\"fas fa-tag\"><\/i> <a href=\"https:\/\/narancoseguros.com\/wp-content\/uploads\/2020\/10\/diccionario.pdf\" target=\"_blank\" rel=\"noopener noreferrer\">Diccionario del seguro<\/a><\/h5>\n    <h4>Datos de inter\u00e9s sobre el seguro<\/h4>\n    <hr>\n\n  <\/div>\n<\/div>\n","protected":false},"excerpt":{"rendered":"<p>\u00bfDeseas asegurar a tu mascota? Calcula tu&nbsp;seguro de mascotas&nbsp;en menos de 1 minuto. En&nbsp;Naranco Seguros&nbsp;entendemos que tu mascota es un miembro m\u00e1s de tu familia, y por eso queremos ofrecere la oportunidad de asegurar a tus mascotas ante posibles p\u00e9rdidas o accidentes. Los&nbsp;seguros para animales&nbsp;que ofrecemos son tanto para perros como para gatos y protegen &#8230; <a title=\"Seguro mascotas\" class=\"read-more\" href=\"https:\/\/narancoseguros.com\/index.php\/seguro-de-mascotas\/\" aria-label=\"Leer m\u00e1s sobre Seguro mascotas\">Leer m\u00e1s<\/a><\/p>\n","protected":false},"author":1,"featured_media":0,"parent":0,"menu_order":0,"comment_status":"closed","ping_status":"closed","template":"","meta":{"footnotes":""},"class_list":["post-252","page","type-page","status-publish"],"_links":{"self":[{"href":"https:\/\/narancoseguros.com\/index.php\/wp-json\/wp\/v2\/pages\/252","targetHints":{"allow":["GET"]}}],"collection":[{"href":"https:\/\/narancoseguros.com\/index.php\/wp-json\/wp\/v2\/pages"}],"about":[{"href":"https:\/\/narancoseguros.com\/index.php\/wp-json\/wp\/v2\/types\/page"}],"author":[{"embeddable":true,"href":"https:\/\/narancoseguros.com\/index.php\/wp-json\/wp\/v2\/users\/1"}],"replies":[{"embeddable":true,"href":"https:\/\/narancoseguros.com\/index.php\/wp-json\/wp\/v2\/comments?post=252"}],"version-history":[{"count":12,"href":"https:\/\/narancoseguros.com\/index.php\/wp-json\/wp\/v2\/pages\/252\/revisions"}],"predecessor-version":[{"id":999,"href":"https:\/\/narancoseguros.com\/index.php\/wp-json\/wp\/v2\/pages\/252\/revisions\/999"}],"wp:attachment":[{"href":"https:\/\/narancoseguros.com\/index.php\/wp-json\/wp\/v2\/media?parent=252"}],"curies":[{"name":"wp","href":"https:\/\/api.w.org\/{rel}","templated":true}]}}