{"id":207,"date":"2020-10-09T11:19:19","date_gmt":"2020-10-09T11:19:19","guid":{"rendered":"https:\/\/narancoseguros.com\/?page_id=207"},"modified":"2021-05-11T09:24:48","modified_gmt":"2021-05-11T09:24:48","slug":"seguro-furgonetas","status":"publish","type":"page","link":"https:\/\/narancoseguros.com\/index.php\/seguro-furgonetas\/","title":{"rendered":"Seguro furgonetas"},"content":{"rendered":"\n<div class=\"wp-block-cover has-background-dim\" style=\"background-image:url(https:\/\/narancoseguros.com\/wp-content\/uploads\/2020\/10\/furgoneta.jpg)\"><div class=\"wp-block-cover__inner-container is-layout-flow wp-block-cover-is-layout-flow\">\n<p class=\"has-text-align-center encabezado has-large-font-size\">SEGURO FURGONETAS<\/p>\n<\/div><\/div>\n\n\n\n<h2 class=\"wp-block-heading\">Si para t\u00ed es importante que la movilidad de tu empresa est\u00e9 en buenas manos, HABLA CON NOSOTROS.<\/h2>\n\n\n\n<p>\u00a1Cubriendo nuestro cuestionario, calculamos y enviamos el precio del seguro de tu furgoneta en menos de 24h!<\/p>\n\n\n\n<p>En <span class=\"has-inline-color has-pale-cyan-blue-color\">Naranco Seguros<\/span> ofrecemos la mejor calidad\/precio que puedes encontrar en el mercado, tenemos los precios m\u00e1s competitivos en\u00a0<strong>seguros de furgoneta<\/strong>, tanto para Transporte Propio,\u00a0Transporte P\u00fablico o Transporte Particular.<\/p>\n\n\n\n<h2 class=\"titulo wp-block-heading\">Caracter\u00edsticas de un Seguro de Furgoneta<\/h2>\n\n\n\n<p>Los<strong>\u00a0seguros de furgoneta<\/strong>\u00a0suelen ser m\u00e1s complejos que un\u00a0<strong>seguro de auto<\/strong>\u00a0normal, ya que suelen ir destinadas al uso profesional (empresa). Las furgonetas de uso profesional\/comercial se aseguran teniendo en cuenta las necesidades de la empresa.<\/p>\n\n\n\n<p>\u00a1Qu\u00e9 tu trabajo no se vea interrumpido por una aver\u00eda, una mala gesti\u00f3n o un siniestro! Cuenta con el respaldo de las mejores\u00a0<strong>compa\u00f1\u00edas de seguros<\/strong>\u00a0para este producto.<\/p>\n\n\n\n<p>Algunas compa\u00f1\u00edas no quieren cubrir las furgonetas de uso comercial por el alto grado de siniestralidad que ofrecen debido a la alta frecuencia de uso del veh\u00edculo; factor, que a su vez, es lo que determina el precio de la prima.<\/p>\n\n\n\n<p>Adem\u00e1s, las furgonetas comerciales son veh\u00edculos que se suelen aparcar en la calle, exponi\u00e9ndose as\u00ed a un riesgo continuo.<\/p>\n\n\n\n<p>Las furgonetas particulares no tienen el recargo que tienen las comerciales, ya que est\u00e1n menos expuestas debido a una frecuencia de uso menor y al aparcamiento en garajes propios.<\/p>\n\n\n\n<p><span class=\"has-inline-color has-pale-cyan-blue-color\">Naranco Seguros<\/span>\u00a0cuenta con varias compa\u00f1\u00edas que ofrecen el\u00a0<strong>seguro de furgonetas<\/strong> al mejor precio.<\/p>\n\n\n\n<h2 class=\"titulo wp-block-heading\">Diferentes modalidades de seguro de furgoneta que se pueden contratar:<\/h2>\n\n\n\n<ul class=\"wp-block-list\" id=\"block-7e996603-8c70-473f-b92e-968ba786d9fd\"><li>Terceros: Es el seguro b\u00e1sico, que incluye Responsabilidad Civil frente a terceros y Defensa Jur\u00eddica.<\/li><li>Terceros con Lunas: A\u00f1ade la cobertura de Lunas al Tercero b\u00e1sico.<\/li><li>Terceros Ampliado: Ofrece las coberturas de un Tercero B\u00e1sico y a\u00f1ade Lunas + Robo + Incendio.<\/li><li>Todo Riesgo: Incluye todas las anteriores\u00a0y a\u00f1ade la cobertura de da\u00f1os propios.<\/li><\/ul>\n\n\n\n<h2 class=\"titulo wp-block-heading\">Las principales garant\u00edas para un seguro de furgoneta comercial son:<\/h2>\n\n\n\n<ul class=\"wp-block-list\" id=\"block-7aecbbfd-b7fa-4432-bff7-1d24eb789f63\"><li>Responsabilidad Civil y Defensa Jur\u00eddica<\/li><li>Rotura de Lunas<\/li><li>Robo<\/li><li>Asistencia en viaje<\/li><li>Veh\u00edculo de Sustituci\u00f3n<\/li><li>Seguro del conductor<\/li><li>Retirada del Carnet<\/li><\/ul>\n\n\n\n<div class=\"iframeContainer\">\n  <div class=\"form\">\n    <div class=\"wpforms-container wpforms-container-full\" id=\"wpforms-209\"><form id=\"wpforms-form-209\" class=\"wpforms-validate wpforms-form wpforms-ajax-form\" data-formid=\"209\" method=\"post\" enctype=\"multipart\/form-data\" action=\"\/index.php\/wp-json\/wp\/v2\/pages\/207\" data-token=\"7f79935607c879b0209d6df2cd162e6f\" data-token-time=\"1778334734\"><noscript class=\"wpforms-error-noscript\">Por favor, activa JavaScript en tu navegador para completar este formulario.<\/noscript><div class=\"wpforms-field-container\"><div id=\"wpforms-209-field_8-container\" class=\"wpforms-field wpforms-field-text wpforms-one-half wpforms-first\" data-field-id=\"8\"><label class=\"wpforms-field-label\" for=\"wpforms-209-field_8\">DNI\/CIF<\/label><input type=\"text\" id=\"wpforms-209-field_8\" class=\"wpforms-field-medium\" name=\"wpforms[fields][8]\" ><\/div><div id=\"wpforms-209-field_9-container\" class=\"wpforms-field wpforms-field-select wpforms-one-half wpforms-field-select-style-classic\" data-field-id=\"9\"><label class=\"wpforms-field-label\" for=\"wpforms-209-field_9\">Propietario<\/label><select id=\"wpforms-209-field_9\" class=\"wpforms-field-medium\" name=\"wpforms[fields][9]\"><option value=\"Si\"  class=\"choice-1 depth-1\"  >Si<\/option><option value=\"no\"  class=\"choice-2 depth-1\"  >no<\/option><\/select><\/div><div id=\"wpforms-209-field_4-container\" class=\"wpforms-field wpforms-field-select wpforms-one-half wpforms-first wpforms-field-select-style-classic\" data-field-id=\"4\"><label class=\"wpforms-field-label\" for=\"wpforms-209-field_4\">Conductor<\/label><select id=\"wpforms-209-field_4\" class=\"wpforms-field-medium\" name=\"wpforms[fields][4]\"><option value=\"Si\"  class=\"choice-1 depth-1\"  >Si<\/option><option value=\"No\"  class=\"choice-2 depth-1\"  >No<\/option><\/select><\/div><div id=\"wpforms-209-field_10-container\" class=\"wpforms-field wpforms-field-select wpforms-one-half wpforms-field-select-style-classic\" data-field-id=\"10\"><label class=\"wpforms-field-label\" for=\"wpforms-209-field_10\">Categor\u00eda de riesgo <\/label><select id=\"wpforms-209-field_10\" class=\"wpforms-field-medium\" name=\"wpforms[fields][10]\"><option value=\"Autoescuela\"  class=\"choice-1 depth-1\"  >Autoescuela<\/option><option value=\"Particular\"  class=\"choice-2 depth-1\"  >Particular<\/option><option value=\"Transporte con gr\u00faa para remolque de veh\u00edculos\"  class=\"choice-7 depth-1\"  >Transporte con gr\u00faa para remolque de veh\u00edculos<\/option><option value=\"Transporte propio agr\u00edcola y ganadero, sin reparto\"  class=\"choice-3 depth-1\"  >Transporte propio agr\u00edcola y ganadero, sin reparto<\/option><option value=\"Transporte propio atracciones de feria\"  class=\"choice-6 depth-1\"  >Transporte propio atracciones de feria<\/option><option value=\"Transportes propios de mercanc\u00edas con reparto\"  class=\"choice-5 depth-1\"  >Transportes propios de mercanc\u00edas con reparto<\/option><option value=\"Transportes propios de mercanc\u00edas sin reparto\"  class=\"choice-4 depth-1\"  >Transportes propios de mercanc\u00edas sin reparto<\/option><option value=\"Transportes p\u00fablicos de mercanc\u00edas con reparto\"  class=\"choice-8 depth-1\"  >Transportes p\u00fablicos de mercanc\u00edas con reparto<\/option><option value=\"Transportes p\u00fablicos de mercanc\u00edas sin reparto\"  class=\"choice-9 depth-1\"  >Transportes p\u00fablicos de mercanc\u00edas sin reparto<\/option><\/select><\/div><div id=\"wpforms-209-field_5-container\" class=\"wpforms-field wpforms-field-text wpforms-one-half wpforms-first\" data-field-id=\"5\"><label class=\"wpforms-field-label\" for=\"wpforms-209-field_5\">DNI Propietario<\/label><input type=\"text\" id=\"wpforms-209-field_5\" class=\"wpforms-field-medium\" name=\"wpforms[fields][5]\" ><\/div><div id=\"wpforms-209-field_6-container\" class=\"wpforms-field wpforms-field-text wpforms-one-half wpforms-first\" data-field-id=\"6\"><label class=\"wpforms-field-label\" for=\"wpforms-209-field_6\">Fecha de nacimiento Conductor<\/label><input type=\"text\" id=\"wpforms-209-field_6\" class=\"wpforms-field-medium\" name=\"wpforms[fields][6]\" ><\/div><div id=\"wpforms-209-field_7-container\" class=\"wpforms-field wpforms-field-text wpforms-one-half\" data-field-id=\"7\"><label class=\"wpforms-field-label\" for=\"wpforms-209-field_7\">Fecha carnet de conducir<\/label><input type=\"text\" id=\"wpforms-209-field_7\" class=\"wpforms-field-medium\" name=\"wpforms[fields][7]\" ><\/div><div id=\"wpforms-209-field_12-container\" class=\"wpforms-field wpforms-field-text wpforms-one-half wpforms-first\" data-field-id=\"12\"><label class=\"wpforms-field-label\" for=\"wpforms-209-field_12\">Matr\u00edcula<\/label><input type=\"text\" id=\"wpforms-209-field_12\" class=\"wpforms-field-medium\" name=\"wpforms[fields][12]\" ><\/div><div id=\"wpforms-209-field_13-container\" class=\"wpforms-field wpforms-field-text wpforms-one-half\" data-field-id=\"13\"><label class=\"wpforms-field-label\" for=\"wpforms-209-field_13\">Fecha de matriculaci\u00f3n<\/label><input type=\"text\" id=\"wpforms-209-field_13\" class=\"wpforms-field-medium\" name=\"wpforms[fields][13]\" ><\/div><div id=\"wpforms-209-field_0-container\" class=\"wpforms-field wpforms-field-name wpforms-one-half wpforms-first\" data-field-id=\"0\"><label class=\"wpforms-field-label\" for=\"wpforms-209-field_0\">Nombre <span class=\"wpforms-required-label\">*<\/span><\/label><input type=\"text\" id=\"wpforms-209-field_0\" class=\"wpforms-field-medium wpforms-field-required\" name=\"wpforms[fields][0]\" required><\/div><div id=\"wpforms-209-field_1-container\" class=\"wpforms-field wpforms-field-email wpforms-one-half\" data-field-id=\"1\"><label class=\"wpforms-field-label\" for=\"wpforms-209-field_1\">Email<\/label><input type=\"email\" id=\"wpforms-209-field_1\" class=\"wpforms-field-medium\" name=\"wpforms[fields][1]\" spellcheck=\"false\" ><\/div><div id=\"wpforms-209-field_3-container\" class=\"wpforms-field wpforms-field-number wpforms-one-half wpforms-first\" data-field-id=\"3\"><label class=\"wpforms-field-label\" for=\"wpforms-209-field_3\">Tel\u00e9fono <span class=\"wpforms-required-label\">*<\/span><\/label><input type=\"number\" id=\"wpforms-209-field_3\" class=\"wpforms-field-medium wpforms-field-required\" name=\"wpforms[fields][3]\" step=\"any\" required><div class=\"wpforms-field-description\">Sin espacios ni guiones: ej985113998<\/div><\/div><\/div><!-- .wpforms-field-container --><div class=\"wpforms-recaptcha-container wpforms-is-recaptcha wpforms-is-recaptcha-type-v2\" ><div class=\"g-recaptcha\" data-sitekey=\"6LeffNUZAAAAADWBGG1fvM9zMe6KyjyedhvXX1ZU\"><\/div><input type=\"text\" name=\"g-recaptcha-hidden\" class=\"wpforms-recaptcha-hidden\" style=\"position:absolute!important;clip:rect(0,0,0,0)!important;height:1px!important;width:1px!important;border:0!important;overflow:hidden!important;padding:0!important;margin:0!important;\" data-rule-recaptcha=\"1\"><\/div><div class=\"wpforms-submit-container\" ><input type=\"hidden\" name=\"wpforms[id]\" value=\"209\"><input type=\"hidden\" name=\"page_title\" value=\"\"><input type=\"hidden\" name=\"page_url\" value=\"https:\/\/narancoseguros.com\/index.php\/wp-json\/wp\/v2\/pages\/207\"><input type=\"hidden\" name=\"url_referer\" value=\"\"><button type=\"submit\" name=\"wpforms[submit]\" id=\"wpforms-submit-209\" class=\"wpforms-submit btn btn-primary btn-lg\" data-alt-text=\"Enviando...\" data-submit-text=\"Consultar\" aria-live=\"assertive\" value=\"wpforms-submit\">Consultar<\/button><img loading=\"lazy\" decoding=\"async\" src=\"https:\/\/narancoseguros.com\/wp-content\/plugins\/wpforms-lite\/assets\/images\/submit-spin.svg\" class=\"wpforms-submit-spinner\" style=\"display: none;\" width=\"26\" height=\"26\" alt=\"Cargando\"><\/div><\/form><\/div>  <!-- .wpforms-container -->\n  <\/div>\n  <div class=\"infoColumn\">\n    <h2 class=\"titulo\">\u00bfTienes alguna duda?<\/h2>\n    <h5><i class=\"fas fa-mobile-alt\"><\/i> 985 11 39 98<\/h5>\n    <h5><i class=\"fas fa-paper-plane\"><\/i> info@narancoseguros.com<\/h5>\n    <h5><i class=\"fas fa-tag\"><\/i> <a href=\"https:\/\/narancoseguros.com\/wp-content\/uploads\/2020\/10\/diccionario.pdf\" target=\"_blank\" rel=\"noopener noreferrer\">Diccionario del seguro<\/a><\/h5>\n    <h4>Datos de inter\u00e9s sobre el seguro<\/h4>\n    <hr>\n\n  <\/div>\n<\/div>\n","protected":false},"excerpt":{"rendered":"<p>Si para t\u00ed es importante que la movilidad de tu empresa est\u00e9 en buenas manos, HABLA CON NOSOTROS. \u00a1Cubriendo nuestro cuestionario, calculamos y enviamos el precio del seguro de tu furgoneta en menos de 24h! En Naranco Seguros ofrecemos la mejor calidad\/precio que puedes encontrar en el mercado, tenemos los precios m\u00e1s competitivos en\u00a0seguros de &#8230; <a title=\"Seguro furgonetas\" class=\"read-more\" href=\"https:\/\/narancoseguros.com\/index.php\/seguro-furgonetas\/\" aria-label=\"Leer m\u00e1s sobre Seguro furgonetas\">Leer m\u00e1s<\/a><\/p>\n","protected":false},"author":1,"featured_media":0,"parent":0,"menu_order":0,"comment_status":"closed","ping_status":"closed","template":"","meta":{"footnotes":""},"class_list":["post-207","page","type-page","status-publish"],"_links":{"self":[{"href":"https:\/\/narancoseguros.com\/index.php\/wp-json\/wp\/v2\/pages\/207","targetHints":{"allow":["GET"]}}],"collection":[{"href":"https:\/\/narancoseguros.com\/index.php\/wp-json\/wp\/v2\/pages"}],"about":[{"href":"https:\/\/narancoseguros.com\/index.php\/wp-json\/wp\/v2\/types\/page"}],"author":[{"embeddable":true,"href":"https:\/\/narancoseguros.com\/index.php\/wp-json\/wp\/v2\/users\/1"}],"replies":[{"embeddable":true,"href":"https:\/\/narancoseguros.com\/index.php\/wp-json\/wp\/v2\/comments?post=207"}],"version-history":[{"count":11,"href":"https:\/\/narancoseguros.com\/index.php\/wp-json\/wp\/v2\/pages\/207\/revisions"}],"predecessor-version":[{"id":1032,"href":"https:\/\/narancoseguros.com\/index.php\/wp-json\/wp\/v2\/pages\/207\/revisions\/1032"}],"wp:attachment":[{"href":"https:\/\/narancoseguros.com\/index.php\/wp-json\/wp\/v2\/media?parent=207"}],"curies":[{"name":"wp","href":"https:\/\/api.w.org\/{rel}","templated":true}]}}