{"id":1983,"date":"2023-02-22T09:26:24","date_gmt":"2023-02-22T09:26:24","guid":{"rendered":"https:\/\/narancoseguros.com\/?page_id=1983"},"modified":"2023-02-22T09:26:24","modified_gmt":"2023-02-22T09:26:24","slug":"politica-de-cookies-2","status":"publish","type":"page","link":"https:\/\/narancoseguros.com\/index.php\/politica-de-cookies-2\/","title":{"rendered":"Pol\u00edtica de Cookies"},"content":{"rendered":"<p>Una <em>cookie<\/em> es un fichero inform\u00e1tico inofensivo que se almacena en su navegador y en los archivos temporales de su equipo cuando visita cualquier p\u00e1gina web. Sirve, entre otras cosas, para que la web sea capaz de recordar su visita anterior cuando vuelva a navegar por la misma. Las <em>cookies<\/em> suelen almacenar informaci\u00f3n t\u00e9cnica (navegador, entorno\u2026), preferencias personales, personalizaci\u00f3n, estad\u00edsticas, enlaces a redes sociales&#8230; . El objetivo es adaptar el contenido a su perfil y necesidades.<\/p>\n<p>Una cookie ni es un virus, ni es un troyano, ni abre ventanas emergentes (pop-up) ni almacena datos de car\u00e1cter personal (DNI, cuentas bancarias\u2026) ni realiza labores de espionaje inform\u00e1tico. Es m\u00e1s, las cookies no le identifican a usted personalmente, identifican la conjunci\u00f3n navegador-sistema operativo con la que accede a la web. Cada navegador puede soportar cookies distintas y almacenar informaci\u00f3n distinta en funci\u00f3n de su configuraci\u00f3n.<\/p>\n<p>El navegador es el software encargado de procesar las cookies, almacenarlas y, en su caso, borrarlas o evitar su instalaci\u00f3n. En consecuencia, esta web no puede garantizar el correcto proceso de las mismas por parte del software utilizado para acceder a la misma.<br \/>\nUsted puede eliminar, e incluso bloquear completamente o por dominio, las cookies que almacena su navegador. Recuerde que este bloqueo puede provocar efectos no deseados como que no pueda acceder a las \u00e1reas privadas de la web, compartir informaci\u00f3n a trav\u00e9s de redes sociales, comentar en las noticias o, incluso, no poder realizar compras a trav\u00e9s de internet al no poder acceder satisfactoriamente al carrito de la compra.<\/p>\n<p>Esta web no se hace responsable de las pol\u00edticas de privacidad de terceros con los que comparta informaci\u00f3n a trav\u00e9s de la misma o sus botones sociales como son los proveedores de redes sociales (Facebook, Twitter\u2026). En caso de dudas sobre esta pol\u00edtica de privacidad contacte con nosotros.<\/p>\n<p>&nbsp;<\/p>\n<p><strong><u>Cookies utilizadas <\/u><\/strong><\/p>\n<p>Este sitio web utiliza las siguientes <strong>cookies propias<\/strong>:<\/p>\n<p><u>Cookies de sesi\u00f3n:<\/u> Tienen como finalidad evitar el spam y garantizar que quien interact\u00faa con la web es un humano y no un robot.<\/p>\n<p><u>Cookies de usuario:<\/u> Tienen como finalidad permitir el acceso a la web a trav\u00e9s de usuario y contrase\u00f1a, recordando sus preferencias.<\/p>\n<p>Este sitio web utiliza las siguientes <strong>cookies de terceros<\/strong>:<\/p>\n<p><u>Cookies anal\u00edticas:<\/u> Tienen como finalidad poder elaborar estad\u00edsticas sobre tr\u00e1fico y visitas a esta web. Dichas cookies son titularidad de Google y para cualquier acci\u00f3n sobre las mismas habr\u00e1 de contactar con esta empresa. Google tiene suscritos acuerdos de Puerto Seguro para que sus datos, a pesar de que puedan estar almacenados en servidores fuera de la Uni\u00f3n Europea, sean tratados conforme a la normativa comunitaria de protecci\u00f3n de datos<\/p>\n<p><u>Redes sociales:<\/u> Las redes sociales utilizan cookies propias para compartir el contenido y proveedores de video como Youtube hacen uso de cookies para permitirle el visionado de los mismos<\/p>\n<p><u>Cookies Publicitarias:<\/u> Tienen como finalidad detectar el n\u00famero de impresiones de los anuncios que acompa\u00f1an a nuestra web para proveer estad\u00edsticas sobre el n\u00famero de pulsaciones que se realizan en los mismos. Dichos anuncios usan cookies titularidad de Google (Adsense)<\/p>\n<p>&nbsp;<\/p>\n<p><strong><u>Desactivaci\u00f3n o eliminaci\u00f3n de cookies<\/u><\/strong><\/p>\n<p>Puede deshabilitar las cookies en las preferencias de navegaci\u00f3n de su navegador en cualquier momento. A continuaci\u00f3n le facilitamos, de forma gen\u00e9rica y teniendo en cuenta que puede variar en funci\u00f3n de la versi\u00f3n instalada, los lugares m\u00e1s habituales donde puede encontrar la configuraci\u00f3n de cookies en los navegadores m\u00e1s populares:<\/p>\n<ul>\n<li><strong>Internet Explorer:<\/strong> Herramientas -&gt; Opciones de Internet -&gt; Privacidad -&gt; Configuraci\u00f3n.<\/li>\n<li><strong>Mozilla Firefox: <\/strong>Herramientas -&gt; Opciones -&gt; Privacidad -&gt; Historial -&gt; Configuraci\u00f3n Personalizada.<\/li>\n<li><strong>Google Chrome: <\/strong>Configuraci\u00f3n -&gt; Mostrar opciones avanzadas -&gt; Privacidad -&gt; Configuraci\u00f3n de contenido.<\/li>\n<li><strong>Opera:<\/strong> Configuraci\u00f3n -&gt; Opciones -&gt; Avanzado -&gt; Cookies.<\/li>\n<li><strong>Safari:<\/strong> Preferencias -&gt; Seguridad.<\/li>\n<\/ul>\n<p>As\u00ed mismo lo recordamos que muchos de los navegadores existentes en la actualidad permiten el modo de navegaci\u00f3n privada, borrando las cookies y el historial de navegaci\u00f3n una vez que cierra el navegador. Contacte con su proveedor de software para m\u00e1s informaci\u00f3n.<\/p>\n<p>&nbsp;<\/p>\n","protected":false},"excerpt":{"rendered":"<p>Una cookie es un fichero inform\u00e1tico inofensivo que se almacena en su navegador y en los archivos temporales de su equipo cuando visita cualquier p\u00e1gina web. Sirve, entre otras cosas, para que la web sea capaz de recordar su visita anterior cuando vuelva a navegar por la misma. Las cookies suelen almacenar informaci\u00f3n t\u00e9cnica (navegador, &#8230; <a title=\"Pol\u00edtica de Cookies\" class=\"read-more\" href=\"https:\/\/narancoseguros.com\/index.php\/politica-de-cookies-2\/\" aria-label=\"Leer m\u00e1s sobre Pol\u00edtica de Cookies\">Leer m\u00e1s<\/a><\/p>\n","protected":false},"author":1,"featured_media":0,"parent":0,"menu_order":0,"comment_status":"closed","ping_status":"closed","template":"","meta":{"footnotes":""},"class_list":["post-1983","page","type-page","status-publish"],"_links":{"self":[{"href":"https:\/\/narancoseguros.com\/index.php\/wp-json\/wp\/v2\/pages\/1983","targetHints":{"allow":["GET"]}}],"collection":[{"href":"https:\/\/narancoseguros.com\/index.php\/wp-json\/wp\/v2\/pages"}],"about":[{"href":"https:\/\/narancoseguros.com\/index.php\/wp-json\/wp\/v2\/types\/page"}],"author":[{"embeddable":true,"href":"https:\/\/narancoseguros.com\/index.php\/wp-json\/wp\/v2\/users\/1"}],"replies":[{"embeddable":true,"href":"https:\/\/narancoseguros.com\/index.php\/wp-json\/wp\/v2\/comments?post=1983"}],"version-history":[{"count":1,"href":"https:\/\/narancoseguros.com\/index.php\/wp-json\/wp\/v2\/pages\/1983\/revisions"}],"predecessor-version":[{"id":1984,"href":"https:\/\/narancoseguros.com\/index.php\/wp-json\/wp\/v2\/pages\/1983\/revisions\/1984"}],"wp:attachment":[{"href":"https:\/\/narancoseguros.com\/index.php\/wp-json\/wp\/v2\/media?parent=1983"}],"curies":[{"name":"wp","href":"https:\/\/api.w.org\/{rel}","templated":true}]}}