{"id":1981,"date":"2023-02-22T09:25:29","date_gmt":"2023-02-22T09:25:29","guid":{"rendered":"https:\/\/narancoseguros.com\/?page_id=1981"},"modified":"2023-02-22T09:25:29","modified_gmt":"2023-02-22T09:25:29","slug":"aviso-legal-2","status":"publish","type":"page","link":"https:\/\/narancoseguros.com\/index.php\/aviso-legal-2\/","title":{"rendered":"Aviso Legal"},"content":{"rendered":"<p><strong><u>IDENTIFICACI\u00d3N DE LAS PARTES<\/u><\/strong><\/p>\n<p>El presente Aviso Legal de los servicios ofrecidos en esta URL (en adelante el PORTAL) es suscrito, por Mar\u00eda Lucia Fern\u00e1ndez Gonz\u00e1lez (Corredur\u00eda), (en adelante EMPRESA), titular de dicha URL, con C.I.F. n\u00fam. 71663459J, con domicilio social en la CALLE \u00a0 Goz\u00f3n, \u00a0 8 \u00a0 Oviedo- 33012 (Espa\u00f1a)<\/p>\n<p>En cualquier momento, el interesado podr\u00e1 guardar o imprimir este Aviso Legal y se aconseja al usuario hacerlo. Y, de otra parte, el USUARIO, quien navega a trav\u00e9s del portal y puede, si as\u00ed lo desea, enviar un e-mail a la direcci\u00f3n electr\u00f3nica info@narancoseguros.com, siendo los datos facilitados a trav\u00e9s de ese correo electr\u00f3nico, utilizados \u00fanicamente para atender las solicitudes que realice el USUARIO. Para la utilizaci\u00f3n del presente PORTAL es requerida la aceptaci\u00f3n expresa por el USUARIO de todas y cada una de las cl\u00e1usulas del presente Aviso Legal. En caso de no aceptar el presente Aviso Legal, el USUARIO deber\u00e1 abstenerse de acceder y\/o utilizar los servicios ofertados por EMPRESA, debiendo a abandonar el PORTAL<\/p>\n<p><strong><u>DEFINICIONES<\/u><\/strong><\/p>\n<p>Usuario: Persona f\u00edsica o jur\u00eddica que visita el PORTAL y hace uso de sus servicios, pudiendo remitir solicitudes de informaci\u00f3n a trav\u00e9s de la direcci\u00f3n de correo electr\u00f3nica facilitada en el portal.<br \/>\nDatos de car\u00e1cter personal: cualquier informaci\u00f3n concerniente a personas f\u00edsicas identificadas o identificables que pudieran facilitar los usuarios en caso de enviar un e-mail a la direcci\u00f3n general de correo electr\u00f3nico del portal.<br \/>\nCookies: cadena de texto que se instala en el disco duro del ordenador del Usuario y cada vez que el mismo accede al Portal env\u00eda informaci\u00f3n que se utilizar\u00e1 para identificar a dicho usuario y sus preferencias de navegaci\u00f3n.<\/p>\n<p><strong><u>OBJETO Y DEFINICI\u00d3N DE LOS SERVICIOS OFRECIDOS<\/u><\/strong><\/p>\n<p>EMPRESA es un PORTAL de Internet cuya actividad principal consiste en ofrecer informaci\u00f3n sobre los servicios propios de su actividad, as\u00ed como informaci\u00f3n sobre la compa\u00f1\u00eda. A trav\u00e9s del Portal, los USUARIOS acceden a los diversos contenidos puestos a su disposici\u00f3n a trav\u00e9s de este medio. De este modo, el PORTAL se configura como un instrumento de presentaci\u00f3n y difusi\u00f3n de los servicios de EMPRESA. Por tanto, las cl\u00e1usulas del presente Aviso Legal ser\u00e1n de aplicaci\u00f3n a todos los servicios ofrecidos en la web. Las caracter\u00edsticas de cada uno de estos servicios vienen determinadas en el PORTAL. No obstante lo anterior, EMPRESA se reserva el derecho a proceder a la modificaci\u00f3n de las circunstancias y condiciones del servicio, sin previo aviso al usuario y siempre que estas no afecten a la naturaleza de la relaci\u00f3n jur\u00eddica mantenida y al presente Aviso Legal<\/p>\n<p><strong><u>USUARIOS Y SERVICIOS OFRECIDOS POR EL PORTAL<\/u><\/strong><\/p>\n<p>El PORTAL presenta servicios abiertos a la totalidad de los usuarios que lo visita. Los citados usuarios s\u00f3lo est\u00e1n autorizados al uso del PORTAL previa aceptaci\u00f3n y cumplimiento de las condiciones aqu\u00ed recogidas y deber\u00e1n abandonar el web site en caso contrario. El uso de estos servicios de informaci\u00f3n es gratuito.<\/p>\n<p><strong><u>RESPONSABILIDADES:<\/u><\/strong><\/p>\n<p><strong>Del portal:<\/strong><\/p>\n<p>No se har\u00e1 responsable, directa ni subsidiariamente de: La calidad del servicio, la velocidad de acceso, el correcto funcionamiento ni la disponibilidad ni continuidad de funcionamiento del portal. Los da\u00f1os que puedan causarse en los equipos del usuario por la utilizaci\u00f3n del portal. El incumplimiento de la ley, la moral y las buenas costumbres generalmente aceptadas o el orden p\u00fablico como consecuencia de la transmisi\u00f3n, difusi\u00f3n, almacenamiento, puesta a disposici\u00f3n, recepci\u00f3n, obtenci\u00f3n o acceso a los contenidos. Los vicios y defectos de toda clase de los contenidos transmitidos, difundidos, almacenados o puestos a disposici\u00f3n. De la desactualizaci\u00f3n de los datos facilitados por el USUARIO, as\u00ed como de la facilitaci\u00f3n de datos err\u00f3neos o no veraces facilitados haciendo uso de los servicios del PORTAL. Si EMPRESA llevara a cabo un cambio en las presentes cl\u00e1usulas que a\u00fan no hubieran sido informados en el web site, se notificar\u00e1 a los USUARIOS en el plazo m\u00e1s breve posible por comunicaci\u00f3n personal o a trav\u00e9s de la actualizaci\u00f3n de los contenidos del PORTAL.<\/p>\n<p><strong>Del usuario\/USUARIO:<\/strong><\/p>\n<p>El USUARIO ser\u00e1 responsable: De los contenidos introducidos por ellos, especialmente de los datos e informaciones introducidos y enviados a EMPRESA. De la realizaci\u00f3n de cualquier tipo de actuaci\u00f3n il\u00edcita, lesiva de derechos, nociva y\/o perjudicial. De la introducci\u00f3n, almacenamiento o difusi\u00f3n en o desde el PORTAL, de cualquier informaci\u00f3n o material que fuera difamatorio, injurioso, obsceno, amenazador, xen\u00f3fobo, incite a la violencia a la discriminaci\u00f3n por raz\u00f3n de raza, sexo, ideolog\u00eda, religi\u00f3n o que de cualquier forma atente contra la moral, el orden p\u00fablico, los derechos fundamentales, las libertas p\u00fablicas, el honor, la intimidad ola imagen de terceros y, en general, la normativa vigente. De la introducci\u00f3n almacenamiento o difusi\u00f3n mediante el PORTAL de programas de ordenador, datos, virus, c\u00f3digo, equipo de hardware o de telecomunicaciones o cualquier otro instrumento o dispositivo electr\u00f3nico o f\u00edsico que sea susceptible de causar da\u00f1os en el PORTAL, en cualquiera de los Servicios, o en cualquiera de los equipos, sistemas o redes del PORTAL o, en general, de cualquier tercero, o que, de cualquier otra forma, sea capaz de causarles cualquier tipo de alteraci\u00f3n o impedir el normal funcionamiento de los mismos.<\/p>\n<p><strong><u>PROPIEDAD INTELECTUAL E INDUSTRIAL<\/u><\/strong><\/p>\n<p>El texto, im\u00e1genes, marcas, gr\u00e1ficos y logotipos del portal se encuentran protegidos por las leyes sobre Propiedad Intelectual e Industrial, quedando prohibida su reproducci\u00f3n, distribuci\u00f3n, comunicaci\u00f3n p\u00fablica y transformaci\u00f3n, salvo para uso personal y privado. El PORTAL no garantiza que los contenidos sean precisos o libres de error o que el libre uso de los mismos por el usuario no infrinja los derechos de terceras partes. El buen o mal uso de esta Web y de sus contenidos esta bajo la responsabilidad del usuario. Asimismo, queda prohibida la reproducci\u00f3n, retransmisi\u00f3n, copia, cesi\u00f3n o redifusi\u00f3n, total o parcial, de la informaci\u00f3n contenida en estas p\u00e1ginas, cualquiera que fuera su finalidad y el medio utilizado para ello, as\u00ed como de los productos adquiridos a trav\u00e9s del web site<\/p>\n<p><strong><u>USO DE TECNOLOG\u00cdA COOKIE<\/u><\/strong><\/p>\n<p>EMPRESA se reserva el derecho de utilizaci\u00f3n de las denominadas \u201ccookies\u201d, en cualquier tipo de utilizaci\u00f3n del Portal. No obstante, se informa a los Usuarios de la posibilidad de desechar esa utilizaci\u00f3n en su ordenador.<\/p>\n<p><strong><u>ENLACES O LINKS<\/u><\/strong><\/p>\n<p>El PORTAL puede incluir enlaces o links a sitios de terceros. Las antedichas webs no han sido revisadas ni son objeto de controles sobre los mismos por el PORTAL. EMPRESA no podr\u00e1 ser considerada en ning\u00fan caso responsable de los contenidos de estos sitios Web ni de las medidas que se adopten relativas a su privacidad o al tratamiento de sus datos de car\u00e1cter personal. EMPRESA recomienda la lectura detenida de las condiciones de uso y la pol\u00edtica de privacidad de estos sitios. En caso de que usted est\u00e9 interesado en activar un enlace a nuestra p\u00e1gina web deber\u00e1 comunicarlo a EMPRESA, obteniendo el consentimiento expreso para crear el enlace. EMPRESA se reserva el derecho de oposici\u00f3n a la activaci\u00f3n de enlaces con su sitio Web.<\/p>\n<p><strong><u>FUERO<\/u><\/strong><\/p>\n<p>Las cl\u00e1usulas del presente Aviso Legal est\u00e1n redactadas en espa\u00f1ol, y se encuentran sometidas a la legislaci\u00f3n espa\u00f1ola vigente. Para cualquier tipo de controversia derivada de la utilizaci\u00f3n de los servicios ofrecidos o productos ofertados en el PORTAL, las partes, con la aceptaci\u00f3n de \u00e9ste Aviso Legal, se someter\u00e1n a los Tribunales y Juzgados competentes de Oviedo, salvo que una Ley establezca un fuero diferente, en atenci\u00f3n a la naturaleza de la relaci\u00f3n.<\/p>\n","protected":false},"excerpt":{"rendered":"<p>IDENTIFICACI\u00d3N DE LAS PARTES El presente Aviso Legal de los servicios ofrecidos en esta URL (en adelante el PORTAL) es suscrito, por Mar\u00eda Lucia Fern\u00e1ndez Gonz\u00e1lez (Corredur\u00eda), (en adelante EMPRESA), titular de dicha URL, con C.I.F. n\u00fam. 71663459J, con domicilio social en la CALLE \u00a0 Goz\u00f3n, \u00a0 8 \u00a0 Oviedo- 33012 (Espa\u00f1a) En cualquier momento, &#8230; <a title=\"Aviso Legal\" class=\"read-more\" href=\"https:\/\/narancoseguros.com\/index.php\/aviso-legal-2\/\" aria-label=\"Leer m\u00e1s sobre Aviso Legal\">Leer m\u00e1s<\/a><\/p>\n","protected":false},"author":1,"featured_media":0,"parent":0,"menu_order":0,"comment_status":"closed","ping_status":"closed","template":"","meta":{"footnotes":""},"class_list":["post-1981","page","type-page","status-publish"],"_links":{"self":[{"href":"https:\/\/narancoseguros.com\/index.php\/wp-json\/wp\/v2\/pages\/1981","targetHints":{"allow":["GET"]}}],"collection":[{"href":"https:\/\/narancoseguros.com\/index.php\/wp-json\/wp\/v2\/pages"}],"about":[{"href":"https:\/\/narancoseguros.com\/index.php\/wp-json\/wp\/v2\/types\/page"}],"author":[{"embeddable":true,"href":"https:\/\/narancoseguros.com\/index.php\/wp-json\/wp\/v2\/users\/1"}],"replies":[{"embeddable":true,"href":"https:\/\/narancoseguros.com\/index.php\/wp-json\/wp\/v2\/comments?post=1981"}],"version-history":[{"count":1,"href":"https:\/\/narancoseguros.com\/index.php\/wp-json\/wp\/v2\/pages\/1981\/revisions"}],"predecessor-version":[{"id":1982,"href":"https:\/\/narancoseguros.com\/index.php\/wp-json\/wp\/v2\/pages\/1981\/revisions\/1982"}],"wp:attachment":[{"href":"https:\/\/narancoseguros.com\/index.php\/wp-json\/wp\/v2\/media?parent=1981"}],"curies":[{"name":"wp","href":"https:\/\/api.w.org\/{rel}","templated":true}]}}