{"id":186,"date":"2020-10-09T10:40:12","date_gmt":"2020-10-09T10:40:12","guid":{"rendered":"https:\/\/narancoseguros.com\/?page_id=186"},"modified":"2021-05-06T12:32:39","modified_gmt":"2021-05-06T12:32:39","slug":"seguro-de-bicicletas","status":"publish","type":"page","link":"https:\/\/narancoseguros.com\/index.php\/seguro-de-bicicletas\/","title":{"rendered":"Seguro bicicletas"},"content":{"rendered":"\n<div class=\"wp-block-cover has-background-dim\" style=\"background-image:url(https:\/\/narancoseguros.com\/wp-content\/uploads\/2020\/10\/bicis.jpg);min-height:430px;aspect-ratio:unset;\"><div class=\"wp-block-cover__inner-container is-layout-flow wp-block-cover-is-layout-flow\">\n<p class=\"has-text-align-center encabezado has-large-font-size\">SEGURO BICICLETAS<\/p>\n<\/div><\/div>\n\n\n\n<h2 class=\"wp-block-heading\">En\u00a0<span class=\"has-inline-color has-pale-cyan-blue-color\">Naranco Seguros<\/span>\u00a0creemos que montar en bicicleta tiene que ser un placer y no una preocupaci\u00f3n.<\/h2>\n\n\n\n<p>Hoy en d\u00eda, el deporte es un h\u00e1bito frecuente para muchas personas. En ocasiones, implica estar muchas horas subido en una bicicleta y es mejor hacerlo con la mayor seguridad posible. Naranco Seguros\u00a0quiere que puedas hacerlo tranquilamente y, si surge alg\u00fan percance o accidente, que tanto t\u00fa como tu bicicleta est\u00e9is cubiertos. Por eso, ofrecemos la m\u00e1xima protecci\u00f3n pudiendo escoger desde un\u00a0seguro b\u00e1sico\u00a0a un\u00a0seguro completo.<\/p>\n\n\n\n<h2 class=\"wp-block-heading\">Las coberturas que puedes incluir en tu Seguro de Bicicleta son las siguientes:<\/h2>\n\n\n\n<ul class=\"wp-block-list\"><li><strong>Responsabilidad civil:<\/strong> ante un tercero, por ejemplo, un atropello.<\/li><li><strong>Asistencia en viaje:<\/strong>&nbsp;ante un percance durante la pr\u00e1ctica, la compa\u00f1\u00eda se hace cargo de los gastos de rescate y salvamento.<\/li><li><strong>Defensa y protecci\u00f3n Jur\u00eddica:<\/strong>&nbsp;la compa\u00f1\u00eda gestionar\u00e1 la defensa y las reclamaciones oportunas ante problemas con un tercero.<\/li><li><strong>Accidentes personales:<\/strong>&nbsp;la compa\u00f1\u00eda se har\u00e1 cargo hasta los l\u00edmites pactados en el seguro de los gastos m\u00e9dicos, farmac\u00e9uticos y de hospitalizaci\u00f3n en caso de accidente.<\/li><li>La<strong>&nbsp;indemnizaci\u00f3n<\/strong>&nbsp;en caso de invalidez permanente o fallecimiento.<\/li><li><strong>Cirug\u00eda pl\u00e1stica y reparadora:<\/strong>&nbsp;la compa\u00f1\u00eda asume los gastos para hacer desaparecer las marcas que le han podido quedar a consecuencia de un accidente durante el uso de la bicicleta.<\/li><li><strong>Asistencia personal:<\/strong>&nbsp;Si el accidente impide, por ejemplo, el cuidado de personas a cargo, la compa\u00f1\u00eda cargar\u00e1 con los gastos necesarios para que no altere el d\u00eda a d\u00eda familiar.<\/li><li><strong>Da\u00f1os a la bicicleta:<\/strong>&nbsp;da\u00f1os al cuadro de la bicicleta cuando ha resultado da\u00f1ado.<\/li><li><strong>Robo de la bicicleta<\/strong>:&nbsp;en el interior y exterior de tu vivienda, cuando la bici se encuentra sujeta por el cuadro a un objeto fijo y el candado ha sido forzado.<\/li><\/ul>\n\n\n\n<p>Los&nbsp;Seguros de Bicicleta&nbsp;tienen un coste bajo. Es una opci\u00f3n muy interesante tanto si te dedicas al ciclismo de manera profesional, amateur o familiar. Contratar un&nbsp;Seguro de Bicicleta&nbsp;compensa.<\/p>\n\n\n\n<div class=\"iframeContainer\">\n  <div class=\"form\">\n    <div class=\"wpforms-container wpforms-container-full\" id=\"wpforms-189\"><form id=\"wpforms-form-189\" class=\"wpforms-validate wpforms-form wpforms-ajax-form\" data-formid=\"189\" method=\"post\" enctype=\"multipart\/form-data\" action=\"\/index.php\/wp-json\/wp\/v2\/pages\/186\" data-token=\"24faabf936aecad1e1fd8d121e60ca4f\" data-token-time=\"1778073755\"><noscript class=\"wpforms-error-noscript\">Por favor, activa JavaScript en tu navegador para completar este formulario.<\/noscript><div class=\"wpforms-field-container\"><div id=\"wpforms-189-field_4-container\" class=\"wpforms-field wpforms-field-select wpforms-one-half wpforms-first wpforms-field-select-style-classic\" data-field-id=\"4\"><label class=\"wpforms-field-label\" for=\"wpforms-189-field_4\">Tipo de bici<\/label><select id=\"wpforms-189-field_4\" class=\"wpforms-field-medium\" name=\"wpforms[fields][4]\"><option value=\"Paseo\"  class=\"choice-1 depth-1\"  >Paseo<\/option><option value=\"Monta\u00f1a\"  class=\"choice-2 depth-1\"  >Monta\u00f1a<\/option><option value=\"Carretera\"  class=\"choice-3 depth-1\"  >Carretera<\/option><\/select><\/div><div id=\"wpforms-189-field_5-container\" class=\"wpforms-field wpforms-field-text wpforms-one-half\" data-field-id=\"5\"><label class=\"wpforms-field-label\" for=\"wpforms-189-field_5\">Marca<\/label><input type=\"text\" id=\"wpforms-189-field_5\" class=\"wpforms-field-medium\" name=\"wpforms[fields][5]\" ><\/div><div id=\"wpforms-189-field_6-container\" class=\"wpforms-field wpforms-field-text wpforms-one-half wpforms-first\" data-field-id=\"6\"><label class=\"wpforms-field-label\" for=\"wpforms-189-field_6\">Fecha de nacimiento<\/label><input type=\"text\" id=\"wpforms-189-field_6\" class=\"wpforms-field-medium\" name=\"wpforms[fields][6]\" ><\/div><div id=\"wpforms-189-field_7-container\" class=\"wpforms-field wpforms-field-text wpforms-one-half\" data-field-id=\"7\"><label class=\"wpforms-field-label\" for=\"wpforms-189-field_7\">A\u00f1o de compra<\/label><input type=\"text\" id=\"wpforms-189-field_7\" class=\"wpforms-field-medium\" name=\"wpforms[fields][7]\" ><\/div><div id=\"wpforms-189-field_0-container\" class=\"wpforms-field wpforms-field-name wpforms-one-half wpforms-first\" data-field-id=\"0\"><label class=\"wpforms-field-label\" for=\"wpforms-189-field_0\">Nombre <span class=\"wpforms-required-label\">*<\/span><\/label><input type=\"text\" id=\"wpforms-189-field_0\" class=\"wpforms-field-medium wpforms-field-required\" name=\"wpforms[fields][0]\" required><\/div><div id=\"wpforms-189-field_1-container\" class=\"wpforms-field wpforms-field-email wpforms-one-half\" data-field-id=\"1\"><label class=\"wpforms-field-label\" for=\"wpforms-189-field_1\">Email<\/label><input type=\"email\" id=\"wpforms-189-field_1\" class=\"wpforms-field-medium\" name=\"wpforms[fields][1]\" spellcheck=\"false\" ><\/div><div id=\"wpforms-189-field_3-container\" class=\"wpforms-field wpforms-field-number wpforms-one-half wpforms-first\" data-field-id=\"3\"><label class=\"wpforms-field-label\" for=\"wpforms-189-field_3\">Tel\u00e9fono <span class=\"wpforms-required-label\">*<\/span><\/label><input type=\"number\" id=\"wpforms-189-field_3\" class=\"wpforms-field-medium wpforms-field-required\" name=\"wpforms[fields][3]\" step=\"any\" required><div class=\"wpforms-field-description\">Sin espacios ni guiones: ej985113998<\/div><\/div><\/div><!-- .wpforms-field-container --><div class=\"wpforms-recaptcha-container wpforms-is-recaptcha wpforms-is-recaptcha-type-v2\" ><div class=\"g-recaptcha\" data-sitekey=\"6LeffNUZAAAAADWBGG1fvM9zMe6KyjyedhvXX1ZU\"><\/div><input type=\"text\" name=\"g-recaptcha-hidden\" class=\"wpforms-recaptcha-hidden\" style=\"position:absolute!important;clip:rect(0,0,0,0)!important;height:1px!important;width:1px!important;border:0!important;overflow:hidden!important;padding:0!important;margin:0!important;\" data-rule-recaptcha=\"1\"><\/div><div class=\"wpforms-submit-container\" ><input type=\"hidden\" name=\"wpforms[id]\" value=\"189\"><input type=\"hidden\" name=\"page_title\" value=\"\"><input type=\"hidden\" name=\"page_url\" value=\"https:\/\/narancoseguros.com\/index.php\/wp-json\/wp\/v2\/pages\/186\"><input type=\"hidden\" name=\"url_referer\" value=\"\"><button type=\"submit\" name=\"wpforms[submit]\" id=\"wpforms-submit-189\" class=\"wpforms-submit btn btn-primary btn-lg\" data-alt-text=\"Enviando...\" data-submit-text=\"Consultar\" aria-live=\"assertive\" value=\"wpforms-submit\">Consultar<\/button><img loading=\"lazy\" decoding=\"async\" src=\"https:\/\/narancoseguros.com\/wp-content\/plugins\/wpforms-lite\/assets\/images\/submit-spin.svg\" class=\"wpforms-submit-spinner\" style=\"display: none;\" width=\"26\" height=\"26\" alt=\"Cargando\"><\/div><\/form><\/div>  <!-- .wpforms-container -->\n  <\/div>\n  <div class=\"infoColumn\">\n    <h2 class=\"titulo\">\u00bfTienes alguna duda?<\/h2>\n    <h5><i class=\"fas fa-mobile-alt\"><\/i> 985 11 39 98<\/h5>\n    <h5><i class=\"fas fa-paper-plane\"><\/i> info@narancoseguros.com<\/h5>\n    <h5><i class=\"fas fa-tag\"><\/i> <a href=\"https:\/\/narancoseguros.com\/wp-content\/uploads\/2020\/10\/diccionario.pdf\" target=\"_blank\" rel=\"noopener noreferrer\">Diccionario del seguro<\/a><\/h5>\n    <h4>Datos de inter\u00e9s sobre el seguro<\/h4>\n    <hr>\n\n  <\/div>\n<\/div>\n","protected":false},"excerpt":{"rendered":"<p>En\u00a0Naranco Seguros\u00a0creemos que montar en bicicleta tiene que ser un placer y no una preocupaci\u00f3n. Hoy en d\u00eda, el deporte es un h\u00e1bito frecuente para muchas personas. En ocasiones, implica estar muchas horas subido en una bicicleta y es mejor hacerlo con la mayor seguridad posible. Naranco Seguros\u00a0quiere que puedas hacerlo tranquilamente y, si surge &#8230; <a title=\"Seguro bicicletas\" class=\"read-more\" href=\"https:\/\/narancoseguros.com\/index.php\/seguro-de-bicicletas\/\" aria-label=\"Leer m\u00e1s sobre Seguro bicicletas\">Leer m\u00e1s<\/a><\/p>\n","protected":false},"author":1,"featured_media":0,"parent":0,"menu_order":0,"comment_status":"closed","ping_status":"closed","template":"","meta":{"footnotes":""},"class_list":["post-186","page","type-page","status-publish"],"_links":{"self":[{"href":"https:\/\/narancoseguros.com\/index.php\/wp-json\/wp\/v2\/pages\/186","targetHints":{"allow":["GET"]}}],"collection":[{"href":"https:\/\/narancoseguros.com\/index.php\/wp-json\/wp\/v2\/pages"}],"about":[{"href":"https:\/\/narancoseguros.com\/index.php\/wp-json\/wp\/v2\/types\/page"}],"author":[{"embeddable":true,"href":"https:\/\/narancoseguros.com\/index.php\/wp-json\/wp\/v2\/users\/1"}],"replies":[{"embeddable":true,"href":"https:\/\/narancoseguros.com\/index.php\/wp-json\/wp\/v2\/comments?post=186"}],"version-history":[{"count":12,"href":"https:\/\/narancoseguros.com\/index.php\/wp-json\/wp\/v2\/pages\/186\/revisions"}],"predecessor-version":[{"id":1011,"href":"https:\/\/narancoseguros.com\/index.php\/wp-json\/wp\/v2\/pages\/186\/revisions\/1011"}],"wp:attachment":[{"href":"https:\/\/narancoseguros.com\/index.php\/wp-json\/wp\/v2\/media?parent=186"}],"curies":[{"name":"wp","href":"https:\/\/api.w.org\/{rel}","templated":true}]}}