{"id":175,"date":"2020-10-09T10:26:23","date_gmt":"2020-10-09T10:26:23","guid":{"rendered":"https:\/\/narancoseguros.com\/?page_id=175"},"modified":"2021-05-10T12:09:13","modified_gmt":"2021-05-10T12:09:13","slug":"seguro-camion-autobus","status":"publish","type":"page","link":"https:\/\/narancoseguros.com\/index.php\/seguro-camion-autobus\/","title":{"rendered":"Seguro cami\u00f3n-autob\u00fas"},"content":{"rendered":"\n<div class=\"wp-block-cover has-background-dim\" style=\"background-image:url(https:\/\/narancoseguros.com\/wp-content\/uploads\/2020\/10\/camiones.jpg)\"><div class=\"wp-block-cover__inner-container is-layout-flow wp-block-cover-is-layout-flow\">\n<p class=\"has-text-align-center encabezado has-large-font-size\">SEGURO CAMI\u00d3N &#8211; AUTOB\u00daS<\/p>\n<\/div><\/div>\n\n\n\n<h2 class=\"wp-block-heading\">Para que tu actividad no se resienta, contacta con <span class=\"has-inline-color has-pale-cyan-blue-color\">Naranco Seguros<\/span>.<\/h2>\n\n\n\n<p>Sabemos de la importancia de los veh\u00edculos como camiones o autobuses, porque en s\u00ed mismos suponen una actividad laboral y que, como cualquier otro veh\u00edculo, necesita un&nbsp;<strong>seguro obligatorio<\/strong>. Pero un cami\u00f3n o un autob\u00fas no son cualquier otro veh\u00edculo.<\/p>\n\n\n\n<p>Por su tama\u00f1o, por su carga o por su labor, este tipo de veh\u00edculos son m\u00e1s proclives a sufrir accidentes o aver\u00edas, por eso es importante contar con un buen&nbsp;<strong>seguro<\/strong>&nbsp;para hacer frente ante cualquier imprevisto.<\/p>\n\n\n\n<h2 class=\"titulo wp-block-heading\">\u00bfQu\u00e9 coberturas ofrece el seguro cami\u00f3n-autob\u00fas?<\/h2>\n\n\n\n<p>Algunas de las coberturas b\u00e1sicas m\u00e1s ofrecidas por las compa\u00f1\u00edas y que mejor pueden adaptarse a las necesidades individuales son:<\/p>\n\n\n\n<ul class=\"wp-block-list\" id=\"block-ab4f2762-369d-4fa9-9613-0d1bcb0b9a0c\"><li>Responsabilidad civil obligatoria.<\/li><li>Responsabilidad civil voluntaria.<\/li><li>Defensa jur\u00eddica.<\/li><\/ul>\n\n\n\n<p>Y, como en muchas otras ocasiones, el\u00a0<strong>seguro cami\u00f3n-autob\u00fas<\/strong>\u00a0ofrece la posibilidad de ampliar las coberturas, consiguiendo as\u00ed un servicio m\u00e1s personalizado. Algunas de estas coberturas ampliadas son:<\/p>\n\n\n\n<ul class=\"wp-block-list\" id=\"block-73a84a37-562e-4790-a985-a71e10a740b6\"><li>Lunas.<\/li><li>Incendio.<\/li><li>Remolques.<\/li><li>Siniestro total.<\/li><li>Subsidio por p\u00e9rdida del carn\u00e9 por puntos.<\/li><li>Incapacidad del conductor.<\/li><li>Asistencia en viajes.<\/li><li>SOVI (seguro obligatorio de pasajeros).<\/li><li>Seguro de flotas: si se desea contratar el seguro de <strong>varios <\/strong>camiones o veh\u00edculos\u00a0bajo el mismo nombre o el de empresa, debe consultarse un\u00a0<a href=\"http:\/\/www.narancoseguros.com\/seguro-flota\">seguro de flota<\/a>, una forma de obtener muchas m\u00e1s ventajas y beneficios en tu\u00a0<strong>contrataci\u00f3n de seguro<\/strong>.<\/li><\/ul>\n\n\n\n<div class=\"iframeContainer\">\n  <iframe loading=\"lazy\" width=\"100%\" height=\"900\" frameborder=\"0\" src=\"https:\/\/www.cotizadorebroker.com\/tarificar.html?tkn=20100416-3\"><\/iframe>\n  <div class=\"infoColumn\">\n    <h2 class=\"titulo\">\u00bfTienes alguna duda?<\/h2>\n    <h5><i class=\"fas fa-mobile-alt\"><\/i> 985 11 39 98<\/h5>\n    <h5><i class=\"fas fa-paper-plane\"><\/i> info@narancoseguros.com<\/h5>\n    <h5><i class=\"fas fa-tag\"><\/i> <a href=\"https:\/\/narancoseguros.com\/wp-content\/uploads\/2020\/10\/diccionario.pdf\" target=\"_blank\" rel=\"noopener noreferrer\">Diccionario del seguro<\/a><\/h5>\n    <h4>Datos de inter\u00e9s sobre el seguro<\/h4>\n    <hr>\n\n        <p class=\"paragrafo\">Configurador de seguro para autom\u00f3viles de CATEGORIA 2<\/p>\n        <ul class=\"paragrafo\">\n            <li>CAMI\u00d3N R\u00cdGIDO<\/li>\n            <li>CABEZA TRACTORA<\/li>\n            <li>REMOLQUE<\/li>\n            <li>VEH. ESPECIAL<\/li>\n            <li>AUTOB\u00daS<\/li>\n        <\/ul>\n\n\n\n  <\/div>\n<\/div>\n\n\n\n<p><\/p>\n","protected":false},"excerpt":{"rendered":"<p>Para que tu actividad no se resienta, contacta con Naranco Seguros. Sabemos de la importancia de los veh\u00edculos como camiones o autobuses, porque en s\u00ed mismos suponen una actividad laboral y que, como cualquier otro veh\u00edculo, necesita un&nbsp;seguro obligatorio. Pero un cami\u00f3n o un autob\u00fas no son cualquier otro veh\u00edculo. Por su tama\u00f1o, por su &#8230; <a title=\"Seguro cami\u00f3n-autob\u00fas\" class=\"read-more\" href=\"https:\/\/narancoseguros.com\/index.php\/seguro-camion-autobus\/\" aria-label=\"Leer m\u00e1s sobre Seguro cami\u00f3n-autob\u00fas\">Leer m\u00e1s<\/a><\/p>\n","protected":false},"author":1,"featured_media":0,"parent":0,"menu_order":0,"comment_status":"closed","ping_status":"open","template":"","meta":{"footnotes":""},"class_list":["post-175","page","type-page","status-publish"],"_links":{"self":[{"href":"https:\/\/narancoseguros.com\/index.php\/wp-json\/wp\/v2\/pages\/175","targetHints":{"allow":["GET"]}}],"collection":[{"href":"https:\/\/narancoseguros.com\/index.php\/wp-json\/wp\/v2\/pages"}],"about":[{"href":"https:\/\/narancoseguros.com\/index.php\/wp-json\/wp\/v2\/types\/page"}],"author":[{"embeddable":true,"href":"https:\/\/narancoseguros.com\/index.php\/wp-json\/wp\/v2\/users\/1"}],"replies":[{"embeddable":true,"href":"https:\/\/narancoseguros.com\/index.php\/wp-json\/wp\/v2\/comments?post=175"}],"version-history":[{"count":16,"href":"https:\/\/narancoseguros.com\/index.php\/wp-json\/wp\/v2\/pages\/175\/revisions"}],"predecessor-version":[{"id":1022,"href":"https:\/\/narancoseguros.com\/index.php\/wp-json\/wp\/v2\/pages\/175\/revisions\/1022"}],"wp:attachment":[{"href":"https:\/\/narancoseguros.com\/index.php\/wp-json\/wp\/v2\/media?parent=175"}],"curies":[{"name":"wp","href":"https:\/\/api.w.org\/{rel}","templated":true}]}}