{"id":135,"date":"2020-10-08T10:47:09","date_gmt":"2020-10-08T10:47:09","guid":{"rendered":"https:\/\/narancoseguros.com\/?page_id=135"},"modified":"2021-03-23T11:49:04","modified_gmt":"2021-03-23T11:49:04","slug":"seguro-turismo","status":"publish","type":"page","link":"https:\/\/narancoseguros.com\/index.php\/seguro-turismo\/","title":{"rendered":"Seguro turismo"},"content":{"rendered":"\n<div class=\"wp-block-cover has-background-dim\" style=\"background-image:url(https:\/\/narancoseguros.com\/wp-content\/uploads\/2020\/10\/vehiculos-1.jpg)\"><div class=\"wp-block-cover__inner-container is-layout-flow wp-block-cover-is-layout-flow\">\n<p class=\"has-text-align-center encabezado has-large-font-size\">SEGURO TURISMO<\/p>\n<\/div><\/div>\n\n\n\n<h2 class=\"has-text-align-left titulo wp-block-heading\">En&nbsp;<span style=\"color:#0092b7\" class=\"has-inline-color\">Naranco Seguros<\/span>&nbsp;llevamos trabajando el seguro de autom\u00f3vil desde hace m\u00e1s de 40 a\u00f1os<\/h2>\n\n\n\n<p class=\"paragrafo\">Ofrecemos el&nbsp;<strong>mejor asesoramiento en autos<\/strong>,&nbsp;dada nuestra experiencia en el sector y la relaci\u00f3n directa siempre con compa\u00f1\u00edas de primer orden. Nos importa, sobre todo, que el conductor y sus ocupantes est\u00e9n cubiertos sin tener ning\u00fan disgusto a la hora de un siniestro.<\/p>\n\n\n\n<p class=\"paragrafo\">Buscamos para nuestros clientes siempre la mejor calidad\/precio del mercado en sus&nbsp;<strong>seguros de coche<\/strong>&nbsp;y seg\u00fan las necesidades de cada uno.<\/p>\n\n\n\n<p class=\"paragrafo\">En&nbsp;<span style=\"color:#0092b7\" class=\"has-inline-color\">Naranco Seguros<\/span>,&nbsp;hemos querido ser pioneros y ofrecer al cliente la facilidad de poder&nbsp;<strong>calcular su seguro de coche de forma online<\/strong>, mediante nuestro&nbsp;<strong>multitarificador&nbsp;de seguros para autom\u00f3vil<\/strong>.<\/p>\n\n\n\n<h2 class=\"alignwide has-text-align-left titulo wp-block-heading\">Tarda s\u00f3lo 3 minutos en calcular su seguro de coche<\/h2>\n\n\n\n<p class=\"paragrafo\">Ofrecemos el valor a\u00f1adido al cliente de ahorrar tiempo sin la necesidad de desplazarse a una oficina para calcular su&nbsp;<strong>seguro de coche<\/strong>, algo muy valioso hoy en d\u00eda por el ritmo de vida que llevamos.<\/p>\n\n\n\n<h2 class=\"titulo wp-block-heading\">\u00bfQu\u00e9 tener en cuenta a la hora de contratar un seguro de coches?<\/h2>\n\n\n\n<p class=\"paragrafo\">La principales coberturas que debe mirar para contratar su&nbsp;<strong>seguro de coche<\/strong>&nbsp;son:<\/p>\n\n\n\n<ul class=\"paragrafo wp-block-list\"><li>Terceros<\/li><li>Terceros con Lunas<\/li><li>Terceros con Lunas, Robo e Incendio<\/li><li>Todo Riego<\/li><li>Todo Riego con Franquicia<\/li><\/ul>\n\n\n\n<p class=\"has-text-align-left paragrafo\">A parte de estas coberturas, el cliente puede escoger m\u00e1s garant\u00edas para&nbsp;<strong>crear el seguro a su medida<\/strong>. En los&nbsp;<strong>seguros de coche<\/strong>,&nbsp;hay un amplio abanico de extras que se pueden contratar para hacer su p\u00f3liza lo m\u00e1s completa posible, las m\u00e1s destacadas son:<\/p>\n\n\n\n<ul class=\"paragrafo wp-block-list\"><li>Asistencia VIP en carretera (\u00a1cuidado! en los comparadores, que suelen venir sin asistencia): Ampliar el radio de remolcado a m\u00e1s de 150km.<\/li><li>Impacto Contra Animales Cineg\u00e9ticos: Cubre colisi\u00f3n contra un corzo, ciervo, jabal\u00ed, etc.<\/li><li>Retirada del Permiso de Conducci\u00f3n: Contrata un subsidio diario por retirada del Carnet de Conducir.<\/li><li>Veh\u00edculo de Sustituci\u00f3n: Prestaci\u00f3n de un veh\u00edculo por Accidente o por robo de su veh\u00edculo.<\/li><\/ul>\n\n\n\n<h2 class=\"titulo wp-block-heading\">Consejos para que la prima de seguro no suba<\/h2>\n\n\n\n<p class=\"paragrafo\">La&nbsp;<strong>subida de la prima de seguros<\/strong>&nbsp;es uno de los mayores problemas de los clientes de<strong>&nbsp;seguros de autom\u00f3vil.<\/strong><\/p>\n\n\n\n<p class=\"paragrafo\">El&nbsp;<strong>precio del seguro<\/strong>&nbsp;suele ser el principal factor a tener en cuenta a la hora de contratar un&nbsp;<strong>seguro de coche<\/strong>. Para que ese precio no se exceda de lo que le corresponde a su veh\u00edculo, seg\u00fan sus caracter\u00edsticas o antig\u00fcedad, debe:<\/p>\n\n\n\n<ul class=\"wp-block-list\" id=\"block-b0594b84-2fb0-41b3-b4e7-45f747a64df0\"><li>Si su coche es nuevo o tiene una antig\u00fcedad inferior a 5 a\u00f1os, se recomienda escoger una&nbsp;<strong>Franquicia de Seguro<\/strong>, dependiendo de la compa\u00f1\u00eda puede tenerla desde 150\u20ac.<\/li><li>La media en partes, seg\u00fan la OCU, est\u00e1 en 2 partes cada 5 a\u00f1os. Si es de los que da partes con mucha m\u00e1s frecuencia, entonces debe plantearse&nbsp;<strong>asegurar su coche sin Franquicia<\/strong>. Si es buen conductor (menos de dos partes en 3 a\u00f1os), las aseguradoras pueden bonificarle hasta con un descuento del 30%.<\/li><li>En caso de que su coche tenga m\u00e1s de 5 a\u00f1os ya tendr\u00e1 un precio de mercado bastante inferior, por lo que puede empezar a no compensar tenerlo a&nbsp;<strong>Todo Riesgo<\/strong>. Debe plantearse&nbsp;<strong>cambiar de garant\u00edas a Tercero con Lunas, Robo e Incendio<\/strong>, la prima bajar\u00e1 considerablemente.<\/li><\/ul>\n\n\n\n<p class=\"paragrafo\">Incluir garant\u00edas (por ejemplo, colisi\u00f3n con cineg\u00e9ticos) para escoger un&nbsp;<strong>seguro<\/strong>&nbsp;lo m\u00e1s completo posible tiene un coste rid\u00edculo, que a la hora de un siniestro puede suponer un ahorro en la reparaci\u00f3n del coche o la p\u00e9rdida de \u00e9ste, que supone un desembolso (si no est\u00e1 cubierto) muy importante de dinero.<\/p>\n\n\n\n<div class=\"iframeContainer\">\n  <iframe loading=\"lazy\" width=\"100%\" height=\"900\" frameborder=\"0\" src=\"https:\/\/www.cotizadorebroker.com\/tarificar.html?tkn=20100416-2\"><\/iframe>\n  <div class=\"infoColumn\">\n    <h2 class=\"titulo\">\u00bfTienes alguna duda?<\/h2>\n    <h5><i class=\"fas fa-mobile-alt\"><\/i> 985 11 39 98<\/h5>\n    <h5><i class=\"fas fa-paper-plane\"><\/i> info@narancoseguros.com<\/h5>\n    <h5><i class=\"fas fa-tag\"><\/i> <a href=\"https:\/\/narancoseguros.com\/wp-content\/uploads\/2020\/10\/diccionario.pdf\" target=\"_blank\" rel=\"noopener noreferrer\">Diccionario del seguro<\/a><\/h5>\n    <h4>Datos de inter\u00e9s sobre el seguro<\/h4>\n    <hr>\n\n        <p class=\"paragrafo\">Configurador de seguro para autom\u00f3viles de CATEGORIA 1<\/p>\n        <ul class=\"paragrafo\">\n            <li>TURISMOS\/FURGONETAS<\/li>\n            <li>FURGONETA&gt; 700 K<\/li>\n            <li>CUATRICICLO<\/li>\n        <\/ul>\n\n\n\n  <\/div>\n<\/div>\n\n\n\n<p><\/p>\n","protected":false},"excerpt":{"rendered":"<p>En&nbsp;Naranco Seguros&nbsp;llevamos trabajando el seguro de autom\u00f3vil desde hace m\u00e1s de 40 a\u00f1os Ofrecemos el&nbsp;mejor asesoramiento en autos,&nbsp;dada nuestra experiencia en el sector y la relaci\u00f3n directa siempre con compa\u00f1\u00edas de primer orden. Nos importa, sobre todo, que el conductor y sus ocupantes est\u00e9n cubiertos sin tener ning\u00fan disgusto a la hora de un siniestro. &#8230; <a title=\"Seguro turismo\" class=\"read-more\" href=\"https:\/\/narancoseguros.com\/index.php\/seguro-turismo\/\" aria-label=\"Leer m\u00e1s sobre Seguro turismo\">Leer m\u00e1s<\/a><\/p>\n","protected":false},"author":1,"featured_media":0,"parent":0,"menu_order":0,"comment_status":"closed","ping_status":"open","template":"","meta":{"footnotes":""},"class_list":["post-135","page","type-page","status-publish"],"_links":{"self":[{"href":"https:\/\/narancoseguros.com\/index.php\/wp-json\/wp\/v2\/pages\/135","targetHints":{"allow":["GET"]}}],"collection":[{"href":"https:\/\/narancoseguros.com\/index.php\/wp-json\/wp\/v2\/pages"}],"about":[{"href":"https:\/\/narancoseguros.com\/index.php\/wp-json\/wp\/v2\/types\/page"}],"author":[{"embeddable":true,"href":"https:\/\/narancoseguros.com\/index.php\/wp-json\/wp\/v2\/users\/1"}],"replies":[{"embeddable":true,"href":"https:\/\/narancoseguros.com\/index.php\/wp-json\/wp\/v2\/comments?post=135"}],"version-history":[{"count":25,"href":"https:\/\/narancoseguros.com\/index.php\/wp-json\/wp\/v2\/pages\/135\/revisions"}],"predecessor-version":[{"id":926,"href":"https:\/\/narancoseguros.com\/index.php\/wp-json\/wp\/v2\/pages\/135\/revisions\/926"}],"wp:attachment":[{"href":"https:\/\/narancoseguros.com\/index.php\/wp-json\/wp\/v2\/media?parent=135"}],"curies":[{"name":"wp","href":"https:\/\/api.w.org\/{rel}","templated":true}]}}